{"id":32,"date":"2024-09-02T14:12:00","date_gmt":"2024-09-02T11:12:00","guid":{"rendered":"https:\/\/sites.uwasa.fi\/synthetica\/?page_id=32"},"modified":"2025-12-04T15:27:51","modified_gmt":"2025-12-04T13:27:51","slug":"tutkijat","status":"publish","type":"page","link":"https:\/\/sites.uwasa.fi\/synthetica\/tutkijat\/","title":{"rendered":"Tutkijat"},"content":{"rendered":"<p><img loading=\"lazy\" decoding=\"async\" class=\"alignnone wp-image-111\" src=\"https:\/\/sites.uwasa.fi\/synthetica\/wp-content\/blogs.dir\/4\/files\/sites\/220\/2024\/09\/tanja-uwasa-240x300.jpg\" alt=\"\" width=\"192\" height=\"240\" srcset=\"https:\/\/sites.uwasa.fi\/synthetica\/wp-content\/blogs.dir\/4\/files\/sites\/220\/2024\/09\/tanja-uwasa-240x300.jpg 240w, https:\/\/sites.uwasa.fi\/synthetica\/wp-content\/blogs.dir\/4\/files\/sites\/220\/2024\/09\/tanja-uwasa-768x960.jpg 768w, https:\/\/sites.uwasa.fi\/synthetica\/wp-content\/blogs.dir\/4\/files\/sites\/220\/2024\/09\/tanja-uwasa.jpg 800w\" sizes=\"(max-width: 192px) 100vw, 192px\" \/><\/p>\n<p><a href=\"https:\/\/www.uwasa.fi\/fi\/henkilo\/1319353\"><strong>Tanja Sihvonen<\/strong><\/a><\/p>\n<p>Professori, viestint\u00e4tieteet<\/p>\n<p>&nbsp;<\/p>\n<p><a href=\"https:\/\/www.uwasa.fi\/fi\/henkilo\/2575770\"><strong>Tomi Laapotti<\/strong><\/a><\/p>\n<p>Nuorempi apulaisprofessori, viestint\u00e4tieteet, organisaatioviestint\u00e4<\/p>\n<p>&nbsp;<\/p>\n<p><img loading=\"lazy\" decoding=\"async\" class=\"alignnone wp-image-112\" src=\"https:\/\/sites.uwasa.fi\/synthetica\/wp-content\/blogs.dir\/4\/files\/sites\/220\/2024\/09\/rebekah-240x300.jpg\" alt=\"\" width=\"203\" height=\"254\" srcset=\"https:\/\/sites.uwasa.fi\/synthetica\/wp-content\/blogs.dir\/4\/files\/sites\/220\/2024\/09\/rebekah-240x300.jpg 240w, https:\/\/sites.uwasa.fi\/synthetica\/wp-content\/blogs.dir\/4\/files\/sites\/220\/2024\/09\/rebekah-768x960.jpg 768w, https:\/\/sites.uwasa.fi\/synthetica\/wp-content\/blogs.dir\/4\/files\/sites\/220\/2024\/09\/rebekah.jpg 800w\" sizes=\"(max-width: 203px) 100vw, 203px\" \/><\/p>\n<p><a href=\"https:\/\/www.uwasa.fi\/fi\/henkilo\/2442144\"><strong>Rebekah Rousi<\/strong><\/a><\/p>\n<p>Apulaisprofessori, viestint\u00e4 ja digitaalinen talous (tenure track)<\/p>\n<p>&nbsp;<\/p>\n<p><img loading=\"lazy\" decoding=\"async\" class=\"alignnone wp-image-118\" src=\"https:\/\/sites.uwasa.fi\/synthetica\/wp-content\/blogs.dir\/4\/files\/sites\/220\/2024\/09\/nuppu-pelevina-valokuva-239x300.jpg\" alt=\"\" width=\"218\" height=\"273\" srcset=\"https:\/\/sites.uwasa.fi\/synthetica\/wp-content\/blogs.dir\/4\/files\/sites\/220\/2024\/09\/nuppu-pelevina-valokuva-239x300.jpg 239w, https:\/\/sites.uwasa.fi\/synthetica\/wp-content\/blogs.dir\/4\/files\/sites\/220\/2024\/09\/nuppu-pelevina-valokuva-816x1024.jpg 816w, https:\/\/sites.uwasa.fi\/synthetica\/wp-content\/blogs.dir\/4\/files\/sites\/220\/2024\/09\/nuppu-pelevina-valokuva-768x964.jpg 768w, https:\/\/sites.uwasa.fi\/synthetica\/wp-content\/blogs.dir\/4\/files\/sites\/220\/2024\/09\/nuppu-pelevina-valokuva.jpg 909w\" sizes=\"(max-width: 218px) 100vw, 218px\" \/><\/p>\n<p><a href=\"https:\/\/www.uwasa.fi\/fi\/henkilo\/2663750\"><strong>Nuppu Pelevina<\/strong><\/a><\/p>\n<p>Projektitutkija<\/p>\n<p>&nbsp;<\/p>\n<p><strong><a href=\"https:\/\/www.uwasa.fi\/fi\/henkilo\/2863845\">Heidi Mikkola<\/a><\/strong><\/p>\n<p>Tutkijatohtori<\/p>\n<p>&nbsp;<\/p>\n<h4>Yhteisty\u00f6kumppanit<\/h4>\n<p>&nbsp;<\/p>\n<p><a href=\"https:\/\/www.tuni.fi\/fi\/tutkimus\/tekoalyn-ja-ihmisen-vuorovaikutuksen-monitahoiset-heijastusvaikutukset-ja-rajoitukset\">Tampereen yliopisto<\/a><\/p>\n<p>Informaatioteknologian ja viestinn\u00e4n tiedekunta<\/p>\n<p>Yhteyshenkil\u00f6:<br \/>\nPekka Abrahamsson, professori<\/p>\n<p>&nbsp;<\/p>\n<p><a href=\"https:\/\/www.jyu.fi\/fi\/hankkeet\/tekoalyn-ja-ihmisen-vuorovaikutuksen-monitahoiset-heijastusvaikutukset-ja-rajoitukset-tyossa\">Jyv\u00e4skyl\u00e4n yliopisto<\/a><\/p>\n<p>Kieli- ja viestint\u00e4tieteiden laitos<\/p>\n<p>Yhteyshenkil\u00f6:<br \/>\nMarko Siitonen, professori<\/p>\n","protected":false},"excerpt":{"rendered":"<p>Tanja Sihvonen Professori, viestint\u00e4tieteet &nbsp; Tomi Laapotti Nuorempi apulaisprofessori, viestint\u00e4tieteet, organisaatioviestint\u00e4 &nbsp; Rebekah Rousi Apulaisprofessori, viestint\u00e4 ja digitaalinen talous (tenure track) &nbsp; Nuppu Pelevina Projektitutkija &nbsp; Heidi Mikkola Tutkijatohtori &nbsp; Yhteisty\u00f6kumppanit &nbsp; Tampereen yliopisto Informaatioteknologian ja viestinn\u00e4n tiedekunta Yhteyshenkil\u00f6: Pekka Abrahamsson, professori &nbsp; Jyv\u00e4skyl\u00e4n yliopisto Kieli- ja viestint\u00e4tieteiden laitos Yhteyshenkil\u00f6: Marko Siitonen, professori<\/p>\n","protected":false},"author":555,"featured_media":0,"parent":0,"menu_order":0,"comment_status":"closed","ping_status":"closed","template":"","meta":{"_acf_changed":false,"footnotes":""},"class_list":["post-32","page","type-page","status-publish","hentry"],"acf":[],"lang":"fi","translations":{"fi":32,"en":83},"pll_sync_post":[],"_links":{"self":[{"href":"https:\/\/sites.uwasa.fi\/synthetica\/wp-json\/wp\/v2\/pages\/32"}],"collection":[{"href":"https:\/\/sites.uwasa.fi\/synthetica\/wp-json\/wp\/v2\/pages"}],"about":[{"href":"https:\/\/sites.uwasa.fi\/synthetica\/wp-json\/wp\/v2\/types\/page"}],"author":[{"embeddable":true,"href":"https:\/\/sites.uwasa.fi\/synthetica\/wp-json\/wp\/v2\/users\/555"}],"replies":[{"embeddable":true,"href":"https:\/\/sites.uwasa.fi\/synthetica\/wp-json\/wp\/v2\/comments?post=32"}],"version-history":[{"count":12,"href":"https:\/\/sites.uwasa.fi\/synthetica\/wp-json\/wp\/v2\/pages\/32\/revisions"}],"predecessor-version":[{"id":269,"href":"https:\/\/sites.uwasa.fi\/synthetica\/wp-json\/wp\/v2\/pages\/32\/revisions\/269"}],"wp:attachment":[{"href":"https:\/\/sites.uwasa.fi\/synthetica\/wp-json\/wp\/v2\/media?parent=32"}],"curies":[{"name":"wp","href":"https:\/\/api.w.org\/{rel}","templated":true}]}}