{"id":31,"date":"2024-09-02T14:12:00","date_gmt":"2024-09-02T11:12:00","guid":{"rendered":"https:\/\/sites.uwasa.fi\/synthetica\/?page_id=31"},"modified":"2025-04-29T12:45:46","modified_gmt":"2025-04-29T09:45:46","slug":"yhteistyokumppanit","status":"publish","type":"page","link":"https:\/\/sites.uwasa.fi\/synthetica\/yhteistyokumppanit\/","title":{"rendered":"Yhteisty\u00f6kumppanit"},"content":{"rendered":"<p><a href=\"https:\/\/www.tuni.fi\/fi\/tutkimus\/tekoalyn-ja-ihmisen-vuorovaikutuksen-monitahoiset-heijastusvaikutukset-ja-rajoitukset\">Tampereen yliopisto<\/a><\/p>\n<p>Informaatioteknologian ja viestinn\u00e4n tiedekunta<\/p>\n<p>Yhteyshenkil\u00f6:<br \/>\nPekka Abrahamsson, professori<\/p>\n<p>&nbsp;<\/p>\n<p><a href=\"https:\/\/www.jyu.fi\/fi\/hankkeet\/tekoalyn-ja-ihmisen-vuorovaikutuksen-monitahoiset-heijastusvaikutukset-ja-rajoitukset-tyossa\">Jyv\u00e4skyl\u00e4n yliopisto<\/a><\/p>\n<p>Kieli- ja viestint\u00e4tieteiden laitos<\/p>\n<p>Yhteyshenkil\u00f6:<br \/>\nMarko Siitonen, professori<\/p>\n","protected":false},"excerpt":{"rendered":"<p>Tampereen yliopisto Informaatioteknologian ja viestinn\u00e4n tiedekunta Yhteyshenkil\u00f6: Pekka Abrahamsson, professori &nbsp; Jyv\u00e4skyl\u00e4n yliopisto Kieli- ja viestint\u00e4tieteiden laitos Yhteyshenkil\u00f6: Marko Siitonen, professori<\/p>\n","protected":false},"author":555,"featured_media":0,"parent":0,"menu_order":0,"comment_status":"closed","ping_status":"closed","template":"","meta":{"_acf_changed":false,"footnotes":""},"class_list":["post-31","page","type-page","status-publish","hentry"],"acf":[],"lang":"fi","translations":{"fi":31,"en":73},"pll_sync_post":[],"_links":{"self":[{"href":"https:\/\/sites.uwasa.fi\/synthetica\/wp-json\/wp\/v2\/pages\/31"}],"collection":[{"href":"https:\/\/sites.uwasa.fi\/synthetica\/wp-json\/wp\/v2\/pages"}],"about":[{"href":"https:\/\/sites.uwasa.fi\/synthetica\/wp-json\/wp\/v2\/types\/page"}],"author":[{"embeddable":true,"href":"https:\/\/sites.uwasa.fi\/synthetica\/wp-json\/wp\/v2\/users\/555"}],"replies":[{"embeddable":true,"href":"https:\/\/sites.uwasa.fi\/synthetica\/wp-json\/wp\/v2\/comments?post=31"}],"version-history":[{"count":8,"href":"https:\/\/sites.uwasa.fi\/synthetica\/wp-json\/wp\/v2\/pages\/31\/revisions"}],"predecessor-version":[{"id":123,"href":"https:\/\/sites.uwasa.fi\/synthetica\/wp-json\/wp\/v2\/pages\/31\/revisions\/123"}],"wp:attachment":[{"href":"https:\/\/sites.uwasa.fi\/synthetica\/wp-json\/wp\/v2\/media?parent=31"}],"curies":[{"name":"wp","href":"https:\/\/api.w.org\/{rel}","templated":true}]}}