{"id":131,"date":"2024-09-06T09:26:18","date_gmt":"2024-09-06T06:26:18","guid":{"rendered":"https:\/\/sites.uwasa.fi\/synthetica\/?page_id=131"},"modified":"2025-04-29T12:49:10","modified_gmt":"2025-04-29T09:49:10","slug":"yhteistyokumppanit-2","status":"publish","type":"page","link":"https:\/\/sites.uwasa.fi\/synthetica\/yhteistyokumppanit-2\/","title":{"rendered":"Yhteisty\u00f6kumppanit"},"content":{"rendered":"<p><a href=\"https:\/\/www.tuni.fi\/fi\/tutkimus\/tekoalyn-ja-ihmisen-vuorovaikutuksen-monitahoiset-heijastusvaikutukset-ja-rajoitukset\">Tampereen yliopisto<\/a><\/p>\n<p>Informaatioteknologian ja viestinn\u00e4n tiedekunta<\/p>\n<p>Yhteyshenkil\u00f6:<br \/>\nPekka Abrahamsson, professori<\/p>\n<p>&nbsp;<\/p>\n<p><a href=\"https:\/\/www.jyu.fi\/fi\/hankkeet\/tekoalyn-ja-ihmisen-vuorovaikutuksen-monitahoiset-heijastusvaikutukset-ja-rajoitukset-tyossa\">Jyv\u00e4skyl\u00e4n yliopisto<\/a><\/p>\n<p>Kieli- ja viestint\u00e4tieteiden laitos<\/p>\n<p>Yhteyshenkil\u00f6:<br \/>\nMarko Siitonen, professori<\/p>\n","protected":false},"excerpt":{"rendered":"<p>Tampereen yliopisto Informaatioteknologian ja viestinn\u00e4n tiedekunta Yhteyshenkil\u00f6: Pekka Abrahamsson, professori &nbsp; Jyv\u00e4skyl\u00e4n yliopisto Kieli- ja viestint\u00e4tieteiden laitos Yhteyshenkil\u00f6: Marko Siitonen, professori<\/p>\n","protected":false},"author":555,"featured_media":0,"parent":0,"menu_order":0,"comment_status":"closed","ping_status":"closed","template":"","meta":{"_acf_changed":false,"footnotes":""},"class_list":["post-131","page","type-page","status-publish","hentry"],"acf":[],"lang":"fi","translations":{"fi":131},"pll_sync_post":[],"_links":{"self":[{"href":"https:\/\/sites.uwasa.fi\/synthetica\/wp-json\/wp\/v2\/pages\/131"}],"collection":[{"href":"https:\/\/sites.uwasa.fi\/synthetica\/wp-json\/wp\/v2\/pages"}],"about":[{"href":"https:\/\/sites.uwasa.fi\/synthetica\/wp-json\/wp\/v2\/types\/page"}],"author":[{"embeddable":true,"href":"https:\/\/sites.uwasa.fi\/synthetica\/wp-json\/wp\/v2\/users\/555"}],"replies":[{"embeddable":true,"href":"https:\/\/sites.uwasa.fi\/synthetica\/wp-json\/wp\/v2\/comments?post=131"}],"version-history":[{"count":3,"href":"https:\/\/sites.uwasa.fi\/synthetica\/wp-json\/wp\/v2\/pages\/131\/revisions"}],"predecessor-version":[{"id":256,"href":"https:\/\/sites.uwasa.fi\/synthetica\/wp-json\/wp\/v2\/pages\/131\/revisions\/256"}],"wp:attachment":[{"href":"https:\/\/sites.uwasa.fi\/synthetica\/wp-json\/wp\/v2\/media?parent=131"}],"curies":[{"name":"wp","href":"https:\/\/api.w.org\/{rel}","templated":true}]}}