{"id":30,"date":"2025-05-05T10:13:26","date_gmt":"2025-05-05T07:13:26","guid":{"rendered":"https:\/\/sites.uwasa.fi\/straind\/?page_id=30"},"modified":"2025-11-05T12:48:52","modified_gmt":"2025-11-05T10:48:52","slug":"contact","status":"publish","type":"page","link":"https:\/\/sites.uwasa.fi\/straind\/contact\/","title":{"rendered":"Contact information"},"content":{"rendered":"<h4>General inquiries &amp; media:<\/h4>\n<p>Project Manager Johanna Kalliokoski, johanna.kalliokoski(a)uwasa.fi, +358 29 449 8462<\/p>\n<p>Principal Investigator <a href=\"https:\/\/www.uwasa.fi\/en\/person\/2134560\">Helka Kalliom\u00e4ki<\/a>, helka.kalliomaki(a)uwasa.fi, +358 29 449 8411<\/p>\n<h4>Researchers<\/h4>\n<p><a href=\"https:\/\/www.uwasa.fi\/en\/person\/1085833\">Antti M\u00e4enp\u00e4\u00e4<\/a>, antti.maenpaa(a)uwasa.fi<\/p>\n<p><a href=\"https:\/\/www.utu.fi\/en\/people\/jari-kaivo-oja\">Jari Kaivo-oja<\/a>, jari.kaivo-oja(a)utu.fi<\/p>\n<p><a href=\"https:\/\/www.utu.fi\/en\/people\/yrjo-myllyla\">Yrj\u00f6 Myllyl\u00e4<\/a>, yrjo.myllyla(a)utu.fi<\/p>\n<p class=\"node__title\"><span class=\"field field--name-title field--type-string field--label-hidden\"><a href=\"https:\/\/www.uwasa.fi\/en\/person\/2947151\">Lisa W\u00e4tzold<\/a>, lisa.watzold(a)uwasa.fi<\/span><\/p>\n","protected":false},"excerpt":{"rendered":"<p>General inquiries &amp; media: Project Manager Johanna Kalliokoski, johanna.kalliokoski(a)uwasa.fi, +358 29 449 8462 Principal Investigator Helka Kalliom\u00e4ki, helka.kalliomaki(a)uwasa.fi, +358 29 449 8411 Researchers Antti M\u00e4enp\u00e4\u00e4, antti.maenpaa(a)uwasa.fi Jari Kaivo-oja, jari.kaivo-oja(a)utu.fi Yrj\u00f6 Myllyl\u00e4, yrjo.myllyla(a)utu.fi Lisa W\u00e4tzold, lisa.watzold(a)uwasa.fi<\/p>\n","protected":false},"author":160,"featured_media":160,"parent":0,"menu_order":0,"comment_status":"closed","ping_status":"closed","template":"","meta":{"_acf_changed":false,"footnotes":""},"class_list":["post-30","page","type-page","status-publish","has-post-thumbnail","hentry"],"acf":[],"_links":{"self":[{"href":"https:\/\/sites.uwasa.fi\/straind\/wp-json\/wp\/v2\/pages\/30"}],"collection":[{"href":"https:\/\/sites.uwasa.fi\/straind\/wp-json\/wp\/v2\/pages"}],"about":[{"href":"https:\/\/sites.uwasa.fi\/straind\/wp-json\/wp\/v2\/types\/page"}],"author":[{"embeddable":true,"href":"https:\/\/sites.uwasa.fi\/straind\/wp-json\/wp\/v2\/users\/160"}],"replies":[{"embeddable":true,"href":"https:\/\/sites.uwasa.fi\/straind\/wp-json\/wp\/v2\/comments?post=30"}],"version-history":[{"count":26,"href":"https:\/\/sites.uwasa.fi\/straind\/wp-json\/wp\/v2\/pages\/30\/revisions"}],"predecessor-version":[{"id":266,"href":"https:\/\/sites.uwasa.fi\/straind\/wp-json\/wp\/v2\/pages\/30\/revisions\/266"}],"wp:featuredmedia":[{"embeddable":true,"href":"https:\/\/sites.uwasa.fi\/straind\/wp-json\/wp\/v2\/media\/160"}],"wp:attachment":[{"href":"https:\/\/sites.uwasa.fi\/straind\/wp-json\/wp\/v2\/media?parent=30"}],"curies":[{"name":"wp","href":"https:\/\/api.w.org\/{rel}","templated":true}]}}