{"id":10,"date":"2021-12-14T13:08:05","date_gmt":"2021-12-14T11:08:05","guid":{"rendered":"https:\/\/sites.uwasa.fi\/smak\/?page_id=10"},"modified":"2022-11-15T14:58:52","modified_gmt":"2022-11-15T12:58:52","slug":"publications-presentations","status":"publish","type":"page","link":"https:\/\/sites.uwasa.fi\/smak\/publications-presentations\/","title":{"rendered":"Publications &amp; Presentations"},"content":{"rendered":"<article id=\"post-101\" class=\"entry entry--page post-101 page type-page status-publish hentry\">\n<div class=\"entry__content wysiwyg\">\n<h4><strong><img loading=\"lazy\" decoding=\"async\" class=\"alignright wp-image-122\" src=\"https:\/\/sites.utu.fi\/smak\/wp-content\/uploads\/sites\/149\/2019\/02\/SMAK_robopic2-312x720.jpg\" alt=\"\" width=\"175\" height=\"425\" \/>Publications<\/strong><\/h4>\n<ul>\n<li>Hautala J., Ahlqvist T., (2022) Integrating futures imaginaries, expectations and anticipatory practices: practitioners of artificial intelligence between now and future, Routledge: Technology Analysis &amp; Strategic ManagementRoutledge, pp 1-13.<\/li>\n<li>\n<div class=\"pub-meta\"><span class=\"authors\">Wingstr\u00f6m, Roosa, Johanna Hautala &amp; Riina Lundman<\/span> <span class=\"date\">(2022)<\/span> <span class=\"art_title\">Redefining Creativity in the Era of AI? Perspectives of Computer Scientists <\/span><span class=\"art_title\">and New Media Artists,<\/span> <span class=\"serial_title\">Creativity Research Journal,<\/span> <span class=\"doi_link\">DOI: <a href=\"https:\/\/doi.org\/10.1080\/10400419.2022.2107850\">10.1080\/10400419.2022.2107850<\/a><\/span><\/div>\n<\/li>\n<li>Martikainen T. (2022), IHMISKESKEINEN TEKO\u00c4LY: Teknologisesti edistyneiden valtioiden kansalliset teko\u00e4lystrategiat kriittisen teknologiakehityksen viitekehyksess\u00e4, Master&#8217;s theses and Second Cycle Degree theses including the degrees in medicine and dentistry (restricted access), University of Turku<\/li>\n<li>Hautala J., Jauhiainen J. S. (2022) Co-creating Knowledge with Robots: System, Synthesis, and Symbiosis. Journal of the Knowledge Economy. <a href=\"https:\/\/link.springer.com\/article\/10.1007\/s13132-022-00968-1\"><strong>https:\/\/link.springer.com\/article\/10.1007\/s13132-022-00968-1<\/strong><\/a><\/li>\n<li>Hautala (2021) Can robots possess knowledge? Rethinking the DIK(W) pyramid through the lens of employees of an automotive factory. Humanities and Social Sciences Communications 8(212). <a href=\"https:\/\/www.nature.com\/articles\/s41599-021-00893-9\">https:\/\/www.nature.com\/articles\/s41599-021-00893-9<\/a><\/li>\n<li>Kiviharju V (2021) Teko\u00e4lyn eettiset kysymykset Suomessa ja Singaporessa : hallinnon linjauksista teko\u00e4lyn kehitt\u00e4jien n\u00e4kemyksiin. Pro gradu -tutkielma, Turun yliopisto. <a href=\"https:\/\/www.utupub.fi\/handle\/10024\/152936\">https:\/\/www.utupub.fi\/handle\/10024\/152936<\/a><\/li>\n<li>Hautala J &amp; Schmidt S (2019) <a href=\"https:\/\/www.tandfonline.com\/doi\/abs\/10.1080\/03098265.2019.1599331?journalCode=cjgh20\">Learning across distances: an international collaborative learning project between Berlin and Turku<\/a>. <em>Journal of Geography in Higher Education<\/em> 43(2), pp. 181-200.<\/li>\n<li>H\u00e4m\u00e4l\u00e4inen I (2019) <a href=\"http:\/\/urn.fi\/URN:NBN:fi-fe2019121748586\">Kohti teko\u00e4lyajan \u00e4lykk\u00e4it\u00e4 kaupunkeja<\/a>. Pro gradu -tutkielma. Maantieteen ja geologian laitos, Turun yliopisto.<\/li>\n<\/ul>\n<p><strong>Sessions<\/strong><\/p>\n<ul>\n<li><span id=\"page37R_mcid10\" class=\"markedContent\"><span dir=\"ltr\" role=\"presentation\"><span id=\"page37R_mcid11\" class=\"markedContent\">Berhndt T., Hautala J., Nordstr\u00f6m P., Wingstr\u00f6m R., (2022) <\/span><\/span><\/span><span id=\"page37R_mcid10\" class=\"markedContent\"><span dir=\"ltr\" role=\"presentation\">Human geographical research of future<\/span> <span dir=\"ltr\" role=\"presentation\">technologies: from processes to societies. Session at the Geography days, November, Tampere.<br \/>\n<\/span><\/span><\/li>\n<\/ul>\n<\/div>\n<ul>\n<li>Behrndt T., Hautala J., M\u00e4kinen L., Wingstr\u00f6m R., (2021) Promises and Challenges of Future Technologies in Human Geographical Research. Session at the Geography days, November, Oulu.<\/li>\n<\/ul>\n<div class=\"entry__content wysiwyg\">\n<h4><strong>Presentations<\/strong><\/h4>\n<ul>\n<li>Behrndt T, Hautala J, <span id=\"page37R_mcid15\" class=\"markedContent\"><span dir=\"ltr\" role=\"presentation\">AI strategies as roadmaps for governing<\/span> <span dir=\"ltr\" role=\"presentation\">knowledge<\/span><span dir=\"ltr\" role=\"presentation\">&#8211;<\/span><span dir=\"ltr\" role=\"presentation\">based societies<\/span><\/span>, Geography days, November 4, 2022, Tampere, Finland.<\/li>\n<li>Human geographical perspectives on knowledge creation and creativity in the era of AI, <em>Palm\u00e9n-Colloquium, <\/em>Finland Geographical Society, Sep 30, 2022<\/li>\n<li>Co-Creativity in the era of AI: how artists and scientists are creative with AI, Jun 22, 2022, <em>Leverhulme Center for the Future of Intelligence<\/em><em>, <\/em>Cambridge University, UK<\/li>\n<li>Hautala J (2022) Calling for Posthuman Economic Geography, Economic Geography Conference, Jun 10, Dublin, Ireland<\/li>\n<li>Behrndt T, <span dir=\"ltr\" role=\"presentation\">\u2018Coming to Terms with Algorithmic Surveillance&#8217;<\/span>, SSN 2022 conference, June 2, 2022, Rotterdam, The Netherlands<\/li>\n<li>Hautala J (2021) Tieto ja luovuus teko\u00e4lyn ajalla. Vaasan tiedekarnevaalit, 19.11.2021, Vaasa.<\/li>\n<li>Wingstr\u00f6m R, Huopalainen A, Hautala J (2021) Creation process, creative moments, and (im)mobilities: following artists during the COVID-19 pandemic. 37th EGOS colloquium, Amsterdam, the Netherlands.<\/li>\n<li>Co-Creating knowledge with robots. <em>5th Geography of Innovation Conference<\/em>, 29-31.1.2020, Stavanger, Norway.<\/li>\n<li>Co-Creating Knowledge with Robots: towards system, synthesis and symbiosis in universities in Tampere and Singapore. <em>Work Conference<\/em>, 17.8.2019, Helsinki.<\/li>\n<li>Knowledge Creation Processes in Space and Time: from Sciences to Arts and the Era of AI. <em>National University of Singapore<\/em>, 6.6.2019, Singapore.<\/li>\n<li>Knowledge Societies Enter the Era of AI: How Is Knowledge Co-Created Among Humans, AI and Robots? <em>Turku AI Meetup<\/em>, 10.4.2019, Turku.<\/li>\n<li>Second Machine Age Knowledge Co-Creation Processes in Space and Time. <em>Maantieteen p\u00e4iv\u00e4t<\/em> 25\u201326.10.2018, Helsinki.<\/li>\n<\/ul>\n<h4>Interviews:<\/h4>\n<p>WIC Science Hardtalk by Johanna Hautala: Tietoyhteiskunta ja luovuus teko\u00e4lyn ajalla. 17.02.2022.<\/p>\n<p><a href=\"https:\/\/www.youtube.com\/watch?v=DK9YVxwBf2o\">https:\/\/www.youtube.com\/watch?v=DK9YVxwBf2o<\/a><\/p>\n<h4><strong>Podcast<\/strong><\/h4>\n<ul>\n<li>Can machines know? Listen to the SHIFT <a href=\"https:\/\/theshift.fi\/news\/shift-talk-podcast-hautala\/\">talk<\/a>.<\/li>\n<\/ul>\n<h4><strong>Publications intended for the general public<\/strong><\/h4>\n<ul>\n<li><a href=\"https:\/\/www.lsr.fi\/blog\/ketterasti-kohti-tekoalyn-aikaa-singaporessa\/\">Ketter\u00e4sti kohti teko\u00e4lyn aikaa Singaporessa<\/a>. 8.8.2019. Blog of the Foundation of Economic Education.<\/li>\n<li><a href=\"https:\/\/www.lsr.fi\/blog\/miten-tietoa-jalostetaan-ihmisen-robotin-ja-tekoalyn-valisessa-yhteistyossa\/\">Miten tietoa jalostetaan ihmisen, robotin ja teko\u00e4lyn v\u00e4lisess\u00e4 yhteisty\u00f6ss\u00e4<\/a>? 1.2.2019. Blog of the Foundation of Economic Education.<\/li>\n<\/ul>\n<p>&nbsp;<\/p>\n<\/div>\n<\/article>\n<p>&nbsp;<\/p>\n","protected":false},"excerpt":{"rendered":"<p>Publications Hautala J., Ahlqvist T., (2022) Integrating futures imaginaries, expectations and anticipatory practices: practitioners of artificial intelligence between now and future, Routledge: Technology Analysis &amp; Strategic ManagementRoutledge, pp 1-13. Wingstr\u00f6m, Roosa, Johanna Hautala &amp; Riina Lundman (2022) Redefining Creativity in the Era of AI? Perspectives of Computer Scientists and New Media Artists, Creativity Research Journal, [&hellip;]<\/p>\n","protected":false},"author":200,"featured_media":0,"parent":0,"menu_order":0,"comment_status":"closed","ping_status":"closed","template":"","meta":{"_acf_changed":false,"footnotes":""},"class_list":["post-10","page","type-page","status-publish","hentry"],"acf":[],"_links":{"self":[{"href":"https:\/\/sites.uwasa.fi\/smak\/wp-json\/wp\/v2\/pages\/10"}],"collection":[{"href":"https:\/\/sites.uwasa.fi\/smak\/wp-json\/wp\/v2\/pages"}],"about":[{"href":"https:\/\/sites.uwasa.fi\/smak\/wp-json\/wp\/v2\/types\/page"}],"author":[{"embeddable":true,"href":"https:\/\/sites.uwasa.fi\/smak\/wp-json\/wp\/v2\/users\/200"}],"replies":[{"embeddable":true,"href":"https:\/\/sites.uwasa.fi\/smak\/wp-json\/wp\/v2\/comments?post=10"}],"version-history":[{"count":11,"href":"https:\/\/sites.uwasa.fi\/smak\/wp-json\/wp\/v2\/pages\/10\/revisions"}],"predecessor-version":[{"id":84,"href":"https:\/\/sites.uwasa.fi\/smak\/wp-json\/wp\/v2\/pages\/10\/revisions\/84"}],"wp:attachment":[{"href":"https:\/\/sites.uwasa.fi\/smak\/wp-json\/wp\/v2\/media?parent=10"}],"curies":[{"name":"wp","href":"https:\/\/api.w.org\/{rel}","templated":true}]}}