{"id":17,"date":"2020-03-22T00:36:51","date_gmt":"2020-03-21T22:36:51","guid":{"rendered":"https:\/\/sites.uwasa.fi\/sest2021\/?page_id=17"},"modified":"2021-08-12T14:16:46","modified_gmt":"2021-08-12T11:16:46","slug":"committees","status":"publish","type":"page","link":"https:\/\/sites.uwasa.fi\/sest2021\/committees\/","title":{"rendered":"Committees"},"content":{"rendered":"<h4 id=\"parent-fieldname-title\" class=\"documentFirstHeading\" align=\"center\"><em>4th International Conference on Smart Energy Systems and Technologies (SEST)<\/em><br \/>\n<em>6-8 September 2021, Vaasa, Finland<\/em><\/h4>\n<p align=\"center\"><img loading=\"lazy\" decoding=\"async\" class=\"wp-image-258 alignnone\" src=\"https:\/\/sites.uwasa.fi\/sest2021\/wp-content\/blogs.dir\/4\/files\/sites\/65\/2020\/05\/ieee.jpg\" alt=\"\" width=\"154\" height=\"45\" \/>\u00a0<img loading=\"lazy\" decoding=\"async\" class=\"wp-image-261 alignnone\" src=\"https:\/\/sites.uwasa.fi\/sest2021\/wp-content\/blogs.dir\/4\/files\/sites\/65\/2020\/05\/pes-300x207.jpg\" alt=\"\" width=\"124\" height=\"86\" srcset=\"https:\/\/sites.uwasa.fi\/sest2021\/wp-content\/blogs.dir\/4\/files\/sites\/65\/2020\/05\/pes-300x207.jpg 300w, https:\/\/sites.uwasa.fi\/sest2021\/wp-content\/blogs.dir\/4\/files\/sites\/65\/2020\/05\/pes.jpg 539w\" sizes=\"(max-width: 124px) 100vw, 124px\" \/><img loading=\"lazy\" decoding=\"async\" class=\"wp-image-257 alignnone\" src=\"https:\/\/sites.uwasa.fi\/sest2021\/wp-content\/blogs.dir\/4\/files\/sites\/65\/2020\/05\/ias.png\" alt=\"\" width=\"139\" height=\"84\" \/><img loading=\"lazy\" decoding=\"async\" class=\"wp-image-259 alignnone\" src=\"https:\/\/sites.uwasa.fi\/sest2021\/wp-content\/blogs.dir\/4\/files\/sites\/65\/2020\/05\/ies-300x209.png\" alt=\"\" width=\"106\" height=\"74\" srcset=\"https:\/\/sites.uwasa.fi\/sest2021\/wp-content\/blogs.dir\/4\/files\/sites\/65\/2020\/05\/ies-300x209.png 300w, https:\/\/sites.uwasa.fi\/sest2021\/wp-content\/blogs.dir\/4\/files\/sites\/65\/2020\/05\/ies-768x534.png 768w, https:\/\/sites.uwasa.fi\/sest2021\/wp-content\/blogs.dir\/4\/files\/sites\/65\/2020\/05\/ies.png 874w\" sizes=\"(max-width: 106px) 100vw, 106px\" \/><img loading=\"lazy\" decoding=\"async\" class=\"alignnone wp-image-260\" src=\"https:\/\/sites.uwasa.fi\/sest2021\/wp-content\/blogs.dir\/4\/files\/sites\/65\/2020\/05\/pels.png\" alt=\"\" width=\"72\" height=\"84\" \/><\/p>\n<table border=\"0\" width=\"100%\" cellspacing=\"0\" cellpadding=\"5\">\n<tbody>\n<tr>\n<td style=\"text-align: center;vertical-align: top\">\n<h4><strong>Miadreza Shafie-khah<br \/>\nGeneral Chair of SEST 2021<\/strong><\/h4>\n<\/td>\n<td style=\"text-align: center;vertical-align: top\">\n<h4><strong>Ozan Erdinc<br \/>\nGeneral Co-Chair of SEST 2021<\/strong><\/h4>\n<\/td>\n<\/tr>\n<\/tbody>\n<\/table>\n<h4 style=\"text-align: center\"><strong>Honorary Chair<br \/>\nJo\u00e3o P. S. Catal\u00e3o<\/strong><\/h4>\n<p><strong>Technical Co-Chairs<\/strong><\/p>\n<ul class=\"scroll tooltip\" style=\"line-height: 1em\">\n<li>Akin Tascikaraoglu, Mugla University, Turkey<\/li>\n<li>Nikolaos Paterakis, Eindhoven University of Technology, The Netherlands<\/li>\n<li>Hossein Hafezi, Tampere University, Finland<\/li>\n<\/ul>\n<p><b>Local Organizing Committee<\/b><\/p>\n<ul class=\"scroll tooltip\" style=\"line-height: 1em\">\n<li>Suvi Karirinne, University of Vaasa, Finland<\/li>\n<li>Aino Myllykangas, University of Vaasa, Finland<\/li>\n<li>Nina Jokiaho, University of Vaasa, Finland<\/li>\n<li>Riikka Kalmi, University of Vaasa, Finland<\/li>\n<li>Seyed Mahoor Ebrahimi, University of Vaasa, Finland<\/li>\n<li>Sara Javadi, University of Vaasa, Finland<\/li>\n<\/ul>\n<p><b>Publications Chairs and Web Coordinators<\/b><\/p>\n<ul class=\"scroll tooltip\" style=\"line-height: 1em\">\n<li>Tarek AlSkaif, Wageningen University &amp; Research, The Netherlands<\/li>\n<li>Soumyabrata Dev, University College Dublin, Ireland<\/li>\n<\/ul>\n<p><b>Social Media Communication<\/b><\/p>\n<ul>\n<li>Matthew Gough, FEUP and INESC TEC, Portugal<\/li>\n<li>Ay\u015fe K\u00fcbra Ereno\u011flu, Yildiz Technical University, Turkey<\/li>\n<\/ul>\n<p><b>SEST Series Steering Committee Chair (2020-2021 term)<\/b><\/p>\n<ul class=\"scroll tooltip\" style=\"line-height: 1em\">\n<li>Miadreza Shafie-khah, University of Vaasa, Finland<\/li>\n<\/ul>\n<p><b>SEST Series Steering Committee Vice-Chair (2020-2021 term)<\/b><\/p>\n<ul>\n<li>Ozan Erdinc, Yildiz Technical University, Turkey<\/li>\n<\/ul>\n<p><b>SEST Series Steering Committee<\/b><\/p>\n<ul class=\"scroll tooltip\" style=\"line-height: 1em\">\n<li>Agustin Sanchez de La Nieta, Loyola University Andalusia, Spain<\/li>\n<li>Akin Tascikaraoglu, Mugla University, Turkey<\/li>\n<li>Alberto Borghetti, University of Bologna, Italy<\/li>\n<li>Alireza Heidari, University of New South Wales, Australia<\/li>\n<li>Amjad Anvari-Moghaddam, Aalborg University, Denmark<\/li>\n<li>Anastasios Bakirtzis, Aristotle University of Thessaloniki, Greece<\/li>\n<li>David Pozo, SKOLTECH, Russia<\/li>\n<li>Dirk Van Hertem, Katholieke Universiteit Leuven, Belgium<\/li>\n<li>Edris Pouresmaeil, Aalto University, Finland<\/li>\n<li>Fangxing (Fran) Li, University of Tennessee at Knoxville, USA<\/li>\n<li>Fei Wang, North China Electric Power University, China<\/li>\n<li>Felipe Rosa, University of Sevilla, Spain<\/li>\n<li>Florin Capitanescu, Luxembourg Institute of Science and Technology, Luxembourg<\/li>\n<li>Gerardo Os\u00f3rio, University of Beira Interior, Portugal<\/li>\n<li>Gianfranco Chicco, Politecnico di Torino, Italy<\/li>\n<li>Hadi Amini, Florida International University, USA<\/li>\n<li>Hossam A. Gabbar, UOIT, Canada<\/li>\n<li>Hossein Farahmand, Norwegian University of Science and Technology, Norway<\/li>\n<li>Ionel Vechiu, ESTIA, France<\/li>\n<li>Jamshid Aghaei, Shiraz University of Technology, Iran<\/li>\n<li>Javier Contreras, University of Castilla-La Mancha, Spain<\/li>\n<li>Jo\u00e3o P.S. Catal\u00e3o, FEUP and INESC TEC, Portugal<\/li>\n<li>Jo\u00e3o Martins, New University of Lisbon, Portugal<\/li>\n<li>Jose L. Martinez-Ramos, University of Seville, Spain<\/li>\n<li>Kai Strunz, TU-Berlin, Germany<\/li>\n<li>Miadreza Shafie-khah, University of Vaasa, Finland<\/li>\n<li>Mohamed El Moursi, Khalifa University of Science and Technology, UAE<\/li>\n<li>Mohamed Lotfi, FEUP and INESC TEC, Portugal<\/li>\n<li>Mohammad Sadegh Javadi, INESC TEC, Portugal<\/li>\n<li>Nikolaos Paterakis, Eindhoven University of Technology, The Netherlands<\/li>\n<li>Pierluigi Siano, University of Salerno, Italy<\/li>\n<li>Tarek AlSkaif, Wageningen University &amp; Research, The Netherlands<\/li>\n<li>Tomislav Capuder, University of Zagreb, Croatia<\/li>\n<li>Vahid Vahidinasab, Shahid Beheshti University, Iran<\/li>\n<li>Vitor Monteiro, University of Minho, Portugal<\/li>\n<li>Wei Wei, Tsinghua University, China<\/li>\n<\/ul>\n<p><b>Technical Program Committee<\/b><\/p>\n<ul class=\"scroll tooltip\" style=\"line-height: 1em\">\n<li>Agustin Sanchez de La Nieta, Loyola University Andalusia, Spain<\/li>\n<li>Alberto Berizzi, Politecnico di Milano, Italy<\/li>\n<li>Alberto Borghetti, University of Bologna, Italy<\/li>\n<li>Alireza Heidari, University of New South Wales, Australia<\/li>\n<li>Amin Hajizadeh, Aalborg University, Denmark<\/li>\n<li>Amin Kargarian, Louisiana State University, USA<\/li>\n<li>Amin Shokri Gazafroudi, Karlsruhe Institute of Technology, Germany<\/li>\n<li>Amjad Anvari-Moghaddam, Aalborg University, Denmark<\/li>\n<li>Anastasios Bakirtzis, Aristotle University of Thessaloniki, Greece<\/li>\n<li>Andrea Mazza, Politecnico di Torino, Italy<\/li>\n<li>Andrew Keane, University College Dublin, Ireland<\/li>\n<li>Angela Russo, Politecnico di Torino, Italy<\/li>\n<li>Anibal Azevedo, University of Campinas, Brazil<\/li>\n<li>Antonio Conejo, The Ohio State University, USA<\/li>\n<li>Anthony Papavasiliou, Universit\u00e9 Catholique de Louvain, Belgium<\/li>\n<li>Badrul Chowdhury, The William States Lee College of Engineering, USA<\/li>\n<li>Behnam Mohammadi-Ivatloo, University of Tabriz, Iran<\/li>\n<li>Bikash Pal, Imperial College London, UK<\/li>\n<li>Bri-Mathias Hodge, University of Colorado , USA<\/li>\n<li>Carlo Alberto Nucci, University of Bologna, Italy<\/li>\n<li>Carlos Henggeler Antunes, University of Coimbra, Portugal<\/li>\n<li>Chiara Boccaletti, Sapienza University of Rome, Italy<\/li>\n<li>Christina Papadimitriou, University of Cyprus, Cyprus<\/li>\n<li>Christos Simoglou, International Hellenic University, Greece<\/li>\n<li>Claudio Ca\u00f1izares, University of Waterloo, Canada<\/li>\n<li>Cristian Lazaroiu, University Politechnica of Bucharest, Romania<\/li>\n<li>Dao Zhou, Alborg University, Denmark<\/li>\n<li>David Pozo, SKOLTECH, Russia<\/li>\n<li>Dirk Van Hertem, Katholieke Universiteit Leuven, Belgium<\/li>\n<li>Dongsheng Yang, Eindhoven University of Technology, The Netherlands<\/li>\n<li>Edris Pouresmaeil, Aalto University, Finland<\/li>\n<li>Elena Fumagalli, Utrecht University, The Netherlands<\/li>\n<li>Emil Levi, Liverpool John Moores University, UK<\/li>\n<li>Emilio Ghiani, University of Cagliari, Italy<\/li>\n<li>Enrico De Tuglie, Politecnico di Bari, Italy<\/li>\n<li>Fangxing (Fran) Li, University of Tennessee at Knoxville, USA<\/li>\n<li>Fatma Y\u0131ld\u0131z Ta\u015fc\u0131karao\u011flu, Mugla Sitki Kocman University, Turkey<\/li>\n<li>Federico Milano, University College Dublin, Ireland<\/li>\n<li>Fei Wang, North China Electric Power University, China<\/li>\n<li>Fernando Silva, University of Lisbon, Portugal<\/li>\n<li>Filip Pr\u00f6stl Andr\u00e9n, Austrian Institute of Technology, Austria<\/li>\n<li>Florin Capitanescu, Luxembourg Institute of Science and Technology, Luxembourg<\/li>\n<li>Frede Blaabjerg, Aalborg University, Denmark<\/li>\n<li>Fushuan Wen, Tallinn University of Technology, Estonia<\/li>\n<li>Gabriel Pinto, University of Minho, Portugal<\/li>\n<li>Geert Deconinck, KU Leuven, Belgium<\/li>\n<li>George Gross, University of Illinois at Urbana-Champaign, USA<\/li>\n<li>George Seritan, University Politehnica of Bucharest, Romania<\/li>\n<li>Georgios Tsaousoglou, National Technical University of Athens, Greece<\/li>\n<li>Gerardo Os\u00f3rio, University of Beira Interior, Portugal<\/li>\n<li>Gianfranco Chicco, Politecnico di Torino, Italy<\/li>\n<li>Giorgio Graditi, ENEA, Italy<\/li>\n<li>Giuseppe Marco Tina, University of Catania, Italy<\/li>\n<li>Gregor Verbic, The University of Sydney, Australia<\/li>\n<li>Gregorio Mu\u00f1oz-Delgado, University of Castilla-La Mancha, Spain<\/li>\n<li>Hadi Amini, Florida International University, USA<\/li>\n<li>Hannu Laaksonen, University of Vaasa, Finland<\/li>\n<li>Hossein Farahmand, Norwegian University of Science and Technology, Norway<\/li>\n<li>Hrvoje Pand\u017ei\u0107, Zagreb University, Croatia<\/li>\n<li>Hugo Morais, University of Lisbon, Portugal<\/li>\n<li>Ionel Vechiu, ESTIA, France<\/li>\n<li>Jamshid Aghaei, Shiraz University of Technology, Iran<\/li>\n<li>Javier Contreras, University of Castilla-La Mancha, Spain<\/li>\n<li>Jianhui Wang, Southern Methodist University, USA<\/li>\n<li>Jo\u00e3o Luiz Afonso, University of Minho, Portugal<\/li>\n<li>Jo\u00e3o Martins, New University of Lisbon, Portugal<\/li>\n<li>Jo\u00e3o Pe\u00e7as Lopes, FEUP and INESC TEC, Portugal<\/li>\n<li>Jose L. Martinez-Ramos, University of Seville, Spain<\/li>\n<li>Jos\u00e9 Manuel Arroyo, University of Castilla-La Mancha, Spain<\/li>\n<li>Jos\u00e9 Nuno Fidalgo, FEUP and INESC TEC, Portugal<\/li>\n<li>Josep M. Guerrero, Aalborg University, Denmark<\/li>\n<li>Jovica Milanovic, University of Manchester, UK<\/li>\n<li>Joydeep Mitra, Michigan State University, USA<\/li>\n<li>Juan S. Giraldo, Eindhoven University of Technology, The Netherlands<\/li>\n<li>Julio Usaola, University Carlos III, Spain<\/li>\n<li>Kai Strunz, TU-Berlin, Germany<\/li>\n<li>Katia Almeida, University of Federal de Santa Catarina, Brazil<\/li>\n<li>Kimmo Kauhaniemi, University of Vaasa, Finland<\/li>\n<li>Lenos Hadjidemetriou, University of Cyprus, Cyprus<\/li>\n<li>Leonel Carvalho, INESC TEC, Portugal<\/li>\n<li>Luis Baringo, University of Castilla-La Mancha, Spain<\/li>\n<li>Manuel Matos, FEUP and INESC TEC, Portugal<\/li>\n<li>Marialaura Di Somma, ENEA, Italy<\/li>\n<li>Mehdi Savaghebi, University of Southern Denmark, Denmark<\/li>\n<li>Meisam Farrokhifar, University of Groningen, The Netherlands<\/li>\n<li>Mohamed El Moursi, Khalifa University of Science and Technology, UAE<\/li>\n<li>Mohammad Banat, Jordan University of Science and Technology, Jordan<\/li>\n<li>Mohammad Sadegh Javadi, INESC TEC, Portugal<\/li>\n<li>Mohammad Shahidehpour, Illinois Institute of Technology, USA<\/li>\n<li>Mohammadreza Aghaei, Eindhoven University of Technology, Netherlands<\/li>\n<li>Murat G\u00f6l, Middle East Technical University, Turkey<\/li>\n<li>Nikos Hatziargyriou, National Technical University of Athens, Greece<\/li>\n<li>Nilufar Neyestani, INESC TEC, Portugal<\/li>\n<li>\u00d6nder G\u00fcler, Istanbul Technical University, Turkey<\/li>\n<li>Oriol Gomis, Universitat Polit\u00e8cnica de Barcelona, Spain<\/li>\n<li>Pablo Arboleya, University of Oviedo, Spain<\/li>\n<li>Pedram Asef, University of Hertfordshire, UK<\/li>\n<li>Pedro Faria, Polytechnic of Porto, Portugal<\/li>\n<li>Pedro Vergara Barrios, TU Delft, The Netherlands<\/li>\n<li>Peter Palensky, TU Delft, The Netherlands<\/li>\n<li>Philipp Staudt, Karlsruhe Institute of Technology, Germany<\/li>\n<li>Pierluigi Siano, University of Salerno, Italy<\/li>\n<li>Radu Porumb, Universitatea Politehnica din Bucuresti, Romania<\/li>\n<li>Ricardo Bessa, INESC TEC, Portugal<\/li>\n<li>Roberto Sebastiano Faranda, Politecnico di Milano, Italy<\/li>\n<li>Rui Castro, University of Lisbon, Portugal<\/li>\n<li>Saber Talari, University of Cologne,\u00a0Germany<\/li>\n<li>Salah Bahramara, Islamic Azad University, Iran<\/li>\n<li>Samuele Grillo, Politecnico di Milano, Italy<\/li>\n<li>S\u00e9rgio Cruz, University of Coimbra, Portugal<\/li>\n<li>S\u00e9rgio Santos, INESC TEC, Portugal<\/li>\n<li>Soumyabrata Dev, University College Dublin, Ireland<\/li>\n<li>Tarek AlSkaif, Wageningen University &amp; Research, The Netherlands<\/li>\n<li>Tek-Tjing Lie, Auckland University of Technology, New Zealand<\/li>\n<li>Thomas Strasser, AIT Austrian Institute of Technology, Austria<\/li>\n<li>Tomislav Capuder, University of Zagreb, Croatia<\/li>\n<li>Vahid Hosseinnezhad, University College Cork, Ireland<\/li>\n<li>Vahid Vahidinasab, Shahid Beheshti University, Iran<\/li>\n<li>Vassilis Kekatos, Virginia Tech, USA<\/li>\n<li>Vitor Monteiro, University of Minho, Portugal<\/li>\n<li>Vladimir Cuk, Eindhoven University of Technology, The Netherlands<\/li>\n<li>Vladimir Terzija, The University of Manchester, UK<\/li>\n<li>Vladimiro Miranda, FEUP and INESC TEC, Portugal<\/li>\n<li>Wei Wei, Tsinghua University, China<\/li>\n<li>Wei-Jen Lee, University of Texas at Arlington, USA<\/li>\n<li>Wilfried van Sark, Utrecht University, The Netherlands<\/li>\n<li>Yasser Hegazy, German University in Cairo, Egypt<\/li>\n<li>Zita Vale, GECAD &#8211; ISEP\/IPP, Portugal<\/li>\n<\/ul>\n","protected":false},"excerpt":{"rendered":"<p>4th International Conference on Smart Energy Systems and Technologies (SEST) 6-8 September 2021, Vaasa, Finland \u00a0 Miadreza Shafie-khah General Chair of SEST 2021 Ozan Erdinc General Co-Chair of SEST 2021 Honorary Chair Jo\u00e3o P. S. Catal\u00e3o Technical Co-Chairs Akin Tascikaraoglu, Mugla University, Turkey Nikolaos Paterakis, Eindhoven University of Technology, The Netherlands Hossein Hafezi, Tampere University, [&hellip;]<\/p>\n","protected":false},"author":74,"featured_media":0,"parent":0,"menu_order":0,"comment_status":"closed","ping_status":"closed","template":"","meta":{"_acf_changed":false,"footnotes":""},"class_list":["post-17","page","type-page","status-publish","hentry"],"acf":[],"_links":{"self":[{"href":"https:\/\/sites.uwasa.fi\/sest2021\/wp-json\/wp\/v2\/pages\/17"}],"collection":[{"href":"https:\/\/sites.uwasa.fi\/sest2021\/wp-json\/wp\/v2\/pages"}],"about":[{"href":"https:\/\/sites.uwasa.fi\/sest2021\/wp-json\/wp\/v2\/types\/page"}],"author":[{"embeddable":true,"href":"https:\/\/sites.uwasa.fi\/sest2021\/wp-json\/wp\/v2\/users\/74"}],"replies":[{"embeddable":true,"href":"https:\/\/sites.uwasa.fi\/sest2021\/wp-json\/wp\/v2\/comments?post=17"}],"version-history":[{"count":78,"href":"https:\/\/sites.uwasa.fi\/sest2021\/wp-json\/wp\/v2\/pages\/17\/revisions"}],"predecessor-version":[{"id":535,"href":"https:\/\/sites.uwasa.fi\/sest2021\/wp-json\/wp\/v2\/pages\/17\/revisions\/535"}],"wp:attachment":[{"href":"https:\/\/sites.uwasa.fi\/sest2021\/wp-json\/wp\/v2\/media?parent=17"}],"curies":[{"name":"wp","href":"https:\/\/api.w.org\/{rel}","templated":true}]}}