{"id":13,"date":"2025-02-26T12:05:01","date_gmt":"2025-02-26T10:05:01","guid":{"rendered":"https:\/\/sites.uwasa.fi\/sbsgroup\/?page_id=13"},"modified":"2025-03-18T15:06:07","modified_gmt":"2025-03-18T13:06:07","slug":"past-events","status":"publish","type":"page","link":"https:\/\/sites.uwasa.fi\/sbsgroup\/past-events\/","title":{"rendered":"2021-2023 EVENTS"},"content":{"rendered":"<ul>\n<li>1.6.2023 Rumy Narayan: \u201cMethodologies for sustainability using cybersemiotics, a transdisciplinary storytelling technique\u201d<\/li>\n<li>27.4.2023 Olena Maslyukivska: \u201d Increasing effectiveness of the market dialogue for circular cities\u201d<\/li>\n<li>30.3.2023 Charles Osifo: \u201cSustainable Public Leadership: Towards a Substantive Theory\u201d<\/li>\n<li>23.2.2023 Emmanuel Ndzibah: \u201cLegal framework for a sustainable smart city &#8211; A Proposed Draft<\/li>\n<li>26.1.2023 Petra Berg and Linda Turtola:\u201d Cyber scenario workshop\u201d<\/li>\n<li>1.12.2022 Mikko Karhu: \u201cThe sustainable vertical future of regions &#8211; How an advanced air transport transforms regions?\u201d<\/li>\n<li>27.10.2022 Tommi Lehtonen:\u201d Globalization\u2019s Impact on School Curricula in India, China, Taiwan, Indonesia and Finland\u201d<\/li>\n<li>29.9.2022 Research plan presentations\n<ul>\n<li>Part 1: three doctoral students, present their thesis\n<ul>\n<li>Martta Ylilauri: \u201cNature-based services as a resource for Eco-social transition and Sustainable wellbeing\u201d<\/li>\n<li>Ella Tolonen:\u201d Inconvenient business action in the low carbon transition: How businesses navigate risks and opportunities in the unstable and rapidly changing operating environment\u201d<\/li>\n<li>Cecilia Hjerppe:\u201dPerspectives on responsibility in the context of fashion: Discursive construction of consumer, investor, and organizational identities\u201d<\/li>\n<\/ul>\n<\/li>\n<\/ul>\n<\/li>\n<li>Part 2: Three research project proposals\n<ul>\n<li>Ville Tuomi and Hafiz Haq: \u201dResource efficiency in battery materials: How to achieve sustainability goals by combining circular economy and industry 4.0\u201d<\/li>\n<\/ul>\n<\/li>\n<li>25.5.2022 The future activities of Sustainability Group<\/li>\n<li>28.4.2022 Brian R Chabowski: \u201cInternational Marketing and the Circular Economy: Research foundations as a basis for future opportunities\u201d<\/li>\n<li>27.1.2022 A panel discussion on sustainability and sustainability research: Petra, Liisa and Ilkka + facilitator Charles.<\/li>\n<li>31.3.2022 Antti M\u00e4enp\u00e4\u00e4: \u201cSustainability transition: Who does and what in making the world green? Discoveries from GRETA project\u201d<\/li>\n<li>25.11.2021 Charles Osifo \u201cTowards a greener AI: Re-examining the roles of accountability and transparency\u201d<\/li>\n<li>30.9.2021 Jouni Juntunen: \u201cSustainability-oriented innovation for system-level impact\u201d<\/li>\n<\/ul>\n","protected":false},"excerpt":{"rendered":"<p>1.6.2023 Rumy Narayan: \u201cMethodologies for sustainability using cybersemiotics, a transdisciplinary storytelling technique\u201d 27.4.2023 Olena Maslyukivska: \u201d Increasing effectiveness of the market dialogue for circular cities\u201d 30.3.2023 Charles Osifo: \u201cSustainable Public Leadership: Towards a Substantive Theory\u201d 23.2.2023 Emmanuel Ndzibah: \u201cLegal framework for a sustainable smart city &#8211; A Proposed Draft 26.1.2023 Petra Berg and Linda Turtola:\u201d [&hellip;]<\/p>\n","protected":false},"author":30,"featured_media":0,"parent":0,"menu_order":0,"comment_status":"closed","ping_status":"closed","template":"","meta":{"_acf_changed":false,"footnotes":""},"class_list":["post-13","page","type-page","status-publish","hentry"],"acf":[],"_links":{"self":[{"href":"https:\/\/sites.uwasa.fi\/sbsgroup\/wp-json\/wp\/v2\/pages\/13"}],"collection":[{"href":"https:\/\/sites.uwasa.fi\/sbsgroup\/wp-json\/wp\/v2\/pages"}],"about":[{"href":"https:\/\/sites.uwasa.fi\/sbsgroup\/wp-json\/wp\/v2\/types\/page"}],"author":[{"embeddable":true,"href":"https:\/\/sites.uwasa.fi\/sbsgroup\/wp-json\/wp\/v2\/users\/30"}],"replies":[{"embeddable":true,"href":"https:\/\/sites.uwasa.fi\/sbsgroup\/wp-json\/wp\/v2\/comments?post=13"}],"version-history":[{"count":4,"href":"https:\/\/sites.uwasa.fi\/sbsgroup\/wp-json\/wp\/v2\/pages\/13\/revisions"}],"predecessor-version":[{"id":56,"href":"https:\/\/sites.uwasa.fi\/sbsgroup\/wp-json\/wp\/v2\/pages\/13\/revisions\/56"}],"wp:attachment":[{"href":"https:\/\/sites.uwasa.fi\/sbsgroup\/wp-json\/wp\/v2\/media?parent=13"}],"curies":[{"name":"wp","href":"https:\/\/api.w.org\/{rel}","templated":true}]}}