{"id":74,"date":"2021-11-15T12:59:51","date_gmt":"2021-11-15T10:59:51","guid":{"rendered":"https:\/\/sites.uwasa.fi\/riskidigi\/?page_id=74"},"modified":"2021-11-15T13:04:50","modified_gmt":"2021-11-15T11:04:50","slug":"yhteystiedot","status":"publish","type":"page","link":"https:\/\/sites.uwasa.fi\/riskidigi\/yhteystiedot\/","title":{"rendered":"Yhteystiedot"},"content":{"rendered":"<p>Mahdollisissa kysymyksiss\u00e4 sinua auttavat:<\/p>\n<ul>\n<li><strong>Juha Arrasvuori, Vaasan yliopisto, juha.arrasvuori@uwasa.fi, projektip\u00e4\u00e4llikk\u00f6\n<p><\/strong><\/p>\n<ul>\n<li>Pirjo Yli-Viitala, Vaasan yliopisto, pirjo.yli-viitala@uwasa.fi<\/li>\n<li>Mikael M\u00e4enp\u00e4\u00e4, Vaasan yliopisto, mikael.maenpaa@uwasa.fi<\/li>\n<li>Pertti Wathen, Tampereen yliopisto, pertti.wathen@tuni.fi<\/li>\n<li>Sami Sopanen, Tampereen yliopisto, sami.sopanen@tuni.fi<\/li>\n<li>Jari Kolehmainen, Tampereen yliopisto, jari.kolehmainen@tuni.fi<\/li>\n<\/ul>\n<\/li>\n<\/ul>\n","protected":false},"excerpt":{"rendered":"<p>Mahdollisissa kysymyksiss\u00e4 sinua auttavat: Juha Arrasvuori, Vaasan yliopisto, juha.arrasvuori@uwasa.fi, projektip\u00e4\u00e4llikk\u00f6 Pirjo Yli-Viitala, Vaasan yliopisto, pirjo.yli-viitala@uwasa.fi Mikael M\u00e4enp\u00e4\u00e4, Vaasan yliopisto, mikael.maenpaa@uwasa.fi Pertti Wathen, Tampereen yliopisto, pertti.wathen@tuni.fi Sami Sopanen, Tampereen yliopisto, sami.sopanen@tuni.fi Jari Kolehmainen, Tampereen yliopisto, jari.kolehmainen@tuni.fi<\/p>\n","protected":false},"author":29,"featured_media":0,"parent":0,"menu_order":0,"comment_status":"closed","ping_status":"closed","template":"","meta":{"_acf_changed":false,"footnotes":""},"class_list":["post-74","page","type-page","status-publish","hentry"],"acf":[],"_links":{"self":[{"href":"https:\/\/sites.uwasa.fi\/riskidigi\/wp-json\/wp\/v2\/pages\/74"}],"collection":[{"href":"https:\/\/sites.uwasa.fi\/riskidigi\/wp-json\/wp\/v2\/pages"}],"about":[{"href":"https:\/\/sites.uwasa.fi\/riskidigi\/wp-json\/wp\/v2\/types\/page"}],"author":[{"embeddable":true,"href":"https:\/\/sites.uwasa.fi\/riskidigi\/wp-json\/wp\/v2\/users\/29"}],"replies":[{"embeddable":true,"href":"https:\/\/sites.uwasa.fi\/riskidigi\/wp-json\/wp\/v2\/comments?post=74"}],"version-history":[{"count":7,"href":"https:\/\/sites.uwasa.fi\/riskidigi\/wp-json\/wp\/v2\/pages\/74\/revisions"}],"predecessor-version":[{"id":82,"href":"https:\/\/sites.uwasa.fi\/riskidigi\/wp-json\/wp\/v2\/pages\/74\/revisions\/82"}],"wp:attachment":[{"href":"https:\/\/sites.uwasa.fi\/riskidigi\/wp-json\/wp\/v2\/media?parent=74"}],"curies":[{"name":"wp","href":"https:\/\/api.w.org\/{rel}","templated":true}]}}