{"id":71,"date":"2021-11-15T12:59:08","date_gmt":"2021-11-15T10:59:08","guid":{"rendered":"https:\/\/sites.uwasa.fi\/riskidigi\/?page_id=71"},"modified":"2021-12-09T07:05:13","modified_gmt":"2021-12-09T05:05:13","slug":"hanke","status":"publish","type":"page","link":"https:\/\/sites.uwasa.fi\/riskidigi\/hanke\/","title":{"rendered":"RISKI-DIGI -hanke"},"content":{"rendered":"<h2>Liiketoimintakehitys riskihallitulla digitalisaatiolla<\/h2>\n<p>&nbsp;<\/p>\n<h3><strong>Hankkeen tavoitteet:<\/strong><\/h3>\n<ol>\n<li>Edist\u00e4\u00e4 Etel\u00e4-Pohjanmaalla pk-yritysten innovaatiotoimintaa parantamalla digitaalisen liiketoiminnan kehitysty\u00f6h\u00f6n liittyvien riskien hallintaa.<\/li>\n<li>Vahvistaa Etel\u00e4-Pohjanmaan \u00e4lykk\u00e4\u00e4n erikoistumisen painopistealueina toimivien digitaalisten ratkaisujen ja \u00e4lykk\u00e4iden j\u00e4rjestelmien TKI-kehitysymp\u00e4rist\u00f6\u00e4.<\/li>\n<li>Kehitt\u00e4\u00e4 digitaaliseen transformaatioon liittyv\u00e4n riskienhallinnan osaamista.<\/li>\n<li>Luoda pohjaa yrityksille ja yritysverkostoille uusien liiketoimintamahdollisuuksien tunnistamiseen ja kehitysty\u00f6h\u00f6n.<\/li>\n<li>Kehitt\u00e4\u00e4 erityisesti pk-yritysten tarpeisiin sopiva ty\u00f6kalupakki, joka integroi digitaalisen liiketoiminnan kehitysty\u00f6n ja riskienhallinnan menetelm\u00e4t.<\/li>\n<\/ol>\n<p>&nbsp;<\/p>\n<h3><strong>Rahoitus:<\/strong><\/h3>\n<p>Hankkeen rahoittavat <a href=\"https:\/\/www.rakennerahastot.fi\/\" target=\"_blank\" rel=\"noopener\">Euroopan aluekehitysrahasto EAKR<\/a>, <a href=\"https:\/\/www.uwasa.fi\">Vaasan yliopisto<\/a> ja <a href=\"https:\/\/www.ucs.fi\/\" target=\"_blank\" rel=\"noopener\">Tampereen yliopisto (Sein\u00e4joen yliopistokeskus)<\/a>. Hankkeen kokonaisbudjetti on 124 633 \u20ac.<\/p>\n<p>Hankkeen toteuttavat ajalla 11\/2020 \u2013 12\/2021 <a href=\"https:\/\/www.uwasa.fi\/fi\/tutkimus\/ryhmat\/sc-research\">Vaasan yliopisto (SC-Research, Lapua)<\/a> ja Tampereen yliopisto (Sein\u00e4joen yliopistokeskus) yhdess\u00e4 riskienhallinnan ammattilaisten kanssa.<\/p>\n<p>&nbsp;<\/p>\n<h3><strong>Hankeryhm\u00e4:<\/strong><\/h3>\n<p>Juha Arrasvuori, Vaasan yliopisto, juha.arrasvuori@uwasa.fi, projektip\u00e4\u00e4llikk\u00f6<\/p>\n<p>Pirjo Yli-Viitala, Vaasan yliopisto, pirjo.yli-viitala@uwasa.fi<\/p>\n<p>Mikael M\u00e4enp\u00e4\u00e4, Vaasan yliopisto, mikael.maenpaa@uwasa.fi<\/p>\n<p>Pertti Wathen, Tampereen yliopisto, pertti.wathen@tuni.fi<\/p>\n<p>Sami Sopanen, Tampereen yliopisto, sami.sopanen@tuni.fi<\/p>\n<div>Jari Kolehmainen, Tampereen yliopisto, jari.kolehmainen@tuni.fi<\/div>\n","protected":false},"excerpt":{"rendered":"<p>Liiketoimintakehitys riskihallitulla digitalisaatiolla &nbsp; Hankkeen tavoitteet: Edist\u00e4\u00e4 Etel\u00e4-Pohjanmaalla pk-yritysten innovaatiotoimintaa parantamalla digitaalisen liiketoiminnan kehitysty\u00f6h\u00f6n liittyvien riskien hallintaa. Vahvistaa Etel\u00e4-Pohjanmaan \u00e4lykk\u00e4\u00e4n erikoistumisen painopistealueina toimivien digitaalisten ratkaisujen ja \u00e4lykk\u00e4iden j\u00e4rjestelmien TKI-kehitysymp\u00e4rist\u00f6\u00e4. Kehitt\u00e4\u00e4 digitaaliseen transformaatioon liittyv\u00e4n riskienhallinnan osaamista. Luoda pohjaa yrityksille ja yritysverkostoille uusien liiketoimintamahdollisuuksien tunnistamiseen ja kehitysty\u00f6h\u00f6n. Kehitt\u00e4\u00e4 erityisesti pk-yritysten tarpeisiin sopiva ty\u00f6kalupakki, joka integroi digitaalisen liiketoiminnan [&hellip;]<\/p>\n","protected":false},"author":29,"featured_media":0,"parent":0,"menu_order":0,"comment_status":"closed","ping_status":"closed","template":"","meta":{"_acf_changed":false,"footnotes":""},"class_list":["post-71","page","type-page","status-publish","hentry"],"acf":[],"_links":{"self":[{"href":"https:\/\/sites.uwasa.fi\/riskidigi\/wp-json\/wp\/v2\/pages\/71"}],"collection":[{"href":"https:\/\/sites.uwasa.fi\/riskidigi\/wp-json\/wp\/v2\/pages"}],"about":[{"href":"https:\/\/sites.uwasa.fi\/riskidigi\/wp-json\/wp\/v2\/types\/page"}],"author":[{"embeddable":true,"href":"https:\/\/sites.uwasa.fi\/riskidigi\/wp-json\/wp\/v2\/users\/29"}],"replies":[{"embeddable":true,"href":"https:\/\/sites.uwasa.fi\/riskidigi\/wp-json\/wp\/v2\/comments?post=71"}],"version-history":[{"count":17,"href":"https:\/\/sites.uwasa.fi\/riskidigi\/wp-json\/wp\/v2\/pages\/71\/revisions"}],"predecessor-version":[{"id":233,"href":"https:\/\/sites.uwasa.fi\/riskidigi\/wp-json\/wp\/v2\/pages\/71\/revisions\/233"}],"wp:attachment":[{"href":"https:\/\/sites.uwasa.fi\/riskidigi\/wp-json\/wp\/v2\/media?parent=71"}],"curies":[{"name":"wp","href":"https:\/\/api.w.org\/{rel}","templated":true}]}}