{"id":68,"date":"2021-11-15T12:56:53","date_gmt":"2021-11-15T10:56:53","guid":{"rendered":"https:\/\/sites.uwasa.fi\/riskidigi\/?page_id=68"},"modified":"2021-12-09T07:16:04","modified_gmt":"2021-12-09T05:16:04","slug":"tyopajat","status":"publish","type":"page","link":"https:\/\/sites.uwasa.fi\/riskidigi\/tyopajat\/","title":{"rendered":"Ty\u00f6pajat"},"content":{"rendered":"<p>Hankkeessa j\u00e4rjestettiin ty\u00f6pajoja pk-yrityksille. Ty\u00f6pajatilaisuudet huipentuivat marraskuussa 2021 Sein\u00e4joella Framissa j\u00e4rjestettyyn seminaariin.<\/p>\n<p>&nbsp;<\/p>\n<h3><strong>4.11.2021 ty\u00f6paja (Sein\u00e4joki, Frami B)<\/strong><\/h3>\n<p><strong>Alustukset:<\/strong><\/p>\n<ul>\n<li>Modernilla riskienhallinnalla askeleen edell\u00e4 liiketoiminnan uhkia (Lassi V\u00e4is\u00e4nen)<\/li>\n<li>Palvelubusiness teollisuuden toimijan liiketoiminnan osana (Martti Korhonen)<\/li>\n<li>Valmistavaa teollisuutta t\u00e4ydent\u00e4v\u00e4t liiketoimintamahdollisuudet: Digitaalisimulaatio liiketoiminnan kehitt\u00e4misen mahdollistajana \u2013 case Nordic Simulators (Jorma Jokela)<\/li>\n<li>Digitekniikan uudet liiketoimintamahdollisuudet ja riskit (Matti Pyykk\u00f6nen)<\/li>\n<\/ul>\n<p>&nbsp;<\/p>\n<ul>\n<li>Riski-Digi -ty\u00f6kalujen ohjattu kokeilu ja kommentointi<\/li>\n<li>Keskustelu: Miten saadaan aikaan uutta liiketoimintaa riskihallitusti hy\u00f6dynt\u00e4en esiteltyj\u00e4 ty\u00f6kaluja? Miten k\u00e4\u00e4nnet\u00e4\u00e4n digitalisaation uhat mahdollisuuksiksi?<\/li>\n<\/ul>\n<h3>***<\/h3>\n<h3><strong>24.11.2021 ty\u00f6paja (Sein\u00e4joki, Frami B)<\/strong><\/h3>\n<p><strong>Alustukset:<\/strong><\/p>\n<ul>\n<li>Modernit v\u00e4lineet riskikartoituksille (Lassi V\u00e4is\u00e4nen)<\/li>\n<li>Palvelubusiness teollisuuden toimijan liiketoiminnan osana (Martti Korhonen)<\/li>\n<li>DigiRiskit &#8211; Yrityksen uudet turvallisuushaasteet (Matti Pyykk\u00f6nen)<\/li>\n<\/ul>\n<p>&nbsp;<\/p>\n<ul>\n<li>Riski-Digi -ty\u00f6kalujen ohjattu kokeilu ja kommentointi<\/li>\n<\/ul>\n<h3><strong>***<\/strong><\/h3>\n<h3><strong>24.11.2021 p\u00e4\u00e4t\u00f6sseminaari (Sein\u00e4joki, Frami B)<\/strong><\/h3>\n<ul>\n<li>Keynote:\u00a0<strong>Digitalisaatio liiketoiminnan kehitt\u00e4misess\u00e4: mahdollisuudet ja uhat<\/strong> (Jarl Matti Anttila, Jakamo Oy)<\/li>\n<li>Riski-Digi -selvityksen tulokset (Juha Arrasvuori)<\/li>\n<li>Riski-Digi -ty\u00f6kalujen esittely (Pertti Wathen, Sami Sopanen)<\/li>\n<li>Business Canvas Malli, riskienhallinta ja jatkuvuus (Lassi V\u00e4is\u00e4nen)<\/li>\n<li>Mit\u00e4 seuraavaksi: Kompassi-hankkeen esittely (Juha Arrasvuori)<\/li>\n<\/ul>\n<p>&nbsp;<\/p>\n","protected":false},"excerpt":{"rendered":"<p>Hankkeessa j\u00e4rjestettiin ty\u00f6pajoja pk-yrityksille. Ty\u00f6pajatilaisuudet huipentuivat marraskuussa 2021 Sein\u00e4joella Framissa j\u00e4rjestettyyn seminaariin. &nbsp; 4.11.2021 ty\u00f6paja (Sein\u00e4joki, Frami B) Alustukset: Modernilla riskienhallinnalla askeleen edell\u00e4 liiketoiminnan uhkia (Lassi V\u00e4is\u00e4nen) Palvelubusiness teollisuuden toimijan liiketoiminnan osana (Martti Korhonen) Valmistavaa teollisuutta t\u00e4ydent\u00e4v\u00e4t liiketoimintamahdollisuudet: Digitaalisimulaatio liiketoiminnan kehitt\u00e4misen mahdollistajana \u2013 case Nordic Simulators (Jorma Jokela) Digitekniikan uudet liiketoimintamahdollisuudet ja riskit (Matti Pyykk\u00f6nen) [&hellip;]<\/p>\n","protected":false},"author":29,"featured_media":0,"parent":0,"menu_order":0,"comment_status":"closed","ping_status":"closed","template":"","meta":{"_acf_changed":false,"footnotes":""},"class_list":["post-68","page","type-page","status-publish","hentry"],"acf":[],"_links":{"self":[{"href":"https:\/\/sites.uwasa.fi\/riskidigi\/wp-json\/wp\/v2\/pages\/68"}],"collection":[{"href":"https:\/\/sites.uwasa.fi\/riskidigi\/wp-json\/wp\/v2\/pages"}],"about":[{"href":"https:\/\/sites.uwasa.fi\/riskidigi\/wp-json\/wp\/v2\/types\/page"}],"author":[{"embeddable":true,"href":"https:\/\/sites.uwasa.fi\/riskidigi\/wp-json\/wp\/v2\/users\/29"}],"replies":[{"embeddable":true,"href":"https:\/\/sites.uwasa.fi\/riskidigi\/wp-json\/wp\/v2\/comments?post=68"}],"version-history":[{"count":11,"href":"https:\/\/sites.uwasa.fi\/riskidigi\/wp-json\/wp\/v2\/pages\/68\/revisions"}],"predecessor-version":[{"id":240,"href":"https:\/\/sites.uwasa.fi\/riskidigi\/wp-json\/wp\/v2\/pages\/68\/revisions\/240"}],"wp:attachment":[{"href":"https:\/\/sites.uwasa.fi\/riskidigi\/wp-json\/wp\/v2\/media?parent=68"}],"curies":[{"name":"wp","href":"https:\/\/api.w.org\/{rel}","templated":true}]}}