{"id":63,"date":"2021-11-15T12:54:48","date_gmt":"2021-11-15T10:54:48","guid":{"rendered":"https:\/\/sites.uwasa.fi\/riskidigi\/?page_id=63"},"modified":"2021-12-09T07:17:17","modified_gmt":"2021-12-09T05:17:17","slug":"toteutettua","status":"publish","type":"page","link":"https:\/\/sites.uwasa.fi\/riskidigi\/toteutettua\/","title":{"rendered":"Toteutettua"},"content":{"rendered":"<p>Hankkeen ty\u00f6pajojen esitykset, raportit sek\u00e4 kehitetyt ty\u00f6kalut.<\/p>\n","protected":false},"excerpt":{"rendered":"<p>Hankkeen ty\u00f6pajojen esitykset, raportit sek\u00e4 kehitetyt ty\u00f6kalut.<\/p>\n","protected":false},"author":29,"featured_media":0,"parent":0,"menu_order":0,"comment_status":"closed","ping_status":"closed","template":"","meta":{"_acf_changed":false,"footnotes":""},"class_list":["post-63","page","type-page","status-publish","hentry"],"acf":[],"_links":{"self":[{"href":"https:\/\/sites.uwasa.fi\/riskidigi\/wp-json\/wp\/v2\/pages\/63"}],"collection":[{"href":"https:\/\/sites.uwasa.fi\/riskidigi\/wp-json\/wp\/v2\/pages"}],"about":[{"href":"https:\/\/sites.uwasa.fi\/riskidigi\/wp-json\/wp\/v2\/types\/page"}],"author":[{"embeddable":true,"href":"https:\/\/sites.uwasa.fi\/riskidigi\/wp-json\/wp\/v2\/users\/29"}],"replies":[{"embeddable":true,"href":"https:\/\/sites.uwasa.fi\/riskidigi\/wp-json\/wp\/v2\/comments?post=63"}],"version-history":[{"count":12,"href":"https:\/\/sites.uwasa.fi\/riskidigi\/wp-json\/wp\/v2\/pages\/63\/revisions"}],"predecessor-version":[{"id":242,"href":"https:\/\/sites.uwasa.fi\/riskidigi\/wp-json\/wp\/v2\/pages\/63\/revisions\/242"}],"wp:attachment":[{"href":"https:\/\/sites.uwasa.fi\/riskidigi\/wp-json\/wp\/v2\/media?parent=63"}],"curies":[{"name":"wp","href":"https:\/\/api.w.org\/{rel}","templated":true}]}}