{"id":58,"date":"2021-11-15T12:38:15","date_gmt":"2021-11-15T10:38:15","guid":{"rendered":"https:\/\/sites.uwasa.fi\/riskidigi\/?page_id=58"},"modified":"2021-12-07T14:32:32","modified_gmt":"2021-12-07T12:32:32","slug":"tyokalut","status":"publish","type":"page","link":"https:\/\/sites.uwasa.fi\/riskidigi\/tyokalut\/","title":{"rendered":"Ratkaisutietokanta: Ty\u00f6kalut"},"content":{"rendered":"<p>Hankkeessa kehitettiin ty\u00f6kaluprototyyppej\u00e4 liiketoiminnan kehitt\u00e4miseen riskihallitulla digitalisaatiolla. N\u00e4m\u00e4 ty\u00f6kalut ovat vapaasti k\u00e4ytett\u00e4viss\u00e4.<\/p>\n<ul>\n<li>Tarkastelu perustuen\u00a0Business Model Canvasin sis\u00e4lt\u00f6\u00f6n: <a href=\"https:\/\/sites.uwasa.fi\/riskidigi\/wp-content\/blogs.dir\/4\/files\/sites\/118\/2021\/11\/BMC-tyokalu.xlsx\">BMC -ty\u00f6kalu<\/a> (Excel)<\/li>\n<li>Tarkastelu perustuen yksinkertaistettuun BMC:n rakenteeseen: <a href=\"https:\/\/sites.uwasa.fi\/riskidigi\/wp-content\/blogs.dir\/4\/files\/sites\/118\/2021\/11\/Canvas-light.xlsx\">Canvas light<\/a> (Excel)<\/li>\n<li>Tarkennettu runko kehityssuunnitelmaan ja toimenpiteisiin: <a href=\"https:\/\/sites.uwasa.fi\/riskidigi\/wp-content\/blogs.dir\/4\/files\/sites\/118\/2021\/11\/Riskien-tyostomatriisi.xls\">Riskien ty\u00f6st\u00f6matriisi<\/a> (Excel)<\/li>\n<li>5S-VM -tarkastelussa hy\u00f6dynnet\u00e4\u00e4n esit\u00e4ytetty\u00e4, vaiheistettua dokumenttipohjaa: <a href=\"https:\/\/sites.uwasa.fi\/riskidigi\/wp-content\/blogs.dir\/4\/files\/sites\/118\/2021\/11\/5-Steps-tyokalu.pptx\">5-Step Visual Model<\/a> (PowerPoint)<\/li>\n<li>Matriisi, jolla j\u00e4rjestelm\u00e4llisesti tarkastella teknologia-alueita erityyppisi\u00e4 &#8220;digiriskej\u00e4&#8221; vasten + esimerkkin\u00e4 viisi tuotettua &#8220;ratkaisukuvausta&#8221;: <a href=\"https:\/\/sites.uwasa.fi\/riskidigi\/wp-content\/blogs.dir\/4\/files\/sites\/118\/2021\/12\/DigiTurvaMatriisi.pdf\">DigiTurvaMatriisi<\/a> (PDF)<\/li>\n<\/ul>\n","protected":false},"excerpt":{"rendered":"<p>Hankkeessa kehitettiin ty\u00f6kaluprototyyppej\u00e4 liiketoiminnan kehitt\u00e4miseen riskihallitulla digitalisaatiolla. N\u00e4m\u00e4 ty\u00f6kalut ovat vapaasti k\u00e4ytett\u00e4viss\u00e4. Tarkastelu perustuen\u00a0Business Model Canvasin sis\u00e4lt\u00f6\u00f6n: BMC -ty\u00f6kalu (Excel) Tarkastelu perustuen yksinkertaistettuun BMC:n rakenteeseen: Canvas light (Excel) Tarkennettu runko kehityssuunnitelmaan ja toimenpiteisiin: Riskien ty\u00f6st\u00f6matriisi (Excel) 5S-VM -tarkastelussa hy\u00f6dynnet\u00e4\u00e4n esit\u00e4ytetty\u00e4, vaiheistettua dokumenttipohjaa: 5-Step Visual Model (PowerPoint) Matriisi, jolla j\u00e4rjestelm\u00e4llisesti tarkastella teknologia-alueita erityyppisi\u00e4 &#8220;digiriskej\u00e4&#8221; vasten + [&hellip;]<\/p>\n","protected":false},"author":29,"featured_media":0,"parent":0,"menu_order":0,"comment_status":"closed","ping_status":"closed","template":"","meta":{"_acf_changed":false,"footnotes":""},"class_list":["post-58","page","type-page","status-publish","hentry"],"acf":[],"_links":{"self":[{"href":"https:\/\/sites.uwasa.fi\/riskidigi\/wp-json\/wp\/v2\/pages\/58"}],"collection":[{"href":"https:\/\/sites.uwasa.fi\/riskidigi\/wp-json\/wp\/v2\/pages"}],"about":[{"href":"https:\/\/sites.uwasa.fi\/riskidigi\/wp-json\/wp\/v2\/types\/page"}],"author":[{"embeddable":true,"href":"https:\/\/sites.uwasa.fi\/riskidigi\/wp-json\/wp\/v2\/users\/29"}],"replies":[{"embeddable":true,"href":"https:\/\/sites.uwasa.fi\/riskidigi\/wp-json\/wp\/v2\/comments?post=58"}],"version-history":[{"count":9,"href":"https:\/\/sites.uwasa.fi\/riskidigi\/wp-json\/wp\/v2\/pages\/58\/revisions"}],"predecessor-version":[{"id":215,"href":"https:\/\/sites.uwasa.fi\/riskidigi\/wp-json\/wp\/v2\/pages\/58\/revisions\/215"}],"wp:attachment":[{"href":"https:\/\/sites.uwasa.fi\/riskidigi\/wp-json\/wp\/v2\/media?parent=58"}],"curies":[{"name":"wp","href":"https:\/\/api.w.org\/{rel}","templated":true}]}}