{"id":188,"date":"2021-11-15T16:21:01","date_gmt":"2021-11-15T14:21:01","guid":{"rendered":"https:\/\/sites.uwasa.fi\/riskidigi\/?page_id=188"},"modified":"2021-12-13T08:59:35","modified_gmt":"2021-12-13T06:59:35","slug":"raportti","status":"publish","type":"page","link":"https:\/\/sites.uwasa.fi\/riskidigi\/raportti\/","title":{"rendered":"Raportit ja oppaat"},"content":{"rendered":"<p>Raportti Etel\u00e4-Pohjanmaan pk-yritysten digitaalisen liiketoiminnan kehitt\u00e4miseen ja riskienhallintaan liittyvist\u00e4 kehitystarpeista.<\/p>\n<ul>\n<li><a href=\"https:\/\/sites.uwasa.fi\/riskidigi\/wp-content\/blogs.dir\/4\/files\/sites\/118\/2021\/12\/Riski-Digi-raportti.pdf\">Lataa raportti<\/a><\/li>\n<\/ul>\n<p>Opas yritysjohdolle: &#8220;Riskienhallintaharjoitukset yrityksen toimintojen digitalisaation ja liiketoimintakehitt\u00e4misen turvaamiseksi&#8221;<\/p>\n<ul>\n<li><a href=\"https:\/\/sites.uwasa.fi\/riskidigi\/wp-content\/blogs.dir\/4\/files\/sites\/118\/2021\/12\/Riskienhallintaharjoitusopas.pdf\">Lataa opas<\/a><\/li>\n<\/ul>\n","protected":false},"excerpt":{"rendered":"<p>Raportti Etel\u00e4-Pohjanmaan pk-yritysten digitaalisen liiketoiminnan kehitt\u00e4miseen ja riskienhallintaan liittyvist\u00e4 kehitystarpeista. Lataa raportti Opas yritysjohdolle: &#8220;Riskienhallintaharjoitukset yrityksen toimintojen digitalisaation ja liiketoimintakehitt\u00e4misen turvaamiseksi&#8221; Lataa opas<\/p>\n","protected":false},"author":29,"featured_media":0,"parent":0,"menu_order":0,"comment_status":"closed","ping_status":"closed","template":"","meta":{"_acf_changed":false,"footnotes":""},"class_list":["post-188","page","type-page","status-publish","hentry"],"acf":[],"_links":{"self":[{"href":"https:\/\/sites.uwasa.fi\/riskidigi\/wp-json\/wp\/v2\/pages\/188"}],"collection":[{"href":"https:\/\/sites.uwasa.fi\/riskidigi\/wp-json\/wp\/v2\/pages"}],"about":[{"href":"https:\/\/sites.uwasa.fi\/riskidigi\/wp-json\/wp\/v2\/types\/page"}],"author":[{"embeddable":true,"href":"https:\/\/sites.uwasa.fi\/riskidigi\/wp-json\/wp\/v2\/users\/29"}],"replies":[{"embeddable":true,"href":"https:\/\/sites.uwasa.fi\/riskidigi\/wp-json\/wp\/v2\/comments?post=188"}],"version-history":[{"count":12,"href":"https:\/\/sites.uwasa.fi\/riskidigi\/wp-json\/wp\/v2\/pages\/188\/revisions"}],"predecessor-version":[{"id":247,"href":"https:\/\/sites.uwasa.fi\/riskidigi\/wp-json\/wp\/v2\/pages\/188\/revisions\/247"}],"wp:attachment":[{"href":"https:\/\/sites.uwasa.fi\/riskidigi\/wp-json\/wp\/v2\/media?parent=188"}],"curies":[{"name":"wp","href":"https:\/\/api.w.org\/{rel}","templated":true}]}}