{"id":90,"date":"2021-02-23T15:33:31","date_gmt":"2021-02-23T13:33:31","guid":{"rendered":"https:\/\/sites.uwasa.fi\/regera\/?page_id=90"},"modified":"2021-03-17T14:03:23","modified_gmt":"2021-03-17T12:03:23","slug":"julkaisut","status":"publish","type":"page","link":"https:\/\/sites.uwasa.fi\/regera\/julkaisut\/","title":{"rendered":"Julkaisut"},"content":{"rendered":"<h2><img loading=\"lazy\" decoding=\"async\" class=\"aligncenter wp-image-114 size-full\" src=\"https:\/\/sites.uwasa.fi\/regera\/wp-content\/uploads\/sites\/35\/2021\/03\/books-1245690-1920-e1615982579645.jpg\" alt=\"\" width=\"1920\" height=\"403\" srcset=\"https:\/\/sites.uwasa.fi\/regera\/wp-content\/uploads\/sites\/35\/2021\/03\/books-1245690-1920-e1615982579645.jpg 1920w, https:\/\/sites.uwasa.fi\/regera\/wp-content\/uploads\/sites\/35\/2021\/03\/books-1245690-1920-e1615982579645-300x63.jpg 300w, https:\/\/sites.uwasa.fi\/regera\/wp-content\/uploads\/sites\/35\/2021\/03\/books-1245690-1920-e1615982579645-1024x215.jpg 1024w, https:\/\/sites.uwasa.fi\/regera\/wp-content\/uploads\/sites\/35\/2021\/03\/books-1245690-1920-e1615982579645-768x161.jpg 768w, https:\/\/sites.uwasa.fi\/regera\/wp-content\/uploads\/sites\/35\/2021\/03\/books-1245690-1920-e1615982579645-1536x322.jpg 1536w\" sizes=\"(max-width: 1920px) 100vw, 1920px\" \/><\/h2>\n<h2>Julkaisut<\/h2>\n<p>Koskela, M. (2020). Institutionaalista tekstilajia laatimassa \u2013 Valtionhallinnon henkil\u00f6st\u00f6n n\u00e4kemyksi\u00e4 vuosikertomuksen synnyst\u00e4. <a href=\"https:\/\/vakki.net\/index.php\/category\/journal\/\">VAKKI Publications 12<\/a>. Workplace Communication III.<\/p>\n<p>Liukkonen, J. (2020). Vastuullisuus omistajaohjauksen vuosikertomuksissa. <a href=\"https:\/\/osuva.uwasa.fi\/handle\/10024\/11052\">Pro gradu -tutkielma<\/a>. Vaasan yliopisto.<\/p>\n<p>Roininen, H. (2019). Kun julkinen ja yksityinen kohtaavat. Retorinen rakenne ministerin ja toimitusjohtajan katsauksissa. <a href=\"https:\/\/osuva.uwasa.fi\/handle\/10024\/9504\">Pro gradu -tutkielma<\/a>. Vaasan yliopisto.<\/p>\n<h2>Esitelm\u00e4t<\/h2>\n<p>Enell-Nilsson, M., Rahm, H. &amp; Roininen, H. (2020). Regeringar rapporterar om statligt \u00e4gda bolag \u2013 Retoriska m\u00f6nster i ministerns h\u00e4lsning i svenska och finska redovisningar. Esitelm\u00e4 XXXX-VAKKI-symposiumissa. 6.2.2020. Vaasa.<\/p>\n<p>Koskela, M. &amp; Enell-Nilsson, M. (2019). Regeringar rapporterar om statligt \u00e4gande \u2013 Projektpresentation och prelimin\u00e4ra resultat. Esitelm\u00e4. 20.11.2019. Lund.<\/p>\n","protected":false},"excerpt":{"rendered":"<p>Julkaisut Koskela, M. (2020). Institutionaalista tekstilajia laatimassa \u2013 Valtionhallinnon henkil\u00f6st\u00f6n n\u00e4kemyksi\u00e4 vuosikertomuksen synnyst\u00e4. VAKKI Publications 12. Workplace Communication III. Liukkonen, J. (2020). Vastuullisuus omistajaohjauksen vuosikertomuksissa. Pro gradu -tutkielma. Vaasan yliopisto. Roininen, H. (2019). Kun julkinen ja yksityinen kohtaavat. Retorinen rakenne ministerin ja toimitusjohtajan katsauksissa. Pro gradu -tutkielma. Vaasan yliopisto. Esitelm\u00e4t Enell-Nilsson, M., Rahm, H. &amp; [&hellip;]<\/p>\n","protected":false},"author":142,"featured_media":0,"parent":0,"menu_order":0,"comment_status":"closed","ping_status":"closed","template":"","meta":{"_acf_changed":false,"footnotes":""},"class_list":["post-90","page","type-page","status-publish","hentry"],"acf":[],"lang":"fi","translations":{"fi":90},"pll_sync_post":[],"_links":{"self":[{"href":"https:\/\/sites.uwasa.fi\/regera\/wp-json\/wp\/v2\/pages\/90"}],"collection":[{"href":"https:\/\/sites.uwasa.fi\/regera\/wp-json\/wp\/v2\/pages"}],"about":[{"href":"https:\/\/sites.uwasa.fi\/regera\/wp-json\/wp\/v2\/types\/page"}],"author":[{"embeddable":true,"href":"https:\/\/sites.uwasa.fi\/regera\/wp-json\/wp\/v2\/users\/142"}],"replies":[{"embeddable":true,"href":"https:\/\/sites.uwasa.fi\/regera\/wp-json\/wp\/v2\/comments?post=90"}],"version-history":[{"count":5,"href":"https:\/\/sites.uwasa.fi\/regera\/wp-json\/wp\/v2\/pages\/90\/revisions"}],"predecessor-version":[{"id":115,"href":"https:\/\/sites.uwasa.fi\/regera\/wp-json\/wp\/v2\/pages\/90\/revisions\/115"}],"wp:attachment":[{"href":"https:\/\/sites.uwasa.fi\/regera\/wp-json\/wp\/v2\/media?parent=90"}],"curies":[{"name":"wp","href":"https:\/\/api.w.org\/{rel}","templated":true}]}}