{"id":70,"date":"2021-02-23T14:24:20","date_gmt":"2021-02-23T12:24:20","guid":{"rendered":"https:\/\/sites.uwasa.fi\/regera\/?page_id=70"},"modified":"2021-03-17T13:36:06","modified_gmt":"2021-03-17T11:36:06","slug":"regera-valtion-omistajaohjauksen-vuosikertomukset-suomessa-ja-ruotsissa-2","status":"publish","type":"page","link":"https:\/\/sites.uwasa.fi\/regera\/","title":{"rendered":"RegeRa \u2013 Valtion omistajaohjauksen vuosikertomukset Suomessa ja Ruotsissa"},"content":{"rendered":"<figure id=\"attachment_28\" aria-describedby=\"caption-attachment-28\" style=\"width: 2048px\" class=\"wp-caption aligncenter\"><img loading=\"lazy\" decoding=\"async\" class=\"size-full wp-image-28\" src=\"https:\/\/sites.uwasa.fi\/regera\/wp-content\/uploads\/sites\/35\/2021\/02\/david-fintz-toimisto.jpg\" alt=\"\" width=\"2048\" height=\"797\" srcset=\"https:\/\/sites.uwasa.fi\/regera\/wp-content\/uploads\/sites\/35\/2021\/02\/david-fintz-toimisto.jpg 2048w, https:\/\/sites.uwasa.fi\/regera\/wp-content\/uploads\/sites\/35\/2021\/02\/david-fintz-toimisto-300x117.jpg 300w, https:\/\/sites.uwasa.fi\/regera\/wp-content\/uploads\/sites\/35\/2021\/02\/david-fintz-toimisto-1024x399.jpg 1024w, https:\/\/sites.uwasa.fi\/regera\/wp-content\/uploads\/sites\/35\/2021\/02\/david-fintz-toimisto-768x299.jpg 768w, https:\/\/sites.uwasa.fi\/regera\/wp-content\/uploads\/sites\/35\/2021\/02\/david-fintz-toimisto-1536x598.jpg 1536w, https:\/\/sites.uwasa.fi\/regera\/wp-content\/uploads\/sites\/35\/2021\/02\/david-fintz-toimisto-1440x560.jpg 1440w\" sizes=\"(max-width: 2048px) 100vw, 2048px\" \/><figcaption id=\"caption-attachment-28\" class=\"wp-caption-text\">Kuva: David Fintz (Unsplash)<\/figcaption><\/figure>\n<p>RegeRa on tutkimushanke, jossa tarkastellaan, miten valtion yhti\u00f6omistuksesta on raportoitu ja miten sit\u00e4 on perusteltu Ruotsissa ja Suomessa vuosina 2007\u20122018.<strong> T\u00e4t\u00e4 kautta projektin tavoitteena on selvitt\u00e4\u00e4, millainen kuva valtio-omistuksesta on eri vuosina v\u00e4litetty ja haluttu v\u00e4litt\u00e4\u00e4 eduskunnalle ja kansalaisille.<\/strong><\/p>\n<p>Tutkimuksen aineistona ovat itsen\u00e4iset valtion omistajaohjauksen vuosikertomukset vuodesta 2007 alkaen sek\u00e4 vuosikertomusten laatijoiden haastattelut. Hankkeessa k\u00e4ytetyt menetelm\u00e4t perustuvat genreanalyysiin ja diskurssintutkimukseen.<\/p>\n<p>Raportoinnissa tapahtuneita muutoksia tutkitaan kertomusten rakenteen, sis\u00e4ll\u00f6n ja muodon osalta ja suomalaista ja ruotsalaista raportointia verrataan toisiinsa. Lis\u00e4ksi selvitet\u00e4\u00e4n ja vertaillaan vuosikertomusten tavoitteita, laadintaprosessia ja vastuullisuuskysymysten esiintymist\u00e4 raportoinnissa. Analyysien avulla lis\u00e4t\u00e4\u00e4n ymm\u00e4rryst\u00e4 siit\u00e4, miten valtion omistajuutta on legitimoitu ja miten vuosikertomuksen laatijat kokevat raportoinnin ja raportointitapojen muutokset.<\/p>\n<p>Suomen ja Ruotsin valtiot ovat merkitt\u00e4vi\u00e4 yritysomistajia. Valtion omistamat yritykset ovat ajankohtainen ja mielenkiintoinen tutkimuskohde, koska niiden asema on s\u00e4\u00e4nn\u00f6llisesti keskustelua her\u00e4tt\u00e4v\u00e4 poliittinen kysymys. Vuosien mittaan muuttuneet markkinatilanne ja yhteiskunnalliset olosuhteet ovat muuttaneet valtion omistamisen laajuutta ja painopistett\u00e4, ja sek\u00e4 yksityist\u00e4mist\u00e4 ett\u00e4 yritysostoja on tapahtunut. My\u00f6s valtion rooli omistajana on muuttunut. Nyky\u00e4\u00e4n valtiota kuvataan aktiiviseksi omistajaksi: Suomen hallitus on my\u00f6s ilmoittanut, ett\u00e4 sen tavoitteena on tehd\u00e4 valtionomistuksesta aktiivisen yhteiskunnan uudistamisen v\u00e4line. Aktiiviseen omistajarooliin kuuluu my\u00f6s eettisten kysymysten huomioiminen.<\/p>\n<p>Hankkeen ovat rahoittaneet Vaasan Aktias\u00e4\u00e4ti\u00f6 (2018\u20122020), Svensk-\u00d6sterbottninska samfundet (2019) ja Letterstedtska f\u00f6reningen (2017).<\/p>\n","protected":false},"excerpt":{"rendered":"<p>RegeRa on tutkimushanke, jossa tarkastellaan, miten valtion yhti\u00f6omistuksesta on raportoitu ja miten sit\u00e4 on perusteltu Ruotsissa ja Suomessa vuosina 2007\u20122018. T\u00e4t\u00e4 kautta projektin tavoitteena on selvitt\u00e4\u00e4, millainen kuva valtio-omistuksesta on eri vuosina v\u00e4litetty ja haluttu v\u00e4litt\u00e4\u00e4 eduskunnalle ja kansalaisille. Tutkimuksen aineistona ovat itsen\u00e4iset valtion omistajaohjauksen vuosikertomukset vuodesta 2007 alkaen sek\u00e4 vuosikertomusten laatijoiden haastattelut. Hankkeessa k\u00e4ytetyt [&hellip;]<\/p>\n","protected":false},"author":142,"featured_media":0,"parent":0,"menu_order":0,"comment_status":"closed","ping_status":"open","template":"","meta":{"_acf_changed":false,"footnotes":""},"class_list":["post-70","page","type-page","status-publish","hentry"],"acf":[],"lang":"fi","translations":{"fi":70,"sv":2,"en":73},"pll_sync_post":[],"_links":{"self":[{"href":"https:\/\/sites.uwasa.fi\/regera\/wp-json\/wp\/v2\/pages\/70"}],"collection":[{"href":"https:\/\/sites.uwasa.fi\/regera\/wp-json\/wp\/v2\/pages"}],"about":[{"href":"https:\/\/sites.uwasa.fi\/regera\/wp-json\/wp\/v2\/types\/page"}],"author":[{"embeddable":true,"href":"https:\/\/sites.uwasa.fi\/regera\/wp-json\/wp\/v2\/users\/142"}],"replies":[{"embeddable":true,"href":"https:\/\/sites.uwasa.fi\/regera\/wp-json\/wp\/v2\/comments?post=70"}],"version-history":[{"count":6,"href":"https:\/\/sites.uwasa.fi\/regera\/wp-json\/wp\/v2\/pages\/70\/revisions"}],"predecessor-version":[{"id":111,"href":"https:\/\/sites.uwasa.fi\/regera\/wp-json\/wp\/v2\/pages\/70\/revisions\/111"}],"wp:attachment":[{"href":"https:\/\/sites.uwasa.fi\/regera\/wp-json\/wp\/v2\/media?parent=70"}],"curies":[{"name":"wp","href":"https:\/\/api.w.org\/{rel}","templated":true}]}}