{"id":2,"date":"2019-06-06T13:16:34","date_gmt":"2019-06-06T10:16:34","guid":{"rendered":"https:\/\/sites.uwasa.fi\/regera\/?page_id=2"},"modified":"2021-04-26T15:53:46","modified_gmt":"2021-04-26T12:53:46","slug":"regera-regeringar-rapporterar-om-statligt-agda-bolag","status":"publish","type":"page","link":"https:\/\/sites.uwasa.fi\/regera\/sv\/","title":{"rendered":"RegeRa \u2013 Regeringar Rapporterar om statligt \u00e4gda bolag"},"content":{"rendered":"<figure id=\"attachment_28\" aria-describedby=\"caption-attachment-28\" style=\"width: 2048px\" class=\"wp-caption aligncenter\"><img loading=\"lazy\" decoding=\"async\" class=\"wp-image-28 size-full\" src=\"https:\/\/sites.uwasa.fi\/regera\/wp-content\/uploads\/sites\/35\/2021\/02\/david-fintz-toimisto.jpg\" alt=\"\" width=\"2048\" height=\"797\" srcset=\"https:\/\/sites.uwasa.fi\/regera\/wp-content\/uploads\/sites\/35\/2021\/02\/david-fintz-toimisto.jpg 2048w, https:\/\/sites.uwasa.fi\/regera\/wp-content\/uploads\/sites\/35\/2021\/02\/david-fintz-toimisto-300x117.jpg 300w, https:\/\/sites.uwasa.fi\/regera\/wp-content\/uploads\/sites\/35\/2021\/02\/david-fintz-toimisto-1024x399.jpg 1024w, https:\/\/sites.uwasa.fi\/regera\/wp-content\/uploads\/sites\/35\/2021\/02\/david-fintz-toimisto-768x299.jpg 768w, https:\/\/sites.uwasa.fi\/regera\/wp-content\/uploads\/sites\/35\/2021\/02\/david-fintz-toimisto-1536x598.jpg 1536w, https:\/\/sites.uwasa.fi\/regera\/wp-content\/uploads\/sites\/35\/2021\/02\/david-fintz-toimisto-1440x560.jpg 1440w\" sizes=\"(max-width: 2048px) 100vw, 2048px\" \/><figcaption id=\"caption-attachment-28\" class=\"wp-caption-text\">Kuva: David Fintz (Unsplash)<\/figcaption><\/figure>\n<p>Projektet RegeRa \u00e4r ett j\u00e4mf\u00f6rande projekt p\u00e5b\u00f6rjat 2018 som g\u00e4ller stats\u00e4gda f\u00f6retagens \u00e5rsredovisningar i Finland och Sverige. <strong>Syftet med projektet \u00e4r att analysera och j\u00e4mf\u00f6ra hur regeringen redovisar f\u00f6r och legitimerar statligt \u00e4gande av olika slag i Finland respektive Sverige i sina \u00e5rliga ber\u00e4ttelser under \u00e5ren 2007-2018.<\/strong><\/p>\n<p>Stats\u00e4gda bolag \u00e4r aktuella och intressanta forskningsobjekt, eftersom deras status \u00e4r en politisk fr\u00e5ga som diskuteras med j\u00e4mna mellanrum. Under \u00e5ren har f\u00f6r\u00e4ndrade marknads- och samh\u00e4llsvillkor f\u00f6r\u00e4ndrat omfattningen och inriktningen p\u00e5 det statliga \u00e4gandet, och s\u00e5 v\u00e4l privatisering som bolagiseringar har skett. \u00c4ven statens roll som f\u00f6rvaltare har f\u00f6r\u00e4ndrats. Idag beskrivs staten som en aktiv \u00e4gare: den finl\u00e4ndska regeringen har \u00e4ven uppgett som sitt m\u00e5l att g\u00f6ra det statliga \u00e4gandet till ett verktyg f\u00f6r aktiv samh\u00e4llsf\u00f6rnyelse. Till en aktiv \u00e4garroll h\u00f6r ocks\u00e5 medvetenheten om etiska fr\u00e5gor.<\/p>\n<p>Projektet har finansierats av Vasa Aktia-stiftelse 2018-2020, Svensk-\u00d6sterbottninska samfundet 2019 och Letterstedtska f\u00f6reningen 2017.<\/p>\n<p>&nbsp;<\/p>\n","protected":false},"excerpt":{"rendered":"<p>Projektet RegeRa \u00e4r ett j\u00e4mf\u00f6rande projekt p\u00e5b\u00f6rjat 2018 som g\u00e4ller stats\u00e4gda f\u00f6retagens \u00e5rsredovisningar i Finland och Sverige. Syftet med projektet \u00e4r att analysera och j\u00e4mf\u00f6ra hur regeringen redovisar f\u00f6r och legitimerar statligt \u00e4gande av olika slag i Finland respektive Sverige i sina \u00e5rliga ber\u00e4ttelser under \u00e5ren 2007-2018. Stats\u00e4gda bolag \u00e4r aktuella och intressanta forskningsobjekt, eftersom [&hellip;]<\/p>\n","protected":false},"author":34,"featured_media":0,"parent":0,"menu_order":0,"comment_status":"closed","ping_status":"open","template":"","meta":{"_acf_changed":false,"footnotes":""},"class_list":["post-2","page","type-page","status-publish","hentry"],"acf":[],"lang":"sv","translations":{"sv":2,"fi":70,"en":73},"pll_sync_post":[],"_links":{"self":[{"href":"https:\/\/sites.uwasa.fi\/regera\/wp-json\/wp\/v2\/pages\/2"}],"collection":[{"href":"https:\/\/sites.uwasa.fi\/regera\/wp-json\/wp\/v2\/pages"}],"about":[{"href":"https:\/\/sites.uwasa.fi\/regera\/wp-json\/wp\/v2\/types\/page"}],"author":[{"embeddable":true,"href":"https:\/\/sites.uwasa.fi\/regera\/wp-json\/wp\/v2\/users\/34"}],"replies":[{"embeddable":true,"href":"https:\/\/sites.uwasa.fi\/regera\/wp-json\/wp\/v2\/comments?post=2"}],"version-history":[{"count":14,"href":"https:\/\/sites.uwasa.fi\/regera\/wp-json\/wp\/v2\/pages\/2\/revisions"}],"predecessor-version":[{"id":112,"href":"https:\/\/sites.uwasa.fi\/regera\/wp-json\/wp\/v2\/pages\/2\/revisions\/112"}],"wp:attachment":[{"href":"https:\/\/sites.uwasa.fi\/regera\/wp-json\/wp\/v2\/media?parent=2"}],"curies":[{"name":"wp","href":"https:\/\/api.w.org\/{rel}","templated":true}]}}