{"id":116,"date":"2021-03-17T14:27:02","date_gmt":"2021-03-17T12:27:02","guid":{"rendered":"https:\/\/sites.uwasa.fi\/regera\/?page_id=116"},"modified":"2021-03-17T14:27:02","modified_gmt":"2021-03-17T12:27:02","slug":"publikationer","status":"publish","type":"page","link":"https:\/\/sites.uwasa.fi\/regera\/sv\/publikationer\/","title":{"rendered":"Publikationer"},"content":{"rendered":"<h2><img loading=\"lazy\" decoding=\"async\" class=\"aligncenter wp-image-117 size-full\" src=\"https:\/\/sites.uwasa.fi\/regera\/wp-content\/uploads\/sites\/35\/2021\/03\/books-1245690-1920-1-e1615983987380.jpg\" alt=\"\" width=\"1920\" height=\"412\" srcset=\"https:\/\/sites.uwasa.fi\/regera\/wp-content\/uploads\/sites\/35\/2021\/03\/books-1245690-1920-1-e1615983987380.jpg 1920w, https:\/\/sites.uwasa.fi\/regera\/wp-content\/uploads\/sites\/35\/2021\/03\/books-1245690-1920-1-e1615983987380-300x64.jpg 300w, https:\/\/sites.uwasa.fi\/regera\/wp-content\/uploads\/sites\/35\/2021\/03\/books-1245690-1920-1-e1615983987380-1024x220.jpg 1024w, https:\/\/sites.uwasa.fi\/regera\/wp-content\/uploads\/sites\/35\/2021\/03\/books-1245690-1920-1-e1615983987380-768x165.jpg 768w, https:\/\/sites.uwasa.fi\/regera\/wp-content\/uploads\/sites\/35\/2021\/03\/books-1245690-1920-1-e1615983987380-1536x330.jpg 1536w\" sizes=\"(max-width: 1920px) 100vw, 1920px\" \/><\/h2>\n<h2>Publikationer<\/h2>\n<p>Koskela, M. (2020). Institutionaalista tekstilajia laatimassa \u2013 Valtionhallinnon henkil\u00f6st\u00f6n n\u00e4kemyksi\u00e4 vuosikertomuksen synnyst\u00e4. <a href=\"https:\/\/vakki.net\/index.php\/category\/journal\/\" target=\"_blank\" rel=\"noopener\">VAKKI Publications 12<\/a>. Workplace Communication III.<\/p>\n<p>Liukkonen, J. (2020). Vastuullisuus omistajaohjauksen vuosikertomuksissa. <a href=\"https:\/\/osuva.uwasa.fi\/handle\/10024\/11052\" target=\"_blank\" rel=\"noopener\">Pro gradu-avhandling.<\/a> Vasa universitet.<\/p>\n<p>Roininen, H. (2019). Kun julkinen ja yksityinen kohtaavat. Retorinen rakenne ministerin ja toimitusjohtajan katsauksissa. <a href=\"https:\/\/osuva.uwasa.fi\/handle\/10024\/9504\" target=\"_blank\" rel=\"noopener\">Pro gradu-avhandling<\/a>. Vasa universitet.<\/p>\n<h2>Presentationer<\/h2>\n<p>Enell-Nilsson, M., Rahm, H. &amp; Roininen, H. (2020). Regeringar rapporterar om statligt \u00e4gda bolag \u2013 Retoriska m\u00f6nster i ministerns h\u00e4lsning i svenska och finska redovisningar. Presentation p\u00e5 XXXX-VAKKI-symposium. 6.2.2020. Vaasa.<\/p>\n<p>Koskela, M. &amp; Enell-Nilsson, M. (2019). Regeringar rapporterar om statligt \u00e4gande \u2013 Projektpresentation och prelimin\u00e4ra resultat. Presentation. 20.11.2019. Lund.<\/p>\n","protected":false},"excerpt":{"rendered":"<p>Publikationer Koskela, M. (2020). Institutionaalista tekstilajia laatimassa \u2013 Valtionhallinnon henkil\u00f6st\u00f6n n\u00e4kemyksi\u00e4 vuosikertomuksen synnyst\u00e4. VAKKI Publications 12. Workplace Communication III. Liukkonen, J. (2020). Vastuullisuus omistajaohjauksen vuosikertomuksissa. Pro gradu-avhandling. Vasa universitet. Roininen, H. (2019). Kun julkinen ja yksityinen kohtaavat. Retorinen rakenne ministerin ja toimitusjohtajan katsauksissa. Pro gradu-avhandling. Vasa universitet. Presentationer Enell-Nilsson, M., Rahm, H. &amp; Roininen, H. [&hellip;]<\/p>\n","protected":false},"author":142,"featured_media":0,"parent":0,"menu_order":0,"comment_status":"closed","ping_status":"closed","template":"","meta":{"_acf_changed":false,"footnotes":""},"class_list":["post-116","page","type-page","status-publish","hentry"],"acf":[],"lang":"sv","translations":{"sv":116},"pll_sync_post":[],"_links":{"self":[{"href":"https:\/\/sites.uwasa.fi\/regera\/wp-json\/wp\/v2\/pages\/116"}],"collection":[{"href":"https:\/\/sites.uwasa.fi\/regera\/wp-json\/wp\/v2\/pages"}],"about":[{"href":"https:\/\/sites.uwasa.fi\/regera\/wp-json\/wp\/v2\/types\/page"}],"author":[{"embeddable":true,"href":"https:\/\/sites.uwasa.fi\/regera\/wp-json\/wp\/v2\/users\/142"}],"replies":[{"embeddable":true,"href":"https:\/\/sites.uwasa.fi\/regera\/wp-json\/wp\/v2\/comments?post=116"}],"version-history":[{"count":1,"href":"https:\/\/sites.uwasa.fi\/regera\/wp-json\/wp\/v2\/pages\/116\/revisions"}],"predecessor-version":[{"id":118,"href":"https:\/\/sites.uwasa.fi\/regera\/wp-json\/wp\/v2\/pages\/116\/revisions\/118"}],"wp:attachment":[{"href":"https:\/\/sites.uwasa.fi\/regera\/wp-json\/wp\/v2\/media?parent=116"}],"curies":[{"name":"wp","href":"https:\/\/api.w.org\/{rel}","templated":true}]}}