{"id":33,"date":"2023-09-14T12:25:56","date_gmt":"2023-09-14T09:25:56","guid":{"rendered":"https:\/\/sites.uwasa.fi\/peril\/?page_id=33"},"modified":"2023-12-29T12:08:21","modified_gmt":"2023-12-29T10:08:21","slug":"yhteystiedot","status":"publish","type":"page","link":"https:\/\/sites.uwasa.fi\/peril\/yhteystiedot\/","title":{"rendered":"Yhteystiedot"},"content":{"rendered":"<p>Voit k\u00e4ytt\u00e4\u00e4 joko\u00a0<a href=\"https:\/\/link.webropolsurveys.com\/S\/E7193CD6CE415A3B\" target=\"_blank\" rel=\"noopener\">yhteydenottolomaketta<\/a>\u00a0tai ottaa yhteytt\u00e4 suoraan hankehenkil\u00f6st\u00f6\u00f6n.<\/p>\n<h3>Juha Arrasvuori (hankkeen vastuullinen johtaja)<\/h3>\n<p><span class=\"views-field views-field-title\"><span class=\"field-content\"><a href=\"https:\/\/www.uwasa.fi\/fi\/henkilo\/1311364\">Juha Arrasvuori<\/a><br \/>\n<\/span><\/span>Yliopistotutkija<br \/>\nVaasan yliopisto, Tekniikan ja innovaatiojohtamisen yksikk\u00f6, SC-Research<br \/>\netunimi.sukunimi(at)uwasa.fi<\/p>\n<h3>Mikael M\u00e4enp\u00e4\u00e4<\/h3>\n<p><span class=\"views-field views-field-title\"><span class=\"field-content\"><a href=\"https:\/\/www.uwasa.fi\/fi\/henkilo\/2063123\">Mikael M\u00e4enp\u00e4\u00e4<\/a><br \/>\n<\/span><\/span>Projektitutkija<br \/>\nVaasan yliopisto, Tekniikan ja innovaatiojohtamisen yksikk\u00f6, SC-Research<br \/>\n<span class=\"field-content\">etunimi.sukunimi(at)uwasa.fi<\/span><\/p>\n<h3>Pirjo Yli-Viitala<\/h3>\n<p><a href=\"https:\/\/www.uwasa.fi\/fi\/henkilo\/1041738\"><span class=\"views-field views-field-title\"><span class=\"field-content\">Pirjo Yli-Viitala<br \/>\n<\/span><\/span><\/a>Projektitutkija<br \/>\nVaasan yliopisto, Tekniikan ja innovaatiojohtamisen yksikk\u00f6, SC-Research<br \/>\n<span class=\"field-content\">etunimi.sukunimi(at)uwasa.fi<\/span><\/p>\n","protected":false},"excerpt":{"rendered":"<p>Voit k\u00e4ytt\u00e4\u00e4 joko\u00a0yhteydenottolomaketta\u00a0tai ottaa yhteytt\u00e4 suoraan hankehenkil\u00f6st\u00f6\u00f6n. Juha Arrasvuori (hankkeen vastuullinen johtaja) Juha Arrasvuori Yliopistotutkija Vaasan yliopisto, Tekniikan ja innovaatiojohtamisen yksikk\u00f6, SC-Research etunimi.sukunimi(at)uwasa.fi Mikael M\u00e4enp\u00e4\u00e4 Mikael M\u00e4enp\u00e4\u00e4 Projektitutkija Vaasan yliopisto, Tekniikan ja innovaatiojohtamisen yksikk\u00f6, SC-Research etunimi.sukunimi(at)uwasa.fi Pirjo Yli-Viitala Pirjo Yli-Viitala Projektitutkija Vaasan yliopisto, Tekniikan ja innovaatiojohtamisen yksikk\u00f6, SC-Research etunimi.sukunimi(at)uwasa.fi<\/p>\n","protected":false},"author":29,"featured_media":0,"parent":0,"menu_order":0,"comment_status":"closed","ping_status":"closed","template":"","meta":{"_acf_changed":false,"footnotes":""},"class_list":["post-33","page","type-page","status-publish","hentry"],"acf":[],"_links":{"self":[{"href":"https:\/\/sites.uwasa.fi\/peril\/wp-json\/wp\/v2\/pages\/33"}],"collection":[{"href":"https:\/\/sites.uwasa.fi\/peril\/wp-json\/wp\/v2\/pages"}],"about":[{"href":"https:\/\/sites.uwasa.fi\/peril\/wp-json\/wp\/v2\/types\/page"}],"author":[{"embeddable":true,"href":"https:\/\/sites.uwasa.fi\/peril\/wp-json\/wp\/v2\/users\/29"}],"replies":[{"embeddable":true,"href":"https:\/\/sites.uwasa.fi\/peril\/wp-json\/wp\/v2\/comments?post=33"}],"version-history":[{"count":3,"href":"https:\/\/sites.uwasa.fi\/peril\/wp-json\/wp\/v2\/pages\/33\/revisions"}],"predecessor-version":[{"id":301,"href":"https:\/\/sites.uwasa.fi\/peril\/wp-json\/wp\/v2\/pages\/33\/revisions\/301"}],"wp:attachment":[{"href":"https:\/\/sites.uwasa.fi\/peril\/wp-json\/wp\/v2\/media?parent=33"}],"curies":[{"name":"wp","href":"https:\/\/api.w.org\/{rel}","templated":true}]}}