{"id":30,"date":"2023-09-14T12:16:01","date_gmt":"2023-09-14T09:16:01","guid":{"rendered":"https:\/\/sites.uwasa.fi\/peril\/?page_id=30"},"modified":"2025-06-02T11:32:51","modified_gmt":"2025-06-02T08:32:51","slug":"toteutustulokset","status":"publish","type":"page","link":"https:\/\/sites.uwasa.fi\/peril\/toteutustulokset\/","title":{"rendered":"Toteutus ja tuloksia"},"content":{"rendered":"<p>PERIL-hankkeen viitekehykseksi on valittu YK:n IPCC-ilmastopaneelin (Intergovernmental Panel on Climate Change) esitt\u00e4m\u00e4 malli, jonka mukaan ilmastonmuutoksen riskit &#8211; eli <em>ilmastoriskit<\/em> &#8211; ovat funktio:<\/p>\n<p>(1) ilmastonmuutoksen aiheuttamista fyysisist\u00e4 vaaratekij\u00f6ist\u00e4; n\u00e4it\u00e4 ovat mm. s\u00e4\u00e4h\u00e4iri\u00f6ist\u00e4 aiheuttuvat vahingot<br \/>\n(2) ihmisten ja kohteiden altistumisesta vaaratekij\u00f6ille;<br \/>\n(3) ihmisten ja kohteiden haavoittuvuudesta.<\/p>\n<p>Hankkeen ty\u00f6paketit ja tuotokset ovat seuraavat:<\/p>\n<p><strong>TP1: Ilmastonmuutoksen riskitiedon kokoaminen<\/strong><\/p>\n<ul>\n<li><a href=\"https:\/\/sites.uwasa.fi\/peril\/esimerkkisivu\/toteutustulokset\/esiselvitys\/\">Tuotos 1.1: Esiselvitys-raportti ilmastoriskidatan sy\u00f6tteist\u00e4 teko\u00e4lyn malleihin ja teknologiademonstraatioiden toteutuksesta<\/a><\/li>\n<\/ul>\n<p><strong>TP2: Teknologiademonstraatioiden toteuttaminen<\/strong><\/p>\n<ul>\n<li><strong>Tuotos 2.1: Riskitietoa ker\u00e4\u00e4v\u00e4 chatbot -demo<\/strong>\n<ul>\n<li>Demon toteutus: tekstiviesti-chatbot sek\u00e4 rinnakkainen verkkokyselylomake. Tiedon ker\u00e4\u00e4misen t\u00e4sm\u00e4llisen\u00e4 aiheena oli \u00e4\u00e4rimm\u00e4isten s\u00e4\u00e4ilmi\u00f6iden aiheuttamat uhkat Etel\u00e4-Pohjanmaalla.<\/li>\n<li>Tiedon ker\u00e4\u00e4minen tekstiviesti-chatbotilla toteutettiin toukokuussa 2024. Kutsu osallistua l\u00e4hetettiin noin 450 yrityksen edustajalle Etel\u00e4-Pohjanmaalla. Tiedon ker\u00e4\u00e4minen tekstiviesti-chatbotilla oli kohdennettu kampanjaluonteinen toimenpide ja chatbot suljettiin 31.5.2024.<\/li>\n<li>Rinnakkainen tiedon ker\u00e4\u00e4minen verkkolomakkeella aloitettiin toukokuussa 2024. Verkkolomake tukee <a href=\"https:\/\/www.uwasa.fi\/fi\/uutishuone\/uutiset\/tekoalya-hyodynnetaan-ilmastonmuutoksen-haasteissa-etela-pohjanmaalla-vastaa\">julkaistua lehdist\u00f6tiedotetta<\/a> ja demon markkinointia Facebookissa.<\/li>\n<\/ul>\n<\/li>\n<li><strong>Tuotos 2.2: <a href=\"https:\/\/ilmastoriski.fi\">Ilmastoriski-portaali<\/a> -demo.<\/strong> Julkaistiin 13.9.2024.<\/li>\n<li><strong>Tuotos 2.3: <a href=\"https:\/\/ilmastoriski.fi\">Riskienhallintaa sparraava AI-chatbot<\/a> -demo<\/strong>\u00a0eli &#8221;Arvo-botti&#8221; osana ilmastoriski.fi portaalia<strong>.<\/strong> Julkaistiin 13.9.2024.<\/li>\n<\/ul>\n<p><strong>TP3: Teknologiademonstraatioiden ohjattu pilotointi<\/strong><\/p>\n<ul>\n<li>Tuotos 3.1: K\u00e4yt\u00e4nn\u00f6nl\u00e4heinen opas teko\u00e4lyn ja muiden digitaalisten v\u00e4lineiden hy\u00f6dynt\u00e4miseen ilmastonmuutoksen riskien hallintaan: <a href=\"https:\/\/sites.uwasa.fi\/peril\/wp-content\/blogs.dir\/4\/files\/sites\/184\/2025\/06\/PERIL_tiekartta_ja_opas_2025_final.pdf\" target=\"_blank\" rel=\"noopener\">PERIL tiekartta ja opas (pdf)<\/a><\/li>\n<\/ul>\n<p><strong>TP4: Tiekarttaty\u00f6<\/strong><\/p>\n<ul>\n<li>Tuotos 4.1: Tiekartta-raportti: <a href=\"https:\/\/sites.uwasa.fi\/peril\/wp-content\/blogs.dir\/4\/files\/sites\/184\/2025\/06\/PERIL_tiekartta_ja_opas_2025_final.pdf\" target=\"_blank\" rel=\"noopener\">PERIL tiekartta ja opas (pdf)<\/a><\/li>\n<li>Tuotos 4.2: Seminaari-ty\u00f6paja -tilaisuus tiekartan ty\u00f6st\u00e4miseen ja hankkeen tulosten jalkauttamiseen. <a href=\"https:\/\/sites.uwasa.fi\/peril\/2025\/02\/26\/peril_seminaari\/\">Toteutettiin 25.3.2025<\/a>.<\/li>\n<\/ul>\n","protected":false},"excerpt":{"rendered":"<p>PERIL-hankkeen viitekehykseksi on valittu YK:n IPCC-ilmastopaneelin (Intergovernmental Panel on Climate Change) esitt\u00e4m\u00e4 malli, jonka mukaan ilmastonmuutoksen riskit &#8211; eli ilmastoriskit &#8211; ovat funktio: (1) ilmastonmuutoksen aiheuttamista fyysisist\u00e4 vaaratekij\u00f6ist\u00e4; n\u00e4it\u00e4 ovat mm. s\u00e4\u00e4h\u00e4iri\u00f6ist\u00e4 aiheuttuvat vahingot (2) ihmisten ja kohteiden altistumisesta vaaratekij\u00f6ille; (3) ihmisten ja kohteiden haavoittuvuudesta. Hankkeen ty\u00f6paketit ja tuotokset ovat seuraavat: TP1: Ilmastonmuutoksen riskitiedon kokoaminen [&hellip;]<\/p>\n","protected":false},"author":29,"featured_media":0,"parent":0,"menu_order":0,"comment_status":"closed","ping_status":"closed","template":"","meta":{"_acf_changed":false,"footnotes":""},"class_list":["post-30","page","type-page","status-publish","hentry"],"acf":[],"_links":{"self":[{"href":"https:\/\/sites.uwasa.fi\/peril\/wp-json\/wp\/v2\/pages\/30"}],"collection":[{"href":"https:\/\/sites.uwasa.fi\/peril\/wp-json\/wp\/v2\/pages"}],"about":[{"href":"https:\/\/sites.uwasa.fi\/peril\/wp-json\/wp\/v2\/types\/page"}],"author":[{"embeddable":true,"href":"https:\/\/sites.uwasa.fi\/peril\/wp-json\/wp\/v2\/users\/29"}],"replies":[{"embeddable":true,"href":"https:\/\/sites.uwasa.fi\/peril\/wp-json\/wp\/v2\/comments?post=30"}],"version-history":[{"count":24,"href":"https:\/\/sites.uwasa.fi\/peril\/wp-json\/wp\/v2\/pages\/30\/revisions"}],"predecessor-version":[{"id":977,"href":"https:\/\/sites.uwasa.fi\/peril\/wp-json\/wp\/v2\/pages\/30\/revisions\/977"}],"wp:attachment":[{"href":"https:\/\/sites.uwasa.fi\/peril\/wp-json\/wp\/v2\/media?parent=30"}],"curies":[{"name":"wp","href":"https:\/\/api.w.org\/{rel}","templated":true}]}}