{"id":21,"date":"2023-09-14T12:09:48","date_gmt":"2023-09-14T09:09:48","guid":{"rendered":"https:\/\/sites.uwasa.fi\/peril\/?page_id=21"},"modified":"2025-06-02T11:31:26","modified_gmt":"2025-06-02T08:31:26","slug":"hanke","status":"publish","type":"page","link":"https:\/\/sites.uwasa.fi\/peril\/hanke\/","title":{"rendered":"PERIL &#8211; Teknologiademonstraatioita ilmastonmuutoksen riskien hallintaan"},"content":{"rendered":"<p style=\"text-align: left\">Ilmastonmuutoksen riskit voivat toteutuessaan vaikuttaa merkitt\u00e4v\u00e4\u00e4n osaan Etel\u00e4-Pohjanmaan elinkeinoel\u00e4m\u00e4n toimijoista. N\u00e4m\u00e4 toimijat tarvitsevat uudenlaisia v\u00e4lineit\u00e4 ilmastonmuutoksen riskien hallitsemiseen. Uudet digitaaliset teknologiat, erityisesti teko\u00e4ly, avaavat uusia mahdollisuuksia riskienhallinnan kehitt\u00e4miseksi. Maakunnassa tarvitaan kokeiluja ja kokemuksia uusien digitaalisten ratkaisujen k\u00e4yt\u00f6st\u00e4, joilla ilmastonmuutoksen riskej\u00e4 k\u00e4sitell\u00e4\u00e4n systemaattisesti.<\/p>\n<p style=\"text-align: left\">PERIL-hankkeessa kehitettiin teknologiademonstraatioita, joilla maakunnassa pilotoitiin mm. teko\u00e4ly\u00e4 hy\u00f6dynt\u00e4vi\u00e4 uusia ratkaisuja ilmastonmuutoksen riskien tunnistamiseen sek\u00e4 hallitsemiseen.<\/p>\n<p style=\"text-align: left\">Rahoitus: Euroopan aluekehitysrahasto (EAKR), Etel\u00e4-Pohjanmaan liitto<br \/>\nToteutusaika: <strong>1.6.2023 &#8211; 31.5.2025<\/strong><br \/>\nHankekoodi: A80042<\/p>\n<p><a href=\"https:\/\/sites.uwasa.fi\/peril\/wp-content\/blogs.dir\/4\/files\/sites\/184\/2023\/06\/peril-hankejuliste-www.png\">Lataa PERIL-hankejuliste<\/a><\/p>\n<p><a href=\"https:\/\/sites.uwasa.fi\/peril\/wp-content\/blogs.dir\/4\/files\/sites\/184\/2023\/06\/fi-co-fundedbytheeu-rgb-pos.png\"><img loading=\"lazy\" decoding=\"async\" class=\"aligncenter wp-image-12\" src=\"https:\/\/sites.uwasa.fi\/peril\/wp-content\/blogs.dir\/4\/files\/sites\/184\/2023\/06\/fi-co-fundedbytheeu-rgb-pos.png\" alt=\"\" width=\"509\" height=\"121\" srcset=\"https:\/\/sites.uwasa.fi\/peril\/wp-content\/blogs.dir\/4\/files\/sites\/184\/2023\/06\/fi-co-fundedbytheeu-rgb-pos.png 2048w, https:\/\/sites.uwasa.fi\/peril\/wp-content\/blogs.dir\/4\/files\/sites\/184\/2023\/06\/fi-co-fundedbytheeu-rgb-pos-300x71.png 300w, https:\/\/sites.uwasa.fi\/peril\/wp-content\/blogs.dir\/4\/files\/sites\/184\/2023\/06\/fi-co-fundedbytheeu-rgb-pos-1024x244.png 1024w, https:\/\/sites.uwasa.fi\/peril\/wp-content\/blogs.dir\/4\/files\/sites\/184\/2023\/06\/fi-co-fundedbytheeu-rgb-pos-768x183.png 768w, https:\/\/sites.uwasa.fi\/peril\/wp-content\/blogs.dir\/4\/files\/sites\/184\/2023\/06\/fi-co-fundedbytheeu-rgb-pos-1536x365.png 1536w\" sizes=\"(max-width: 509px) 100vw, 509px\" \/><\/a><\/p>\n<p>&nbsp;<\/p>\n<p><a href=\"https:\/\/sites.uwasa.fi\/peril\/wp-content\/blogs.dir\/4\/files\/sites\/184\/2025\/02\/peril-hankejuliste-a3-print-ver3-web.png\"><img loading=\"lazy\" decoding=\"async\" class=\"aligncenter wp-image-872 size-full\" src=\"https:\/\/sites.uwasa.fi\/peril\/wp-content\/blogs.dir\/4\/files\/sites\/184\/2025\/02\/peril-hankejuliste-a3-print-ver3-web.png\" alt=\"Peril-hankkeen posterin kuvitus j\u00e4\u00e4vuoresta, jonka suurin osa on n\u00e4kyviss\u00e4 veden pinnan alla.\" width=\"842\" height=\"1191\" srcset=\"https:\/\/sites.uwasa.fi\/peril\/wp-content\/blogs.dir\/4\/files\/sites\/184\/2025\/02\/peril-hankejuliste-a3-print-ver3-web.png 842w, https:\/\/sites.uwasa.fi\/peril\/wp-content\/blogs.dir\/4\/files\/sites\/184\/2025\/02\/peril-hankejuliste-a3-print-ver3-web-212x300.png 212w, https:\/\/sites.uwasa.fi\/peril\/wp-content\/blogs.dir\/4\/files\/sites\/184\/2025\/02\/peril-hankejuliste-a3-print-ver3-web-724x1024.png 724w, https:\/\/sites.uwasa.fi\/peril\/wp-content\/blogs.dir\/4\/files\/sites\/184\/2025\/02\/peril-hankejuliste-a3-print-ver3-web-768x1086.png 768w\" sizes=\"(max-width: 842px) 100vw, 842px\" \/><\/a><\/p>\n","protected":false},"excerpt":{"rendered":"<p>Ilmastonmuutoksen riskit voivat toteutuessaan vaikuttaa merkitt\u00e4v\u00e4\u00e4n osaan Etel\u00e4-Pohjanmaan elinkeinoel\u00e4m\u00e4n toimijoista. N\u00e4m\u00e4 toimijat tarvitsevat uudenlaisia v\u00e4lineit\u00e4 ilmastonmuutoksen riskien hallitsemiseen. Uudet digitaaliset teknologiat, erityisesti teko\u00e4ly, avaavat uusia mahdollisuuksia riskienhallinnan kehitt\u00e4miseksi. Maakunnassa tarvitaan kokeiluja ja kokemuksia uusien digitaalisten ratkaisujen k\u00e4yt\u00f6st\u00e4, joilla ilmastonmuutoksen riskej\u00e4 k\u00e4sitell\u00e4\u00e4n systemaattisesti. PERIL-hankkeessa kehitettiin teknologiademonstraatioita, joilla maakunnassa pilotoitiin mm. teko\u00e4ly\u00e4 hy\u00f6dynt\u00e4vi\u00e4 uusia ratkaisuja ilmastonmuutoksen riskien [&hellip;]<\/p>\n","protected":false},"author":29,"featured_media":0,"parent":0,"menu_order":0,"comment_status":"closed","ping_status":"closed","template":"","meta":{"_acf_changed":false,"footnotes":""},"class_list":["post-21","page","type-page","status-publish","hentry"],"acf":[],"_links":{"self":[{"href":"https:\/\/sites.uwasa.fi\/peril\/wp-json\/wp\/v2\/pages\/21"}],"collection":[{"href":"https:\/\/sites.uwasa.fi\/peril\/wp-json\/wp\/v2\/pages"}],"about":[{"href":"https:\/\/sites.uwasa.fi\/peril\/wp-json\/wp\/v2\/types\/page"}],"author":[{"embeddable":true,"href":"https:\/\/sites.uwasa.fi\/peril\/wp-json\/wp\/v2\/users\/29"}],"replies":[{"embeddable":true,"href":"https:\/\/sites.uwasa.fi\/peril\/wp-json\/wp\/v2\/comments?post=21"}],"version-history":[{"count":13,"href":"https:\/\/sites.uwasa.fi\/peril\/wp-json\/wp\/v2\/pages\/21\/revisions"}],"predecessor-version":[{"id":975,"href":"https:\/\/sites.uwasa.fi\/peril\/wp-json\/wp\/v2\/pages\/21\/revisions\/975"}],"wp:attachment":[{"href":"https:\/\/sites.uwasa.fi\/peril\/wp-json\/wp\/v2\/media?parent=21"}],"curies":[{"name":"wp","href":"https:\/\/api.w.org\/{rel}","templated":true}]}}