{"id":2,"date":"2023-05-19T16:43:20","date_gmt":"2023-05-19T13:43:20","guid":{"rendered":"https:\/\/sites.uwasa.fi\/peril\/?page_id=2"},"modified":"2025-06-02T11:13:55","modified_gmt":"2025-06-02T08:13:55","slug":"peril","status":"publish","type":"page","link":"https:\/\/sites.uwasa.fi\/peril\/","title":{"rendered":"PERIL-hanke: demoja ilmastonmuutoksen ja s\u00e4\u00e4h\u00e4iri\u00f6iden riskien hallintaan"},"content":{"rendered":"","protected":false},"excerpt":{"rendered":"","protected":false},"author":29,"featured_media":52,"parent":0,"menu_order":0,"comment_status":"closed","ping_status":"open","template":"","meta":{"_acf_changed":false,"footnotes":""},"class_list":["post-2","page","type-page","status-publish","has-post-thumbnail","hentry"],"acf":[],"_links":{"self":[{"href":"https:\/\/sites.uwasa.fi\/peril\/wp-json\/wp\/v2\/pages\/2"}],"collection":[{"href":"https:\/\/sites.uwasa.fi\/peril\/wp-json\/wp\/v2\/pages"}],"about":[{"href":"https:\/\/sites.uwasa.fi\/peril\/wp-json\/wp\/v2\/types\/page"}],"author":[{"embeddable":true,"href":"https:\/\/sites.uwasa.fi\/peril\/wp-json\/wp\/v2\/users\/29"}],"replies":[{"embeddable":true,"href":"https:\/\/sites.uwasa.fi\/peril\/wp-json\/wp\/v2\/comments?post=2"}],"version-history":[{"count":81,"href":"https:\/\/sites.uwasa.fi\/peril\/wp-json\/wp\/v2\/pages\/2\/revisions"}],"predecessor-version":[{"id":972,"href":"https:\/\/sites.uwasa.fi\/peril\/wp-json\/wp\/v2\/pages\/2\/revisions\/972"}],"wp:featuredmedia":[{"embeddable":true,"href":"https:\/\/sites.uwasa.fi\/peril\/wp-json\/wp\/v2\/media\/52"}],"wp:attachment":[{"href":"https:\/\/sites.uwasa.fi\/peril\/wp-json\/wp\/v2\/media?parent=2"}],"curies":[{"name":"wp","href":"https:\/\/api.w.org\/{rel}","templated":true}]}}