{"id":140,"date":"2023-09-15T15:42:01","date_gmt":"2023-09-15T12:42:01","guid":{"rendered":"https:\/\/sites.uwasa.fi\/peril\/?page_id=140"},"modified":"2025-03-27T17:37:40","modified_gmt":"2025-03-27T15:37:40","slug":"demototeutus","status":"publish","type":"page","link":"https:\/\/sites.uwasa.fi\/peril\/demototeutus\/","title":{"rendered":"Teknologiademonstraatioiden toteuttaminen"},"content":{"rendered":"<p>Peril-hankkeen keskeisen\u00e4 toimenpiteen\u00e4 on toteuttaa\u00a0 &#8221;proof of concept&#8221; -tasolle erilaisia teko\u00e4lyn mahdollisuuksia riskienhallintaan pilotoivia teknologiademonstraatiota. Alkuvaiheessa demoja on suunniteltu toteutettavan kolme kappaletta siten, ett\u00e4 ne rakentuvat toistensa pohjalle.<\/p>\n<p>Hankkeessa toteutettavat demot ovat aiheiltaan seuraavat:<\/p>\n<h3><strong>1. Riskitietoa ker\u00e4\u00e4v\u00e4 chatbot<\/strong><\/h3>\n<p>Chatbotin avulla ker\u00e4t\u00e4\u00e4n riskitietoa matalalla kynnyksell\u00e4. Ker\u00e4tty\u00e4 dataa hy\u00f6dynnet\u00e4\u00e4n sy\u00f6tteen\u00e4 teko\u00e4lyn hy\u00f6dynt\u00e4miselle.<\/p>\n<p>Demolla 1 ker\u00e4\u00e4mme n\u00e4kemyksi\u00e4 \u00e4\u00e4rimm\u00e4isten s\u00e4\u00e4ilmi\u00f6iden aiheuttamista uhkista. <a href=\"https:\/\/sites.uwasa.fi\/peril\/2024\/04\/23\/ilmastokysely\/\">Lue lis\u00e4\u00e4<\/a>.<\/p>\n<h3><strong>2. Ilmastoriski-portaali<\/strong><\/h3>\n<p><a href=\"https:\/\/ilmastoriski.fi\">Ilmastoriski.fi-portaali<\/a> on kaikille avoin verkkosivusto, joka toimii hankkeessa ker\u00e4tyn tiedon v\u00e4litt\u00e4misen ja oppimisen kanavana.<\/p>\n<h3><strong>3. Riskienhallintaa sparraava chatbot<\/strong><\/h3>\n<p><a href=\"https:\/\/ilmastoriski.fi\">Riskienhallintaa sparraava AI-chatbot<\/a> eli &#8221;Arvo-botti&#8221; toimii k\u00e4ytt\u00e4j\u00e4lleen ilmastoriskien tunnistamisen ja ratkaisujen innovoinnin v\u00e4lineen\u00e4. Sen rakentamisessa hy\u00f6dynnet\u00e4\u00e4n teoreettisen tiedon lis\u00e4ksi mm. hankkeen alkupuolella ker\u00e4tty\u00e4 riskitietoa.<\/p>\n<p>&nbsp;<\/p>\n<figure id=\"attachment_904\" aria-describedby=\"caption-attachment-904\" style=\"width: 202px\" class=\"wp-caption alignnone\"><a href=\"https:\/\/sites.uwasa.fi\/peril\/wp-content\/blogs.dir\/4\/files\/sites\/184\/2025\/03\/professori-iloinen-300x300-1.gif\"><img loading=\"lazy\" decoding=\"async\" class=\"wp-image-904\" src=\"https:\/\/sites.uwasa.fi\/peril\/wp-content\/blogs.dir\/4\/files\/sites\/184\/2025\/03\/professori-iloinen-300x300-1.gif\" alt=\"Valkopukuinen professori, jolla on lasit p\u00e4\u00e4ss\u00e4\u00e4n katsoo iloisesti kohti.\" width=\"202\" height=\"202\" \/><\/a><figcaption id=\"caption-attachment-904\" class=\"wp-caption-text\">Riskiprofessori Arvo<\/figcaption><\/figure>\n<p>Demonstraatioiden toteuttamisessa hy\u00f6dynnet\u00e4\u00e4n vahvasti <a href=\"https:\/\/ilmastoriski.fi\/arvo-esittely\/\">pelillisyytt\u00e4 sek\u00e4 tarinankerrontaa<\/a>. Pyrimme rakentamaan demonstraatioista paitsi informatiivisia, my\u00f6s mielenkiintoisia ja miellytt\u00e4vi\u00e4 kokemuksia k\u00e4ytt\u00e4j\u00e4lleen. T\u00e4t\u00e4 varten olemme syksyn 2023 aikana konseptoineet ja kokeilleet mm. erilaisia demonstraatioissa ja hankkeen viestinn\u00e4ss\u00e4 hy\u00f6dynnett\u00e4vi\u00e4 hahmoja, jotka sek\u00e4 lis\u00e4isiv\u00e4t tehtyjen ratkaisujen luotettavuutta, k\u00e4yt\u00f6n miellytt\u00e4vyytt\u00e4 sek\u00e4 auttavat sitomaan demonstraatiot selke\u00e4mmin toisiinsa. Demot toteutettiin vuoden 2024 aikana ja niiden pilotointi jatkuu kev\u00e4\u00e4seen 2025.<\/p>\n<p>&nbsp;<\/p>\n","protected":false},"excerpt":{"rendered":"<p>Peril-hankkeen keskeisen\u00e4 toimenpiteen\u00e4 on toteuttaa\u00a0 &#8221;proof of concept&#8221; -tasolle erilaisia teko\u00e4lyn mahdollisuuksia riskienhallintaan pilotoivia teknologiademonstraatiota. Alkuvaiheessa demoja on suunniteltu toteutettavan kolme kappaletta siten, ett\u00e4 ne rakentuvat toistensa pohjalle. Hankkeessa toteutettavat demot ovat aiheiltaan seuraavat: 1. Riskitietoa ker\u00e4\u00e4v\u00e4 chatbot Chatbotin avulla ker\u00e4t\u00e4\u00e4n riskitietoa matalalla kynnyksell\u00e4. Ker\u00e4tty\u00e4 dataa hy\u00f6dynnet\u00e4\u00e4n sy\u00f6tteen\u00e4 teko\u00e4lyn hy\u00f6dynt\u00e4miselle. Demolla 1 ker\u00e4\u00e4mme n\u00e4kemyksi\u00e4 \u00e4\u00e4rimm\u00e4isten [&hellip;]<\/p>\n","protected":false},"author":29,"featured_media":0,"parent":0,"menu_order":0,"comment_status":"closed","ping_status":"closed","template":"","meta":{"_acf_changed":false,"footnotes":""},"class_list":["post-140","page","type-page","status-publish","hentry"],"acf":[],"_links":{"self":[{"href":"https:\/\/sites.uwasa.fi\/peril\/wp-json\/wp\/v2\/pages\/140"}],"collection":[{"href":"https:\/\/sites.uwasa.fi\/peril\/wp-json\/wp\/v2\/pages"}],"about":[{"href":"https:\/\/sites.uwasa.fi\/peril\/wp-json\/wp\/v2\/types\/page"}],"author":[{"embeddable":true,"href":"https:\/\/sites.uwasa.fi\/peril\/wp-json\/wp\/v2\/users\/29"}],"replies":[{"embeddable":true,"href":"https:\/\/sites.uwasa.fi\/peril\/wp-json\/wp\/v2\/comments?post=140"}],"version-history":[{"count":24,"href":"https:\/\/sites.uwasa.fi\/peril\/wp-json\/wp\/v2\/pages\/140\/revisions"}],"predecessor-version":[{"id":910,"href":"https:\/\/sites.uwasa.fi\/peril\/wp-json\/wp\/v2\/pages\/140\/revisions\/910"}],"wp:attachment":[{"href":"https:\/\/sites.uwasa.fi\/peril\/wp-json\/wp\/v2\/media?parent=140"}],"curies":[{"name":"wp","href":"https:\/\/api.w.org\/{rel}","templated":true}]}}