{"id":138,"date":"2023-09-15T15:41:20","date_gmt":"2023-09-15T12:41:20","guid":{"rendered":"https:\/\/sites.uwasa.fi\/peril\/?page_id=138"},"modified":"2025-05-30T10:43:08","modified_gmt":"2025-05-30T07:43:08","slug":"pilotointi","status":"publish","type":"page","link":"https:\/\/sites.uwasa.fi\/peril\/pilotointi\/","title":{"rendered":"Pilotointi"},"content":{"rendered":"<p>Hankkeessa kehitett\u00e4vi\u00e4 teknologiademonstraatioita pilotoimalla ker\u00e4\u00e4mme arvokasta k\u00e4ytt\u00f6kokemusta toteutetuista ratkaisuista. Monipuolisen kehitys- ja k\u00e4ytt\u00f6kokemuksen pohjalta tulemme laatimaan<strong> k\u00e4yt\u00e4nn\u00f6nl\u00e4heisen oppaan<\/strong> digitaalisten teknologioiden hy\u00f6dynt\u00e4miseen ilmastoriskien tunnistamiseen ja hallintaan. Opas tullaan julkaisemaan toukokuussa 2025.<\/p>\n<p>Ensimm\u00e4isell\u00e4 demolla, joka julkaistiin toukokuussa 2024, ker\u00e4simme n\u00e4kemyksi\u00e4 <strong>\u00e4\u00e4rimm\u00e4isten s\u00e4\u00e4ilmi\u00f6iden aiheuttamista uhkista<\/strong>. <a href=\"https:\/\/sites.uwasa.fi\/peril\/2024\/04\/23\/ilmastokysely\/\">Lue lis\u00e4\u00e4<\/a>.<\/p>\n<p><a href=\"https:\/\/ilmastoriski.fi\">Demoilla 2 ja 3<\/a> tarjoamme yksityiskohtaisia neuvoja ilmastoriskien tunnistamiseen ja hallintaan erityisesti Etel\u00e4-Pohjanmaalla. Demot 2 ja 3 julkaistiin 13.9.2024.<\/p>\n","protected":false},"excerpt":{"rendered":"<p>Hankkeessa kehitett\u00e4vi\u00e4 teknologiademonstraatioita pilotoimalla ker\u00e4\u00e4mme arvokasta k\u00e4ytt\u00f6kokemusta toteutetuista ratkaisuista. Monipuolisen kehitys- ja k\u00e4ytt\u00f6kokemuksen pohjalta tulemme laatimaan k\u00e4yt\u00e4nn\u00f6nl\u00e4heisen oppaan digitaalisten teknologioiden hy\u00f6dynt\u00e4miseen ilmastoriskien tunnistamiseen ja hallintaan. Opas tullaan julkaisemaan toukokuussa 2025. Ensimm\u00e4isell\u00e4 demolla, joka julkaistiin toukokuussa 2024, ker\u00e4simme n\u00e4kemyksi\u00e4 \u00e4\u00e4rimm\u00e4isten s\u00e4\u00e4ilmi\u00f6iden aiheuttamista uhkista. Lue lis\u00e4\u00e4. Demoilla 2 ja 3 tarjoamme yksityiskohtaisia neuvoja ilmastoriskien tunnistamiseen ja hallintaan [&hellip;]<\/p>\n","protected":false},"author":29,"featured_media":0,"parent":0,"menu_order":0,"comment_status":"closed","ping_status":"closed","template":"","meta":{"_acf_changed":false,"footnotes":""},"class_list":["post-138","page","type-page","status-publish","hentry"],"acf":[],"_links":{"self":[{"href":"https:\/\/sites.uwasa.fi\/peril\/wp-json\/wp\/v2\/pages\/138"}],"collection":[{"href":"https:\/\/sites.uwasa.fi\/peril\/wp-json\/wp\/v2\/pages"}],"about":[{"href":"https:\/\/sites.uwasa.fi\/peril\/wp-json\/wp\/v2\/types\/page"}],"author":[{"embeddable":true,"href":"https:\/\/sites.uwasa.fi\/peril\/wp-json\/wp\/v2\/users\/29"}],"replies":[{"embeddable":true,"href":"https:\/\/sites.uwasa.fi\/peril\/wp-json\/wp\/v2\/comments?post=138"}],"version-history":[{"count":15,"href":"https:\/\/sites.uwasa.fi\/peril\/wp-json\/wp\/v2\/pages\/138\/revisions"}],"predecessor-version":[{"id":957,"href":"https:\/\/sites.uwasa.fi\/peril\/wp-json\/wp\/v2\/pages\/138\/revisions\/957"}],"wp:attachment":[{"href":"https:\/\/sites.uwasa.fi\/peril\/wp-json\/wp\/v2\/media?parent=138"}],"curies":[{"name":"wp","href":"https:\/\/api.w.org\/{rel}","templated":true}]}}