{"id":136,"date":"2023-09-15T15:40:52","date_gmt":"2023-09-15T12:40:52","guid":{"rendered":"https:\/\/sites.uwasa.fi\/peril\/?page_id=136"},"modified":"2025-06-02T11:09:06","modified_gmt":"2025-06-02T08:09:06","slug":"tiekartta","status":"publish","type":"page","link":"https:\/\/sites.uwasa.fi\/peril\/tiekartta\/","title":{"rendered":"PERIL-tiekartta digitaalisten v\u00e4lineiden hy\u00f6dynt\u00e4miseen ilmastonmuutoksen sopeutumisessa Etel\u00e4-Pohjanmaalla"},"content":{"rendered":"<h2 data-start=\"358\" data-end=\"646\"><a href=\"https:\/\/sites.uwasa.fi\/peril\/wp-content\/blogs.dir\/4\/files\/sites\/184\/2025\/05\/karttakuva2-yla.png\"><img loading=\"lazy\" decoding=\"async\" class=\"wp-image-937 alignnone\" src=\"https:\/\/sites.uwasa.fi\/peril\/wp-content\/blogs.dir\/4\/files\/sites\/184\/2025\/05\/karttakuva2-yla.png\" alt=\"Havainnollistava piirroskuva, jossa esitet\u00e4\u00e4n Etel\u00e4-Pohjanmaan ilmastonmuutokseen sopeutumista tukevia digitaalisia ratkaisuja. Kuvassa viitataan toimijoihin, kuten kuntap\u00e4\u00e4tt\u00e4j\u00e4t, yritykset ja kansalaiset, jotka k\u00e4ytt\u00e4v\u00e4t digitaalisia v\u00e4lineit\u00e4, kuten karttapalveluita, teko\u00e4lysovelluksia ja tilannekuva-alustoja. Taustalla symboloidaan ilmastoriskej\u00e4, kuten myrskyj\u00e4 ja tulvia, sek\u00e4 yhteisty\u00f6t\u00e4 ja tiedon jakamista teknologian avulla.\" width=\"1020\" height=\"316\" \/><\/a><\/h2>\n<h2 data-start=\"358\" data-end=\"646\">Tasoja Etel\u00e4-Pohjanmaan valmistautumisesta ilmastoriskien hallintaan 2025\u20132030<\/h2>\n<p data-start=\"358\" data-end=\"646\"><strong data-start=\"358\" data-end=\"481\">Ilmastonmuutokseen varautuminen vaatii konkreettisia tekoja, jotka yhdist\u00e4v\u00e4t eri toimijoiden osaamisen ja teknologiat.<\/strong> PERIL-tiekartta tukee Etel\u00e4-Pohjanmaan ilmastoty\u00f6t\u00e4 tuomalla esiin, miten <strong>digitaaliset v\u00e4lineet<\/strong> voivat edist\u00e4\u00e4 alueellista ilmastoriskien hallintaa ja sopeutumista kuudessa keskeisess\u00e4 teemassa:<\/p>\n<ul>\n<li data-start=\"650\" data-end=\"657\">Energia<\/li>\n<li data-start=\"660\" data-end=\"683\">Maatalous ja ruokaketju<\/li>\n<li data-start=\"686\" data-end=\"717\">Aluesuunnittelu ja rakentaminen<\/li>\n<li data-start=\"720\" data-end=\"744\">Metsien ja soiden k\u00e4ytt\u00f6<\/li>\n<li data-start=\"747\" data-end=\"770\">Liikenne ja logistiikka<\/li>\n<li data-start=\"773\" data-end=\"795\">Hyvinvointi ja terveys<\/li>\n<\/ul>\n<p>Tiekartta on rakennettu <strong data-start=\"881\" data-end=\"931\">PERIL-hankkeen seminaari-ty\u00f6pajan (25.3.2025) ja hankkeessa toteutettujen teknologiademojen<\/strong> pohjalta, yhdist\u00e4en k\u00e4ydyt keskustelut <strong data-start=\"816\" data-end=\"875\">Ilmastokest\u00e4v\u00e4 Etel\u00e4-Pohjanmaa -sopeutumissuunnitelmaan<\/strong>. Siin\u00e4 korostuu toimijakohtainen tarkastelu: miten esimerkiksi kunnat, hyvinvointialueet, yritykset, yhdistykset, mets\u00e4nomistajat ja tavalliset kansalaiset voivat hy\u00f6dynt\u00e4\u00e4 teknologiaa ilmastokest\u00e4vyyden kehitt\u00e4misess\u00e4.<\/p>\n<p><strong>Mit\u00e4 tiekartta sis\u00e4lt\u00e4\u00e4?<\/strong><\/p>\n<p>PERIL-tiekartta tarkastelee ilmastoriskien hallintaa eri toimijoiden n\u00e4k\u00f6kulmasta ja eri aikaperspektiiveiss\u00e4 &#8211; yksitt\u00e4isist\u00e4, nopeasti k\u00e4ytt\u00f6\u00f6notettavista ratkaisuista strategiseen pitk\u00e4n aikav\u00e4lin varautumiseen. Tiekartta tarjoaa vastauksia kysymyksiin, kuten:<\/p>\n<p><strong>Mit\u00e4 on teht\u00e4v\u00e4, milloin, kenen kanssa ja mill\u00e4 v\u00e4lineill\u00e4?<\/strong><\/p>\n<p>Erityisesti painopiste on digitaalisilla v\u00e4lineill\u00e4 fasilitoitavissa, osallistavissa ja yhteistoimintaa vahvistavissa prosesseissa. N\u00e4ihin kuuluvat mm. teko\u00e4ly, paikkatietopohjaiset ratkaisut, automaattinen seuranta, tilannekuva-alustat ja yhteiskehitt\u00e4misen digity\u00f6kalut.<\/p>\n<p>Tiekartta ei ole pelkk\u00e4 suunnitelma, vaan konkreettinen v\u00e4linevalikoima, joka pohjautuu hankkeen aikana tehtyihin kokeiluihin ja keskusteluihin.<\/p>\n<p><strong>Opas digiv\u00e4lineist\u00e4 tiekartan tueksi<\/strong><\/p>\n<p>PERIL-tiekartta -raportin liitteen\u00e4 on opas, jossa esitell\u00e4\u00e4n esimerkkej\u00e4 digitaalisista v\u00e4lineist\u00e4, joita voidaan hy\u00f6dynt\u00e4\u00e4 sopeutumisen edist\u00e4misess\u00e4 eri teemojen sis\u00e4ll\u00e4. Opas ei ole kattava lista, vaan valikoima <strong>havainnollisia ja k\u00e4ytt\u00f6kelpoisia ratkaisuja<\/strong>, jotka ovat helposti k\u00e4ytt\u00f6\u00f6notettavissa.<\/p>\n<p><strong>Lataa tiekartta ja opas PDF-muodossa:<\/strong><\/p>\n<ul>\n<li><a href=\"https:\/\/sites.uwasa.fi\/peril\/wp-content\/blogs.dir\/4\/files\/sites\/184\/2025\/06\/PERIL_tiekartta_ja_opas_2025_final.pdf\" target=\"_blank\" rel=\"noopener\">PERIL tiekartta ja opas (pdf)<\/a><\/li>\n<\/ul>\n<p><strong>Kenelle tiekartta on suunnattu?<\/strong><\/p>\n<p>Kunnille, hyvinvointialueille, yrityksille, yhdistyksille, mets\u00e4nomistajille, <strong data-start=\"1488\" data-end=\"1518\">tavallisille kansalaisille<\/strong> ja muille alueellisille toimijoille.<\/p>\n<p>Kaikille, jotka haluavat kehitt\u00e4\u00e4 ilmastokest\u00e4vyytt\u00e4\u00e4n konkreettisten ja teknologiaa hy\u00f6dynt\u00e4vien toimien kautta.<\/p>\n<p><strong>Tutustu my\u00f6s PERIL-hankkeen omiin k\u00e4yt\u00e4nn\u00f6n esimerkkeihin digiratkaisuista:<\/strong><\/p>\n<ul>\n<li><a href=\"https:\/\/www.ilmastoriski.fi\" target=\"_blank\" rel=\"noopener\">ilmastoriski.fi<\/a> &#8211; Alueellinen ilmastotietopalvelu, joka tarjoaa Etel\u00e4-Pohjanmaalle r\u00e4\u00e4t\u00e4l\u00f6ity\u00e4 ilmastotietoa.<\/li>\n<li>Kokeile sivustolta l\u00f6ytyv\u00e4\u00e4 Arvo-chatbottia. Arvo on teko\u00e4lyavusteinen ilmastoprofessori, joka neuvoo sinua paikallisissa ilmastoriskeiss\u00e4 helposti ja vuorovaikutteisesti.<\/li>\n<\/ul>\n","protected":false},"excerpt":{"rendered":"<p>Tasoja Etel\u00e4-Pohjanmaan valmistautumisesta ilmastoriskien hallintaan 2025\u20132030 Ilmastonmuutokseen varautuminen vaatii konkreettisia tekoja, jotka yhdist\u00e4v\u00e4t eri toimijoiden osaamisen ja teknologiat. PERIL-tiekartta tukee Etel\u00e4-Pohjanmaan ilmastoty\u00f6t\u00e4 tuomalla esiin, miten digitaaliset v\u00e4lineet voivat edist\u00e4\u00e4 alueellista ilmastoriskien hallintaa ja sopeutumista kuudessa keskeisess\u00e4 teemassa: Energia Maatalous ja ruokaketju Aluesuunnittelu ja rakentaminen Metsien ja soiden k\u00e4ytt\u00f6 Liikenne ja logistiikka Hyvinvointi ja terveys Tiekartta [&hellip;]<\/p>\n","protected":false},"author":29,"featured_media":0,"parent":0,"menu_order":0,"comment_status":"closed","ping_status":"closed","template":"","meta":{"_acf_changed":false,"footnotes":""},"class_list":["post-136","page","type-page","status-publish","hentry"],"acf":[],"_links":{"self":[{"href":"https:\/\/sites.uwasa.fi\/peril\/wp-json\/wp\/v2\/pages\/136"}],"collection":[{"href":"https:\/\/sites.uwasa.fi\/peril\/wp-json\/wp\/v2\/pages"}],"about":[{"href":"https:\/\/sites.uwasa.fi\/peril\/wp-json\/wp\/v2\/types\/page"}],"author":[{"embeddable":true,"href":"https:\/\/sites.uwasa.fi\/peril\/wp-json\/wp\/v2\/users\/29"}],"replies":[{"embeddable":true,"href":"https:\/\/sites.uwasa.fi\/peril\/wp-json\/wp\/v2\/comments?post=136"}],"version-history":[{"count":98,"href":"https:\/\/sites.uwasa.fi\/peril\/wp-json\/wp\/v2\/pages\/136\/revisions"}],"predecessor-version":[{"id":968,"href":"https:\/\/sites.uwasa.fi\/peril\/wp-json\/wp\/v2\/pages\/136\/revisions\/968"}],"wp:attachment":[{"href":"https:\/\/sites.uwasa.fi\/peril\/wp-json\/wp\/v2\/media?parent=136"}],"curies":[{"name":"wp","href":"https:\/\/api.w.org\/{rel}","templated":true}]}}