{"id":124,"date":"2023-09-15T15:04:33","date_gmt":"2023-09-15T12:04:33","guid":{"rendered":"https:\/\/sites.uwasa.fi\/peril\/?page_id=124"},"modified":"2025-01-21T08:59:50","modified_gmt":"2025-01-21T06:59:50","slug":"riskiapu","status":"publish","type":"page","link":"https:\/\/sites.uwasa.fi\/peril\/riskiapu\/","title":{"rendered":"Apua ilmastoriskien hallintaan"},"content":{"rendered":"<div class=\"page\" title=\"Page 2\">\n<div class=\"layoutArea\">\n<div class=\"column\">\n<p>PERIL-hankkeessa kehiteta\u0308a\u0308n teknologiademonstraatioita, joilla maakunnassa pilotoidaan mm. tekoa\u0308lya\u0308 hyo\u0308dynta\u0308via\u0308 innovatiivisia v\u00e4lineit\u00e4 ilmastoriskien hallintaan.<\/p>\n<div class=\"page\" title=\"Page 4\">\n<div class=\"section\">\n<div class=\"layoutArea\">\n<div class=\"column\">\n<p>Ilmastoriski sisa\u0308lta\u0308a\u0308 vaaratekija\u0308n, haavoittuvuuden ja altistumisen. Puhekieless\u00e4 ilmastoriskill\u00e4 tyypillisesti tarkoitetaan ilmastonmuutoksen vaikutuksia, kuten\u00a0s\u00e4\u00e4n \u00e4\u00e4ri-ilmi\u00f6iden voimistumista: helleaaltoja, kuivuutta, myrskyj\u00e4 ja tulvia.<\/p>\n<ul>\n<li><strong>Vaaratekij\u00e4<\/strong> on mahdollisen haitallisen tapahtuman l\u00e4hde tai kehityskulku joka liittyy\u00a0s\u00e4\u00e4n tai ilmaston ilmi\u00f6\u00f6n tai sen kehitykseen.<\/li>\n<li><strong>Haavoittuvuus<\/strong> tarkoittaa herkkyytt\u00e4 mahdollista vahinkoa tai vaaraa aiheuttavalle ilmi\u00f6lle. Yksil\u00f6tason haavoittuvuudella tarkoitetaan yksitt\u00e4isten ihmisten herkkyytt\u00e4 ilmastonmuutoksen vaikutuksille. Haavoittuvuutta voidaan tarkastella my\u00f6s infrastruktuurin ja luontoymp\u00e4rist\u00f6n kohdalla yksitt\u00e4isten kohteiden osalta.<\/li>\n<li><strong>Altistumisella<\/strong> tarkoitetaan mm. ihmisten, yhteis\u00f6jen, elinkeinojen, infrastruktuurin ja luonnonvarojen sijoittumista sellaiseen paikkaan tai olosuhteisiin, ett\u00e4 niille voi aiheutua vahinkoa tai vaaraa s\u00e4\u00e4n ilmi\u00f6ist\u00e4. [<a href=\"https:\/\/epliitto.fi\/wp-content\/uploads\/2024\/05\/Etela-Pohjanmaan-ilmastonmuutoksen-riskianalyysi_saavutettava.pdf\">l\u00e4hde<\/a>]<\/li>\n<\/ul>\n<\/div>\n<\/div>\n<\/div>\n<\/div>\n<p>Riskienhallinta on j\u00e4rjestelm\u00e4llist\u00e4 ja suunnitelmallista toimintaa, jolla pyrit\u00e4\u00e4n turvata toiminnan ja el\u00e4misen olosuhteet.<\/p>\n<p>PERIL-hankkeen teknologiademonstraatioilla on kolme tarkoitusta:<\/p>\n<ul>\n<li>Ensiksi, <strong>demoilla kera\u0308ta\u0308a\u0308n Etela\u0308-Pohjanmaalla <\/strong>toimivilta pk-yrityksilta\u0308 ja muilta toimijoilta <strong>na\u0308kemyksia\u0308 ilmastonmuutokseen liittyvist\u00e4 riskeista\u0308.<\/strong> Kera\u0308tty data kartuttaa tietokantaa, jota hankkeen demonstraatiot yhteisesti hyo\u0308dynta\u0308va\u0308t.<\/li>\n<li>Toiseksi, <strong>demojen pilotoinnin kautta pk-yritykset Etela\u0308-Pohjanmaalla saavat kokemuksia mm. tekoa\u0308lya\u0308 hyo\u0308dynta\u0308vien tyo\u0308va\u0308lineiden ka\u0308yto\u0308sta\u0308 toiminnalleen olennaisten riskien hallintaan<\/strong>. Demojen pilotointiin voivat osallistua my\u00f6s kuntalaiset.<\/li>\n<li>Kolmanneksi, <strong>demojen kautta pk-yritykset ja muut toimijat maakunnassa saavat na\u0308kemyksia\u0308 toimintaansa potentiaalisesti vaikuttavista ilmastoriskeista\u0308<\/strong>. Ta\u0308llaiset riskit voivat\u00a0olla toiminnalle seka\u0308 uhka, johon sopeutua, etta\u0308 mahdollisuus tehd\u00e4 avauksia uudelle liiketoiminnalle.<\/li>\n<\/ul>\n<\/div>\n<\/div>\n<p>Ilmastoriskien hallintaa tullaan hankkeessa k\u00e4sittelem\u00e4\u00e4n my\u00f6s s\u00e4\u00e4riskien ja vahinkoriskien hallinnan kautta.<\/p>\n<p>&nbsp;<\/p>\n<p><strong>Tausta: Ilmastoriskien vaikutukset kansantaloudelle<\/strong><\/p>\n<p>Vuonna 2022 tuloksensa julkaisseen KUITTI-hankkeen mukaan:<\/p>\n<div class=\"page\" title=\"Page 1\">\n<div class=\"layoutArea\">\n<div class=\"column\">\n<ul>\n<li>&#8221;<strong>Va\u0308hitta\u0308iset muutokset la\u0308mpo\u0308tilaan ja sadema\u0308a\u0308riin vaikuttavat talouteen paljon enemma\u0308n kuin satunnaiset luonnon a\u0308a\u0308ri-ilmio\u0308t<\/strong>, koska Suomi kykenee elpyma\u0308a\u0308n nopeasti sa\u0308a\u0308n a\u0308a\u0308ri-ilmio\u0308iden vaikutuksista. Toisin sanoen, Suomen resilienssi on korkea.&#8221;\n<ul>\n<li>&#8221;Resilienssi s\u00e4\u00e4n \u00e4\u00e4ri-ilmi\u00f6ihin on t\u00e4rke\u00e4\u00e4 sosiaalisista ja taloudellisista syist\u00e4. Suomessa resilienssi \u00e4\u00e4ri-ilmi\u00f6ihin on jo korkealla tasolla, eik\u00e4 ilmastonmuutoksen odoteta aiheuttavan t\u00e4\u00e4ll\u00e4 valtavia muutoksia niiden vakavuuteen tai toistuvuuteen. T\u00e4m\u00e4n ei tietenk\u00e4\u00e4n tulisi olla syy l\u00f6ysent\u00e4\u00e4 varautumista \u00e4\u00e4ri-ilmi\u00f6iden aiheuttamiin vahinkoihin, ja esimerkiksi tulvariskien ja s\u00e4hk\u00f6njakelun h\u00e4iri\u00f6iden entist\u00e4 parempaa hallintaa suunnitellaan.&#8221;<\/li>\n<\/ul>\n<\/li>\n<li>&#8221;<strong>Ilmastonmuutoksen vaikutus Suomen bruttokansantuotteeseen on rajallinen mutta ei merkitykseto\u0308n<\/strong>. Vaikutus voi kuitenkin kasvaa merkitta\u0308va\u0308sti, jos ilmastonmuutoksen keikahduspisteet yliteta\u0308a\u0308n.&#8221;\n<ul>\n<li>&#8221;KUITTI-hankkeen tulokset osoittavat, ett\u00e4 <strong>ilmastonmuutos aiheuttaa vuoteen 2070 menness\u00e4 melko pieni\u00e4 mutta pysyvi\u00e4 makrotaloudellisia tappioita Suomelle<\/strong>, mik\u00e4li sopeutumistoimia ei lis\u00e4t\u00e4 nykyisest\u00e4 tasosta. Yksinkertaistaen, <strong>ilmastonmuutoksen vaikutukset bruttokansantuotteelle (BKT:lle) vuosina 2040\u20132070 vaihtelevat 0 ja -0,3 prosentin v\u00e4lill\u00e4 BKT:sta<\/strong>. Ennuste perustuu ilmastonmuutoksen vaikutuksiin maa- ja mets\u00e4talouteen, vesist\u00f6- ja rannikkotulviin sek\u00e4 s\u00e4hk\u00f6njakelun h\u00e4iri\u00f6ihin, joiden kaikkien vaikutukset heijastuvat my\u00f6s talouteen. &#8221;<\/li>\n<\/ul>\n<\/li>\n<li>&#8221;<strong>Ilmastonmuutoksen aineellisiin ja sosioekonomisiin vaikutuksiin<\/strong> liittyva\u0308n <strong>tiedon saatavuutta tulisi lisa\u0308ta\u0308<\/strong> ja koordinoida paremmin, jotta <strong>sopeutumista voitaisiin tukea<\/strong> tehokkaammin.&#8221;<\/li>\n<li>L\u00e4hde: <a href=\"https:\/\/julkaisut.valtioneuvosto.fi\/bitstream\/handle\/10024\/164032\/16-2022-Ennakoiva%20sopeutuminen%20ilmastonmuutokseen%20kannattaa.pdf?sequence=4&amp;isAllowed=y\">POLICY BRIEF 2022:16<\/a><\/li>\n<\/ul>\n<\/div>\n<\/div>\n<\/div>\n<\/div>\n","protected":false},"excerpt":{"rendered":"<p>PERIL-hankkeessa kehiteta\u0308a\u0308n teknologiademonstraatioita, joilla maakunnassa pilotoidaan mm. tekoa\u0308lya\u0308 hyo\u0308dynta\u0308via\u0308 innovatiivisia v\u00e4lineit\u00e4 ilmastoriskien hallintaan. Ilmastoriski sisa\u0308lta\u0308a\u0308 vaaratekija\u0308n, haavoittuvuuden ja altistumisen. Puhekieless\u00e4 ilmastoriskill\u00e4 tyypillisesti tarkoitetaan ilmastonmuutoksen vaikutuksia, kuten\u00a0s\u00e4\u00e4n \u00e4\u00e4ri-ilmi\u00f6iden voimistumista: helleaaltoja, kuivuutta, myrskyj\u00e4 ja tulvia. Vaaratekij\u00e4 on mahdollisen haitallisen tapahtuman l\u00e4hde tai kehityskulku joka liittyy\u00a0s\u00e4\u00e4n tai ilmaston ilmi\u00f6\u00f6n tai sen kehitykseen. Haavoittuvuus tarkoittaa herkkyytt\u00e4 mahdollista vahinkoa tai [&hellip;]<\/p>\n","protected":false},"author":29,"featured_media":0,"parent":0,"menu_order":0,"comment_status":"closed","ping_status":"closed","template":"","meta":{"_acf_changed":false,"footnotes":""},"class_list":["post-124","page","type-page","status-publish","hentry"],"acf":[],"_links":{"self":[{"href":"https:\/\/sites.uwasa.fi\/peril\/wp-json\/wp\/v2\/pages\/124"}],"collection":[{"href":"https:\/\/sites.uwasa.fi\/peril\/wp-json\/wp\/v2\/pages"}],"about":[{"href":"https:\/\/sites.uwasa.fi\/peril\/wp-json\/wp\/v2\/types\/page"}],"author":[{"embeddable":true,"href":"https:\/\/sites.uwasa.fi\/peril\/wp-json\/wp\/v2\/users\/29"}],"replies":[{"embeddable":true,"href":"https:\/\/sites.uwasa.fi\/peril\/wp-json\/wp\/v2\/comments?post=124"}],"version-history":[{"count":12,"href":"https:\/\/sites.uwasa.fi\/peril\/wp-json\/wp\/v2\/pages\/124\/revisions"}],"predecessor-version":[{"id":758,"href":"https:\/\/sites.uwasa.fi\/peril\/wp-json\/wp\/v2\/pages\/124\/revisions\/758"}],"wp:attachment":[{"href":"https:\/\/sites.uwasa.fi\/peril\/wp-json\/wp\/v2\/media?parent=124"}],"curies":[{"name":"wp","href":"https:\/\/api.w.org\/{rel}","templated":true}]}}