{"id":122,"date":"2023-09-15T15:03:54","date_gmt":"2023-09-15T12:03:54","guid":{"rendered":"https:\/\/sites.uwasa.fi\/peril\/?page_id=122"},"modified":"2025-05-08T08:13:44","modified_gmt":"2025-05-08T05:13:44","slug":"ilmastoriskiportaali","status":"publish","type":"page","link":"https:\/\/sites.uwasa.fi\/peril\/ilmastoriskiportaali\/","title":{"rendered":"ilmastoriski.fi"},"content":{"rendered":"<p><a href=\"http:\/\/www.ilmastoriski.fi\"><img loading=\"lazy\" decoding=\"async\" class=\"size-full wp-image-795 aligncenter\" src=\"https:\/\/sites.uwasa.fi\/peril\/wp-content\/blogs.dir\/4\/files\/sites\/184\/2024\/09\/ilmastoriski-fi-01.png\" alt=\"Verkkosivun aloitusn\u00e4kym\u00e4, jossa syksyinen maisemakuva Ilmajoen keskustan alueelta.\" width=\"1080\" height=\"487\" srcset=\"https:\/\/sites.uwasa.fi\/peril\/wp-content\/blogs.dir\/4\/files\/sites\/184\/2024\/09\/ilmastoriski-fi-01.png 1080w, https:\/\/sites.uwasa.fi\/peril\/wp-content\/blogs.dir\/4\/files\/sites\/184\/2024\/09\/ilmastoriski-fi-01-300x135.png 300w, https:\/\/sites.uwasa.fi\/peril\/wp-content\/blogs.dir\/4\/files\/sites\/184\/2024\/09\/ilmastoriski-fi-01-1024x462.png 1024w, https:\/\/sites.uwasa.fi\/peril\/wp-content\/blogs.dir\/4\/files\/sites\/184\/2024\/09\/ilmastoriski-fi-01-768x346.png 768w\" sizes=\"(max-width: 1080px) 100vw, 1080px\" \/><\/a><\/p>\n<p>&nbsp;<\/p>\n<p style=\"text-align: left\">ilmastoriski.fi-verkkopalvelu (DEMO 2) on kaikille avoin ja ilmainen verkkosivusto, joka toimii PERIL-hankkeessa ker\u00e4tyn tiedon v\u00e4litt\u00e4misen ja riskienhallinnan oppimisen kanavana.<\/p>\n<p style=\"text-align: left\">Ilmastoriski-verkkopalvelu tarjoaa alueellista ilmastoriskitietoa sek\u00e4 yrityksille ett\u00e4 kuntalaisille. Sivustolla on my\u00f6s sparraava teko\u00e4lypohjainen chatbot (DEMO 3), jonka kanssa k\u00e4ytt\u00e4j\u00e4 voi k\u00e4yd\u00e4 ajatustenvaihtoa. Arvo-botti vastaa k\u00e4ytt\u00e4jien ilmastoaiheisiin kysymyksiin perustuen alueelliseen ja ajankohtaiseen tietoonsa.<\/p>\n<figure id=\"attachment_790\" aria-describedby=\"caption-attachment-790\" style=\"width: 822px\" class=\"wp-caption aligncenter\"><a href=\"https:\/\/sites.uwasa.fi\/peril\/wp-content\/blogs.dir\/4\/files\/sites\/184\/2024\/09\/arvo-ruutu.png\"><img loading=\"lazy\" decoding=\"async\" class=\"wp-image-790\" src=\"https:\/\/sites.uwasa.fi\/peril\/wp-content\/blogs.dir\/4\/files\/sites\/184\/2024\/09\/arvo-ruutu.png\" alt=\"Ilmastoprofessori-Arvon hahmo sek\u00e4 chatbotin keskustelua imitoiva tervetulotoivotus sek\u00e4 kysymyksen kirjoittamisruutu\" width=\"822\" height=\"264\" srcset=\"https:\/\/sites.uwasa.fi\/peril\/wp-content\/blogs.dir\/4\/files\/sites\/184\/2024\/09\/arvo-ruutu.png 1171w, https:\/\/sites.uwasa.fi\/peril\/wp-content\/blogs.dir\/4\/files\/sites\/184\/2024\/09\/arvo-ruutu-300x96.png 300w, https:\/\/sites.uwasa.fi\/peril\/wp-content\/blogs.dir\/4\/files\/sites\/184\/2024\/09\/arvo-ruutu-1024x329.png 1024w, https:\/\/sites.uwasa.fi\/peril\/wp-content\/blogs.dir\/4\/files\/sites\/184\/2024\/09\/arvo-ruutu-768x247.png 768w\" sizes=\"(max-width: 822px) 100vw, 822px\" \/><\/a><figcaption id=\"caption-attachment-790\" class=\"wp-caption-text\">Arvo-botin kanssa voit keskustella ilmastonmuutokseen liittyvist\u00e4 asioista tai vaikkapa kysy\u00e4, millainen s\u00e4\u00e4 on Ilmajoella t\u00e4ll\u00e4 hetkell\u00e4. Kokeile ilmastoriski.fi -verkkopalvelussa!<\/figcaption><\/figure>\n","protected":false},"excerpt":{"rendered":"<p>&nbsp; ilmastoriski.fi-verkkopalvelu (DEMO 2) on kaikille avoin ja ilmainen verkkosivusto, joka toimii PERIL-hankkeessa ker\u00e4tyn tiedon v\u00e4litt\u00e4misen ja riskienhallinnan oppimisen kanavana. Ilmastoriski-verkkopalvelu tarjoaa alueellista ilmastoriskitietoa sek\u00e4 yrityksille ett\u00e4 kuntalaisille. Sivustolla on my\u00f6s sparraava teko\u00e4lypohjainen chatbot (DEMO 3), jonka kanssa k\u00e4ytt\u00e4j\u00e4 voi k\u00e4yd\u00e4 ajatustenvaihtoa. Arvo-botti vastaa k\u00e4ytt\u00e4jien ilmastoaiheisiin kysymyksiin perustuen alueelliseen ja ajankohtaiseen tietoonsa.<\/p>\n","protected":false},"author":29,"featured_media":0,"parent":0,"menu_order":0,"comment_status":"closed","ping_status":"closed","template":"","meta":{"_acf_changed":false,"footnotes":""},"class_list":["post-122","page","type-page","status-publish","hentry"],"acf":[],"_links":{"self":[{"href":"https:\/\/sites.uwasa.fi\/peril\/wp-json\/wp\/v2\/pages\/122"}],"collection":[{"href":"https:\/\/sites.uwasa.fi\/peril\/wp-json\/wp\/v2\/pages"}],"about":[{"href":"https:\/\/sites.uwasa.fi\/peril\/wp-json\/wp\/v2\/types\/page"}],"author":[{"embeddable":true,"href":"https:\/\/sites.uwasa.fi\/peril\/wp-json\/wp\/v2\/users\/29"}],"replies":[{"embeddable":true,"href":"https:\/\/sites.uwasa.fi\/peril\/wp-json\/wp\/v2\/comments?post=122"}],"version-history":[{"count":21,"href":"https:\/\/sites.uwasa.fi\/peril\/wp-json\/wp\/v2\/pages\/122\/revisions"}],"predecessor-version":[{"id":914,"href":"https:\/\/sites.uwasa.fi\/peril\/wp-json\/wp\/v2\/pages\/122\/revisions\/914"}],"wp:attachment":[{"href":"https:\/\/sites.uwasa.fi\/peril\/wp-json\/wp\/v2\/media?parent=122"}],"curies":[{"name":"wp","href":"https:\/\/api.w.org\/{rel}","templated":true}]}}