{"id":120,"date":"2023-09-15T15:02:15","date_gmt":"2023-09-15T12:02:15","guid":{"rendered":"https:\/\/sites.uwasa.fi\/peril\/?page_id=120"},"modified":"2025-05-30T07:40:41","modified_gmt":"2025-05-30T04:40:41","slug":"tiedonhankinta","status":"publish","type":"page","link":"https:\/\/sites.uwasa.fi\/peril\/tiedonhankinta\/","title":{"rendered":"Riskitiedon ker\u00e4\u00e4minen"},"content":{"rendered":"<p>PERIL-hankkeen\u00a0<a href=\"https:\/\/ilmastoriski.fi\">ilmastoriskiportaalin<\/a> sek\u00e4 <a href=\"https:\/\/sites.uwasa.fi\/peril\/esimerkkisivu\/toteutustulokset\/tiekartta\/\">tiekarttaty\u00f6skentelyn<\/a> toteuttamiseksi pyrimme eri tavoin ker\u00e4\u00e4m\u00e4\u00e4n konkreettista ilmastoriskeihin liittyv\u00e4\u00e4 tietoa maakunnasta.<\/p>\n<p>Ilmastoriskitietoa ker\u00e4t\u00e4\u00e4n Etel\u00e4-Pohjanmaalta, jotta saadaan koottua k\u00e4sitys alueen toimijoiden tekemist\u00e4 havainnoista, erityisist\u00e4 huolenaiheista ja ideoista riskien torjumiseen.<\/p>\n<ul>\n<li>Ensimm\u00e4isess\u00e4 vaiheessa (alkaen toukokuussa 2024) ker\u00e4simme toimijoiden omakohtaisia n\u00e4kemyksi\u00e4 <strong>\u00e4\u00e4rimm\u00e4isten s\u00e4\u00e4ilmi\u00f6iden aiheuttamista uhkista Etel\u00e4-Pohjanmaalla.<\/strong><\/li>\n<li>Demossa 1 toteutimme tiedon ker\u00e4\u00e4miseen tekstiviestibotin (sulkeutui 31.5.2024) sek\u00e4 rinnakkaisen verkkolomakkeen.<\/li>\n<li>Demolla 2 eli Ilmastoriski-portaalilla ker\u00e4\u00e4mme tietoja siit\u00e4, millaiset portaalin sis\u00e4ll\u00f6t kiinnostavat k\u00e4ytt\u00e4ji\u00e4.<\/li>\n<li>Demolla 3 eli Arvo-botilla k\u00e4yt\u00e4vien keskusteluiden kautta ker\u00e4\u00e4mme jatkuvasti tietoa ja n\u00e4kemyksi\u00e4 ilmastoriskeist\u00e4 Etel\u00e4-Pohjanmaalla.<\/li>\n<\/ul>\n<p>Teimme my\u00f6s yhteisty\u00f6t\u00e4 <em><a href=\"https:\/\/epliitto.fi\/ilmastokestava-etela-pohjanmaa\/\">Ilmastokest\u00e4v\u00e4 Etel\u00e4-Pohjanmaa<\/a><\/em> -hankkeen kanssa, jossa ker\u00e4ttiin vuonna 2024 aineistoa <a href=\"https:\/\/epliitto.fi\/wp-content\/uploads\/2024\/05\/Etela-Pohjanmaan-ilmastonmuutoksen-riskianalyysi_saavutettava.pdf\">ilmastonmuutoksen riskikartoitukseen Etel\u00e4-Pohjanmaan kunnissa<\/a>.<\/p>\n<p>&nbsp;<\/p>\n<p><strong>L\u00e4ht\u00f6tilanteen ja keskeisten k\u00e4sitteiden m\u00e4\u00e4rittely<\/strong><\/p>\n<p>Riskitiedon ker\u00e4\u00e4misen la k\u00e4sittelyn l\u00e4ht\u00f6kohtana on maakunnan ilmastostrategiassa noin kymmenen vuotta sitten (v. 2014) seuraavasti kuvattu tilanne:<\/p>\n<p style=\"padding-left: 40px\">&#8221;<em>Etel\u00e4-Pohjanmaan energia- ja ilmastostrategia 2014\u20132020:n mukaan arvioita ilmastonmuutoksen vaikutuksista maakunnallisella tasolla on vaikeaa tehd\u00e4 <\/em>[&#8230;]<em>. <strong>Etel\u00e4- Pohjanmaalla<\/strong> tunnistettuihin <strong>ilmastonmuutoksen vaikutuksiin kuuluvat<\/strong> ainakin <strong>s\u00e4\u00e4n \u00e4\u00e4ri-ilmi\u00f6t<\/strong>, jotka voivat rasittaa rakennuksia ja aiheuttaa riskej\u00e4 energiahuoltovarmuudelle. Maakunta on <strong>tulvaherkk\u00e4<\/strong>, ja odotettavissa on tulvien lis\u00e4\u00e4ntyminen mm. kasvavien sadem\u00e4\u00e4rien vuoksi. <strong>Hulevedet<\/strong> ja tulvat ovat merkitt\u00e4v\u00e4ss\u00e4 roolissa yhdyskuntatekniikan osalta, ja my\u00f6s <strong>tieverkosto<\/strong> voi vaurioitua. <strong>Maa- ja mets\u00e4talous voivat my\u00f6s hy\u00f6ty\u00e4 <\/strong>ilmastonmuutoksesta satom\u00e4\u00e4rien kasvaessa, <strong>mik\u00e4li sopeutumistoimenpiteiss\u00e4 onnistutaan<\/strong>. Toisaalta maa- ja mets\u00e4taloudessa tulisi sopeutua sadem\u00e4\u00e4riin ja muihin vaihteleviin s\u00e4\u00e4olosuhteisiin. Mets\u00e4talouden kannalta mainitaan haittavaikutuksina <strong>tuhohy\u00f6nteisten<\/strong> ja <strong>sienitautien<\/strong> lis\u00e4\u00e4ntyminen ja kotiel\u00e4intaloudessa <strong>el\u00e4intaudit<\/strong>.<\/em>&#8221; (<a href=\"https:\/\/www.ilmastopaneeli.fi\/wp-content\/uploads\/2021\/09\/SUOMI-raportti_etela-pohjanmaa.pdf\">Suomen ilmastopaneeli 2021<\/a>)<\/p>\n<p><strong>S\u00e4\u00e4riski<\/strong> = mahdollisuus tapahtumalle, ett\u00e4 yksi tai useampi s\u00e4\u00e4-ilmi\u00f6 toteutuessaan h\u00e4iritsee elinkeinon harjoittamista tai aiheuttaa materiaalista tai muuta vahinkoa. S\u00e4\u00e4riskej\u00e4 voidaan yrityksiss\u00e4 tarkastella mahdollisina uhkina omalle toiminnalle sen kautta, miten vakavia esteit\u00e4 ne toteutuessaan ovat elinkeinon harjoittamiselle. S\u00e4\u00e4riskej\u00e4 voidaan tarkastella my\u00f6s siit\u00e4 l\u00e4ht\u00f6kohdasta, miten ne vaikuttavat kuntalaisen arjen el\u00e4m\u00e4\u00e4n.<\/p>\n<p>T\u00e4m\u00e4\u00a0<strong>riski<\/strong>\u00a0voidaan laskea seuraavalla &#8221;kaavalla&#8221;:<\/p>\n<p><strong>[s\u00e4\u00e4-ilmi\u00f6n aiheuttaman h\u00e4iri\u00f6n tai vahingon todenn\u00e4k\u00f6isyys toteutua] * [toteutuneen h\u00e4iri\u00f6n tai vahingon vaikutus]<\/strong><\/p>\n<p style=\"padding-left: 40px\">T\u00e4m\u00e4n &#8221;kaavan&#8221; kautta saadaan kullekin tunnistetulle s\u00e4\u00e4riskille <em>riskiluku<\/em>, jonka pohjalta s\u00e4\u00e4riskit priorisoidaan. Eniten huomiota tulee kiinnitt\u00e4\u00e4 analyysiss\u00e4 suuren riskiluvun saaneisiin s\u00e4\u00e4riskeihin: niill\u00e4 on joko suuri todenn\u00e4k\u00f6isyys toteutua ja\/tai ne aiheuttavat toteutuessaan merkitt\u00e4v\u00e4n h\u00e4iri\u00f6n\/vahingon. Lue lis\u00e4\u00e4 <strong>riskimatriisin<\/strong> laatimisesta!<\/p>\n<p style=\"padding-left: 40px\">S\u00e4\u00e4-ilmi\u00f6, joka voi aiheuttaa h\u00e4iri\u00f6n\/vahingon, on esimerkiksi tietyn <strong>huomioarvon<\/strong> ylitt\u00e4v\u00e4 lukema, esimerkiksi runsas sade jolloin vuorokauden sadem\u00e4\u00e4r\u00e4 ylitt\u00e4\u00e4 120 mm tai kova myrsky eli kun kymmenen minuutin keskituulen nopeus ylitt\u00e4\u00e4 28 m\/s.<\/p>\n<p style=\"padding-left: 40px\"><strong>S\u00e4\u00e4<\/strong> on <strong>s\u00e4\u00e4muuttujien (kuten l\u00e4mp\u00f6tila, sadem\u00e4\u00e4r\u00e4, tuulen nopeus- ja suunta, ilman kosteus jne.)<\/strong> <strong>tila<\/strong> m\u00e4\u00e4r\u00e4tyss\u00e4 paikassa, tiettyn\u00e4 hetken\u00e4. S\u00e4\u00e4ilmi\u00f6t tapahtuvat ilmakeh\u00e4n alimmassa kerroksessa eli troposf\u00e4\u00e4riss\u00e4. (l\u00e4hde: <a href=\"https:\/\/www.ilmatieteenlaitos.fi\/ilmakeha-abc\">Ilmakeh\u00e4-ABC<\/a>)<\/p>\n<p style=\"padding-left: 40px\">S\u00e4\u00e4-ilmi\u00f6t\u00e4 ovat esimerkiksi sade, sumu, ukkonen, tuuli ja py\u00f6rremyrsky. Kuvaava esimerkki saman s\u00e4\u00e4-ilmi\u00f6n ilmenemisest\u00e4 vaihtelevana s\u00e4\u00e4riskin\u00e4 on, ett\u00e4 kes\u00e4kuisen sadep\u00e4iv\u00e4n vaikutus Sein\u00e4joella voi olla nolla euroa normaalille toimistoty\u00f6lle mutta vaikkapa 100 000 euroa tuolloin pidett\u00e4v\u00e4lle ulkoilmatapahtumalle. <strong>Riskirajat<\/strong> ovat erilaisia eri toiminnoille, elinkeinoille ja v\u00e4est\u00f6ryhmille. Esimerkiksi helleaaltojen aiheuttama sis\u00e4l\u00e4mp\u00f6tilojen nousu vaikuttaa eri ik\u00e4isiin ihmisiin eri tavoin; <strong>haavoittuvimpia<\/strong> t\u00e4lle s\u00e4\u00e4riskille voivat olla i\u00e4kk\u00e4\u00e4mm\u00e4t ihmiset.<\/p>\n<p style=\"padding-left: 40px\">Esimerkiksi luonnonvara-aloilla <strong>sa\u0308a\u0308ha\u0308n liittyvia\u0308 riskeja\u0308 ovat<\/strong> (<a href=\"https:\/\/tietokayttoon.fi\/documents\/113169639\/113170760\/20_2018_Ilmastokest\u00e4vyytt\u00e4+ja+s\u00e4\u00e4riskien+hallintaa.pdf\/ce1bb146-c3bd-4b5a-9974-6c9b46149f6f\/20_2018_Ilmastokest\u00e4vyytt\u00e4+ja+s\u00e4\u00e4riskien+hallintaa.pdf?version=1.0&amp;t=1528968370000\">l\u00e4hde<\/a>):<\/p>\n<div class=\"page\" style=\"padding-left: 40px\" title=\"Page 1\">\n<div class=\"layoutArea\" style=\"padding-left: 40px\">\n<div class=\"column\" style=\"padding-left: 40px\">\n<ul>\n<li>myrskyvahingot<\/li>\n<li>taudit ja tuholaiset<\/li>\n<li>kuivuus- ja hellejaksot<\/li>\n<li>rankkasateet, eroosio, huuhtoutumat<\/li>\n<li>(nopea) sa\u0308a\u0308nvaihtelu<\/li>\n<\/ul>\n<\/div>\n<\/div>\n<\/div>\n<p style=\"padding-left: 40px\"><strong>S\u00e4\u00e4n \u00e4\u00e4ri-ilmi\u00f6n<\/strong>\u00a0yleistyminen voi suurentaa s\u00e4\u00e4riskej\u00e4: s\u00e4\u00e4-ilmi\u00f6n aiheuttama h\u00e4iri\u00f6 tai vahinko on todenn\u00e4k\u00f6isempi toteutumaan (koska s\u00e4\u00e4-ilmi\u00f6 ilmenee tyypillist\u00e4 voimakkaampana; esim. kun viem\u00e4r\u00f6inti osoittautuu alimitoitetuksi) ja\/tai h\u00e4iri\u00f6ll\u00e4 on toteutuessaan mahdollisesti suurempi kielteinen vaikutus toimintaan (esim. ett\u00e4 katkos toimintaan on laajempi, ja\/tai ajallisesti pidempi-kestoisempi ja\/tai kalliimpi saada korjattua).<\/p>\n<p style=\"padding-left: 120px\">\u00c4\u00e4rimm\u00e4inen s\u00e4\u00e4ilmi\u00f6 on jollain alueella aikaisemmin hyvin harvoin toteutunut s\u00e4\u00e4ilmi\u00f6,\u00a0kuten pitk\u00e4 hellekausi, voimakas rankkasade tai ukkosmyrsky. \u00c4\u00e4rimm\u00e4inen s\u00e4\u00e4ilmi\u00f6 voi toteutuessaan aiheuttaa erilaisia uhkia, kuten vahinkoja tai haittoja\u00a0elinkeinojen harjoittamiselle, yritt\u00e4miselle tai arjen el\u00e4miselle.\u00a0\u200b<\/p>\n<p style=\"padding-left: 120px\">On kuitenkin hyv\u00e4 muistaa, ett\u00e4 kirjallisuuden mukaan ei ole yksiselitteist\u00e4 m\u00e4\u00e4ritelm\u00e4\u00e4 \u2019s\u00e4\u00e4n \u00e4\u00e4ri-ilmi\u00f6lle\u2019. Yht\u00e4\u00e4lt\u00e4 se on ilmi\u00f6, joka on <strong>tarkasteltavalla alueella<\/strong> \u201dv\u00e4hint\u00e4\u00e4nkin poikkeuksellinen\u201d. Puhutaan ilmi\u00f6n laskennallisesta toistuvuudesta, joka on luokkaa kerran tai kaksi vuosisadassa tai viel\u00e4 harvemmin. (Saukkonen 2020, s. 9)<\/p>\n<p style=\"padding-left: 120px\">Toisaalta s\u00e4\u00e4ilmi\u00f6, joka aiheuttaa <strong>huomattavia tuhoja<\/strong>, katsotaan usein s\u00e4\u00e4n \u00e4\u00e4ri-ilmi\u00f6ksi, vaikka se ei olisi esiintyvyydelt\u00e4\u00e4n erityisen poikkeuksellinen. (Saukkonen 2020, s. 9)<\/p>\n<p style=\"padding-left: 120px\">S\u00e4\u00e4n \u00e4\u00e4ri-ilmi\u00f6ihin kuuluvat t\u00e4ten paitsi hetkelliset ja hyvin voimakkaat s\u00e4\u00e4ilmi\u00f6t, <strong>my\u00f6s pidemm\u00e4n ajanjakson ilmi\u00f6t<\/strong> kuten kuivuus, tulvat sek\u00e4 helle- tai sadejaksot. Sama s\u00e4\u00e4ilmi\u00f6 voi olla yhdell\u00e4 alueella \u00e4\u00e4ri-ilmi\u00f6 ja toisella alueella tavanomainen. Milloin kyse on s\u00e4\u00e4n \u00e4\u00e4ri-ilm\u00f6st\u00e4, paljastuu kun ilmi\u00f6t\u00e4 verrataan tarkasteltavan alueen tavanomaiseen s\u00e4\u00e4h\u00e4n ja ilmastoon. (Saukkonen 2020, s. 9)<\/p>\n<p><strong>Ilmastoriski<\/strong>\u00a0m\u00e4\u00e4ritell\u00e4\u00e4n seuraavasti: <em>ilmastonmuutoksen vaikutusten mahdolliset kielteiset seuraukset ihmisille tai ekologisille j\u00e4rjestelmille<\/em>. T\u00e4t\u00e4 kautta ilmastoriski on mahdollinen uhka my\u00f6s ihmisen toiminnalle kuten asumiselle ja tiettyjen elinkeinojen harjoittamiselle.<\/p>\n<p style=\"padding-left: 40px\">Ilmasto kuvaa s\u00e4\u00e4n yleispiirteist\u00e4 luonnetta ja vaihtelua tietyll\u00e4 alueella pitemm\u00e4ll\u00e4 ajanjaksolla. Ilmastosta puhutaan v\u00e4hint\u00e4\u00e4n 30 vuoden mittaisina jaksoina ilmakeh\u00e4n tilan vaihteluissa tarkastellulla alueella. Ilmasto on tilastollinen k\u00e4site, joka m\u00e4\u00e4ritell\u00e4\u00e4n laskemalla keskiarvoja ja hajontoja tietyn alueen s\u00e4\u00e4havainnoista. T\u00e4ll\u00e4 hetkell\u00e4, vuonna 2024, Suomen ilmasto jaetaan viiteen ilmastovy\u00f6hykkeeseen (<a href=\"https:\/\/www.ilmatieteenlaitos.fi\/suomen-ilmastovyohykkeet\">l\u00e4hde<\/a>).<\/p>\n<p style=\"padding-left: 40px\">Ilmasto on s\u00e4\u00e4n pitk\u00e4n ajan keskiarvo tietyll\u00e4 alueella. &#8221;<em>Ilmasto on s\u00e4\u00e4n arkisto [&#8230;] S\u00e4\u00e4 on siis yksitt\u00e4inen tapahtuma, ja ilmasto on n\u00e4iden tapahtumien er\u00e4\u00e4nlainen summa tai arkisto<\/em>&#8221; (Saukkonen 2020, 10). Jos tarkastellun alueen ilmaston todetaan muuttavan esimerkiksi siten, ett\u00e4 alueella sataa vuosittain enemm\u00e4n 30 vuoden ajanjaksolla verrattuna edelt\u00e4neeseen 30 vuoden ajanjaksoon, voidaan todeta alueella olevan suurempi todenn\u00e4k\u00f6isyys sateen aiheuttamalle s\u00e4\u00e4riskeille. T\u00e4ll\u00f6in esim. sateen aiheuttamat s\u00e4\u00e4riskit (h\u00e4iri\u00f6t tai vahingot) ovat yleistyess\u00e4\u00e4n osa alueen ilmastoriskej\u00e4.<\/p>\n<p style=\"padding-left: 80px\">&#8221;<em>Suomessa k\u00e4ytet\u00e4\u00e4n 30 vuoden keskiarvoja kuvattaessa ilmastollisia olosuhteita [&#8230;] N\u00e4it\u00e4 30 vuoden jaksoja lasketaan 10 vuoden v\u00e4lein, ja niist\u00e4 k\u00e4ytet\u00e4\u00e4n nimityst\u00e4 vertailukausi.<\/em>&#8221; (Saukkonen 2020, s.20)<\/p>\n<p style=\"padding-left: 40px\">S\u00e4\u00e4riski voi toteutua my\u00f6s esimerkiksi tilanteessa, jossa vaihtelevat yht\u00e4\u00e4lt\u00e4 pitk\u00e4t kuivuusjatkot ja toisaalta voimakkaat sateet; t\u00e4m\u00e4 v\u00e4hent\u00e4\u00e4 viljelysten satotasoa ja aiheuttaa sen ett\u00e4 osa lannoituksesta valuu vesist\u00f6ihin.<\/p>\n<p><strong>Ymp\u00e4rist\u00f6riskeill\u00e4<\/strong> tarkoitetaan <em>ihmisen terveyteen, elin- ja ty\u00f6ymp\u00e4rist\u00f6\u00f6n sek\u00e4 muihin eli\u00f6ihin ja fyysiseen ymp\u00e4rist\u00f6\u00f6n kohdistuvia riskej\u00e4<\/em>.\u00a0Ymp\u00e4rist\u00f6riskeihin kuuluvat sek\u00e4 normaalin toiminnan ett\u00e4 onnettomuustilanteiden p\u00e4\u00e4st\u00f6jen aiheuttamat riskit ymp\u00e4rist\u00f6lle (eli\u00a0ymp\u00e4rist\u00f6vahinkoriskit). <em>Ymp\u00e4rist\u00f6riskien hallinnan tavoitteena on tuotannon turvaaminen sek\u00e4 ymp\u00e4rist\u00f6st\u00e4 huolehtiminen siten, ett\u00e4 se s\u00e4ilyy turvallisena<\/em>. (<a href=\"https:\/\/pk-rh.fi\/riskien-luokittelu\/vahinkoriskit\/ymparistoriskit.html\">l\u00e4hde<\/a>) Ymp\u00e4rist\u00f6riskej\u00e4 tulee t\u00e4ten tarkastella osana ilmastoriskej\u00e4.<\/p>\n<p>S\u00e4\u00e4n \u00e4\u00e4ri-ilmi\u00f6iden aiheuttamia ymp\u00e4rist\u00f6riskej\u00e4 ovat esimerkiksi:<\/p>\n<ul>\n<li>Voimakasta pakkasjaksoa seurannut l\u00e4mp\u00f6tilan nopea lauhtuminen, joka aiheuttaa maanalaisten viem\u00e4rien, s\u00e4ili\u00f6iden ja vastaavien rakenteiden rikkoutumisen ja niiss\u00e4 olevan j\u00e4teveden tms. valumisen.<\/li>\n<li>Sateen tai tulvan aiheuttama kemikaalien valuminen viljelyksilt\u00e4 maaper\u00e4\u00e4n, viem\u00e4reihin tai vesist\u00f6ihin.<\/li>\n<\/ul>\n<p>&nbsp;<\/p>\n<p><strong>Ilmastoriskit mahdollisuutena elinkeinoel\u00e4m\u00e4lle<\/strong><\/p>\n<p>Riski voi olla sek\u00e4 uhka ett\u00e4 mahdollisuus, kun riski pystyt\u00e4\u00e4n ottamaan haltuun ja tuotteistetaan ratkaisu riskiin liittyv\u00e4n uhkan pienent\u00e4miseen tai riskin toteutumista seuraavien haittojen minimoimiseen. Riskienhallinta voi olla mahdollisuus my\u00f6s, kun siit\u00e4 tehd\u00e4\u00e4n kilpailutekij\u00e4 ja osoitetaan potentiaalisille asiakkaille ett\u00e4 riskinhallinnassa ollaan kilpailijoita pidemm\u00e4ll\u00e4.<\/p>\n<p><a href=\"https:\/\/ek.fi\/wp-content\/uploads\/2020\/07\/Ilmastonmuutoksen-vaikutukset-suomalaiseen-elinkeinoelamaan_Deloitte_EK_raportti_tammikuu-2020_FINAL.pdf\">Deloitten (2020) toimittaman selvityksen mukaan<\/a> <strong>ilmastonmuutos tuo Suomen elinkeinoel\u00e4m\u00e4\u00e4n merkitt\u00e4vi\u00e4 muutoksia, jotka\u00a0voidaan jossain m\u00e4\u00e4rin k\u00e4\u00e4nt\u00e4\u00e4 mahdollisuuksiksi<\/strong>:<\/p>\n<div class=\"page\" title=\"Page 4\">\n<div class=\"layoutArea\">\n<div class=\"column\">\n<ul>\n<li>&#8221;<em>Suomalaisten yritysten kannattaa houkutella sijoittajia tekema\u0308lla\u0308 omaa toimintaansa koskevat ilmastoriskit ja mahdollisuudet la\u0308pina\u0308kyviksi<\/em>.&#8221;<\/li>\n<li>&#8221;<em>Ilmastonmuutokseen sopeutuminen ja sen aiheuttamiin liiketoimintaympa\u0308risto\u0308n muutoksiin varautuminen tuo yrityksille merkitta\u0308via\u0308 strategisia hyo\u0308tyja\u0308. Ne auttavat yrityksia\u0308 ennakoimaan tuotanto- ja kustannusrakenteen muutoksia, asiakkaiden odotusten ja kysynna\u0308n vaihtelua, arvioimaan investointien kannattavuutta seka\u0308 erottautumaan kilpailijoista etupainotteisesti ja tarttumaan uusiin liiketoimintamahdollisuuksiin, joita seka\u0308 fyysiset etta\u0308 yhteiskunnalliset ilmastonmuutoksen vaikutukset luovat.<\/em>&#8221;<\/li>\n<li>&#8221;<em>Ilmastonmuutoksen fyysisten ja yhteiskunnallisten\u00a0vaikutusten huomioon ottaminen kannattaa sisa\u0308llytta\u0308a\u0308\u00a0esimerkiksi strategiaprosessien yhteydessa\u0308 tehta\u0308viin toimintaympa\u0308risto\u0308tarkasteluihin. Niiden kautta ilmastonmuutoksen riskit ja mahdollisuudet tulevat na\u0308kyviksi juuri oman yrityksen liiketoiminnan na\u0308ko\u0308kulmasta ja niiden merkitysta\u0308 voi arvioida suhteessa liiketoimintastrategiaan.<\/em>&#8221;<\/li>\n<\/ul>\n<div class=\"page\" title=\"Page 1\">\n<div class=\"layoutArea\">\n<div class=\"column\">\n<div class=\"page\" title=\"Page 43\">\n<div class=\"layoutArea\">\n<div class=\"column\">\n<p>Deloitten (2020) selityksess\u00e4 esitet\u00e4\u00e4n seuraavia suosituksia Suomen elinkeinoel\u00e4m\u00e4n valmistautumiselle tulevaan ja varautumaan\u00a0ilmastonmuutoksen vaikutuksiin:<\/p>\n<p><em>Kunkin yrityksen arvoketju on kuitenkin erilainen, minka\u0308 vuoksi vaikutuksia kannattaa tarkastella yrityksen omasta na\u0308ko\u0308kulmasta. Ilmastonmuutoksen tuomiin fyysisiin ja yhteiskunnallisiin muutoksiin tehta\u0308va\u0308 tarkastelu kannattaa yksitta\u0308isen yrityksen na\u0308ko\u0308kulmasta toteuttaa nelja\u0308ssa\u0308 vaiheessa [&#8230;] :<\/em><\/p>\n<div class=\"page\" title=\"Page 43\">\n<div class=\"layoutArea\">\n<div class=\"column\">\n<p><em><strong>1. Oman arvoketjun kartoittaminen ilmastoriskien kannalta<\/strong><\/em><\/p>\n<div class=\"page\" title=\"Page 43\">\n<div class=\"layoutArea\">\n<div class=\"column\">\n<p><em>Missa\u0308 maanosissa ja valtioissa tapahtuvilla muutoksilla on merkitysta\u0308 oman toimintamme kannalta?<\/em><\/p>\n<p><em> Jokaisen yrityksen kannattaa analysoida omia arvoketjujaan useasta n\u00e4k\u00f6kulmasta: mist\u00e4 raaka-aineet tai v\u00e4lituotteet tulevat, millaisissa olosuhteissa niit\u00e4 t\u00e4ll\u00e4 hetkell\u00e4 tuotetaan, sek\u00e4 millaisia logistiikkareittej\u00e4 niiden kuljetukseen k\u00e4ytet\u00e4\u00e4n. Omien arvoketjujen l\u00e4pik\u00e4ymisen yhteydess\u00e4 kannattaa tutkia esimerkiksi eri maanosissa tapahtuvan makean veden saatavuuden heikkenemisen, s\u00e4\u00e4n \u00e4\u00e4ri-ilmi\u00f6iden yleistymisen ja merenpinnan nousun vaikutuksia.<\/em><\/p>\n<p><em>Suomalaisten yritysten kannattaa pohtia strategiaansa ja liiketoiminnalta edellytett\u00e4vi\u00e4 muutoksia erityisesti, mik\u00e4li yrityksen asiakkaat tai alihankkijat sijaitsevat maissa, jotka jo nyt toteuttavat 1,5 asteen l\u00e4mpenemispolkuun t\u00e4ht\u00e4\u00e4v\u00e4\u00e4 ilmastopolitiikkaa. T\u00e4llainen politiikka voi johtaa my\u00f6s yrityksen oman toiminnan n\u00e4k\u00f6kulmasta suuriin muutoksiin esimerkiksi raaka-aineiden ja teknologiaratkaisujen tarjonnassa ja tuotteiden tai palveluiden kysynn\u00e4ss\u00e4.<\/em><\/p>\n<\/div>\n<div class=\"page\" title=\"Page 43\">\n<div class=\"layoutArea\">\n<div class=\"column\">\n<p><em><strong>2. Tietopohjan kera\u0308a\u0308minen<\/strong><\/em><\/p>\n<\/div>\n<div class=\"column\">\n<div class=\"page\" title=\"Page 43\">\n<div class=\"layoutArea\">\n<div class=\"column\">\n<p><em>Millaisia fyysisia\u0308 vaikutuksia ja yhteiskunnallisia muutoksia na\u0308illa\u0308 alueilla on odotettavissa ilmastonmuutoksen seurauksena? Mitka\u0308 epa\u0308varmuudet muutoksiin vaikuttavat ja millaisia tulevaisuuden skenaarioita na\u0308iden epa\u0308varmuuksien pohjalta voidaan rakentaa?<\/em><\/p>\n<div class=\"page\" title=\"Page 43\">\n<div class=\"layoutArea\">\n<div class=\"column\">\n<p><em><strong>3. Skenaarioanalyysi<\/strong><\/em><\/p>\n<div class=\"page\" title=\"Page 43\">\n<div class=\"layoutArea\">\n<div class=\"column\">\n<p><em>Miten eri tulevaisuuden skenaariot vaikuttaisivat omaan liiketoimintaamme? Mita\u0308 yhta\u0308la\u0308isyyksia\u0308 skenaarioiden va\u0308lilta\u0308 lo\u0308ytyy, joiden voimme odottaa suhteellisella varmuudella toteutuvan?<\/em><\/p>\n<div class=\"page\" title=\"Page 44\">\n<div class=\"layoutArea\">\n<div class=\"column\">\n<p><em>Skenaarioille yhteiset ilmio\u0308t:<\/em><\/p>\n<p><em><strong>a. Muutokset toimitusketjuissa<\/strong>:\u00a0Jos ilmastopolitiikkaa toteutetaan 1,5 asteen polun vaatimalla kunnianhimolla, yleistynee vastuullisuuden arvostus kaiken kaikkiaan, jolloin sidosryhmien la\u0308pina\u0308kyvyysvaatimukset ja lainsa\u0308a\u0308da\u0308nto\u0308 voivat tuottaa merkitta\u0308via\u0308 muutoksia toimitusketjuihin. Ta\u0308ha\u0308n varautuminen ehka\u0308isee alihankintakustannuksien karkaamista ja voi ylla\u0308pita\u0308a\u0308 kilpailukykya\u0308 suhteessa alan muihin toimijoihin.<\/em><\/p>\n<div class=\"page\" title=\"Page 44\">\n<div class=\"layoutArea\">\n<div class=\"column\">\n<p><em><strong>b. Kiertotalous<\/strong>: Kaikkia tarkasteltuja skenaarioita yhdisti raaka-aineiden niukkuuden lisa\u0308a\u0308ntyminen: 1,5 asteen polkua seuraavissa skenaarioissa raaka- aineiden ka\u0308ytto\u0308a\u0308 halutaan todenna\u0308ko\u0308isesti rajoittaa etupainotteisesti pa\u0308a\u0308sto\u0308va\u0308hennysten aikaansaamiseksi, kun taas 4 asteen polkua seuraavissa skenaarioissa ylikuluttaminen on johtanut raaka-aineiden saatavuuden va\u0308henemiseen ja hintojen nousuun.<\/em><\/p>\n<div class=\"page\" title=\"Page 44\">\n<div class=\"layoutArea\">\n<div class=\"column\">\n<p><em><strong>c. Va\u0308ha\u0308riskisiin kohteisiin sijoittaminen<\/strong>:\u00a0Suomalaisten yritysten kannattaa houkutella sijoittajia tekema\u0308lla\u0308 omaa toimintaansa koskevat ilmastoriskit ja mahdollisuudet la\u0308pina\u0308kyviksi<\/em><\/p>\n<div class=\"page\" title=\"Page 44\">\n<div class=\"layoutArea\">\n<div class=\"column\">\n<p><em><strong>d. Osaamisen kehitta\u0308minen<\/strong>:\u00a0Ilmastonmuutoksen etenemisen vaikutukset vaativat uudenlaista kompetenssia yrityksien ja toimialojen sisa\u0308lle. Tilanteessa, jossa raaka-aineet ovat niukempia ja toimialojen seka\u0308 toimitusketjujen rakenteet muuttuvat, on maassamme tuntuvasti panostettava tuotekehitykseen, osaamisen kehitta\u0308miseen ja useilla toimialoilla myo\u0308s vahvaan erikoistumiseen.\u00a0<\/em><\/p>\n<p>&nbsp;<\/p>\n<\/div>\n<\/div>\n<\/div>\n<\/div>\n<\/div>\n<\/div>\n<\/div>\n<\/div>\n<\/div>\n<\/div>\n<\/div>\n<\/div>\n<div class=\"page\" title=\"Page 43\">\n<div class=\"layoutArea\">\n<div class=\"column\">\n<p><em><strong>4. Jatkotoimenpiteiden ma\u0308a\u0308ritta\u0308minen<\/strong><\/em><\/p>\n<div class=\"page\" title=\"Page 43\">\n<div class=\"layoutArea\">\n<div class=\"column\">\n<p><em>Miten meida\u0308n tulisi varautua tunnistettuihin vaikutuksiin? Millaisia strategisia ja operatiivisia pa\u0308a\u0308to\u0308ksia\u0308 meida\u0308n kannattaisi tehda\u0308 ja milla\u0308 aikava\u0308lilla\u0308? Millaiset kustannukset ja hyo\u0308dyt toimenpiteilla\u0308 on?&#8221;<\/em><\/p>\n<\/div>\n<\/div>\n<\/div>\n<\/div>\n<\/div>\n<\/div>\n<\/div>\n<\/div>\n<\/div>\n<\/div>\n<\/div>\n<\/div>\n<\/div>\n<\/div>\n<\/div>\n<\/div>\n<\/div>\n<\/div>\n<\/div>\n<\/div>\n<p>&nbsp;<\/p>\n<\/div>\n<\/div>\n<\/div>\n<\/div>\n<\/div>\n<\/div>\n<p>L\u00e4hde: <a href=\"https:\/\/ek.fi\/wp-content\/uploads\/2020\/07\/Ilmastonmuutoksen-vaikutukset-suomalaiseen-elinkeinoelamaan_Deloitte_EK_raportti_tammikuu-2020_FINAL.pdf\">Ilmastonmuutoksen vaikutukset suomalaiseen elinkeinoela\u0308ma\u0308a\u0308n \u2013 skenaariotyo\u0308n taustaraportti<\/a>.\u00a0Deloitten selvitys Elinkeinoela\u0308ma\u0308n keskusliitolle. 2020.<\/p>\n<\/div>\n<\/div>\n<\/div>\n<div class=\"page\" title=\"Page 4\">\n<div class=\"layoutArea\">\n<div class=\"column\"><\/div>\n<\/div>\n<\/div>\n<\/div>\n<\/div>\n<\/div>\n<p><strong>L\u00e4hdekirjallisuus<\/strong><\/p>\n<p>Saukkonen, Lea (2020). <em>S\u00e4\u00e4n \u00e4\u00e4ri-ilmi\u00f6t ja ilmastonmuutos<\/em>. Minerva kustannus Oy.<\/p>\n","protected":false},"excerpt":{"rendered":"<p>PERIL-hankkeen\u00a0ilmastoriskiportaalin sek\u00e4 tiekarttaty\u00f6skentelyn toteuttamiseksi pyrimme eri tavoin ker\u00e4\u00e4m\u00e4\u00e4n konkreettista ilmastoriskeihin liittyv\u00e4\u00e4 tietoa maakunnasta. Ilmastoriskitietoa ker\u00e4t\u00e4\u00e4n Etel\u00e4-Pohjanmaalta, jotta saadaan koottua k\u00e4sitys alueen toimijoiden tekemist\u00e4 havainnoista, erityisist\u00e4 huolenaiheista ja ideoista riskien torjumiseen. Ensimm\u00e4isess\u00e4 vaiheessa (alkaen toukokuussa 2024) ker\u00e4simme toimijoiden omakohtaisia n\u00e4kemyksi\u00e4 \u00e4\u00e4rimm\u00e4isten s\u00e4\u00e4ilmi\u00f6iden aiheuttamista uhkista Etel\u00e4-Pohjanmaalla. Demossa 1 toteutimme tiedon ker\u00e4\u00e4miseen tekstiviestibotin (sulkeutui 31.5.2024) sek\u00e4 rinnakkaisen verkkolomakkeen. [&hellip;]<\/p>\n","protected":false},"author":29,"featured_media":0,"parent":0,"menu_order":0,"comment_status":"closed","ping_status":"closed","template":"","meta":{"_acf_changed":false,"footnotes":""},"class_list":["post-120","page","type-page","status-publish","hentry"],"acf":[],"_links":{"self":[{"href":"https:\/\/sites.uwasa.fi\/peril\/wp-json\/wp\/v2\/pages\/120"}],"collection":[{"href":"https:\/\/sites.uwasa.fi\/peril\/wp-json\/wp\/v2\/pages"}],"about":[{"href":"https:\/\/sites.uwasa.fi\/peril\/wp-json\/wp\/v2\/types\/page"}],"author":[{"embeddable":true,"href":"https:\/\/sites.uwasa.fi\/peril\/wp-json\/wp\/v2\/users\/29"}],"replies":[{"embeddable":true,"href":"https:\/\/sites.uwasa.fi\/peril\/wp-json\/wp\/v2\/comments?post=120"}],"version-history":[{"count":65,"href":"https:\/\/sites.uwasa.fi\/peril\/wp-json\/wp\/v2\/pages\/120\/revisions"}],"predecessor-version":[{"id":951,"href":"https:\/\/sites.uwasa.fi\/peril\/wp-json\/wp\/v2\/pages\/120\/revisions\/951"}],"wp:attachment":[{"href":"https:\/\/sites.uwasa.fi\/peril\/wp-json\/wp\/v2\/media?parent=120"}],"curies":[{"name":"wp","href":"https:\/\/api.w.org\/{rel}","templated":true}]}}