{"id":975,"date":"2020-03-19T13:06:27","date_gmt":"2020-03-19T11:06:27","guid":{"rendered":"https:\/\/sites.uwasa.fi\/peek\/?page_id=975"},"modified":"2025-03-25T17:02:41","modified_gmt":"2025-03-25T15:02:41","slug":"talouspeli","status":"publish","type":"page","link":"https:\/\/sites.uwasa.fi\/peek\/talouspeli\/","title":{"rendered":"TalousTandem"},"content":{"rendered":"<p><img loading=\"lazy\" decoding=\"async\" class=\"size-full wp-image-1946 alignleft\" src=\"https:\/\/sites.uwasa.fi\/peek\/wp-content\/uploads\/sites\/30\/2021\/04\/logott.png\" alt=\"\" width=\"181\" height=\"81\" \/><\/p>\n<p>&nbsp;<\/p>\n<p>TalousTandem on huumorilla h\u00f6ystetty kurkistus opiskelijael\u00e4m\u00e4n erilaisiin valintatilanteisiin. Peliss\u00e4 ohjaat itsesi l\u00e4pi kolmen ensimm\u00e4isen opiskeluvuotesi. Miten asut? Osallistutko bileisiin? L\u00e4hdetk\u00f6 vaihtoon? Kiinnostaako sijoittaminen?<\/p>\n<p><img loading=\"lazy\" decoding=\"async\" class=\"alignright size-full wp-image-1898\" src=\"https:\/\/sites.uwasa.fi\/peek\/wp-content\/uploads\/sites\/30\/2021\/04\/ttkuva1.png\" alt=\"\" width=\"192\" height=\"342\" srcset=\"https:\/\/sites.uwasa.fi\/peek\/wp-content\/uploads\/sites\/30\/2021\/04\/ttkuva1.png 192w, https:\/\/sites.uwasa.fi\/peek\/wp-content\/uploads\/sites\/30\/2021\/04\/ttkuva1-168x300.png 168w\" sizes=\"(max-width: 192px) 100vw, 192px\" \/><br \/>\nPunnitse sinulle esitetyt vaihtoehdot ja pyri pit\u00e4m\u00e4\u00e4n taloutesi, sosiaaliset suhteesi, onnellisuutesi sek\u00e4 opintomenestyksesi tasapainossa. Tekem\u00e4si valinnat vaikuttavat reaaliajassa n\u00e4ihin kaikkiin opiskelijael\u00e4m\u00e4n osa-alueisiin. Muista, ett\u00e4 v\u00e4lill\u00e4 el\u00e4m\u00e4 voi my\u00f6s yll\u00e4tt\u00e4\u00e4!<\/p>\n<p>TalousTandem-peliss\u00e4 saat pelin aikana tekemiisi valintoihin perustuvan palautteen. Mik\u00e4li esimerkiksi p\u00e4\u00e4t\u00e4t olla ottamatta vaadittua kotivakuutusta, saattaa se hyvinkin osoittautua v\u00e4\u00e4r\u00e4ksi valinnaksi. Lis\u00e4ksi jokaisen vuoden lopussa saat yhteenvedon pelisuorituksestasi, jonka perusteella voit tehd\u00e4 johtop\u00e4\u00e4t\u00f6ksi\u00e4 siit\u00e4, mill\u00e4 osa-alueilla menee hyvin, ja miss\u00e4 voisi viel\u00e4 parantaa.<\/p>\n<p>Palautetta pelist\u00e4:<br \/>\n\u201dPeli konkretisoi havainnollisesti opiskelijan el\u00e4m\u00e4ss\u00e4 eteen tulevia p\u00e4\u00e4t\u00f6ksi\u00e4. Opin, ett\u00e4 jokaisella p\u00e4\u00e4t\u00f6ksell\u00e4 on vaikutusta moneen eri asiaan. Esimerkiksi aina paras vaihtoehto ei ole pyhitt\u00e4\u00e4 koko viikkoa opiskelulle, vaan muistakin el\u00e4m\u00e4n osa-alueista pit\u00e4\u00e4 huolehtia\u201d<\/p>\n<p>TalousTandem-pelin pelaaminen on maksutonta.<\/p>\n<p>TalousTandem-peliprototyyppi on kehitetty Vaasan yliopiston Pelilliset energia- ja kiertotalousratkaisut -hankkeen, <a href=\"https:\/\/www.valakia.fi\/\" target=\"_blank\" rel=\"noopener noreferrer\">Valakia Interactive Oy<\/a>:n sek\u00e4 <a href=\"https:\/\/www.gambitgroup.fi\" target=\"_blank\" rel=\"noopener noreferrer\">Gambit Oy<\/a>:n kanssa tehdyn yhteisty\u00f6n pohjalta.<\/p>\n<p>Peli\u00e4 on kehitetty my\u00f6s Suomen Akatemian <a href=\"https:\/\/digiconsumers.fi\/\">DigiConsumers-hankkeessa<\/a>.<\/p>\n<p>&nbsp;<\/p>\n<ul>\n<li><strong>TalousTandem selainversiota p\u00e4\u00e4set testaamaan osoitteessa<\/strong>:<br \/>\n<a href=\"https:\/\/lipas.uwasa.fi\/pelit\/TalousTandem\/\" target=\"_blank\" rel=\"noopener noreferrer\"> https:\/\/lipas.uwasa.fi\/pelit\/TalousTandem\/<\/a><\/li>\n<li>Hankkeessa kehitetyn Oman talouden hallinta -pelin materiaalin voit ladata<a href=\"https:\/\/lipas.uwasa.fi\/pelit\/TalousTandem\/_package\/\" target=\"_blank\" rel=\"noopener noreferrer\"> t\u00e4st\u00e4 (.zip).<\/a><\/li>\n<\/ul>\n","protected":false},"excerpt":{"rendered":"<p>&nbsp; TalousTandem on huumorilla h\u00f6ystetty kurkistus opiskelijael\u00e4m\u00e4n erilaisiin valintatilanteisiin. Peliss\u00e4 ohjaat itsesi l\u00e4pi kolmen ensimm\u00e4isen opiskeluvuotesi. Miten asut? Osallistutko bileisiin? L\u00e4hdetk\u00f6 vaihtoon? Kiinnostaako sijoittaminen? Punnitse sinulle esitetyt vaihtoehdot ja pyri pit\u00e4m\u00e4\u00e4n taloutesi, sosiaaliset suhteesi, onnellisuutesi sek\u00e4 opintomenestyksesi tasapainossa. Tekem\u00e4si valinnat vaikuttavat reaaliajassa n\u00e4ihin kaikkiin opiskelijael\u00e4m\u00e4n osa-alueisiin. Muista, ett\u00e4 v\u00e4lill\u00e4 el\u00e4m\u00e4 voi my\u00f6s yll\u00e4tt\u00e4\u00e4! TalousTandem-peliss\u00e4 saat [&hellip;]<\/p>\n","protected":false},"author":29,"featured_media":0,"parent":0,"menu_order":0,"comment_status":"closed","ping_status":"closed","template":"","meta":{"_acf_changed":false,"footnotes":""},"class_list":["post-975","page","type-page","status-publish","hentry"],"acf":[],"_links":{"self":[{"href":"https:\/\/sites.uwasa.fi\/peek\/wp-json\/wp\/v2\/pages\/975"}],"collection":[{"href":"https:\/\/sites.uwasa.fi\/peek\/wp-json\/wp\/v2\/pages"}],"about":[{"href":"https:\/\/sites.uwasa.fi\/peek\/wp-json\/wp\/v2\/types\/page"}],"author":[{"embeddable":true,"href":"https:\/\/sites.uwasa.fi\/peek\/wp-json\/wp\/v2\/users\/29"}],"replies":[{"embeddable":true,"href":"https:\/\/sites.uwasa.fi\/peek\/wp-json\/wp\/v2\/comments?post=975"}],"version-history":[{"count":66,"href":"https:\/\/sites.uwasa.fi\/peek\/wp-json\/wp\/v2\/pages\/975\/revisions"}],"predecessor-version":[{"id":2006,"href":"https:\/\/sites.uwasa.fi\/peek\/wp-json\/wp\/v2\/pages\/975\/revisions\/2006"}],"wp:attachment":[{"href":"https:\/\/sites.uwasa.fi\/peek\/wp-json\/wp\/v2\/media?parent=975"}],"curies":[{"name":"wp","href":"https:\/\/api.w.org\/{rel}","templated":true}]}}