{"id":972,"date":"2020-03-19T13:05:40","date_gmt":"2020-03-19T11:05:40","guid":{"rendered":"https:\/\/sites.uwasa.fi\/peek\/?page_id=972"},"modified":"2020-10-20T13:44:00","modified_gmt":"2020-10-20T10:44:00","slug":"kierratyskisa","status":"publish","type":"page","link":"https:\/\/sites.uwasa.fi\/peek\/kierratyskisa\/","title":{"rendered":"Kierr\u00e4tyskisa"},"content":{"rendered":"<p>&nbsp;<\/p>\n<p>Kierr\u00e4tyskisa on kaikille suunnattu, kiertotalouteen ja kierr\u00e4tt\u00e4miseen liittyv\u00e4 verkossa pelattava peli, joka on laajennettavissa ja muokattavissa esimerkiksi (lapsille suunnatuksi) korttipeliksi.<\/p>\n<p><img loading=\"lazy\" decoding=\"async\" class=\"alignright wp-image-1288\" title=\"kierr\u00e4tyskisa etusivu\" src=\"https:\/\/sites.uwasa.fi\/peek\/wp-content\/uploads\/sites\/30\/2020\/06\/etusivu.png\" alt=\"\" width=\"599\" height=\"336\" srcset=\"https:\/\/sites.uwasa.fi\/peek\/wp-content\/uploads\/sites\/30\/2020\/06\/etusivu.png 955w, https:\/\/sites.uwasa.fi\/peek\/wp-content\/uploads\/sites\/30\/2020\/06\/etusivu-300x168.png 300w, https:\/\/sites.uwasa.fi\/peek\/wp-content\/uploads\/sites\/30\/2020\/06\/etusivu-768x431.png 768w, https:\/\/sites.uwasa.fi\/peek\/wp-content\/uploads\/sites\/30\/2020\/06\/etusivu-320x180.png 320w, https:\/\/sites.uwasa.fi\/peek\/wp-content\/uploads\/sites\/30\/2020\/06\/etusivu-640x360.png 640w\" sizes=\"(max-width: 599px) 100vw, 599px\" \/><\/p>\n<p>&nbsp;<\/p>\n<p>Ideana Kierr\u00e4tyskisa-pelikonseptissa on auttaa talonomistajaa selvi\u00e4m\u00e4\u00e4n siivouksesta ja luopumaan hamstraamistaan tavaroista sek\u00e4 opettaa h\u00e4nt\u00e4 lajittelemaan j\u00e4tteet oikein. Peliss\u00e4 on my\u00f6s varottava heitt\u00e4m\u00e4st\u00e4 pois t\u00e4rkeit\u00e4, viel\u00e4 hyvi\u00e4 esineit\u00e4. Pelin oppimistavoitteena on oikeanlaiseen lajitteluun perehdytt\u00e4minen. Pelin avulla pyrit\u00e4\u00e4n muuttamaan kuluttajan asenteita siisteyteen kannustamisen, kierr\u00e4tt\u00e4misen edist\u00e4misen sek\u00e4 turhan kuluttamisen v\u00e4hent\u00e4misen kautta.<\/p>\n<p>&nbsp;<\/p>\n<p>Peliss\u00e4 on erilaisia huoneita (kentti\u00e4), joita pelaaja tyhjent\u00e4\u00e4. Erilaisiin esineisiin voidaan tarttua ja raahata oikeaan j\u00e4teastiaan. Osa tavaroista koostuu useasta osasta ja ne on purettava ennen kierr\u00e4tykseen laittamista osiin. Esimerkiksi lasipurkista on irrotettava metallikansi. Peliss\u00e4 ansaitaan pisteit\u00e4 oikeisiin j\u00e4teastioihin laitetuista tavaroista sek\u00e4 nopeudesta. Peliss\u00e4 kuvataan my\u00f6s tyhjennett\u00e4v\u00e4n talon omistajaa ja h\u00e4nen tunnetilansa n\u00e4kyy h\u00e4nen kasvoiltaan. V\u00e4\u00e4rin tehdyist\u00e4 valinnoista omistaja tulee vihaiseksi.<\/p>\n<p>Pelin kehitt\u00e4j\u00e4tiimiin kuuluu <strong>Rami Nuotio<\/strong> (alkuper\u00e4inen konsepti, ohjelmointi, k\u00e4ytt\u00f6liittym\u00e4suunnittelu) sek\u00e4 <strong>Sami Nuotio<\/strong> (konsepti, graafinen suunnittelu, ohjelmointi).<\/p>\n<p>&nbsp;<\/p>\n<p><img loading=\"lazy\" decoding=\"async\" class=\"alignright wp-image-1289\" src=\"https:\/\/sites.uwasa.fi\/peek\/wp-content\/uploads\/sites\/30\/2020\/06\/huone.png\" alt=\"kierr\u00e4tyskisa\" width=\"598\" height=\"336\" srcset=\"https:\/\/sites.uwasa.fi\/peek\/wp-content\/uploads\/sites\/30\/2020\/06\/huone.png 955w, https:\/\/sites.uwasa.fi\/peek\/wp-content\/uploads\/sites\/30\/2020\/06\/huone-300x169.png 300w, https:\/\/sites.uwasa.fi\/peek\/wp-content\/uploads\/sites\/30\/2020\/06\/huone-768x432.png 768w, https:\/\/sites.uwasa.fi\/peek\/wp-content\/uploads\/sites\/30\/2020\/06\/huone-320x180.png 320w, https:\/\/sites.uwasa.fi\/peek\/wp-content\/uploads\/sites\/30\/2020\/06\/huone-640x360.png 640w\" sizes=\"(max-width: 598px) 100vw, 598px\" \/><\/p>\n<ul>\n<li><strong>Kierr\u00e4tyskisa-peli\u00e4 p\u00e4\u00e4set testaamaan osoitteessa<\/strong>:<br \/>\n<a href=\"http:\/\/www.kierratyskisa.fi\" target=\"_blank\" rel=\"noopener noreferrer\">www.kierratyskisa.fi<\/a><\/li>\n<li>Hankkeessa kehitetyn Kierr\u00e4tyskisa-pelin l\u00e4hdekoodin, graafisen materiaalin ja \u00e4\u00e4nimateriaalin voit ladata<br \/>\n<a href=\"https:\/\/cloud.uwasa.fi\/index.php\/s\/BYoe5P8bhWeDFJ8\" target=\"_blank\" rel=\"noopener noreferrer\">t\u00e4st\u00e4 (Build_v10b.zip)<\/a> sek\u00e4 <a href=\"https:\/\/cloud.uwasa.fi\/index.php\/s\/ie1TwbNrbeaTCEb\" target=\"_blank\" rel=\"noopener noreferrer\">t\u00e4st\u00e4 (PEEK Project(Unity)_v10b.zip)<\/a>.<\/li>\n<\/ul>\n<p>&nbsp;<\/p>\n<p>&nbsp;<\/p>\n<p>&nbsp;<\/p>\n","protected":false},"excerpt":{"rendered":"<p>&nbsp; Kierr\u00e4tyskisa on kaikille suunnattu, kiertotalouteen ja kierr\u00e4tt\u00e4miseen liittyv\u00e4 verkossa pelattava peli, joka on laajennettavissa ja muokattavissa esimerkiksi (lapsille suunnatuksi) korttipeliksi. &nbsp; Ideana Kierr\u00e4tyskisa-pelikonseptissa on auttaa talonomistajaa selvi\u00e4m\u00e4\u00e4n siivouksesta ja luopumaan hamstraamistaan tavaroista sek\u00e4 opettaa h\u00e4nt\u00e4 lajittelemaan j\u00e4tteet oikein. Peliss\u00e4 on my\u00f6s varottava heitt\u00e4m\u00e4st\u00e4 pois t\u00e4rkeit\u00e4, viel\u00e4 hyvi\u00e4 esineit\u00e4. Pelin oppimistavoitteena on oikeanlaiseen lajitteluun perehdytt\u00e4minen. [&hellip;]<\/p>\n","protected":false},"author":29,"featured_media":0,"parent":0,"menu_order":0,"comment_status":"closed","ping_status":"closed","template":"","meta":{"_acf_changed":false,"footnotes":""},"class_list":["post-972","page","type-page","status-publish","hentry"],"acf":[],"_links":{"self":[{"href":"https:\/\/sites.uwasa.fi\/peek\/wp-json\/wp\/v2\/pages\/972"}],"collection":[{"href":"https:\/\/sites.uwasa.fi\/peek\/wp-json\/wp\/v2\/pages"}],"about":[{"href":"https:\/\/sites.uwasa.fi\/peek\/wp-json\/wp\/v2\/types\/page"}],"author":[{"embeddable":true,"href":"https:\/\/sites.uwasa.fi\/peek\/wp-json\/wp\/v2\/users\/29"}],"replies":[{"embeddable":true,"href":"https:\/\/sites.uwasa.fi\/peek\/wp-json\/wp\/v2\/comments?post=972"}],"version-history":[{"count":35,"href":"https:\/\/sites.uwasa.fi\/peek\/wp-json\/wp\/v2\/pages\/972\/revisions"}],"predecessor-version":[{"id":1356,"href":"https:\/\/sites.uwasa.fi\/peek\/wp-json\/wp\/v2\/pages\/972\/revisions\/1356"}],"wp:attachment":[{"href":"https:\/\/sites.uwasa.fi\/peek\/wp-json\/wp\/v2\/media?parent=972"}],"curies":[{"name":"wp","href":"https:\/\/api.w.org\/{rel}","templated":true}]}}