{"id":969,"date":"2020-03-19T13:05:15","date_gmt":"2020-03-19T11:05:15","guid":{"rendered":"https:\/\/sites.uwasa.fi\/peek\/?page_id=969"},"modified":"2021-04-11T09:45:47","modified_gmt":"2021-04-11T06:45:47","slug":"kotimaskotti","status":"publish","type":"page","link":"https:\/\/sites.uwasa.fi\/peek\/kotimaskotti\/","title":{"rendered":"Kotimaskotti"},"content":{"rendered":"<p><img loading=\"lazy\" decoding=\"async\" class=\"size-full wp-image-1040 alignright\" src=\"https:\/\/sites.uwasa.fi\/peek\/wp-content\/uploads\/sites\/30\/2020\/03\/tamagotchi.png\" alt=\"\" width=\"261\" height=\"409\" srcset=\"https:\/\/sites.uwasa.fi\/peek\/wp-content\/uploads\/sites\/30\/2020\/03\/tamagotchi.png 261w, https:\/\/sites.uwasa.fi\/peek\/wp-content\/uploads\/sites\/30\/2020\/03\/tamagotchi-191x300.png 191w\" sizes=\"(max-width: 261px) 100vw, 261px\" \/>Kotimaskotti on \u00e4lykotiratkaisu, jonka tavoitteena on pysty\u00e4 muuttamaan asumistottumuksia.<\/p>\n<p>Pyrkimyksen\u00e4 on saada ihmiset kotona:<\/p>\n<ul>\n<li>sammuttamaan valoja,<\/li>\n<li>v\u00e4hent\u00e4m\u00e4\u00e4n j\u00e4tett\u00e4,<\/li>\n<li>kierr\u00e4tt\u00e4m\u00e4\u00e4n roskansa.<\/li>\n<\/ul>\n<p>Peli pyrkii vaikuttamaan k\u00e4ytt\u00e4ytymistottumuksiin.<\/p>\n<p>Kotimaskotissa kotia mitataan huonekohtaisilla antureilla, jotka mittaavat l\u00e4mp\u00f6\u00e4, ilmankosteutta, ilmanpainetta, huoneen valoisuutta ja sit\u00e4 onko ovi auki vai kiinni. Lis\u00e4ksi antureita voidaan asettaa esimerkiksi roskisten alle tai mitata vaikkapa veden- ja s\u00e4hk\u00f6nkulutusta. Tieto v\u00e4littyy antureista virtuaalimaskotti Thunille. Thun antaa palautetta siit\u00e4, miten hyvin perhe on onnistunut kest\u00e4v\u00e4n kehityksen mukaisessa asumisessa.<\/p>\n<p>Thun on virtuaalinen j\u00e4\u00e4karhu, joka vetoaa kuluttajaan ja jonka h\u00e4n haluaa pelastaa. Lis\u00e4ksi Thunin kanssa voi leikki\u00e4. Idea perustuu oletukselle, ett\u00e4 ihmiset haluavat pit\u00e4\u00e4 eteisess\u00e4 asuvan j\u00e4\u00e4karhunsa tyytyv\u00e4isen\u00e4.<\/p>\n<p>Kotimaskotti pyrkii ratkomaan energiatalouden ja kest\u00e4v\u00e4n kehityksen problematiikka erityisesti asumisen n\u00e4k\u00f6kulmasta. Ratkaisulla pyrit\u00e4\u00e4n vaikuttamaan asumiseen ihmisl\u00e4ht\u00f6isen teknologian avulla parantaen el\u00e4m\u00e4nlaatua sek\u00e4 s\u00e4\u00e4st\u00e4\u00e4 maapalloa sek\u00e4 rahaa ja vaivaa.<\/p>\n<p>Kotimaskotin kehitt\u00e4j\u00e4: <strong>Jussi Rasku \/ <a href=\"https:\/\/aistico.com\/\" target=\"_blank\" rel=\"noopener\">Aistico Oy<\/a><\/strong><\/p>\n<p>Voit lukea Kotimaskotin kehitysprosessista tarkemmin tutustumalla oheiseen rapottiin:<br \/>\n<a href=\"https:\/\/cloud.uwasa.fi\/index.php\/s\/1jiWu3FAodtMVLx\" target=\"_blank\" rel=\"noopener\">Kotimaskotti loppuraportti<\/a> (pdf)<\/p>\n<ul>\n<li>Hankkeessa kehitetyn Kotimaskotti-prototyypin l\u00e4hdekoodin, maskottiapplikaation sek\u00e4 sen testaamiseen tarkoitetun anturisimulaattorin l\u00f6yd\u00e4t osoitteesta:<br \/>\n<a href=\"https:\/\/cloud.uwasa.fi\/index.php\/s\/bTGvskaXthWeD8O\" target=\"_blank\" rel=\"noopener noreferrer\">https:\/\/cloud.uwasa.fi\/index.php\/s\/bTGvskaXthWeD8O<\/a><\/li>\n<li>Esittelyvideo: <a href=\"https:\/\/youtu.be\/rb3QCiTRYFM\" target=\"_blank\" rel=\"noopener noreferrer\">https:\/\/youtu.be\/rb3QCiTRYFM<\/a><\/li>\n<\/ul>\n","protected":false},"excerpt":{"rendered":"<p>Kotimaskotti on \u00e4lykotiratkaisu, jonka tavoitteena on pysty\u00e4 muuttamaan asumistottumuksia. Pyrkimyksen\u00e4 on saada ihmiset kotona: sammuttamaan valoja, v\u00e4hent\u00e4m\u00e4\u00e4n j\u00e4tett\u00e4, kierr\u00e4tt\u00e4m\u00e4\u00e4n roskansa. Peli pyrkii vaikuttamaan k\u00e4ytt\u00e4ytymistottumuksiin. Kotimaskotissa kotia mitataan huonekohtaisilla antureilla, jotka mittaavat l\u00e4mp\u00f6\u00e4, ilmankosteutta, ilmanpainetta, huoneen valoisuutta ja sit\u00e4 onko ovi auki vai kiinni. Lis\u00e4ksi antureita voidaan asettaa esimerkiksi roskisten alle tai mitata vaikkapa veden- ja [&hellip;]<\/p>\n","protected":false},"author":29,"featured_media":0,"parent":0,"menu_order":0,"comment_status":"closed","ping_status":"closed","template":"","meta":{"_acf_changed":false,"footnotes":""},"class_list":["post-969","page","type-page","status-publish","hentry"],"acf":[],"_links":{"self":[{"href":"https:\/\/sites.uwasa.fi\/peek\/wp-json\/wp\/v2\/pages\/969"}],"collection":[{"href":"https:\/\/sites.uwasa.fi\/peek\/wp-json\/wp\/v2\/pages"}],"about":[{"href":"https:\/\/sites.uwasa.fi\/peek\/wp-json\/wp\/v2\/types\/page"}],"author":[{"embeddable":true,"href":"https:\/\/sites.uwasa.fi\/peek\/wp-json\/wp\/v2\/users\/29"}],"replies":[{"embeddable":true,"href":"https:\/\/sites.uwasa.fi\/peek\/wp-json\/wp\/v2\/comments?post=969"}],"version-history":[{"count":23,"href":"https:\/\/sites.uwasa.fi\/peek\/wp-json\/wp\/v2\/pages\/969\/revisions"}],"predecessor-version":[{"id":1914,"href":"https:\/\/sites.uwasa.fi\/peek\/wp-json\/wp\/v2\/pages\/969\/revisions\/1914"}],"wp:attachment":[{"href":"https:\/\/sites.uwasa.fi\/peek\/wp-json\/wp\/v2\/media?parent=969"}],"curies":[{"name":"wp","href":"https:\/\/api.w.org\/{rel}","templated":true}]}}