{"id":966,"date":"2020-03-19T12:20:31","date_gmt":"2020-03-19T10:20:31","guid":{"rendered":"https:\/\/sites.uwasa.fi\/peek\/?page_id=966"},"modified":"2021-04-10T18:28:37","modified_gmt":"2021-04-10T15:28:37","slug":"tyopajat","status":"publish","type":"page","link":"https:\/\/sites.uwasa.fi\/peek\/tyopajat\/","title":{"rendered":"Ty\u00f6pajat ja tilaisuudet"},"content":{"rendered":"<h3><strong>Ty\u00f6pajat (substanssiosaajat alustajina) yhdess\u00e4 pelinkehitt\u00e4jien kanssa<\/strong><\/h3>\n<p style=\"text-align: justify\"><img loading=\"lazy\" decoding=\"async\" class=\"alignright wp-image-1400\" src=\"https:\/\/sites.uwasa.fi\/peek\/wp-content\/uploads\/sites\/30\/2020\/12\/tyopajat.png\" alt=\"\" width=\"548\" height=\"354\" srcset=\"https:\/\/sites.uwasa.fi\/peek\/wp-content\/uploads\/sites\/30\/2020\/12\/tyopajat.png 2076w, https:\/\/sites.uwasa.fi\/peek\/wp-content\/uploads\/sites\/30\/2020\/12\/tyopajat-300x194.png 300w, https:\/\/sites.uwasa.fi\/peek\/wp-content\/uploads\/sites\/30\/2020\/12\/tyopajat-1024x661.png 1024w, https:\/\/sites.uwasa.fi\/peek\/wp-content\/uploads\/sites\/30\/2020\/12\/tyopajat-768x496.png 768w, https:\/\/sites.uwasa.fi\/peek\/wp-content\/uploads\/sites\/30\/2020\/12\/tyopajat-1536x991.png 1536w, https:\/\/sites.uwasa.fi\/peek\/wp-content\/uploads\/sites\/30\/2020\/12\/tyopajat-2048x1322.png 2048w\" sizes=\"(max-width: 548px) 100vw, 548px\" \/>Hankkeessa pelillisten ratkaisujen kehitt\u00e4misen l\u00e4ht\u00f6kohdan muodostivat kaikille peleist\u00e4 ja pelillist\u00e4misest\u00e4 kiinnostuneille avoimet ty\u00f6pajat ja pelijamit. Hankkeessa j\u00e4rjestettiin jokaiselle teema-alueelle ty\u00f6pajoja sek\u00e4 annettiin mahdollisuus osallistua aiheittaisiin pelijameihin. Kukin ty\u00f6paja kokosi esiintyjien lis\u00e4ksi yhteen 15\u201320 peleist\u00e4 ja pelillist\u00e4misest\u00e4 kiinnostunutta osallistujaa\/pelintekij\u00e4\u00e4. Ty\u00f6pajoissa haettiin yhdess\u00e4 asiantuntijoiden sek\u00e4 pelinkehitt\u00e4jien kanssa ev\u00e4it\u00e4 sille, ett\u00e4 millaisia pelillisi\u00e4 ratkaisuja kulloinkin kyseess\u00e4 olevalle alalle tarvitaan.<\/p>\n<ul style=\"text-align: justify\">\n<li data-leveltext=\"o\" data-font=\"Courier New\" data-listid=\"27\" data-aria-posinset=\"1\" data-aria-level=\"2\"><span data-contrast=\"none\">Ty\u00f6pajat\u00a0<\/span><span data-contrast=\"none\">antoivat hankkeessa keskeisen substanssiosaamisen pelinkehittelij\u00f6ille. Ty\u00f6pajoissa alustuksia esittiv\u00e4t Suvi Karirinne, Aura Piha, Enni\u00a0<\/span><span data-contrast=\"none\">Ruokamo<\/span><span data-contrast=\"none\">, Harri Lehtinen, Ari Autio, Pekka Riihimaa<\/span><span data-contrast=\"none\">,<\/span><span data-contrast=\"none\">\u00a0Minna Markkanen<\/span><span data-contrast=\"none\">\u00a0sek\u00e4 Kari\u00a0<\/span><span data-contrast=\"none\">Laasasenaho<\/span><span data-contrast=\"none\">.\u00a0<\/span><span data-contrast=\"none\">\u00a0<\/span><span data-ccp-props=\"{&quot;201341983&quot;:0,&quot;335551550&quot;:1,&quot;335551620&quot;:1,&quot;335559685&quot;:1440,&quot;335559737&quot;:0,&quot;335559739&quot;:120,&quot;335559740&quot;:259,&quot;335559991&quot;:360,&quot;469777462&quot;:[360],&quot;469777927&quot;:[0],&quot;469777928&quot;:[8]}\">\u00a0<\/span><\/li>\n<\/ul>\n<p style=\"text-align: justify\">Ensimm\u00e4isen ty\u00f6pajan keskeisin tavoite oli kuunnella pelintekij\u00e4puolen ajatuksia ja ideoita vapaamuotoisen keskustelun pohjalta. Ty\u00f6pajan yhteydess\u00e4 k\u00e4ydyiss\u00e4 keskusteluissa peliosaajien puolelta nousi selke\u00e4sti esille tarve eri alojen substanssiosaamisen vahvistamisesta.<\/p>\n<p style=\"text-align: justify\">Pelinkehitt\u00e4j\u00e4t totesivat, ett\u00e4 pelinkehitt\u00e4misess\u00e4 t\u00e4rke\u00e4\u00e4 olisi p\u00e4\u00e4st\u00e4 keskustelemaan aiheista sellaisten henkil\u00f6iden kanssa, kenelt\u00e4 l\u00f6ytyy syvemp\u00e4\u00e4 alan konkreettista osaamista.<\/p>\n<p style=\"text-align: justify\">Ensimm\u00e4isen tilaisuuden perusteella hankkeessa p\u00e4\u00e4dyttiin siihen, ett\u00e4 loput kolme ty\u00f6pajaa jaettiin kukin omaa aihepiiri\u00e4\u00e4n k\u00e4sittelev\u00e4ksi tilaisuudekseen (energiatalous, kiertotalous sek\u00e4 oman talouden hallinta). Ty\u00f6pajojen sis\u00e4lt\u00f6 n\u00e4iss\u00e4 kolmessa rakennettiin selke\u00e4sti pelintekij\u00f6iden substanssiosaamisen vahvistamiseen sek\u00e4 siihen, ett\u00e4 aihepiirin k\u00e4sittelyyn sek\u00e4 vapaalle keskustelulle j\u00e4\u00e4 paljon tilaa.<\/p>\n<p style=\"text-align: justify\">Kukin ty\u00f6paja rakentui kulloiseenkin teemaan sopivista 1-3:sta yritys- ja\/tai koulutussektorin asiantuntijaluennoista. Esiintyj\u00e4t kertoivat p\u00e4\u00e4osin joko omista meneill\u00e4\u00e4n olevista pelillist\u00e4misprojekteista, esitteliv\u00e4t pelillist\u00e4miseen liittyvi\u00e4 omia huomioitaan tai vaikkapa pelattiin konkreettisesti aihepiiriin rakennettuja pelej\u00e4. Esittelyj\u00e4 seurannut vapaa keskustelu oli l\u00e4hes joka ty\u00f6pajassa aktiivista. My\u00f6s yrityksen tai koulutusalan edustajat kertoivat saaneensa paljon irti keskusteluista.<\/p>\n<h3>Hankkeessa j\u00e4rjestetyt ty\u00f6pajatilaisuudet sek\u00e4 tapahtumat, joissa hanketta on esitelty:<\/h3>\n<p style=\"text-align: justify\">Hanke j\u00e4rjesti yleis\u00f6luennon Sein\u00e4joen kansalaisopistolla, osallistui Vaasa Game Days- sek\u00e4 Tietoprovinssi -tapahtumiin, Suomen Kiertovoiman Neuvonta- ja viestint\u00e4p\u00e4iville Pietarsaaressa sek\u00e4 Energiaoivalluksia -webinaariin. Lis\u00e4ksi osallistuttiin EU Etel\u00e4-Pohjanmaalla tapahtumaan Alaj\u00e4rvell\u00e4. Hanketta esiteltiin my\u00f6s Sein\u00e4joen lukiolla joulukuussa 2019 sek\u00e4 Vientikillan kes\u00e4p\u00e4ivill\u00e4 Ylih\u00e4rm\u00e4ss\u00e4 Artturin talolla kes\u00e4kuussa 2020.\u00a0 Viestimiss\u00e4 hanke oli esill\u00e4 mm. Lakeuden etapin tiedotuslehti Etappi-aviisissa ja Etappi-radiossa. Hankkeesta oli juttu my\u00f6s EU Etel\u00e4-Pohjanmaalla tiedotuslehdess\u00e4. Hanketta esiteltiin my\u00f6s Talotekniikka-lehdess\u00e4 sek\u00e4 Vastuullisuusuutisissa. Tutustu tilaisuuksiin ja tapahtumiin tarkemmin alla.<\/p>\n","protected":false},"excerpt":{"rendered":"<p>Ty\u00f6pajat (substanssiosaajat alustajina) yhdess\u00e4 pelinkehitt\u00e4jien kanssa Hankkeessa pelillisten ratkaisujen kehitt\u00e4misen l\u00e4ht\u00f6kohdan muodostivat kaikille peleist\u00e4 ja pelillist\u00e4misest\u00e4 kiinnostuneille avoimet ty\u00f6pajat ja pelijamit. Hankkeessa j\u00e4rjestettiin jokaiselle teema-alueelle ty\u00f6pajoja sek\u00e4 annettiin mahdollisuus osallistua aiheittaisiin pelijameihin. Kukin ty\u00f6paja kokosi esiintyjien lis\u00e4ksi yhteen 15\u201320 peleist\u00e4 ja pelillist\u00e4misest\u00e4 kiinnostunutta osallistujaa\/pelintekij\u00e4\u00e4. Ty\u00f6pajoissa haettiin yhdess\u00e4 asiantuntijoiden sek\u00e4 pelinkehitt\u00e4jien kanssa ev\u00e4it\u00e4 sille, ett\u00e4 millaisia [&hellip;]<\/p>\n","protected":false},"author":29,"featured_media":0,"parent":0,"menu_order":0,"comment_status":"closed","ping_status":"closed","template":"","meta":{"_acf_changed":false,"footnotes":""},"class_list":["post-966","page","type-page","status-publish","hentry"],"acf":[],"_links":{"self":[{"href":"https:\/\/sites.uwasa.fi\/peek\/wp-json\/wp\/v2\/pages\/966"}],"collection":[{"href":"https:\/\/sites.uwasa.fi\/peek\/wp-json\/wp\/v2\/pages"}],"about":[{"href":"https:\/\/sites.uwasa.fi\/peek\/wp-json\/wp\/v2\/types\/page"}],"author":[{"embeddable":true,"href":"https:\/\/sites.uwasa.fi\/peek\/wp-json\/wp\/v2\/users\/29"}],"replies":[{"embeddable":true,"href":"https:\/\/sites.uwasa.fi\/peek\/wp-json\/wp\/v2\/comments?post=966"}],"version-history":[{"count":74,"href":"https:\/\/sites.uwasa.fi\/peek\/wp-json\/wp\/v2\/pages\/966\/revisions"}],"predecessor-version":[{"id":1864,"href":"https:\/\/sites.uwasa.fi\/peek\/wp-json\/wp\/v2\/pages\/966\/revisions\/1864"}],"wp:attachment":[{"href":"https:\/\/sites.uwasa.fi\/peek\/wp-json\/wp\/v2\/media?parent=966"}],"curies":[{"name":"wp","href":"https:\/\/api.w.org\/{rel}","templated":true}]}}