{"id":623,"date":"2019-09-05T09:43:50","date_gmt":"2019-09-05T06:43:50","guid":{"rendered":"https:\/\/sites.uwasa.fi\/peek\/?page_id=623"},"modified":"2019-11-23T12:00:27","modified_gmt":"2019-11-23T10:00:27","slug":"materiaalit","status":"publish","type":"page","link":"https:\/\/sites.uwasa.fi\/peek\/materiaalit\/","title":{"rendered":"Hankemateriaalit"},"content":{"rendered":"<p style=\"text-align: left\"><strong>Hanke-esite:<\/strong><\/p>\n<p style=\"text-align: left\"><a href=\"https:\/\/sites.uwasa.fi\/peek\/wp-content\/uploads\/sites\/30\/2019\/09\/Pelilliset-energia-ja-kiertotalousratkaisut_A4.pdf\" target=\"_blank\" rel=\"noopener noreferrer\">Pelilliset energia- ja kiertotalousratkaisut_A4 (.pdf)<\/a><\/p>\n<p>&nbsp;<\/p>\n<hr \/>\n<h3 style=\"text-align: left\">Materiaalit 18.6.2019 hankkeen aloitustilaisuudesta<\/h3>\n<p style=\"text-align: left\"><strong>Suvi Karirinne \u2013 Talonrakentamisen uudet energiaratkaisut<\/strong><\/p>\n<p style=\"text-align: left\">Lataa esitys: <a href=\"https:\/\/sites.uwasa.fi\/peek\/wp-content\/uploads\/sites\/30\/2019\/10\/20190618_energiaratkaisut-talonrakentamisessa_SK.pdf\" target=\"_blank\" rel=\"noopener noreferrer\">20190618_energiaratkaisut talonrakentamisessa_SK (.pdf)<\/a><\/p>\n<p>&nbsp;<\/p>\n<hr \/>\n<h3 style=\"text-align: left\">Materiaalit 24.9.2019 tilaisuudesta (Energiatalous)<\/h3>\n<p style=\"text-align: left\"><strong>Harri Lehtinen \u2013 Energians\u00e4\u00e4st\u00f6projektien toteuttaminen julkisessa rakennuksessa ja Enni-sovelluksen tarjoamat ty\u00f6kalut<\/strong><\/p>\n<p style=\"text-align: left\">Lataa esitys: <a href=\"https:\/\/sites.uwasa.fi\/peek\/wp-content\/uploads\/sites\/30\/2019\/10\/ENNI_240919.pdf\" target=\"_blank\" rel=\"noopener noreferrer\">ENNI_240919 (.pdf)<\/a><\/p>\n<p style=\"text-align: left\"><strong>Enni Ruokamo \u2013 Kuluttajan ja asuntorakentajan energiaj\u00e4rjestelm\u00e4valinnat sek\u00e4 niiden pelillist\u00e4minen<\/strong><\/p>\n<p style=\"text-align: left\">Lataa esitys: <a href=\"https:\/\/sites.uwasa.fi\/peek\/wp-content\/uploads\/sites\/30\/2019\/10\/Energiajarjestelmavalinnat_Sein\u00e4joki24092019.pdf\" target=\"_blank\" rel=\"noopener noreferrer\">Energiajarjestelmavalinnat_Sein\u00e4joki24092019 (.pdf)<\/a><\/p>\n<p>&nbsp;<\/p>\n<hr \/>\n<h3 style=\"text-align: left\">Materiaalit 22.10.2019 tilaisuudesta (Kiertotalous)<\/h3>\n<p style=\"text-align: left\"><strong>Aura Piha \u2013 Circula Kiertotalous- ja yritt\u00e4jyyspelin esittely ja pelisessio<\/strong><\/p>\n<p style=\"text-align: left\">Circula-verkkosivut: <a href=\"https:\/\/circula.fi\/\" target=\"_blank\" rel=\"noopener noreferrer\">https:\/\/circula.fi\/<\/a><\/p>\n<p>&nbsp;<\/p>\n<hr \/>\n<h3 style=\"text-align: left\">Materiaalit 19.11.2019 tilaisuudesta (Oman talouden hallinta)<\/h3>\n<p style=\"text-align: left\"><strong>Ari Autio \u2013 Oma onni \u2013 Taloudenhallintaa nuorille<\/strong><\/p>\n<p style=\"text-align: left\">Lataa esitys: <a href=\"https:\/\/sites.uwasa.fi\/peek\/wp-content\/uploads\/sites\/30\/2019\/11\/Oma_onni.pdf\" target=\"_blank\" rel=\"noopener noreferrer\">Oma_onni (.pdf)<\/a><\/p>\n<p style=\"text-align: left\"><strong>Pekka Riihimaa \u2013 Digitalisaatio oman talouden hallinnassa<\/strong><\/p>\n<p style=\"text-align: left\">Lataa esitys: <a href=\"https:\/\/sites.uwasa.fi\/peek\/wp-content\/uploads\/sites\/30\/2019\/11\/Digitalisaatio_oman_talouden_hallinnassa.pdf\" target=\"_blank\" rel=\"noopener noreferrer\">Digitalisaatio_oman_talouden_hallinnassa (.pdf)<\/a><\/p>\n<p style=\"text-align: left\"><strong>Minna Markkanen \u2013 Penno \u2013 Yksinkertaisempaa rahanhallintaa<\/strong><\/p>\n<p style=\"text-align: left\">Lataa esitys: <a href=\"https:\/\/sites.uwasa.fi\/peek\/wp-content\/uploads\/sites\/30\/2019\/11\/Sein\u00e4joki_Oman-talouden-hallinta_19112019.pdf\" target=\"_blank\" rel=\"noopener noreferrer\">Sein\u00e4joki_Oman talouden hallinta_19112019 (.pdf)<\/a><\/p>\n<p>&nbsp;<\/p>\n<hr \/>\n<h3>PEEK Game Jam 2019 -tilaisuuden alustus (23. \u2013 24.11.2019)<\/h3>\n<p>Lataa esitys: <a href=\"https:\/\/sites.uwasa.fi\/peek\/wp-content\/uploads\/sites\/30\/2019\/11\/PEEK-ty\u00f6pajakoonti.pdf\">PEEK-ty\u00f6pajakoonti<\/a> (.pdf)<\/p>\n<p>&nbsp;<\/p>\n<hr \/>\n<h3>MuoviSampo (23.11.2019)<\/h3>\n<p>Lataa esitys: <a href=\"https:\/\/sites.uwasa.fi\/peek\/wp-content\/uploads\/sites\/30\/2019\/11\/MuoviSampo.pdf\" target=\"_blank\" rel=\"noopener noreferrer\">MuoviSampo<\/a> (.pdf)<\/p>\n","protected":false},"excerpt":{"rendered":"<p>Hanke-esite: Pelilliset energia- ja kiertotalousratkaisut_A4 (.pdf) &nbsp; Materiaalit 18.6.2019 hankkeen aloitustilaisuudesta Suvi Karirinne \u2013 Talonrakentamisen uudet energiaratkaisut Lataa esitys: 20190618_energiaratkaisut talonrakentamisessa_SK (.pdf) &nbsp; Materiaalit 24.9.2019 tilaisuudesta (Energiatalous) Harri Lehtinen \u2013 Energians\u00e4\u00e4st\u00f6projektien toteuttaminen julkisessa rakennuksessa ja Enni-sovelluksen tarjoamat ty\u00f6kalut Lataa esitys: ENNI_240919 (.pdf) Enni Ruokamo \u2013 Kuluttajan ja asuntorakentajan energiaj\u00e4rjestelm\u00e4valinnat sek\u00e4 niiden pelillist\u00e4minen Lataa esitys: Energiajarjestelmavalinnat_Sein\u00e4joki24092019 [&hellip;]<\/p>\n","protected":false},"author":29,"featured_media":0,"parent":0,"menu_order":0,"comment_status":"closed","ping_status":"closed","template":"","meta":{"_acf_changed":false,"footnotes":""},"class_list":["post-623","page","type-page","status-publish","hentry"],"acf":[],"_links":{"self":[{"href":"https:\/\/sites.uwasa.fi\/peek\/wp-json\/wp\/v2\/pages\/623"}],"collection":[{"href":"https:\/\/sites.uwasa.fi\/peek\/wp-json\/wp\/v2\/pages"}],"about":[{"href":"https:\/\/sites.uwasa.fi\/peek\/wp-json\/wp\/v2\/types\/page"}],"author":[{"embeddable":true,"href":"https:\/\/sites.uwasa.fi\/peek\/wp-json\/wp\/v2\/users\/29"}],"replies":[{"embeddable":true,"href":"https:\/\/sites.uwasa.fi\/peek\/wp-json\/wp\/v2\/comments?post=623"}],"version-history":[{"count":38,"href":"https:\/\/sites.uwasa.fi\/peek\/wp-json\/wp\/v2\/pages\/623\/revisions"}],"predecessor-version":[{"id":940,"href":"https:\/\/sites.uwasa.fi\/peek\/wp-json\/wp\/v2\/pages\/623\/revisions\/940"}],"wp:attachment":[{"href":"https:\/\/sites.uwasa.fi\/peek\/wp-json\/wp\/v2\/media?parent=623"}],"curies":[{"name":"wp","href":"https:\/\/api.w.org\/{rel}","templated":true}]}}