{"id":599,"date":"2019-09-04T14:13:02","date_gmt":"2019-09-04T11:13:02","guid":{"rendered":"https:\/\/sites.uwasa.fi\/peek\/?page_id=599"},"modified":"2021-04-11T09:57:33","modified_gmt":"2021-04-11T06:57:33","slug":"toteutus","status":"publish","type":"page","link":"https:\/\/sites.uwasa.fi\/peek\/toteutus\/","title":{"rendered":"Hankkeen toteuttaminen"},"content":{"rendered":"<p style=\"text-align: justify\">Kolmen pelillistetyn ratkaisun lis\u00e4ksi hankkeen tuotoksena on yrityksille suunnatun s\u00e4hk\u00f6isen julkaisun laatiminen pelillist\u00e4miseen liittyvist\u00e4 liiketoimintamahdollisuuksista. Seuraavassa olemme koonneet hy\u00f6dynnett\u00e4v\u00e4ksenne hankkeen materiaaleista tiiviin tietopaketin, jossa esitell\u00e4\u00e4n pelillisyytt\u00e4, annetaan esimerkkej\u00e4 pelillistetyist\u00e4 ratkaisuista sek\u00e4 kerrotaan yleisesti, miten l\u00f6yt\u00e4\u00e4 rahoitusta, alan osaajia tai koulutusta. Edelleen sivun alaosasta l\u00f6yd\u00e4t tiedot siit\u00e4, miten pelillisi\u00e4 ratkaisuja on PEEK-hankkeessa kehitetty ja konseptoitu, millaisia peliprototyyppej\u00e4 hankkeessa kehitettiin sek\u00e4 sit\u00e4, millaista prototyypeist\u00e4 saatu palaute oli.<\/p>\n","protected":false},"excerpt":{"rendered":"<p>Kolmen pelillistetyn ratkaisun lis\u00e4ksi hankkeen tuotoksena on yrityksille suunnatun s\u00e4hk\u00f6isen julkaisun laatiminen pelillist\u00e4miseen liittyvist\u00e4 liiketoimintamahdollisuuksista. Seuraavassa olemme koonneet hy\u00f6dynnett\u00e4v\u00e4ksenne hankkeen materiaaleista tiiviin tietopaketin, jossa esitell\u00e4\u00e4n pelillisyytt\u00e4, annetaan esimerkkej\u00e4 pelillistetyist\u00e4 ratkaisuista sek\u00e4 kerrotaan yleisesti, miten l\u00f6yt\u00e4\u00e4 rahoitusta, alan osaajia tai koulutusta. Edelleen sivun alaosasta l\u00f6yd\u00e4t tiedot siit\u00e4, miten pelillisi\u00e4 ratkaisuja on PEEK-hankkeessa kehitetty ja konseptoitu, millaisia [&hellip;]<\/p>\n","protected":false},"author":29,"featured_media":0,"parent":0,"menu_order":0,"comment_status":"closed","ping_status":"closed","template":"","meta":{"_acf_changed":false,"footnotes":""},"class_list":["post-599","page","type-page","status-publish","hentry"],"acf":[],"_links":{"self":[{"href":"https:\/\/sites.uwasa.fi\/peek\/wp-json\/wp\/v2\/pages\/599"}],"collection":[{"href":"https:\/\/sites.uwasa.fi\/peek\/wp-json\/wp\/v2\/pages"}],"about":[{"href":"https:\/\/sites.uwasa.fi\/peek\/wp-json\/wp\/v2\/types\/page"}],"author":[{"embeddable":true,"href":"https:\/\/sites.uwasa.fi\/peek\/wp-json\/wp\/v2\/users\/29"}],"replies":[{"embeddable":true,"href":"https:\/\/sites.uwasa.fi\/peek\/wp-json\/wp\/v2\/comments?post=599"}],"version-history":[{"count":60,"href":"https:\/\/sites.uwasa.fi\/peek\/wp-json\/wp\/v2\/pages\/599\/revisions"}],"predecessor-version":[{"id":1921,"href":"https:\/\/sites.uwasa.fi\/peek\/wp-json\/wp\/v2\/pages\/599\/revisions\/1921"}],"wp:attachment":[{"href":"https:\/\/sites.uwasa.fi\/peek\/wp-json\/wp\/v2\/media?parent=599"}],"curies":[{"name":"wp","href":"https:\/\/api.w.org\/{rel}","templated":true}]}}