{"id":42,"date":"2019-05-09T12:21:20","date_gmt":"2019-05-09T09:21:20","guid":{"rendered":"https:\/\/sites.uwasa.fi\/peek\/?page_id=42"},"modified":"2021-04-10T17:59:31","modified_gmt":"2021-04-10T14:59:31","slug":"yhteistyo","status":"publish","type":"page","link":"https:\/\/sites.uwasa.fi\/peek\/yhteistyo\/","title":{"rendered":"Yhteisty\u00f6kumppanit"},"content":{"rendered":"<h3>Hankkeen ohjausryhm\u00e4 &amp; yhteisty\u00f6kumppanit<\/h3>\n<ul>\n<li data-leveltext=\"o\" data-font=\"Courier New\" data-listid=\"27\" data-aria-posinset=\"1\" data-aria-level=\"2\"><span data-contrast=\"none\">Hankkeen ohjausryhm\u00e4\u00e4n kuului<a href=\"https:\/\/epliitto.fi\/\" target=\"_blank\" rel=\"noopener\"> Etel\u00e4-Pohjanmaan liiton<\/a> lis\u00e4ksi<a href=\"https:\/\/www.facebook.com\/sepeliry\/\" target=\"_blank\" rel=\"noopener\">\u00a0<\/a><\/span><span data-contrast=\"none\"><a href=\"https:\/\/fi-fi.facebook.com\/sepeliry\/\" target=\"_blank\" rel=\"noopener\">Sepeli ry<\/a>, <a href=\"https:\/\/www.sedu.fi\/\">Sedu<\/a>, <a href=\"https:\/\/intoseinajoki.fi\/\" target=\"_blank\" rel=\"noopener\">Into Sein\u00e4joki<\/a> sek\u00e4 yhteisty\u00f6yrityksin\u00e4 <a href=\"https:\/\/www.etappi.com\/\" target=\"_blank\" rel=\"noopener\">Lakeuden Etappi<\/a>,\u00a0<\/span><a href=\"https:\/\/www.thermopolis.fi\/\" target=\"_blank\" rel=\"noopener\"><span data-contrast=\"none\">Thermopolis<\/span><\/a><span data-contrast=\"none\">\u00a0ja\u00a0<\/span><a href=\"https:\/\/www.omasp.fi\/fi\" target=\"_blank\" rel=\"noopener\"><span data-contrast=\"none\">OmaSp<\/span><\/a><span data-contrast=\"none\">.\u00a0<\/span><\/li>\n<li data-leveltext=\"o\" data-font=\"Courier New\" data-listid=\"27\" data-aria-posinset=\"1\" data-aria-level=\"2\"><span data-contrast=\"none\">Pelillisten menetelmien kehitt\u00e4misess\u00e4 tehtiin yhteisty\u00f6t\u00e4 <\/span><a href=\"https:\/\/www.valakia.fi\/\" target=\"_blank\" rel=\"noopener\"><span data-contrast=\"none\">Valakia<\/span><\/a><span data-contrast=\"none\">\u00a0Oy:n,<\/span><span data-contrast=\"none\">\u00a0<\/span><a href=\"https:\/\/www.gambitgroup.fi\/fi\/\" target=\"_blank\" rel=\"noopener\"><span data-contrast=\"none\">Gambit<\/span><span data-contrast=\"none\">\u00a0Oy:n<\/span><\/a><span data-contrast=\"none\">,\u00a0<\/span><span data-contrast=\"none\">Nuotron<\/span><span data-contrast=\"none\">\u00a0Oy:n,\u00a0<\/span><a href=\"https:\/\/aistico.com\/\" target=\"_blank\" rel=\"noopener\"><span data-contrast=\"none\">Aistico<\/span><\/a><span data-contrast=\"none\">\u00a0Oy:n,\u00a0<\/span><a href=\"https:\/\/holotna.fi\/\" target=\"_blank\" rel=\"noopener\"><span data-contrast=\"none\">Holotna<\/span><\/a><span data-contrast=\"none\">\u00a0Oy:n ja\u00a0<\/span><a href=\"https:\/\/www.wapice.com\/fi\" target=\"_blank\" rel=\"noopener\"><span data-contrast=\"none\">Wapice<\/span><\/a><span data-contrast=\"none\">\u00a0Oy:n kanssa. <\/span><\/li>\n<li data-leveltext=\"o\" data-font=\"Courier New\" data-listid=\"27\" data-aria-posinset=\"1\" data-aria-level=\"2\"><span data-contrast=\"none\">Muita yhteisty\u00f6tahoja<\/span><span data-contrast=\"none\">\u00a0ovat olleet ty\u00f6pajojen yhteydess\u00e4<\/span><span data-contrast=\"none\">\u00a0my\u00f6s<\/span><span data-contrast=\"none\">\u00a0<a href=\"https:\/\/www.uwasa.fi\/fi\/sites\/vebic\/\" target=\"_blank\" rel=\"noopener\">VEBIC<\/a><\/span><span data-contrast=\"none\">,\u00a0<\/span><a href=\"https:\/\/sykli.fi\/\" target=\"_blank\" rel=\"noopener\"><span data-contrast=\"none\">Suomen ymp\u00e4rist\u00f6opisto\u00a0<\/span><span data-contrast=\"none\">SYKLI<\/span><\/a><span data-contrast=\"none\">,<\/span><span data-contrast=\"none\">\u00a0Oulun yliopiston\u00a0<\/span><span data-contrast=\"none\">taloustieteen oppiaine<\/span><span data-contrast=\"none\">,<\/span><span data-contrast=\"none\">\u00a0<a href=\"https:\/\/www.uwasa.fi\/fi\/koulutus\/executive-education\" target=\"_blank\" rel=\"noopener\">Vaasan yliopiston\u00a0Lev<\/a><\/span><a href=\"https:\/\/www.uwasa.fi\/fi\/koulutus\/executive-education\" target=\"_blank\" rel=\"noopener\"><span data-contrast=\"none\">\u00f3<\/span><span data-contrast=\"none\">n\u00a0instituutti<\/span><\/a><span data-contrast=\"none\">,<\/span><span data-contrast=\"none\">\u00a0<a href=\"https:\/\/www.takuusaatio.fi\/\" target=\"_blank\" rel=\"noopener\">Takuus\u00e4\u00e4ti\u00f6<\/a><\/span><span data-contrast=\"none\">\u00a0sek\u00e4\u00a0<\/span><a href=\"https:\/\/www.seamk.fi\/yrityksille\/tki-projektit\/muovisampo\/\" target=\"_blank\" rel=\"noopener\"><span data-contrast=\"none\">SeAMK<\/span><span data-contrast=\"none\">\u00a0(MuoviSampo-hanke)<\/span><\/a><span data-contrast=\"none\">.\u00a0<\/span><\/li>\n<li data-leveltext=\"o\" data-font=\"Courier New\" data-listid=\"27\" data-aria-posinset=\"1\" data-aria-level=\"2\">Lis\u00e4ksi hankkeen vaikutuspiiriss\u00e4 on iso joukko etel\u00e4pohjalaisia pk-yrityksi\u00e4.<\/li>\n<li data-leveltext=\"o\" data-font=\"Courier New\" data-listid=\"27\" data-aria-posinset=\"1\" data-aria-level=\"2\">Hankkeen toteuttavat Vaasan yliopiston taloustieteen ja viestint\u00e4tieteiden oppiaineet.<\/li>\n<\/ul>\n<p>&nbsp;<\/p>\n<p class=\"w3-justify\"><b>Lakeuden etappi<\/b><\/p>\n<div><a href=\"https:\/\/www.etappi.com\/\" target=\"_blank\" rel=\"noopener\"><img loading=\"lazy\" decoding=\"async\" class=\"alignnone wp-image-839\" src=\"https:\/\/sites.uwasa.fi\/peek\/wp-content\/uploads\/sites\/30\/2019\/11\/etappilogo.png\" alt=\"\" width=\"240\" height=\"95\" \/><\/a><\/div>\n<p>&nbsp;<\/p>\n<p class=\"w3-justify\">Lakeuden Etappi Oy on kuntien omistama j\u00e4tehuoltoyhti\u00f6, jonka tavoitteena on tarjota toimivaa j\u00e4tehuoltopalvelua kokonaisvaltaisesti asiakkaidensa ja ymp\u00e4rist\u00f6ns\u00e4 hyv\u00e4ksi. Yhti\u00f6 on avoin ja aktiivinen toimialansa kehitt\u00e4j\u00e4. Yhti\u00f6n teht\u00e4v\u00e4n\u00e4 on toimialueen j\u00e4tehuollon tehokas ja palvelukykyinen j\u00e4rjest\u00e4minen ja kehitt\u00e4minen. Teht\u00e4vi\u00e4 ovat vastuullinen ja tehokas j\u00e4tteiden k\u00e4sittely, logistiikka, j\u00e4teneuvonta ja tiedotus. J\u00e4tteet ensisijaisesti kierr\u00e4tet\u00e4\u00e4n ja hy\u00f6dynnet\u00e4\u00e4n. Lakeuden Etappi Oy vastaa k\u00e4yt\u00e4nn\u00f6n j\u00e4tehuollon j\u00e4rjest\u00e4misest\u00e4 8 omistajakuntansa alueella. Osakaskuntia ovat: Alavus, Ilmajoki, Kihni\u00f6, Kuortane, Kurikka, Lapua, Sein\u00e4joki ja \u00c4ht\u00e4ri.<\/p>\n<p>&nbsp;<\/p>\n<p class=\"w3-justify\"><b>Thermopolis<\/b><\/p>\n<div><a href=\"https:\/\/www.thermopolis.fi\/\" target=\"_blank\" rel=\"noopener\"><img loading=\"lazy\" decoding=\"async\" class=\" wp-image-840 alignnone\" src=\"https:\/\/sites.uwasa.fi\/peek\/wp-content\/uploads\/sites\/30\/2019\/11\/thermopolis-logo_rajattu.jpg\" alt=\"\" width=\"265\" height=\"67\" srcset=\"https:\/\/sites.uwasa.fi\/peek\/wp-content\/uploads\/sites\/30\/2019\/11\/thermopolis-logo_rajattu.jpg 1031w, https:\/\/sites.uwasa.fi\/peek\/wp-content\/uploads\/sites\/30\/2019\/11\/thermopolis-logo_rajattu-300x76.jpg 300w, https:\/\/sites.uwasa.fi\/peek\/wp-content\/uploads\/sites\/30\/2019\/11\/thermopolis-logo_rajattu-768x194.jpg 768w, https:\/\/sites.uwasa.fi\/peek\/wp-content\/uploads\/sites\/30\/2019\/11\/thermopolis-logo_rajattu-1024x261.jpg 1024w\" sizes=\"(max-width: 265px) 100vw, 265px\" \/><\/a><\/div>\n<p class=\"w3-justify\">Thermopolis palvelee julkisyhteis\u00f6j\u00e4, yrityksi\u00e4 ja kuluttajia monipuolisilla kehitt\u00e4mis- ja konsultointipalveluilla sek\u00e4 antamalla puolueetonta energianeuvontaa. Palveluihin kuuluvat mm. sis\u00e4ilmatutkimukset, ymp\u00e4rist\u00f6melumittaukset, LVIA ja s\u00e4hk\u00f6 (suunnittelu, valvonta, konsultointi), energiaj\u00e4rjestelmien mitoitus, energiatodistukset ja -katselmukset.<\/p>\n<p>&nbsp;<\/p>\n<p class=\"w3-justify\"><b>Oma S\u00e4\u00e4st\u00f6pankki<\/b><\/p>\n<div><a href=\"https:\/\/www.omasp.fi\/\" target=\"_blank\" rel=\"noopener\"><img loading=\"lazy\" decoding=\"async\" class=\" wp-image-841 alignnone\" src=\"https:\/\/sites.uwasa.fi\/peek\/wp-content\/uploads\/sites\/30\/2019\/11\/omasplogo.png\" alt=\"\" width=\"216\" height=\"123\" \/><\/a><\/div>\n<p class=\"w3-justify\">OmaSp on kasvava tyytyv\u00e4isten asiakkaiden pankki ja Suomen suurin s\u00e4\u00e4st\u00f6pankki, joka keskittyy v\u00e4hitt\u00e4ispankkitoimintaan ja harjoittaa my\u00f6s kiinnitysluottopankkitoimintaa. OmaSp kokonaisvaltaiset pankkipalvelut noin 136 100 henkil\u00f6- ja yritysasiakkaalle yli 290 asiantuntijan voimin.<\/p>\n<p>&nbsp;<\/p>\n<p class=\"w3-justify\"><b>SEDU<\/b><\/p>\n<div><a href=\"https:\/\/www.sedu.fi\/\" target=\"_blank\" rel=\"noopener\"><img loading=\"lazy\" decoding=\"async\" class=\"size-full wp-image-842 alignnone\" src=\"https:\/\/sites.uwasa.fi\/peek\/wp-content\/uploads\/sites\/30\/2019\/11\/sedulogo.png\" alt=\"\" width=\"196\" height=\"66\" \/><\/a><\/div>\n<p>&nbsp;<\/p>\n<p class=\"w3-justify\">Sedu on yli 5000 opiskelijan ja 600 tekij\u00e4n yhteis\u00f6. Kokonaisopiskelijavirta on vuosittain yli 10 000. Lis\u00e4- ja t\u00e4ydennyskoulutusta tarvitaan alalla kuin alalla. Tutkinnon Sedussa suorittaa vuosittain yli 2000 osaajaa ja ammattilaista, joilla on asenne ja osaaminen kohdallaan. Toimipisteetsijaitsevat Ilmajoella, Kauhajoella, Kurikassa ja Jurvassa, Lapualla, Lappaj\u00e4rvell\u00e4, Sein\u00e4joella, Tampereella, Vaasassa ja \u00c4ht\u00e4riss\u00e4. N\u00e4iden lis\u00e4ksi Sedu toimii joustavasti ymp\u00e4ri Suomen tarpeen mukaan.<\/p>\n<p>&nbsp;<\/p>\n<p class=\"w3-justify\"><b>Into Sein\u00e4joki<\/b><\/p>\n<div><a href=\"https:\/\/intoseinajoki.fi\/\" target=\"_blank\" rel=\"noopener\"><img loading=\"lazy\" decoding=\"async\" class=\" wp-image-843 alignnone\" src=\"https:\/\/sites.uwasa.fi\/peek\/wp-content\/uploads\/sites\/30\/2019\/11\/into-facelogo.jpg\" alt=\"\" width=\"235\" height=\"123\" srcset=\"https:\/\/sites.uwasa.fi\/peek\/wp-content\/uploads\/sites\/30\/2019\/11\/into-facelogo.jpg 383w, https:\/\/sites.uwasa.fi\/peek\/wp-content\/uploads\/sites\/30\/2019\/11\/into-facelogo-300x157.jpg 300w\" sizes=\"(max-width: 235px) 100vw, 235px\" \/><\/a><\/div>\n<p class=\"w3-justify\">Into Sein\u00e4joki Oy on Sein\u00e4joen kaupungin kehitysyhti\u00f6. Asiakkaita ovat aloittavat, kehittyv\u00e4t ja alueelle sijoittuvat yritykset. Into Sein\u00e4joki Oy auttaa asiakkaitaan menestym\u00e4\u00e4n sek\u00e4 kehitt\u00e4\u00e4 Sein\u00e4jokea entist\u00e4 paremmaksi liiketoimintaymp\u00e4rist\u00f6ksi.<\/p>\n","protected":false},"excerpt":{"rendered":"<p>Hankkeen ohjausryhm\u00e4 &amp; yhteisty\u00f6kumppanit Hankkeen ohjausryhm\u00e4\u00e4n kuului Etel\u00e4-Pohjanmaan liiton lis\u00e4ksi\u00a0Sepeli ry, Sedu, Into Sein\u00e4joki sek\u00e4 yhteisty\u00f6yrityksin\u00e4 Lakeuden Etappi,\u00a0Thermopolis\u00a0ja\u00a0OmaSp.\u00a0 Pelillisten menetelmien kehitt\u00e4misess\u00e4 tehtiin yhteisty\u00f6t\u00e4 Valakia\u00a0Oy:n,\u00a0Gambit\u00a0Oy:n,\u00a0Nuotron\u00a0Oy:n,\u00a0Aistico\u00a0Oy:n,\u00a0Holotna\u00a0Oy:n ja\u00a0Wapice\u00a0Oy:n kanssa. Muita yhteisty\u00f6tahoja\u00a0ovat olleet ty\u00f6pajojen yhteydess\u00e4\u00a0my\u00f6s\u00a0VEBIC,\u00a0Suomen ymp\u00e4rist\u00f6opisto\u00a0SYKLI,\u00a0Oulun yliopiston\u00a0taloustieteen oppiaine,\u00a0Vaasan yliopiston\u00a0Lev\u00f3n\u00a0instituutti,\u00a0Takuus\u00e4\u00e4ti\u00f6\u00a0sek\u00e4\u00a0SeAMK\u00a0(MuoviSampo-hanke).\u00a0 Lis\u00e4ksi hankkeen vaikutuspiiriss\u00e4 on iso joukko etel\u00e4pohjalaisia pk-yrityksi\u00e4. Hankkeen toteuttavat Vaasan yliopiston taloustieteen ja viestint\u00e4tieteiden oppiaineet. &nbsp; Lakeuden etappi &nbsp; [&hellip;]<\/p>\n","protected":false},"author":29,"featured_media":0,"parent":0,"menu_order":0,"comment_status":"closed","ping_status":"closed","template":"","meta":{"_acf_changed":false,"footnotes":""},"class_list":["post-42","page","type-page","status-publish","hentry"],"acf":[],"_links":{"self":[{"href":"https:\/\/sites.uwasa.fi\/peek\/wp-json\/wp\/v2\/pages\/42"}],"collection":[{"href":"https:\/\/sites.uwasa.fi\/peek\/wp-json\/wp\/v2\/pages"}],"about":[{"href":"https:\/\/sites.uwasa.fi\/peek\/wp-json\/wp\/v2\/types\/page"}],"author":[{"embeddable":true,"href":"https:\/\/sites.uwasa.fi\/peek\/wp-json\/wp\/v2\/users\/29"}],"replies":[{"embeddable":true,"href":"https:\/\/sites.uwasa.fi\/peek\/wp-json\/wp\/v2\/comments?post=42"}],"version-history":[{"count":20,"href":"https:\/\/sites.uwasa.fi\/peek\/wp-json\/wp\/v2\/pages\/42\/revisions"}],"predecessor-version":[{"id":1851,"href":"https:\/\/sites.uwasa.fi\/peek\/wp-json\/wp\/v2\/pages\/42\/revisions\/1851"}],"wp:attachment":[{"href":"https:\/\/sites.uwasa.fi\/peek\/wp-json\/wp\/v2\/media?parent=42"}],"curies":[{"name":"wp","href":"https:\/\/api.w.org\/{rel}","templated":true}]}}