{"id":41,"date":"2019-05-09T12:21:20","date_gmt":"2019-05-09T09:21:20","guid":{"rendered":"https:\/\/sites.uwasa.fi\/peek\/?page_id=41"},"modified":"2021-04-12T11:40:24","modified_gmt":"2021-04-12T08:40:24","slug":"hanke","status":"publish","type":"page","link":"https:\/\/sites.uwasa.fi\/peek\/hanke\/","title":{"rendered":"Hanke"},"content":{"rendered":"<h2>Pelilliset energia- ja kiertotalousratkaisut<\/h2>\n<ul>\n<li>Pelilliset energia- ja kiertotalousratkaisut on <a href=\"https:\/\/www.epliitto.fi\" target=\"_blank\" rel=\"noopener noreferrer\">Etel\u00e4-Pohjanmaan liiton<\/a> kautta Euroopan aluekehitysrahaston EAKR-rahoitusta saanut Vaasan yliopiston koordinoima hanke. Hankkeen kehityskohteena olivat oman talouden hallinnan, energiatehokkuuden ja kiertotalouden pelilliset ratkaisut, joihin liittyy merkitt\u00e4v\u00e4\u00e4 liiketoimintapotentiaalia.<\/li>\n<li class=\"excerpt\" style=\"text-align: left\">Pelillist\u00e4mishankkeen tavoitteena oli rakentaa toimintamalli, jolla voidaan systematisoida peleihin ja pelillist\u00e4miseen liittyv\u00e4\u00e4, erilaista osaamista yhdist\u00e4v\u00e4\u00e4 TKI-toimintaa sek\u00e4 suunnitella, konseptoida ja demonstroida pelillistettyj\u00e4 ratkaisuja sek\u00e4 edist\u00e4\u00e4 niiden kaupallistamista.<\/li>\n<li class=\"excerpt\" style=\"text-align: left\">Hankkeessa kehitettiin mittareita ja ty\u00f6kalu, jolla voidaan arvioida pelillisten ratkaisujen vaikuttavuutta oman talouden hallintaan, kest\u00e4v\u00e4\u00e4n kehitykseen ja ilmastomy\u00f6nteisyyteen liittyviss\u00e4 valinnoissa valikoidussa kohderyhm\u00e4ss\u00e4. Hankkeen kohderyhm\u00e4n\u00e4 toimivat Etel\u00e4-Pohjanmaan alueen kasvuhakuiset teknologia-yritykset, energia- ja kiertotalousalojen yritykset, muut hankkeen tuloksista kiinnostuneet yritykset, startup-yhteis\u00f6t ja yhdistykset sek\u00e4 alueen tutkimus- ja koulutusorganisaatiot ja oppilaitokset.<\/li>\n<\/ul>\n<p class=\"excerpt\" style=\"text-align: left\"><strong>Hankeen vetovastuu:<\/strong><br \/>\ntaloustieteen professori <a href=\"https:\/\/sites.uwasa.fi\/peek\/yhteystiedot\/\">Panu Kalmi<\/a> ja viestint\u00e4tieteiden professori <a href=\"https:\/\/sites.uwasa.fi\/peek\/yhteystiedot\/\">Tanja Sihvonen<\/a>.<br \/>\n<strong><br \/>\nHankkeen projektitutkijat:<\/strong><br \/>\n<a href=\"https:\/\/sites.uwasa.fi\/peek\/yhteystiedot\/\">Saija Alanko<\/a> ja <a href=\"https:\/\/sites.uwasa.fi\/peek\/yhteystiedot\/\">Mikael M\u00e4enp\u00e4\u00e4<\/a><\/p>\n<p>Ota yhteytt\u00e4 ja kysy lis\u00e4tietoja!<\/p>\n<ul>\n<li><a href=\"https:\/\/link.webropolsurveys.com\/S\/DDE9A9979B57D634\" target=\"_blank\" rel=\"noopener noreferrer\">Yhteydenottolomake<\/a><\/li>\n<li><a href=\"https:\/\/sites.uwasa.fi\/peek\/tuloksia\/\">Tutustu tarkemmin hankkeessa tehtyyn ja toteutettuun.<\/a><\/li>\n<li><a href=\"https:\/\/sites.uwasa.fi\/peek\/yhteistyo\/\">Hankkeen ohjausryhm\u00e4 &amp; yhteisty\u00f6tahot<\/a><\/li>\n<li><a href=\"https:\/\/sites.uwasa.fi\/peek\/tyopajat\/\">Hankkeen ty\u00f6pajat, yleis\u00f6luennot sek\u00e4 muut yhteydet, joissa hanke esill\u00e4<\/a><\/li>\n<\/ul>\n<p style=\"text-align: center\"><strong>Projektin yhteyshenkil\u00f6<\/strong>: Panu Kalmi<br \/>\n<strong>Projektin<\/strong>\u00a0<strong>kesto<\/strong>: 1.1.2019 \u2013 30.4.2021<br \/>\n<strong>Rahoittajat<\/strong>: <a href=\"https:\/\/www.epliitto.fi\" target=\"_blank\" rel=\"noopener noreferrer\">Etel\u00e4-Pohjanmaan liitto<\/a>, EAKR<br \/>\n<strong>Kokonaisbudjetti<\/strong>: 265 986\u20ac<\/p>\n<table style=\"border-collapse: collapse;width: 95.6491%;height: 139px\" border=\"1\">\n<tbody>\n<tr>\n<td style=\"width: 50%\"><a href=\"https:\/\/www.epliitto.fi\/\" target=\"_blank\" rel=\"noopener noreferrer\"><img loading=\"lazy\" decoding=\"async\" class=\"size-medium wp-image-443 aligncenter\" style=\"text-align: center\" src=\"https:\/\/sites.uwasa.fi\/peek\/wp-content\/uploads\/sites\/30\/2019\/06\/logo_epliitto_verkkoon-300x100.jpg\" alt=\"\" width=\"300\" height=\"100\" srcset=\"https:\/\/sites.uwasa.fi\/peek\/wp-content\/uploads\/sites\/30\/2019\/06\/logo_epliitto_verkkoon-300x100.jpg 300w, https:\/\/sites.uwasa.fi\/peek\/wp-content\/uploads\/sites\/30\/2019\/06\/logo_epliitto_verkkoon-768x256.jpg 768w, https:\/\/sites.uwasa.fi\/peek\/wp-content\/uploads\/sites\/30\/2019\/06\/logo_epliitto_verkkoon-1024x341.jpg 1024w, https:\/\/sites.uwasa.fi\/peek\/wp-content\/uploads\/sites\/30\/2019\/06\/logo_epliitto_verkkoon.jpg 1063w\" sizes=\"(max-width: 300px) 100vw, 300px\" \/><\/a><\/td>\n<td style=\"width: 50%\"><img loading=\"lazy\" decoding=\"async\" class=\" wp-image-146 aligncenter\" src=\"https:\/\/sites.uwasa.fi\/peek\/wp-content\/uploads\/sites\/30\/2019\/05\/eulogo.png\" alt=\"\" width=\"328\" height=\"144\" srcset=\"https:\/\/sites.uwasa.fi\/peek\/wp-content\/uploads\/sites\/30\/2019\/05\/eulogo.png 855w, https:\/\/sites.uwasa.fi\/peek\/wp-content\/uploads\/sites\/30\/2019\/05\/eulogo-300x132.png 300w, https:\/\/sites.uwasa.fi\/peek\/wp-content\/uploads\/sites\/30\/2019\/05\/eulogo-768x337.png 768w\" sizes=\"(max-width: 328px) 100vw, 328px\" \/><\/td>\n<\/tr>\n<\/tbody>\n<\/table>\n<ul style=\"font-size: 16px;font-weight: 400\">\n<li data-leveltext=\"o\" data-font=\"Courier New\" data-listid=\"27\" data-aria-posinset=\"1\" data-aria-level=\"2\"><span data-contrast=\"none\">Vaasan yliopisto<\/span><span data-contrast=\"none\">n taloustieteen sek\u00e4 viestint\u00e4tieteiden oppiaineet<\/span><span data-contrast=\"none\">\u00a0sai<\/span><span data-contrast=\"none\">vat<\/span><span data-contrast=\"none\"> toteuttaakseen alunperin k<\/span><span data-contrast=\"none\">aksivuotisen\u00a0<\/span><span data-contrast=\"none\">EAKR-<\/span><span data-contrast=\"none\">hankkeen\u00a0<\/span><span data-contrast=\"none\">Pelilliset energia- ja kiertotalousratkaisut\u00a0<\/span><span data-contrast=\"none\">Etel\u00e4-Pohjanmaalla vuosina\u00a0<\/span><span data-contrast=\"none\">2019\u20132020<\/span><span data-contrast=\"none\">.\u00a0 <\/span><span data-contrast=\"none\">Koska vuonna 2020 koronapandemia aiheutti monenlaisia viiv\u00e4styksi\u00e4,\u00a0<\/span><span data-contrast=\"none\">hanke<\/span><span data-contrast=\"none\">kautta jatkettiin viel\u00e4 huhtikuun loppuun asti 2021<\/span><span data-contrast=\"none\"> kokonaisbudjetin<\/span><span data-contrast=\"none\">\u00a0265 986\u00a0<\/span><span data-contrast=\"none\">\u20ac\u00a0<\/span><span data-contrast=\"none\">pysyess\u00e4 <\/span><span data-contrast=\"none\">samana<\/span><span data-contrast=\"none\">.<\/span><span data-contrast=\"none\">\u00a0<\/span><span data-contrast=\"none\">\u00a0<\/span><\/li>\n<\/ul>\n<p>&nbsp;<\/p>\n<h3>Hankkeen eteneminen<\/h3>\n<p><img loading=\"lazy\" decoding=\"async\" class=\"wp-image-956 alignleft\" src=\"https:\/\/sites.uwasa.fi\/peek\/wp-content\/uploads\/sites\/30\/2019\/12\/01-1.png\" alt=\"\" width=\"910\" height=\"579\" srcset=\"https:\/\/sites.uwasa.fi\/peek\/wp-content\/uploads\/sites\/30\/2019\/12\/01-1.png 910w, https:\/\/sites.uwasa.fi\/peek\/wp-content\/uploads\/sites\/30\/2019\/12\/01-1-300x191.png 300w, https:\/\/sites.uwasa.fi\/peek\/wp-content\/uploads\/sites\/30\/2019\/12\/01-1-768x489.png 768w\" sizes=\"(max-width: 910px) 100vw, 910px\" \/><\/p>\n<p><img loading=\"lazy\" decoding=\"async\" class=\"wp-image-957 alignleft\" src=\"https:\/\/sites.uwasa.fi\/peek\/wp-content\/uploads\/sites\/30\/2019\/12\/02-1.png\" alt=\"\" width=\"908\" height=\"838\" srcset=\"https:\/\/sites.uwasa.fi\/peek\/wp-content\/uploads\/sites\/30\/2019\/12\/02-1.png 908w, https:\/\/sites.uwasa.fi\/peek\/wp-content\/uploads\/sites\/30\/2019\/12\/02-1-300x277.png 300w, https:\/\/sites.uwasa.fi\/peek\/wp-content\/uploads\/sites\/30\/2019\/12\/02-1-768x709.png 768w\" sizes=\"(max-width: 908px) 100vw, 908px\" \/><\/p>\n<p><img loading=\"lazy\" decoding=\"async\" class=\"wp-image-952 alignleft\" src=\"https:\/\/sites.uwasa.fi\/peek\/wp-content\/uploads\/sites\/30\/2019\/12\/03.png\" alt=\"\" width=\"905\" height=\"533\" srcset=\"https:\/\/sites.uwasa.fi\/peek\/wp-content\/uploads\/sites\/30\/2019\/12\/03.png 1043w, https:\/\/sites.uwasa.fi\/peek\/wp-content\/uploads\/sites\/30\/2019\/12\/03-300x177.png 300w, https:\/\/sites.uwasa.fi\/peek\/wp-content\/uploads\/sites\/30\/2019\/12\/03-1024x604.png 1024w, https:\/\/sites.uwasa.fi\/peek\/wp-content\/uploads\/sites\/30\/2019\/12\/03-768x453.png 768w\" sizes=\"(max-width: 905px) 100vw, 905px\" \/><\/p>\n<p>&nbsp;<\/p>\n<p>&nbsp;<\/p>\n<p>&nbsp;<\/p>\n<p>&nbsp;<\/p>\n<p>&nbsp;<\/p>\n<p>&nbsp;<\/p>\n<p>&nbsp;<\/p>\n<p>&nbsp;<\/p>\n<p>&nbsp;<\/p>\n<p>&nbsp;<\/p>\n<p>&nbsp;<\/p>\n<p>&nbsp;<\/p>\n<p>&nbsp;<\/p>\n<p>&nbsp;<\/p>\n<p>&nbsp;<\/p>\n<p>&nbsp;<\/p>\n<p>&nbsp;<\/p>\n<p>&nbsp;<\/p>\n<p>&nbsp;<\/p>\n<p>&nbsp;<\/p>\n<p>&nbsp;<\/p>\n<p>&nbsp;<\/p>\n<p>&nbsp;<\/p>\n<p>&nbsp;<\/p>\n<p>&nbsp;<\/p>\n<p>&nbsp;<\/p>\n<p>&nbsp;<\/p>\n<p>&nbsp;<\/p>\n<p>&nbsp;<\/p>\n<p>&nbsp;<\/p>\n<p>&nbsp;<\/p>\n<p>&nbsp;<\/p>\n<p>&nbsp;<\/p>\n<p>&nbsp;<\/p>\n<p>&nbsp;<\/p>\n<p>&nbsp;<\/p>\n<p>&nbsp;<\/p>\n<p>&nbsp;<\/p>\n<p>&nbsp;<\/p>\n<p>&nbsp;<\/p>\n<p>&nbsp;<\/p>\n<p>&nbsp;<\/p>\n<p>&nbsp;<\/p>\n<p>&nbsp;<\/p>\n<p>&nbsp;<\/p>\n<p>&nbsp;<\/p>\n<p>&nbsp;<\/p>\n<p>&nbsp;<\/p>\n<p>&nbsp;<\/p>\n<p>&nbsp;<\/p>\n<p>&nbsp;<\/p>\n<p><img loading=\"lazy\" decoding=\"async\" class=\" wp-image-1931 alignleft\" src=\"https:\/\/sites.uwasa.fi\/peek\/wp-content\/uploads\/sites\/30\/2021\/04\/peek-hankkeen-eteneminen-2019-2021-v02-web-loppuosa-2.png\" alt=\"\" width=\"934\" height=\"725\" srcset=\"https:\/\/sites.uwasa.fi\/peek\/wp-content\/uploads\/sites\/30\/2021\/04\/peek-hankkeen-eteneminen-2019-2021-v02-web-loppuosa-2.png 990w, https:\/\/sites.uwasa.fi\/peek\/wp-content\/uploads\/sites\/30\/2021\/04\/peek-hankkeen-eteneminen-2019-2021-v02-web-loppuosa-2-300x233.png 300w, https:\/\/sites.uwasa.fi\/peek\/wp-content\/uploads\/sites\/30\/2021\/04\/peek-hankkeen-eteneminen-2019-2021-v02-web-loppuosa-2-768x597.png 768w\" sizes=\"(max-width: 934px) 100vw, 934px\" \/><\/p>\n","protected":false},"excerpt":{"rendered":"<p>Pelilliset energia- ja kiertotalousratkaisut Pelilliset energia- ja kiertotalousratkaisut on Etel\u00e4-Pohjanmaan liiton kautta Euroopan aluekehitysrahaston EAKR-rahoitusta saanut Vaasan yliopiston koordinoima hanke. Hankkeen kehityskohteena olivat oman talouden hallinnan, energiatehokkuuden ja kiertotalouden pelilliset ratkaisut, joihin liittyy merkitt\u00e4v\u00e4\u00e4 liiketoimintapotentiaalia. Pelillist\u00e4mishankkeen tavoitteena oli rakentaa toimintamalli, jolla voidaan systematisoida peleihin ja pelillist\u00e4miseen liittyv\u00e4\u00e4, erilaista osaamista yhdist\u00e4v\u00e4\u00e4 TKI-toimintaa sek\u00e4 suunnitella, konseptoida ja [&hellip;]<\/p>\n","protected":false},"author":29,"featured_media":0,"parent":0,"menu_order":0,"comment_status":"closed","ping_status":"closed","template":"","meta":{"_acf_changed":false,"footnotes":""},"class_list":["post-41","page","type-page","status-publish","hentry"],"acf":[],"_links":{"self":[{"href":"https:\/\/sites.uwasa.fi\/peek\/wp-json\/wp\/v2\/pages\/41"}],"collection":[{"href":"https:\/\/sites.uwasa.fi\/peek\/wp-json\/wp\/v2\/pages"}],"about":[{"href":"https:\/\/sites.uwasa.fi\/peek\/wp-json\/wp\/v2\/types\/page"}],"author":[{"embeddable":true,"href":"https:\/\/sites.uwasa.fi\/peek\/wp-json\/wp\/v2\/users\/29"}],"replies":[{"embeddable":true,"href":"https:\/\/sites.uwasa.fi\/peek\/wp-json\/wp\/v2\/comments?post=41"}],"version-history":[{"count":93,"href":"https:\/\/sites.uwasa.fi\/peek\/wp-json\/wp\/v2\/pages\/41\/revisions"}],"predecessor-version":[{"id":55,"href":"https:\/\/sites.uwasa.fi\/peek\/wp-json\/wp\/v2\/pages\/41\/revisions\/55"}],"wp:attachment":[{"href":"https:\/\/sites.uwasa.fi\/peek\/wp-json\/wp\/v2\/media?parent=41"}],"curies":[{"name":"wp","href":"https:\/\/api.w.org\/{rel}","templated":true}]}}