{"id":291,"date":"2019-05-13T10:07:44","date_gmt":"2019-05-13T07:07:44","guid":{"rendered":"https:\/\/sites.uwasa.fi\/peek\/?page_id=291"},"modified":"2021-04-10T18:17:48","modified_gmt":"2021-04-10T15:17:48","slug":"mukaan","status":"publish","type":"page","link":"https:\/\/sites.uwasa.fi\/peek\/mukaan\/","title":{"rendered":"Miten p\u00e4\u00e4sen mukaan?"},"content":{"rendered":"<p>Mist\u00e4 hakea rahoitusta?<\/p>\n<ul>\n<li><a href=\"https:\/\/www.businessfinland.fi\/suomalaisille-asiakkaille\/palvelut\/rahoitus\/tempo-rahoitus\/peliliiketoiminta\" target=\"_blank\" rel=\"noopener noreferrer\">Tutustu tarkemmin Business Finlandin kattaviin peliliiketoiminnan rahoitusmuotoihin<\/a><\/li>\n<li>Voit tutustua my\u00f6s erilaisiin joukkorahoitusmahdollisuuksiin (esim. Mesenaatti, Kickstarter, Invesdor)<\/li>\n<\/ul>\n<p>&nbsp;<\/p>\n<p>Alan osaajat<\/p>\n<ul>\n<li>Erilaiset peli- ja pelaajayhteis\u00f6t sek\u00e4 yhdistykset, kuten <a href=\"https:\/\/sepeliry.github.io\/sepeli.html\">Sein\u00e4joen pelikehitt\u00e4j\u00e4t SEPELI ry <\/a>tai <a href=\"https:\/\/www.igda.fi\/blog\/2016\/introducing-igda-finland-vaasa-hub\">IGDA Finland Vaasa Hub\u00a0<\/a><\/li>\n<li>Peli-idean kehitt\u00e4minen toimivaksi peliksi on mahdollista my\u00f6s omarahoitteisen toimeksiannon kautta. Etel\u00e4-Pohjanmaan ja Pohjanmaan alueella pelinkehityst\u00e4 tarjoavat mm. Valakia Oy sek\u00e4 Gambit Oy.<\/li>\n<li><a href=\"https:\/\/www.itewiki.fi\/\" target=\"_blank\" rel=\"noopener\">Ite wikist\u00e4<\/a> l\u00f6yd\u00e4t liiketoiminnan digitalisoimiseen liittyvi\u00e4 ohjelmistoyrityksi\u00e4, it-palvelutarjoajia, web- ja mobiilikehitt\u00e4ji\u00e4 sek\u00e4 digitalisaation osaajayrityksi\u00e4 liiketoiminnan kehityskumppaneiksi (<a href=\"https:\/\/www.itewiki.fi\/\" target=\"_blank\" rel=\"noopener\">https:\/\/www.itewiki.fi\/<\/a>)<\/li>\n<\/ul>\n<p>&nbsp;<\/p>\n<p>Koulutus<\/p>\n<ul>\n<li>Pelialan koulutus\u00a0<a href=\"https:\/\/neogames.fi\/fi\/pelialan-koulutus\/\">Neogames.fi:ss\u00e4<\/a><\/li>\n<li>Pelialan koulutustarjonta <a href=\"https:\/\/opintopolku.fi\/app\/#!\/haku\/peliala?page=1&amp;facetFilters=teachingLangCode_ffm:FI&amp;tab=los\">Opintopolku.fi:ss\u00e4<\/a><\/li>\n<li>Vamian <a href=\"https:\/\/vamia.fi\/tutkinto\/ohjelmistokehittaja\/\">Ohjelmistokehitt\u00e4j\u00e4-koulutus<\/a><\/li>\n<\/ul>\n","protected":false},"excerpt":{"rendered":"<p>Mist\u00e4 hakea rahoitusta? Tutustu tarkemmin Business Finlandin kattaviin peliliiketoiminnan rahoitusmuotoihin Voit tutustua my\u00f6s erilaisiin joukkorahoitusmahdollisuuksiin (esim. Mesenaatti, Kickstarter, Invesdor) &nbsp; Alan osaajat Erilaiset peli- ja pelaajayhteis\u00f6t sek\u00e4 yhdistykset, kuten Sein\u00e4joen pelikehitt\u00e4j\u00e4t SEPELI ry tai IGDA Finland Vaasa Hub\u00a0 Peli-idean kehitt\u00e4minen toimivaksi peliksi on mahdollista my\u00f6s omarahoitteisen toimeksiannon kautta. Etel\u00e4-Pohjanmaan ja Pohjanmaan alueella pelinkehityst\u00e4 tarjoavat mm. [&hellip;]<\/p>\n","protected":false},"author":29,"featured_media":0,"parent":0,"menu_order":0,"comment_status":"closed","ping_status":"closed","template":"","meta":{"_acf_changed":false,"footnotes":""},"class_list":["post-291","page","type-page","status-publish","hentry"],"acf":[],"_links":{"self":[{"href":"https:\/\/sites.uwasa.fi\/peek\/wp-json\/wp\/v2\/pages\/291"}],"collection":[{"href":"https:\/\/sites.uwasa.fi\/peek\/wp-json\/wp\/v2\/pages"}],"about":[{"href":"https:\/\/sites.uwasa.fi\/peek\/wp-json\/wp\/v2\/types\/page"}],"author":[{"embeddable":true,"href":"https:\/\/sites.uwasa.fi\/peek\/wp-json\/wp\/v2\/users\/29"}],"replies":[{"embeddable":true,"href":"https:\/\/sites.uwasa.fi\/peek\/wp-json\/wp\/v2\/comments?post=291"}],"version-history":[{"count":24,"href":"https:\/\/sites.uwasa.fi\/peek\/wp-json\/wp\/v2\/pages\/291\/revisions"}],"predecessor-version":[{"id":1859,"href":"https:\/\/sites.uwasa.fi\/peek\/wp-json\/wp\/v2\/pages\/291\/revisions\/1859"}],"wp:attachment":[{"href":"https:\/\/sites.uwasa.fi\/peek\/wp-json\/wp\/v2\/media?parent=291"}],"curies":[{"name":"wp","href":"https:\/\/api.w.org\/{rel}","templated":true}]}}