{"id":2007,"date":"2025-04-08T14:58:08","date_gmt":"2025-04-08T11:58:08","guid":{"rendered":"https:\/\/sites.uwasa.fi\/peek\/?page_id=2007"},"modified":"2025-04-09T07:44:24","modified_gmt":"2025-04-09T04:44:24","slug":"toivo2","status":"publish","type":"page","link":"https:\/\/sites.uwasa.fi\/peek\/toivo2\/","title":{"rendered":"Toivo-botti 2.0"},"content":{"rendered":"<h3><strong>Tervetuloa kokeilemaan Toivo-bottia!<\/strong><\/h3>\n<p>Olet astumassa opiskelumaailmaan, joka tuo mukanaan mahdollisuuksia, haasteita ja paljon uutta. Edess\u00e4si voi olla akateemista menestyst\u00e4, itsen\u00e4istymist\u00e4 ja oman arjen rakentamista. On ihan tavallista, ett\u00e4 t\u00e4llainen muutos her\u00e4tt\u00e4\u00e4 my\u00f6s ep\u00e4varmuutta. Monet kokevat samoin.<\/p>\n<p>Toivo-botti on teko\u00e4lyavusteinen keskustelukumppani, joka kulkee rinnallasi ja auttaa sinua tekem\u00e4\u00e4n fiksuja ja juuri itsellesi sopivia p\u00e4\u00e4t\u00f6ksi\u00e4 liittyen opintoihin, talouteen sek\u00e4 hyvinvointiin. Toivon neuvojen avulla voit j\u00e4sent\u00e4\u00e4 omaa tilannettasi ja suunnata katseesi kohti selke\u00e4mp\u00e4\u00e4 opiskelija-arkea.<\/p>\n<h3><strong>Oletko valmis aloittamaan keskustelun?<\/strong><\/h3>\n<ul>\n<li>Aloita keskustelu klikkaamalla sivuston <strong>oikeassa (ala)reunassa<\/strong> n\u00e4kyv\u00e4\u00e4 sinist\u00e4 Toivo-kuvaketta.<\/li>\n<li>Toivo etenee vaiheittain: paina aina &#8217;<em>jatketaan matkaa<\/em>&#8217;, kun olet valmis siirtym\u00e4\u00e4n eteenp\u00e4in.<\/li>\n<li>Huom! Jos et voi painaa chatissa olevia nappeja, valitse &#8217;Start New Chat&#8217;.<\/li>\n<li><strong>Hyv\u00e4ksy laitteellasi t\u00e4m\u00e4n sivuston ev\u00e4steet, jotta voit k\u00e4ytt\u00e4\u00e4 bottia<\/strong>.<\/li>\n<\/ul>\n<p><script type=\"text\/javascript\" data-cookieconsent=\"preferences, statistics, marketing\">\n  (function(d, t) {\n      var v = d.createElement(t), s = d.getElementsByTagName(t)[0];\n      v.onload = function() {\n        window.voiceflow.chat.load({\n          verify: { projectID: '67e4fbe2c139a9d8407478a9' },\n          url: 'https:\/\/general-runtime.voiceflow.com',\n          versionID: 'production',\n          voice: {\n            url: \"https:\/\/runtime-api.voiceflow.com\"\n          }\n        });\n      }\n      v.src = \"https:\/\/cdn.voiceflow.com\/widget-next\/bundle.mjs\"; v.type = \"text\/javascript\"; s.parentNode.insertBefore(v, s);\n  })(document, 'script');\n<\/script><\/p>\n","protected":false},"excerpt":{"rendered":"<p>Tervetuloa kokeilemaan Toivo-bottia! Olet astumassa opiskelumaailmaan, joka tuo mukanaan mahdollisuuksia, haasteita ja paljon uutta. Edess\u00e4si voi olla akateemista menestyst\u00e4, itsen\u00e4istymist\u00e4 ja oman arjen rakentamista. On ihan tavallista, ett\u00e4 t\u00e4llainen muutos her\u00e4tt\u00e4\u00e4 my\u00f6s ep\u00e4varmuutta. Monet kokevat samoin. Toivo-botti on teko\u00e4lyavusteinen keskustelukumppani, joka kulkee rinnallasi ja auttaa sinua tekem\u00e4\u00e4n fiksuja ja juuri itsellesi sopivia p\u00e4\u00e4t\u00f6ksi\u00e4 liittyen opintoihin, [&hellip;]<\/p>\n","protected":false},"author":29,"featured_media":2011,"parent":0,"menu_order":0,"comment_status":"closed","ping_status":"closed","template":"","meta":{"_acf_changed":false,"footnotes":""},"class_list":["post-2007","page","type-page","status-publish","has-post-thumbnail","hentry"],"acf":[],"_links":{"self":[{"href":"https:\/\/sites.uwasa.fi\/peek\/wp-json\/wp\/v2\/pages\/2007"}],"collection":[{"href":"https:\/\/sites.uwasa.fi\/peek\/wp-json\/wp\/v2\/pages"}],"about":[{"href":"https:\/\/sites.uwasa.fi\/peek\/wp-json\/wp\/v2\/types\/page"}],"author":[{"embeddable":true,"href":"https:\/\/sites.uwasa.fi\/peek\/wp-json\/wp\/v2\/users\/29"}],"replies":[{"embeddable":true,"href":"https:\/\/sites.uwasa.fi\/peek\/wp-json\/wp\/v2\/comments?post=2007"}],"version-history":[{"count":23,"href":"https:\/\/sites.uwasa.fi\/peek\/wp-json\/wp\/v2\/pages\/2007\/revisions"}],"predecessor-version":[{"id":2032,"href":"https:\/\/sites.uwasa.fi\/peek\/wp-json\/wp\/v2\/pages\/2007\/revisions\/2032"}],"wp:featuredmedia":[{"embeddable":true,"href":"https:\/\/sites.uwasa.fi\/peek\/wp-json\/wp\/v2\/media\/2011"}],"wp:attachment":[{"href":"https:\/\/sites.uwasa.fi\/peek\/wp-json\/wp\/v2\/media?parent=2007"}],"curies":[{"name":"wp","href":"https:\/\/api.w.org\/{rel}","templated":true}]}}