{"id":1796,"date":"2021-04-10T09:55:15","date_gmt":"2021-04-10T06:55:15","guid":{"rendered":"https:\/\/sites.uwasa.fi\/peek\/?page_id=1796"},"modified":"2021-04-10T09:56:24","modified_gmt":"2021-04-10T06:56:24","slug":"ngpf","status":"publish","type":"page","link":"https:\/\/sites.uwasa.fi\/peek\/ngpf\/","title":{"rendered":"Next Gen Personal Finance (NGPF) -pelit"},"content":{"rendered":"<p><strong>Osoite:<\/strong><br \/>\n<a href=\"https:\/\/www.ngpf.org\/\">https:\/\/www.ngpf.org\/<\/a><\/p>\n<p><strong>\u00a0<\/strong><strong>Lyhyt kuvaus:<\/strong><\/p>\n<p>Next Gen Personal Finance on voittoa tavoittelematon, opettajien kanssa yhteisty\u00f6t\u00e4 tekev\u00e4 organisaatio, jonka tavoitteena parantaa oman taloudenhallinnan opetusta. Organisaatio tarjoaa talousopetuksessa hy\u00f6dynnett\u00e4v\u00e4ksi erilaisia ilmaisia talousaiheisia online-pelej\u00e4 budjetointiin, yliopistomaksujen maksamiseen ja sijoittamiseen liittyen.<\/p>\n<p><strong>Seuraavassa muutamia esimerkkej\u00e4 tehdyist\u00e4 online-peleist\u00e4:<\/strong><\/p>\n<p>&nbsp;<\/p>\n<figure id=\"attachment_1797\" aria-describedby=\"caption-attachment-1797\" style=\"width: 344px\" class=\"wp-caption alignright\"><img loading=\"lazy\" decoding=\"async\" class=\" wp-image-1797\" src=\"https:\/\/sites.uwasa.fi\/peek\/wp-content\/uploads\/sites\/30\/2021\/04\/moneymagic04.png\" alt=\"\" width=\"344\" height=\"233\" srcset=\"https:\/\/sites.uwasa.fi\/peek\/wp-content\/uploads\/sites\/30\/2021\/04\/moneymagic04.png 534w, https:\/\/sites.uwasa.fi\/peek\/wp-content\/uploads\/sites\/30\/2021\/04\/moneymagic04-300x203.png 300w\" sizes=\"(max-width: 344px) 100vw, 344px\" \/><figcaption id=\"caption-attachment-1797\" class=\"wp-caption-text\">kuva: https:\/\/playmoneymagic.com\/<\/figcaption><\/figure>\n<p><strong>Money Magic<\/strong><\/p>\n<p><a href=\"https:\/\/playmoneymagic.com\/\">https:\/\/playmoneymagic.com\/<\/a><\/p>\n<p>Mobiililaitteilla parhaiten toimivassa Money Magic -peliss\u00e4 autetaan Enzo-nimist\u00e4 taikuria budjetin hallinnoimisessa ja s\u00e4\u00e4st\u00e4misess\u00e4. Pelin tavoitteena on opettaa opiskelijoille perustietoja budjetoinnista. Tarkoituksena on erilaisia kulueri\u00e4 hallinnoimalla (esim. mainonta, kunnossapito, ostettavat taikatemput) ja s\u00e4\u00e4st\u00e4m\u00e4ll\u00e4 mahdollistaa esiintyminen Las Vegasissa. Peliss\u00e4 suunnitellaan my\u00f6s esityksen kulku ja tehtyjen valintojen perusteella pelaaja saa palautetta.<\/p>\n<p>&nbsp;<\/p>\n<p>&nbsp;<\/p>\n<p>&nbsp;<\/p>\n<p>&nbsp;<\/p>\n<figure id=\"attachment_1798\" aria-describedby=\"caption-attachment-1798\" style=\"width: 451px\" class=\"wp-caption alignleft\"><img loading=\"lazy\" decoding=\"async\" class=\" wp-image-1798\" src=\"https:\/\/sites.uwasa.fi\/peek\/wp-content\/uploads\/sites\/30\/2021\/04\/paycollege02.png\" alt=\"\" width=\"451\" height=\"275\" srcset=\"https:\/\/sites.uwasa.fi\/peek\/wp-content\/uploads\/sites\/30\/2021\/04\/paycollege02.png 1003w, https:\/\/sites.uwasa.fi\/peek\/wp-content\/uploads\/sites\/30\/2021\/04\/paycollege02-300x183.png 300w, https:\/\/sites.uwasa.fi\/peek\/wp-content\/uploads\/sites\/30\/2021\/04\/paycollege02-768x468.png 768w\" sizes=\"(max-width: 451px) 100vw, 451px\" \/><figcaption id=\"caption-attachment-1798\" class=\"wp-caption-text\">kuva: https:\/\/www.timeforpayback.com\/<\/figcaption><\/figure>\n<p><strong>Paying for College<\/strong><\/p>\n<p><a href=\"https:\/\/www.timeforpayback.com\/\">https:\/\/www.timeforpayback.com\/<\/a><\/p>\n<p>Paying for College -peliss\u00e4 (web) oppilaat tekev\u00e4t erilaisia p\u00e4\u00e4t\u00f6ksi\u00e4 liittyen yliopisto-opintoihinsa. Tavoitteena on selvit\u00e4 mahdollisimman v\u00e4h\u00e4ll\u00e4 opintolainan m\u00e4\u00e4r\u00e4ll\u00e4 ja saada opiskelija ajattelemaan tekemi\u00e4\u00e4n valintoja. Peliss\u00e4 edet\u00e4\u00e4n p\u00e4\u00e4t\u00f6spuumaisesti aina vastaamalla eteen tuleviin vaihtoehtoihin tai teht\u00e4viin, joissa pit\u00e4\u00e4 esimerkiksi naputella hiiren nappia mahdollisimman nopeasti ilmoittautuakseen mahdollisimman monelle kurssille.<\/p>\n<p>&nbsp;<\/p>\n<p>&nbsp;<\/p>\n<p>&nbsp;<\/p>\n<p>&nbsp;<\/p>\n<p>&nbsp;<\/p>\n<p>&nbsp;<\/p>\n<figure id=\"attachment_1799\" aria-describedby=\"caption-attachment-1799\" style=\"width: 456px\" class=\"wp-caption alignright\"><img loading=\"lazy\" decoding=\"async\" class=\" wp-image-1799\" src=\"https:\/\/sites.uwasa.fi\/peek\/wp-content\/uploads\/sites\/30\/2021\/04\/stax01-p.png\" alt=\"\" width=\"456\" height=\"311\" srcset=\"https:\/\/sites.uwasa.fi\/peek\/wp-content\/uploads\/sites\/30\/2021\/04\/stax01-p.png 498w, https:\/\/sites.uwasa.fi\/peek\/wp-content\/uploads\/sites\/30\/2021\/04\/stax01-p-300x205.png 300w\" sizes=\"(max-width: 456px) 100vw, 456px\" \/><figcaption id=\"caption-attachment-1799\" class=\"wp-caption-text\">kuva: https:\/\/buildyourstax.com\/<\/figcaption><\/figure>\n<p><strong>STAX<\/strong><\/p>\n<p><a href=\"https:\/\/buildyourstax.com\/\">https:\/\/buildyourstax.com\/<\/a><\/p>\n<p>Build Your $TAX -peli on suunnattu esittelem\u00e4\u00e4n erilaisia sijoitusmahdollisuuksia. Stax-peliss\u00e4 teht\u00e4v\u00e4n\u00e4 on tehd\u00e4 sijoituksia annetun alkup\u00e4\u00e4oman voimin ja saada sijoitetut varat kasvamaan mahdollisimman paljon 20-vuoden aikana. Peli\u00e4 voi pelata joko yksin tai ryhm\u00e4ss\u00e4. Peliss\u00e4 on mallinnettu seitsem\u00e4n erilaista sijoitusmahdollisuutta. Pelin alussa pelaajalla on vain s\u00e4\u00e4st\u00f6tili, johon tallettaa rahaa. Mahdollisuudet laajenevat pelin edetess\u00e4 ja kuvioihin tulevat mukaan talletustodistukset, indeksirahastot, yksitt\u00e4iset osakkeet, valtion obligaatiot, vehn\u00e4 sek\u00e4 kulta.<\/p>\n","protected":false},"excerpt":{"rendered":"<p>Osoite: https:\/\/www.ngpf.org\/ \u00a0Lyhyt kuvaus: Next Gen Personal Finance on voittoa tavoittelematon, opettajien kanssa yhteisty\u00f6t\u00e4 tekev\u00e4 organisaatio, jonka tavoitteena parantaa oman taloudenhallinnan opetusta. Organisaatio tarjoaa talousopetuksessa hy\u00f6dynnett\u00e4v\u00e4ksi erilaisia ilmaisia talousaiheisia online-pelej\u00e4 budjetointiin, yliopistomaksujen maksamiseen ja sijoittamiseen liittyen. Seuraavassa muutamia esimerkkej\u00e4 tehdyist\u00e4 online-peleist\u00e4: &nbsp; Money Magic https:\/\/playmoneymagic.com\/ Mobiililaitteilla parhaiten toimivassa Money Magic -peliss\u00e4 autetaan Enzo-nimist\u00e4 taikuria budjetin [&hellip;]<\/p>\n","protected":false},"author":29,"featured_media":0,"parent":0,"menu_order":0,"comment_status":"closed","ping_status":"closed","template":"","meta":{"_acf_changed":false,"footnotes":""},"class_list":["post-1796","page","type-page","status-publish","hentry"],"acf":[],"_links":{"self":[{"href":"https:\/\/sites.uwasa.fi\/peek\/wp-json\/wp\/v2\/pages\/1796"}],"collection":[{"href":"https:\/\/sites.uwasa.fi\/peek\/wp-json\/wp\/v2\/pages"}],"about":[{"href":"https:\/\/sites.uwasa.fi\/peek\/wp-json\/wp\/v2\/types\/page"}],"author":[{"embeddable":true,"href":"https:\/\/sites.uwasa.fi\/peek\/wp-json\/wp\/v2\/users\/29"}],"replies":[{"embeddable":true,"href":"https:\/\/sites.uwasa.fi\/peek\/wp-json\/wp\/v2\/comments?post=1796"}],"version-history":[{"count":4,"href":"https:\/\/sites.uwasa.fi\/peek\/wp-json\/wp\/v2\/pages\/1796\/revisions"}],"predecessor-version":[{"id":1803,"href":"https:\/\/sites.uwasa.fi\/peek\/wp-json\/wp\/v2\/pages\/1796\/revisions\/1803"}],"wp:attachment":[{"href":"https:\/\/sites.uwasa.fi\/peek\/wp-json\/wp\/v2\/media?parent=1796"}],"curies":[{"name":"wp","href":"https:\/\/api.w.org\/{rel}","templated":true}]}}