{"id":1777,"date":"2021-04-10T09:23:51","date_gmt":"2021-04-10T06:23:51","guid":{"rendered":"https:\/\/sites.uwasa.fi\/peek\/?page_id=1777"},"modified":"2021-04-10T09:26:43","modified_gmt":"2021-04-10T06:26:43","slug":"yrityskyla","status":"publish","type":"page","link":"https:\/\/sites.uwasa.fi\/peek\/yrityskyla\/","title":{"rendered":"Yrityskyl\u00e4"},"content":{"rendered":"<p><strong>Osoite:<\/strong><br \/>\n<a href=\"http:\/\/www.xn--yrityskyl-32a.fi\/\">http:\/\/www.yrityskyl\u00e4.fi<\/a><\/p>\n<figure id=\"attachment_1779\" aria-describedby=\"caption-attachment-1779\" style=\"width: 303px\" class=\"wp-caption alignright\"><img loading=\"lazy\" decoding=\"async\" class=\"wp-image-1779 size-full\" src=\"https:\/\/sites.uwasa.fi\/peek\/wp-content\/uploads\/sites\/30\/2021\/04\/yrityskyla3-p.png\" alt=\"\" width=\"303\" height=\"192\" srcset=\"https:\/\/sites.uwasa.fi\/peek\/wp-content\/uploads\/sites\/30\/2021\/04\/yrityskyla3-p.png 303w, https:\/\/sites.uwasa.fi\/peek\/wp-content\/uploads\/sites\/30\/2021\/04\/yrityskyla3-p-300x190.png 300w\" sizes=\"(max-width: 303px) 100vw, 303px\" \/><figcaption id=\"caption-attachment-1779\" class=\"wp-caption-text\">kuva: http:\/\/www.yrityskyl\u00e4.fi<\/figcaption><\/figure>\n<p><strong>\u00a0<\/strong><\/p>\n<p><strong>Lyhyt kuvaus:<\/strong><\/p>\n<p>Yrityskyl\u00e4 on kuudes- ja yhdeks\u00e4sluokkalaisille suunnattu opetussuunnitelmaan perustuva oppimiskokonaisuus, joka on palkittu maailman parhaana koulutusinnovaationa. <strong><em>Yrityskyl\u00e4 Alakoulu<\/em><\/strong> perustuu rakennettuun, lasten ja nuorten py\u00f6ritt\u00e4m\u00e4\u00e4n pienoiskaupunkiin, jossa opitaan ty\u00f6el\u00e4m\u00e4st\u00e4, taloudesta sek\u00e4 yhteiskunnasta. Oppilas saa ammatin sek\u00e4 tekem\u00e4st\u00e4 ty\u00f6st\u00e4\u00e4n palkan. Oppilas toimii my\u00f6s kuluttajan roolissa kuluttaen toisten tuottamia palveluita. <strong><em>Yrityskyl\u00e4 Yl\u00e4koulussa<\/em><\/strong> oppilaat johtavat kansainv\u00e4lisill\u00e4 markkinoilla toimivaa yrityst\u00e4 kilpaillen toisiaan vastaan. Oppilailla on omat vastuualueensa ja tuotteita valmistetaan ja myyd\u00e4\u00e4n asiakkaille. Voittajaksi nousee joukkue, jonka liiketulos sek\u00e4 maine on kasvanut eniten.<\/p>\n<figure id=\"attachment_1778\" aria-describedby=\"caption-attachment-1778\" style=\"width: 667px\" class=\"wp-caption alignnone\"><img loading=\"lazy\" decoding=\"async\" class=\"wp-image-1778\" src=\"https:\/\/sites.uwasa.fi\/peek\/wp-content\/uploads\/sites\/30\/2021\/04\/yrityskyla.png\" alt=\"\" width=\"667\" height=\"268\" srcset=\"https:\/\/sites.uwasa.fi\/peek\/wp-content\/uploads\/sites\/30\/2021\/04\/yrityskyla.png 874w, https:\/\/sites.uwasa.fi\/peek\/wp-content\/uploads\/sites\/30\/2021\/04\/yrityskyla-300x120.png 300w, https:\/\/sites.uwasa.fi\/peek\/wp-content\/uploads\/sites\/30\/2021\/04\/yrityskyla-768x308.png 768w\" sizes=\"(max-width: 667px) 100vw, 667px\" \/><figcaption id=\"caption-attachment-1778\" class=\"wp-caption-text\">kuva: http:\/\/www.yrityskyl\u00e4.fi<\/figcaption><\/figure>\n<p><strong>\u00a0<\/strong><\/p>\n<p><strong>Teknologia: <\/strong><\/p>\n<p>pienoiskaupunki<\/p>\n<p>&nbsp;<\/p>\n<p><strong>L\u00e4hteet:<\/strong><\/p>\n<p><a href=\"http:\/\/www.xn--yrityskyl-32a.fi\/\">http:\/\/www.yrityskyl\u00e4.fi<\/a><\/p>\n","protected":false},"excerpt":{"rendered":"<p>Osoite: http:\/\/www.yrityskyl\u00e4.fi \u00a0 Lyhyt kuvaus: Yrityskyl\u00e4 on kuudes- ja yhdeks\u00e4sluokkalaisille suunnattu opetussuunnitelmaan perustuva oppimiskokonaisuus, joka on palkittu maailman parhaana koulutusinnovaationa. Yrityskyl\u00e4 Alakoulu perustuu rakennettuun, lasten ja nuorten py\u00f6ritt\u00e4m\u00e4\u00e4n pienoiskaupunkiin, jossa opitaan ty\u00f6el\u00e4m\u00e4st\u00e4, taloudesta sek\u00e4 yhteiskunnasta. Oppilas saa ammatin sek\u00e4 tekem\u00e4st\u00e4 ty\u00f6st\u00e4\u00e4n palkan. Oppilas toimii my\u00f6s kuluttajan roolissa kuluttaen toisten tuottamia palveluita. Yrityskyl\u00e4 Yl\u00e4koulussa oppilaat johtavat [&hellip;]<\/p>\n","protected":false},"author":29,"featured_media":0,"parent":0,"menu_order":0,"comment_status":"closed","ping_status":"closed","template":"","meta":{"_acf_changed":false,"footnotes":""},"class_list":["post-1777","page","type-page","status-publish","hentry"],"acf":[],"_links":{"self":[{"href":"https:\/\/sites.uwasa.fi\/peek\/wp-json\/wp\/v2\/pages\/1777"}],"collection":[{"href":"https:\/\/sites.uwasa.fi\/peek\/wp-json\/wp\/v2\/pages"}],"about":[{"href":"https:\/\/sites.uwasa.fi\/peek\/wp-json\/wp\/v2\/types\/page"}],"author":[{"embeddable":true,"href":"https:\/\/sites.uwasa.fi\/peek\/wp-json\/wp\/v2\/users\/29"}],"replies":[{"embeddable":true,"href":"https:\/\/sites.uwasa.fi\/peek\/wp-json\/wp\/v2\/comments?post=1777"}],"version-history":[{"count":6,"href":"https:\/\/sites.uwasa.fi\/peek\/wp-json\/wp\/v2\/pages\/1777\/revisions"}],"predecessor-version":[{"id":1786,"href":"https:\/\/sites.uwasa.fi\/peek\/wp-json\/wp\/v2\/pages\/1777\/revisions\/1786"}],"wp:attachment":[{"href":"https:\/\/sites.uwasa.fi\/peek\/wp-json\/wp\/v2\/media?parent=1777"}],"curies":[{"name":"wp","href":"https:\/\/api.w.org\/{rel}","templated":true}]}}