{"id":1767,"date":"2021-04-10T09:09:19","date_gmt":"2021-04-10T06:09:19","guid":{"rendered":"https:\/\/sites.uwasa.fi\/peek\/?page_id=1767"},"modified":"2021-04-10T09:14:59","modified_gmt":"2021-04-10T06:14:59","slug":"taloussankari","status":"publish","type":"page","link":"https:\/\/sites.uwasa.fi\/peek\/taloussankari\/","title":{"rendered":"Taloussankari"},"content":{"rendered":"<p><strong><img loading=\"lazy\" decoding=\"async\" class=\"alignright size-full wp-image-1769\" src=\"https:\/\/sites.uwasa.fi\/peek\/wp-content\/uploads\/sites\/30\/2021\/04\/ts1.png\" alt=\"\" width=\"259\" height=\"350\" srcset=\"https:\/\/sites.uwasa.fi\/peek\/wp-content\/uploads\/sites\/30\/2021\/04\/ts1.png 259w, https:\/\/sites.uwasa.fi\/peek\/wp-content\/uploads\/sites\/30\/2021\/04\/ts1-222x300.png 222w\" sizes=\"(max-width: 259px) 100vw, 259px\" \/><\/strong><\/p>\n<p><strong>Osoite:<\/strong><br \/>\n<a href=\"https:\/\/www.taloussankari.fi\/\">https:\/\/www.taloussankari.fi\/<\/a><\/p>\n<p><strong>\u00a0<\/strong><\/p>\n<p><strong>Lyhyt kuvaus:<\/strong><\/p>\n<p>Talous ja nuoret TAT, Nordean ja P\u00f6rssis\u00e4\u00e4ti\u00f6n kehitt\u00e4m\u00e4ss\u00e4 ja peliyhti\u00f6 10monkeysin toteuttamassa Taloussankari-peliss\u00e4 tavoitteena on oppia arjen taloustaitoja ja tehd\u00e4 harkittuja oman talouden valintoja. Peli on suunnattu 13-17-vuotiaille. Peliss\u00e4 pelihahmo on nuori, kohderyhm\u00e4\u00e4n kuuluva mies tai naishahmo (tulevaisuuden sin\u00e4), jonka el\u00e4m\u00e4\u00e4 asetutaan ohjailemaan tekem\u00e4ll\u00e4 mahdollisimman viisaita valintoja. Peliss\u00e4 k\u00e4yd\u00e4\u00e4n luonnolliselta kuulostavaa dialogia k\u00e4nnykk\u00e4viestien kaltaisesti esimerkiksi oman \u00e4idin, kaverien ja isovanhempien kanssa. Taloustaitojen opettaminen tapahtuu viestittelyn yhteydess\u00e4. Pelaajalle annetaan mahdollisuus tehd\u00e4 valintoja esimerkiksi siit\u00e4, kulkeeko h\u00e4n halvemmin junalla matkan kest\u00e4ess\u00e4 pidemp\u00e4\u00e4n, vai menn\u00e4k\u00f6 kalliimmalla bussilla mahdollistaen kuitenkin p\u00e4\u00e4syn suoraan perille. Pelin l\u00e4pipelaaminen kest\u00e4\u00e4 noin tunnin.<\/p>\n<p><strong>\u00a0<\/strong><\/p>\n<p>&nbsp;<\/p>\n<p><strong>Teknologia: <\/strong><\/p>\n<p><img loading=\"lazy\" decoding=\"async\" class=\"alignright wp-image-1770\" src=\"https:\/\/sites.uwasa.fi\/peek\/wp-content\/uploads\/sites\/30\/2021\/04\/ts2.png\" alt=\"\" width=\"258\" height=\"278\" \/>Mobiililaitteille optimoitu verkkosivupeli<\/p>\n<p>&nbsp;<\/p>\n<p><strong>L\u00e4hteet:<\/strong><\/p>\n<p><a href=\"https:\/\/www.taloussankari.fi\/\">https:\/\/www.taloussankari.fi\/<\/a><\/p>\n<p><a href=\"https:\/\/www.tat.fi\/taloutta-opitaan-nyt-pelaamalla\/\">https:\/\/www.tat.fi\/taloutta-opitaan-nyt-pelaamalla\/<\/a><\/p>\n<p>&nbsp;<\/p>\n<p>&nbsp;<\/p>\n<p>&nbsp;<\/p>\n<p>&nbsp;<\/p>\n<p><img loading=\"lazy\" decoding=\"async\" class=\"alignright size-full wp-image-1768\" src=\"https:\/\/sites.uwasa.fi\/peek\/wp-content\/uploads\/sites\/30\/2021\/04\/ts3.png\" alt=\"\" width=\"260\" height=\"317\" srcset=\"https:\/\/sites.uwasa.fi\/peek\/wp-content\/uploads\/sites\/30\/2021\/04\/ts3.png 260w, https:\/\/sites.uwasa.fi\/peek\/wp-content\/uploads\/sites\/30\/2021\/04\/ts3-246x300.png 246w\" sizes=\"(max-width: 260px) 100vw, 260px\" \/><\/p>\n<p>&nbsp;<\/p>\n","protected":false},"excerpt":{"rendered":"<p>Osoite: https:\/\/www.taloussankari.fi\/ \u00a0 Lyhyt kuvaus: Talous ja nuoret TAT, Nordean ja P\u00f6rssis\u00e4\u00e4ti\u00f6n kehitt\u00e4m\u00e4ss\u00e4 ja peliyhti\u00f6 10monkeysin toteuttamassa Taloussankari-peliss\u00e4 tavoitteena on oppia arjen taloustaitoja ja tehd\u00e4 harkittuja oman talouden valintoja. Peli on suunnattu 13-17-vuotiaille. Peliss\u00e4 pelihahmo on nuori, kohderyhm\u00e4\u00e4n kuuluva mies tai naishahmo (tulevaisuuden sin\u00e4), jonka el\u00e4m\u00e4\u00e4 asetutaan ohjailemaan tekem\u00e4ll\u00e4 mahdollisimman viisaita valintoja. Peliss\u00e4 k\u00e4yd\u00e4\u00e4n luonnolliselta [&hellip;]<\/p>\n","protected":false},"author":29,"featured_media":0,"parent":0,"menu_order":0,"comment_status":"closed","ping_status":"closed","template":"","meta":{"_acf_changed":false,"footnotes":""},"class_list":["post-1767","page","type-page","status-publish","hentry"],"acf":[],"_links":{"self":[{"href":"https:\/\/sites.uwasa.fi\/peek\/wp-json\/wp\/v2\/pages\/1767"}],"collection":[{"href":"https:\/\/sites.uwasa.fi\/peek\/wp-json\/wp\/v2\/pages"}],"about":[{"href":"https:\/\/sites.uwasa.fi\/peek\/wp-json\/wp\/v2\/types\/page"}],"author":[{"embeddable":true,"href":"https:\/\/sites.uwasa.fi\/peek\/wp-json\/wp\/v2\/users\/29"}],"replies":[{"embeddable":true,"href":"https:\/\/sites.uwasa.fi\/peek\/wp-json\/wp\/v2\/comments?post=1767"}],"version-history":[{"count":5,"href":"https:\/\/sites.uwasa.fi\/peek\/wp-json\/wp\/v2\/pages\/1767\/revisions"}],"predecessor-version":[{"id":1775,"href":"https:\/\/sites.uwasa.fi\/peek\/wp-json\/wp\/v2\/pages\/1767\/revisions\/1775"}],"wp:attachment":[{"href":"https:\/\/sites.uwasa.fi\/peek\/wp-json\/wp\/v2\/media?parent=1767"}],"curies":[{"name":"wp","href":"https:\/\/api.w.org\/{rel}","templated":true}]}}