{"id":1712,"date":"2021-04-09T17:17:28","date_gmt":"2021-04-09T14:17:28","guid":{"rendered":"https:\/\/sites.uwasa.fi\/peek\/?page_id=1712"},"modified":"2021-04-09T17:19:27","modified_gmt":"2021-04-09T14:19:27","slug":"talopeli","status":"publish","type":"page","link":"https:\/\/sites.uwasa.fi\/peek\/talopeli\/","title":{"rendered":"Talopeli"},"content":{"rendered":"<p><strong>Osoite:<\/strong><br \/>\n<a href=\"http:\/\/www.talopeli.fi\">www.talopeli.fi<\/a><\/p>\n<p>&nbsp;<\/p>\n<figure id=\"attachment_1713\" aria-describedby=\"caption-attachment-1713\" style=\"width: 688px\" class=\"wp-caption alignright\"><img loading=\"lazy\" decoding=\"async\" class=\" wp-image-1713\" src=\"https:\/\/sites.uwasa.fi\/peek\/wp-content\/uploads\/sites\/30\/2021\/04\/talopeli-suunnittelu-p.png\" alt=\"\" width=\"688\" height=\"476\" srcset=\"https:\/\/sites.uwasa.fi\/peek\/wp-content\/uploads\/sites\/30\/2021\/04\/talopeli-suunnittelu-p.png 792w, https:\/\/sites.uwasa.fi\/peek\/wp-content\/uploads\/sites\/30\/2021\/04\/talopeli-suunnittelu-p-300x208.png 300w, https:\/\/sites.uwasa.fi\/peek\/wp-content\/uploads\/sites\/30\/2021\/04\/talopeli-suunnittelu-p-768x531.png 768w\" sizes=\"(max-width: 688px) 100vw, 688px\" \/><figcaption id=\"caption-attachment-1713\" class=\"wp-caption-text\">kuva: www.talopeli.fi<\/figcaption><\/figure>\n<p><strong>Lyhyt kuvaus:<\/strong><\/p>\n<p>TaloPeli on Visual computing Oy:n kehitt\u00e4m\u00e4 ty\u00f6kalu. Netiss\u00e4 toimiva sovellus on tarkoitettu pientalon kustannusarvioiden ja budjetin laskentaan, projektin kokonaiskuvan hahmottamiseen sek\u00e4 energiatehokkuuden optimointiin. Sit\u00e4 k\u00e4ytt\u00e4v\u00e4t monet talotoimittajat asiakaspalvelussa, markkinoinnissa sek\u00e4 myynniss\u00e4. Tehtyj\u00e4 laskelmia voidaan my\u00f6s hy\u00f6dynt\u00e4\u00e4 rahoitusneuvotteluissa pankeissa. TaloPeliss\u00e4 voidaan m\u00e4\u00e4ritt\u00e4\u00e4 esimerkiksi huoneluku ja koko, talon pohjan ja katon koko ja muoto, k\u00e4ytett\u00e4v\u00e4t materiaalit, rakenteet, l\u00e4mmitysmuodot ja talotekniset j\u00e4rjestelm\u00e4t. J\u00e4rjestelm\u00e4 n\u00e4ytt\u00e4\u00e4 erilaisia valintoja tehdess\u00e4 vaikutukset kustannuksiin sek\u00e4 energiatehokkuuteen. Sovelluksen avulla tehdyn tarkan etuk\u00e4teissuunnittelun tavoitteena on varmistaa rakentamisen onnistuminen.<\/p>\n<p>TaloPelin alaisuudessa on my\u00f6s muita ty\u00f6kaluja rakentamisen ja korjaamisprojektin onnistumisen tueksi: Esimerkkein\u00e4 Ty\u00f6maa-taltio (<a href=\"https:\/\/talopeli.fi\/tyomaa-taltio\/\">https:\/\/talopeli.fi\/tyomaa-taltio\/<\/a>) on pilvipalvelu, johon vai tallentaa kuitit, kuvat, p\u00f6yt\u00e4kirjat, muistiot sek\u00e4 kustannukset. Remonttilaskuri (<a href=\"https:\/\/talopeli.fi\/remonttilaskuri\/\">https:\/\/talopeli.fi\/remonttilaskuri\/<\/a>) auttaa arvioimaan energiaa s\u00e4\u00e4st\u00e4vien korjaustoimenpiteiden kannattavuutta.<\/p>\n<p><strong>Teknologia: <\/strong><\/p>\n<p>Verkkopalvelu, pakollinen rekister\u00f6inti<\/p>\n<p>&nbsp;<\/p>\n<p><strong>L\u00e4hteet:<\/strong><\/p>\n<p><a href=\"https:\/\/www.viscom.fi\/index.php?page=talopeli\">https:\/\/www.viscom.fi\/index.php?page=talopeli<\/a><\/p>\n","protected":false},"excerpt":{"rendered":"<p>Osoite: www.talopeli.fi &nbsp; Lyhyt kuvaus: TaloPeli on Visual computing Oy:n kehitt\u00e4m\u00e4 ty\u00f6kalu. Netiss\u00e4 toimiva sovellus on tarkoitettu pientalon kustannusarvioiden ja budjetin laskentaan, projektin kokonaiskuvan hahmottamiseen sek\u00e4 energiatehokkuuden optimointiin. Sit\u00e4 k\u00e4ytt\u00e4v\u00e4t monet talotoimittajat asiakaspalvelussa, markkinoinnissa sek\u00e4 myynniss\u00e4. Tehtyj\u00e4 laskelmia voidaan my\u00f6s hy\u00f6dynt\u00e4\u00e4 rahoitusneuvotteluissa pankeissa. TaloPeliss\u00e4 voidaan m\u00e4\u00e4ritt\u00e4\u00e4 esimerkiksi huoneluku ja koko, talon pohjan ja katon koko [&hellip;]<\/p>\n","protected":false},"author":29,"featured_media":0,"parent":0,"menu_order":0,"comment_status":"closed","ping_status":"closed","template":"","meta":{"_acf_changed":false,"footnotes":""},"class_list":["post-1712","page","type-page","status-publish","hentry"],"acf":[],"_links":{"self":[{"href":"https:\/\/sites.uwasa.fi\/peek\/wp-json\/wp\/v2\/pages\/1712"}],"collection":[{"href":"https:\/\/sites.uwasa.fi\/peek\/wp-json\/wp\/v2\/pages"}],"about":[{"href":"https:\/\/sites.uwasa.fi\/peek\/wp-json\/wp\/v2\/types\/page"}],"author":[{"embeddable":true,"href":"https:\/\/sites.uwasa.fi\/peek\/wp-json\/wp\/v2\/users\/29"}],"replies":[{"embeddable":true,"href":"https:\/\/sites.uwasa.fi\/peek\/wp-json\/wp\/v2\/comments?post=1712"}],"version-history":[{"count":1,"href":"https:\/\/sites.uwasa.fi\/peek\/wp-json\/wp\/v2\/pages\/1712\/revisions"}],"predecessor-version":[{"id":1714,"href":"https:\/\/sites.uwasa.fi\/peek\/wp-json\/wp\/v2\/pages\/1712\/revisions\/1714"}],"wp:attachment":[{"href":"https:\/\/sites.uwasa.fi\/peek\/wp-json\/wp\/v2\/media?parent=1712"}],"curies":[{"name":"wp","href":"https:\/\/api.w.org\/{rel}","templated":true}]}}