{"id":1700,"date":"2021-04-09T17:08:59","date_gmt":"2021-04-09T14:08:59","guid":{"rendered":"https:\/\/sites.uwasa.fi\/peek\/?page_id=1700"},"modified":"2021-04-09T17:11:38","modified_gmt":"2021-04-09T14:11:38","slug":"enni","status":"publish","type":"page","link":"https:\/\/sites.uwasa.fi\/peek\/enni\/","title":{"rendered":"Enni-sovellus"},"content":{"rendered":"<p><strong>Osoite:<\/strong><br \/>\nwww.enni-sovellus.fi<\/p>\n<p><strong>\u00a0<\/strong><\/p>\n<p><strong><img loading=\"lazy\" decoding=\"async\" class=\"wp-image-1701 alignleft\" src=\"https:\/\/sites.uwasa.fi\/peek\/wp-content\/uploads\/sites\/30\/2021\/04\/enni.png\" alt=\"\" width=\"169\" height=\"137\" \/><\/strong><\/p>\n<p><strong>Lyhyt kuvaus:<\/strong><\/p>\n<p>Enni on maksuton sovellus, jolla parannetaan julkisten rakennusten energians\u00e4\u00e4st\u00f6\u00e4 vaikuttamalla k\u00e4ytt\u00e4jien toimintatapoihin ilman investointeja. Verkkosivulle on ker\u00e4tty k\u00e4yt\u00e4nn\u00f6n toteutusohjeiden lis\u00e4ksi ty\u00f6kaluja energiankulutuksen seuraamiseen, viitearvojen m\u00e4\u00e4rittelyyn sek\u00e4 s\u00e4\u00e4st\u00f6jen laskemiseen.<\/p>\n<p>&nbsp;<\/p>\n<figure id=\"attachment_1702\" aria-describedby=\"caption-attachment-1702\" style=\"width: 435px\" class=\"wp-caption alignright\"><img loading=\"lazy\" decoding=\"async\" class=\"wp-image-1702\" src=\"https:\/\/sites.uwasa.fi\/peek\/wp-content\/uploads\/sites\/30\/2021\/04\/enni01.png\" alt=\"\" width=\"435\" height=\"403\" srcset=\"https:\/\/sites.uwasa.fi\/peek\/wp-content\/uploads\/sites\/30\/2021\/04\/enni01.png 813w, https:\/\/sites.uwasa.fi\/peek\/wp-content\/uploads\/sites\/30\/2021\/04\/enni01-300x278.png 300w, https:\/\/sites.uwasa.fi\/peek\/wp-content\/uploads\/sites\/30\/2021\/04\/enni01-768x712.png 768w\" sizes=\"(max-width: 435px) 100vw, 435px\" \/><figcaption id=\"caption-attachment-1702\" class=\"wp-caption-text\">kuva: www.enni-sovellus.fi<\/figcaption><\/figure>\n<p>Verkkosovelluksessa pystyy perustamaan s\u00e4\u00e4st\u00f6projektin, jonka toteutukseen kyseisen rakennuksen k\u00e4ytt\u00e4j\u00e4t (ns. Energiatiimi) voidaan kutsua mukaan. Sovellukseen annetaan rakennuksen tiedot ja aiempi energiankulutus tavoitteiden m\u00e4\u00e4ritt\u00e4misen helpottamiseksi. Viitearvot energiankulutukselle saadaan vertaamalla kulutusta aiempiin arvoihin. Sovelluksessa esitettyj\u00e4 teht\u00e4vi\u00e4 toteutetaan esimerkiksi valmiiden vinkkien, materiaalien ja teht\u00e4v\u00e4rungon avulla.<\/p>\n<p>K\u00e4yt\u00e4nn\u00f6ss\u00e4 projektissa teht\u00e4v\u00e4t jakaantuvat seuraavasti: <em>Projektin perustiedot, energiatiimin perustaminen, energian kulutusseuranta, alustava energiakierros, energiakierros, oppilaiden osaamisen lis\u00e4\u00e4minen, tiedonkeruu ja energiaselvitys, toimintasuunnitelma, viestint\u00e4kampanja, lista pieni\u00e4 investointeja vaativista toimenpiteist\u00e4 sek\u00e4 tulokset ja niist\u00e4 tiedottaminen<\/em>. Esimerkiksi energiakierros auttaa osallistujia hahmottamaan konkreettisesti energiank\u00e4ytt\u00f6\u00e4. Energiakierroksella k\u00e4yd\u00e4\u00e4n<\/p>\n<p>l\u00e4pi tilat (miss\u00e4 energiaa kuluu, miksi energiaa kuluu, miss\u00e4 ja miksi energiaa tuhlataan?) Tehdyist\u00e4 toimista pidet\u00e4\u00e4n p\u00e4iv\u00e4kirjaa. Energiankulutuksen s\u00e4\u00e4st\u00f6j\u00e4 seurataan aktiivisesti projektin aikana ja toimintavuoden lopussa lasketaan syntyneet s\u00e4\u00e4st\u00f6t sek\u00e4 rahana ett\u00e4 energiana.<\/p>\n<p><strong>\u00a0<\/strong><\/p>\n<p>&nbsp;<\/p>\n<p>&nbsp;<\/p>\n<p>&nbsp;<\/p>\n<p>&nbsp;<\/p>\n<figure id=\"attachment_1703\" aria-describedby=\"caption-attachment-1703\" style=\"width: 603px\" class=\"wp-caption alignright\"><img loading=\"lazy\" decoding=\"async\" class=\"wp-image-1703\" src=\"https:\/\/sites.uwasa.fi\/peek\/wp-content\/uploads\/sites\/30\/2021\/04\/enni02.png\" alt=\"\" width=\"603\" height=\"238\" srcset=\"https:\/\/sites.uwasa.fi\/peek\/wp-content\/uploads\/sites\/30\/2021\/04\/enni02.png 813w, https:\/\/sites.uwasa.fi\/peek\/wp-content\/uploads\/sites\/30\/2021\/04\/enni02-300x118.png 300w, https:\/\/sites.uwasa.fi\/peek\/wp-content\/uploads\/sites\/30\/2021\/04\/enni02-768x303.png 768w\" sizes=\"(max-width: 603px) 100vw, 603px\" \/><figcaption id=\"caption-attachment-1703\" class=\"wp-caption-text\">kuva: www.enni-sovellus.fi<\/figcaption><\/figure>\n<p><strong>Teknologia: <\/strong><\/p>\n<p>Verkkosovellus, johon kirjaudutaan sis\u00e4\u00e4n.<\/p>\n<p>&nbsp;<\/p>\n<p><strong>L\u00e4hteet:<\/strong><\/p>\n<p>www.enni-sovellus.fi<\/p>\n","protected":false},"excerpt":{"rendered":"<p>Osoite: www.enni-sovellus.fi \u00a0 Lyhyt kuvaus: Enni on maksuton sovellus, jolla parannetaan julkisten rakennusten energians\u00e4\u00e4st\u00f6\u00e4 vaikuttamalla k\u00e4ytt\u00e4jien toimintatapoihin ilman investointeja. Verkkosivulle on ker\u00e4tty k\u00e4yt\u00e4nn\u00f6n toteutusohjeiden lis\u00e4ksi ty\u00f6kaluja energiankulutuksen seuraamiseen, viitearvojen m\u00e4\u00e4rittelyyn sek\u00e4 s\u00e4\u00e4st\u00f6jen laskemiseen. &nbsp; Verkkosovelluksessa pystyy perustamaan s\u00e4\u00e4st\u00f6projektin, jonka toteutukseen kyseisen rakennuksen k\u00e4ytt\u00e4j\u00e4t (ns. Energiatiimi) voidaan kutsua mukaan. Sovellukseen annetaan rakennuksen tiedot ja aiempi energiankulutus [&hellip;]<\/p>\n","protected":false},"author":29,"featured_media":0,"parent":0,"menu_order":0,"comment_status":"closed","ping_status":"closed","template":"","meta":{"_acf_changed":false,"footnotes":""},"class_list":["post-1700","page","type-page","status-publish","hentry"],"acf":[],"_links":{"self":[{"href":"https:\/\/sites.uwasa.fi\/peek\/wp-json\/wp\/v2\/pages\/1700"}],"collection":[{"href":"https:\/\/sites.uwasa.fi\/peek\/wp-json\/wp\/v2\/pages"}],"about":[{"href":"https:\/\/sites.uwasa.fi\/peek\/wp-json\/wp\/v2\/types\/page"}],"author":[{"embeddable":true,"href":"https:\/\/sites.uwasa.fi\/peek\/wp-json\/wp\/v2\/users\/29"}],"replies":[{"embeddable":true,"href":"https:\/\/sites.uwasa.fi\/peek\/wp-json\/wp\/v2\/comments?post=1700"}],"version-history":[{"count":6,"href":"https:\/\/sites.uwasa.fi\/peek\/wp-json\/wp\/v2\/pages\/1700\/revisions"}],"predecessor-version":[{"id":1710,"href":"https:\/\/sites.uwasa.fi\/peek\/wp-json\/wp\/v2\/pages\/1700\/revisions\/1710"}],"wp:attachment":[{"href":"https:\/\/sites.uwasa.fi\/peek\/wp-json\/wp\/v2\/media?parent=1700"}],"curies":[{"name":"wp","href":"https:\/\/api.w.org\/{rel}","templated":true}]}}