{"id":1669,"date":"2021-04-09T16:46:47","date_gmt":"2021-04-09T13:46:47","guid":{"rendered":"https:\/\/sites.uwasa.fi\/peek\/?page_id=1669"},"modified":"2021-04-09T16:46:47","modified_gmt":"2021-04-09T13:46:47","slug":"citysolar","status":"publish","type":"page","link":"https:\/\/sites.uwasa.fi\/peek\/citysolar\/","title":{"rendered":"CitySolar"},"content":{"rendered":"<p><strong>Osoite:<\/strong><\/p>\n<p>https:\/\/www.lehtovuori.fi\/epages\/LEHTOVUORI.sf\/fi_FI\/?ObjectPath=\/Shops\/2014013102\/Products\/citysolar<\/p>\n<p>&nbsp;<\/p>\n<figure id=\"attachment_1671\" aria-describedby=\"caption-attachment-1671\" style=\"width: 403px\" class=\"wp-caption alignright\"><img loading=\"lazy\" decoding=\"async\" class=\" wp-image-1671\" src=\"https:\/\/sites.uwasa.fi\/peek\/wp-content\/uploads\/sites\/30\/2021\/04\/lehtovuori-finbin-citysolar-citypack-citygx-001-ml.jpg\" alt=\"\" width=\"403\" height=\"302\" srcset=\"https:\/\/sites.uwasa.fi\/peek\/wp-content\/uploads\/sites\/30\/2021\/04\/lehtovuori-finbin-citysolar-citypack-citygx-001-ml.jpg 1000w, https:\/\/sites.uwasa.fi\/peek\/wp-content\/uploads\/sites\/30\/2021\/04\/lehtovuori-finbin-citysolar-citypack-citygx-001-ml-300x225.jpg 300w, https:\/\/sites.uwasa.fi\/peek\/wp-content\/uploads\/sites\/30\/2021\/04\/lehtovuori-finbin-citysolar-citypack-citygx-001-ml-768x576.jpg 768w\" sizes=\"(max-width: 403px) 100vw, 403px\" \/><figcaption id=\"caption-attachment-1671\" class=\"wp-caption-text\">kuva: https:\/\/www.lehtovuori.fi\/epages\/LEHTOVUORI.sf\/fi_FI\/?ObjectPath=\/Shops\/2014013102\/Products\/citysolar<\/figcaption><\/figure>\n<p><strong>Lyhyt kuvaus:<\/strong><\/p>\n<p>CitySolar on Lehtovuoren kehitt\u00e4m\u00e4 \u00e4lyk\u00e4s roska-astia. \u201dCitySolar on varustettu aurinkoenergialla toimivalla puristinyksik\u00f6ll\u00e4, joka tiivist\u00e4\u00e4 ker\u00e4tty\u00e4 materiaalia sis\u00e4astiassa ja ker\u00e4yskapasiteettia saadaan hy\u00f6dynnetty\u00e4 tehokkaasti\u201d. \u00c4lyk\u00e4s roska-astia v\u00e4hent\u00e4\u00e4 tarvetta astian tyhjennykselle jopa 5-10 kertaisesti ja se voidaan my\u00f6s integroida j\u00e4rjestelm\u00e4\u00e4n, jossa tieto astian t\u00e4ytt\u00f6asteesta saadaan v\u00e4litetty\u00e4 suoraan j\u00e4tteen tyhjennyksest\u00e4 vastaavalle yritykselle. N\u00e4in v\u00e4ltyt\u00e4\u00e4n turhilta astian tyhjent\u00e4misilt\u00e4 ja voidaan my\u00f6s optimoida kulloinenkin j\u00e4teauton reitti.<\/p>\n<p>&nbsp;<\/p>\n<p><strong>Teknologia<\/strong>:<\/p>\n<p>\u00c4lyk\u00e4s roska-astia aurinkoenergialla, puristinyksik\u00f6ll\u00e4 ja mobiiliteknologialla<\/p>\n<p>&nbsp;<\/p>\n<p><strong>L\u00e4hteet:<\/strong><\/p>\n<p>https:\/\/www.lehtovuori.fi\/epages\/LEHTOVUORI.sf\/fi_FI\/?ObjectPath=\/Shops\/2014013102\/Products\/citysolar<\/p>\n<p>Esittelyvideo: <a href=\"https:\/\/youtu.be\/7CtG3HWWhu0\">https:\/\/youtu.be\/7CtG3HWWhu0<\/a><\/p>\n","protected":false},"excerpt":{"rendered":"<p>Osoite: https:\/\/www.lehtovuori.fi\/epages\/LEHTOVUORI.sf\/fi_FI\/?ObjectPath=\/Shops\/2014013102\/Products\/citysolar &nbsp; Lyhyt kuvaus: CitySolar on Lehtovuoren kehitt\u00e4m\u00e4 \u00e4lyk\u00e4s roska-astia. \u201dCitySolar on varustettu aurinkoenergialla toimivalla puristinyksik\u00f6ll\u00e4, joka tiivist\u00e4\u00e4 ker\u00e4tty\u00e4 materiaalia sis\u00e4astiassa ja ker\u00e4yskapasiteettia saadaan hy\u00f6dynnetty\u00e4 tehokkaasti\u201d. \u00c4lyk\u00e4s roska-astia v\u00e4hent\u00e4\u00e4 tarvetta astian tyhjennykselle jopa 5-10 kertaisesti ja se voidaan my\u00f6s integroida j\u00e4rjestelm\u00e4\u00e4n, jossa tieto astian t\u00e4ytt\u00f6asteesta saadaan v\u00e4litetty\u00e4 suoraan j\u00e4tteen tyhjennyksest\u00e4 vastaavalle yritykselle. N\u00e4in v\u00e4ltyt\u00e4\u00e4n [&hellip;]<\/p>\n","protected":false},"author":29,"featured_media":0,"parent":0,"menu_order":0,"comment_status":"closed","ping_status":"closed","template":"","meta":{"_acf_changed":false,"footnotes":""},"class_list":["post-1669","page","type-page","status-publish","hentry"],"acf":[],"_links":{"self":[{"href":"https:\/\/sites.uwasa.fi\/peek\/wp-json\/wp\/v2\/pages\/1669"}],"collection":[{"href":"https:\/\/sites.uwasa.fi\/peek\/wp-json\/wp\/v2\/pages"}],"about":[{"href":"https:\/\/sites.uwasa.fi\/peek\/wp-json\/wp\/v2\/types\/page"}],"author":[{"embeddable":true,"href":"https:\/\/sites.uwasa.fi\/peek\/wp-json\/wp\/v2\/users\/29"}],"replies":[{"embeddable":true,"href":"https:\/\/sites.uwasa.fi\/peek\/wp-json\/wp\/v2\/comments?post=1669"}],"version-history":[{"count":1,"href":"https:\/\/sites.uwasa.fi\/peek\/wp-json\/wp\/v2\/pages\/1669\/revisions"}],"predecessor-version":[{"id":1672,"href":"https:\/\/sites.uwasa.fi\/peek\/wp-json\/wp\/v2\/pages\/1669\/revisions\/1672"}],"wp:attachment":[{"href":"https:\/\/sites.uwasa.fi\/peek\/wp-json\/wp\/v2\/media?parent=1669"}],"curies":[{"name":"wp","href":"https:\/\/api.w.org\/{rel}","templated":true}]}}