{"id":1487,"date":"2021-01-08T10:23:11","date_gmt":"2021-01-08T08:23:11","guid":{"rendered":"https:\/\/sites.uwasa.fi\/peek\/?page_id=1487"},"modified":"2021-04-10T18:36:42","modified_gmt":"2021-04-10T15:36:42","slug":"sukupuoli","status":"publish","type":"page","link":"https:\/\/sites.uwasa.fi\/peek\/sukupuoli\/","title":{"rendered":"Sukupuolten tasa-arvo"},"content":{"rendered":"<h3><\/h3>\n<p>EAKR-hankkeiden linjausten mukaisesti hankkeessa suoritettiin my\u00f6s sukupuolin\u00e4k\u00f6kulman analysointi.<\/p>\n<p>Viime vuosina on tutkittu runsaasti pelej\u00e4 ja pelillisyytt\u00e4 samalla kun niiden k\u00e4ytt\u00f6 on monipuolistunut mm. koulutuksessa. Pelien ja pelillisyyden suosion lis\u00e4\u00e4ntyess\u00e4 on kasvanut tietoisuus mahdollisuudesta hy\u00f6dynt\u00e4\u00e4 niit\u00e4 ihmisten asenteiden ja k\u00e4ytt\u00e4ytymisen muutoksessa. Toisaalta hy\u00f6typelien osuus peleist\u00e4 ei ole viel\u00e4 kovin suuri ja yleens\u00e4 niit\u00e4 ei koeta kovin viihdytt\u00e4viksi. T\u00e4ss\u00e4 hankkeessa pelej\u00e4 ei erityisesti l\u00e4hdetty kehitt\u00e4m\u00e4\u00e4n kummallekaan sukupuolelle, vaan hankkeen teeman\u00e4k\u00f6kulmat ja kohderyhm\u00e4t edell\u00e4. Toisaalta haluttiin kiinnitt\u00e4\u00e4 huomioita pelillisiin tekij\u00f6ihin, joita nais- ja miesn\u00e4k\u00f6kulmat mahdollisesti huomioivat. Analysointiin ei k\u00e4ytetty t\u00e4h\u00e4n asiaan perehtyneit\u00e4 asiantuntijoita. Peliprototyyppien testaamisen yhteydess\u00e4 kysyttiin testaajan sukupuoli. Kierr\u00e4tyskisan (n=82) ja Oman talouden hallinnan (n=171) peliprototyyppien testaajista noin puolet oli miehi\u00e4 ja naisia. Kotimaskotti-peliprototyypin testaajista suurempi osuus oli miehi\u00e4, mutta otos oli t\u00e4ss\u00e4 pieni (n=10) ja tavoitteena oli saada testiin mukaan eri tyyppisi\u00e4 asumismuotoja.<\/p>\n<p>Testipalautteen sukupuolivaikutusten arviointi: Oman talouden hallinnan peliprototyypin testipalautteiden perusteella oleellisia sukupuolten v\u00e4lisi\u00e4 eroavaisuuksia ei ollut. Kierr\u00e4tyskisan testipalautteen perusteella n\u00e4ytt\u00e4isi silt\u00e4, ett\u00e4 pojat eiv\u00e4t kokeneet pelin pelaamista yht\u00e4 helppona kuin tyt\u00f6t. Muuten mit\u00e4\u00e4n oleellisia eroavaisuuksia ei ollut. Kotimaskotin testaamisen yhteydess\u00e4 ei ollut tarkoituksenmukaista tehd\u00e4 vastaavaa analyysia, koska otos oli liian pieni ja koska kysely koski kotitalouksia kokonaisuutena.<\/p>\n<p>Hankkeessa ty\u00f6pajoihin osallistujia ei valittu, vaan ne olivat kaikille avoimia sukupuolesta riippumatta. Siksi hanke tarjosi tasavertaiset osallistumismahdollisuudet jokaiselle peleist\u00e4 ja pelillisyydest\u00e4 kiinnostuneelle. Yhteistoiminnallisten menetelmien avulla lis\u00e4ttiin eri ik\u00e4isten ja eri sukupuolta edustavien my\u00f6s eri koulutustaustan omaavien henkil\u00f6iden tasa-arvoa. Peliprototyyppien valinnassa pisteytettiin peli-ideoiden elementit eik\u00e4 sukupuolella ollut vaikutusta.<\/p>\n<p>Hankkeessa huomioitiin miesten ja naisten mukana oleminen hankkeen eri vaiheissa sek\u00e4 hallinnon tasoilla: kumpaakin sukupuolta oli mukana hankety\u00f6ryhm\u00e4ss\u00e4, ty\u00f6pajoissa alustajina, peli-ideoiden kehityksess\u00e4 sek\u00e4 peliprototyyppien kehitt\u00e4misess\u00e4, pelien testaajina sek\u00e4 koko hankkeen koordinoinnissa ja ohjauksessa. Valtavirtaistamismenetelm\u00e4n\u00e4 toimi peliprototyyppien testaaminen peruskoululuokissa sek\u00e4 uusilla kauppatieteen yliopisto-opiskelijoilla. Kotimaskotti-peliprototyypin luonne antureiden asennuksineen asetti reunaehdot testattavien kotitalouksien m\u00e4\u00e4r\u00e4lle ja valinnalle, joten varsinaista valtavirtaistamismenetelm\u00e4\u00e4 ei t\u00e4ss\u00e4 peliprototyypiss\u00e4 voinut k\u00e4ytt\u00e4\u00e4. Toisaalta my\u00f6s Kotimaskotista saatiin testipalautetta my\u00f6s naisilta.<\/p>\n","protected":false},"excerpt":{"rendered":"<p>EAKR-hankkeiden linjausten mukaisesti hankkeessa suoritettiin my\u00f6s sukupuolin\u00e4k\u00f6kulman analysointi. Viime vuosina on tutkittu runsaasti pelej\u00e4 ja pelillisyytt\u00e4 samalla kun niiden k\u00e4ytt\u00f6 on monipuolistunut mm. koulutuksessa. Pelien ja pelillisyyden suosion lis\u00e4\u00e4ntyess\u00e4 on kasvanut tietoisuus mahdollisuudesta hy\u00f6dynt\u00e4\u00e4 niit\u00e4 ihmisten asenteiden ja k\u00e4ytt\u00e4ytymisen muutoksessa. Toisaalta hy\u00f6typelien osuus peleist\u00e4 ei ole viel\u00e4 kovin suuri ja yleens\u00e4 niit\u00e4 ei koeta kovin [&hellip;]<\/p>\n","protected":false},"author":29,"featured_media":0,"parent":0,"menu_order":0,"comment_status":"closed","ping_status":"closed","template":"","meta":{"_acf_changed":false,"footnotes":""},"class_list":["post-1487","page","type-page","status-publish","hentry"],"acf":[],"_links":{"self":[{"href":"https:\/\/sites.uwasa.fi\/peek\/wp-json\/wp\/v2\/pages\/1487"}],"collection":[{"href":"https:\/\/sites.uwasa.fi\/peek\/wp-json\/wp\/v2\/pages"}],"about":[{"href":"https:\/\/sites.uwasa.fi\/peek\/wp-json\/wp\/v2\/types\/page"}],"author":[{"embeddable":true,"href":"https:\/\/sites.uwasa.fi\/peek\/wp-json\/wp\/v2\/users\/29"}],"replies":[{"embeddable":true,"href":"https:\/\/sites.uwasa.fi\/peek\/wp-json\/wp\/v2\/comments?post=1487"}],"version-history":[{"count":3,"href":"https:\/\/sites.uwasa.fi\/peek\/wp-json\/wp\/v2\/pages\/1487\/revisions"}],"predecessor-version":[{"id":1871,"href":"https:\/\/sites.uwasa.fi\/peek\/wp-json\/wp\/v2\/pages\/1487\/revisions\/1871"}],"wp:attachment":[{"href":"https:\/\/sites.uwasa.fi\/peek\/wp-json\/wp\/v2\/media?parent=1487"}],"curies":[{"name":"wp","href":"https:\/\/api.w.org\/{rel}","templated":true}]}}