{"id":1483,"date":"2021-01-08T10:22:39","date_gmt":"2021-01-08T08:22:39","guid":{"rendered":"https:\/\/sites.uwasa.fi\/peek\/?page_id=1483"},"modified":"2021-04-10T18:33:01","modified_gmt":"2021-04-10T15:33:01","slug":"vaikuttavuus","status":"publish","type":"page","link":"https:\/\/sites.uwasa.fi\/peek\/vaikuttavuus\/","title":{"rendered":"Vaikuttavuusmittareiden valitseminen"},"content":{"rendered":"<h3><\/h3>\n<p>Peliprototyyppien vaikuttavuutta kest\u00e4v\u00e4\u00e4n kehitykseen ja ilmastomy\u00f6nteisyyteen liittyviss\u00e4 valinnoissa arvioidakseen valittiin kullekin prototyypille mahdollisimman selke\u00e4t mittarit.<\/p>\n<p>&nbsp;<\/p>\n<p><strong>Kierr\u00e4tyskisa<\/strong>-peliprototyypin mittareiksi valittiin\u00a0<em>lajittelu ja sen osaaminen.<\/em><\/p>\n<p><strong>Oman talouden hallinnan<\/strong>\u00a0peliprototyypin mittareiksi valittiin\u00a0<em>raha, sosiaaliset suhteet, onnellisuus ja opintomenestys<\/em>.<\/p>\n<p><strong>Kotimaskotin<\/strong>\u00a0prototyypin mittarit olivat\u00a0<em>vedenkulutus, s\u00e4hk\u00f6nkulutus sek\u00e4 valaistus<\/em>.<\/p>\n<p>Mittareiden pohjalta laadittiin jokaiselle peliprototyypille testaamista varten kyselylomakkeet.<\/p>\n<p>K\u00e4ytt\u00e4j\u00e4testauksen osalta valmistelut aloitettiin jo ennen prototyyppien valmistumista. Valitut vaikuttavuuden mittarit auttavat peliprototyyppien testausvaiheessa suoritettavien k\u00e4ytt\u00e4j\u00e4kyselyiden m\u00e4\u00e4ritt\u00e4misess\u00e4.<\/p>\n","protected":false},"excerpt":{"rendered":"<p>Peliprototyyppien vaikuttavuutta kest\u00e4v\u00e4\u00e4n kehitykseen ja ilmastomy\u00f6nteisyyteen liittyviss\u00e4 valinnoissa arvioidakseen valittiin kullekin prototyypille mahdollisimman selke\u00e4t mittarit. &nbsp; Kierr\u00e4tyskisa-peliprototyypin mittareiksi valittiin\u00a0lajittelu ja sen osaaminen. Oman talouden hallinnan\u00a0peliprototyypin mittareiksi valittiin\u00a0raha, sosiaaliset suhteet, onnellisuus ja opintomenestys. Kotimaskotin\u00a0prototyypin mittarit olivat\u00a0vedenkulutus, s\u00e4hk\u00f6nkulutus sek\u00e4 valaistus. Mittareiden pohjalta laadittiin jokaiselle peliprototyypille testaamista varten kyselylomakkeet. K\u00e4ytt\u00e4j\u00e4testauksen osalta valmistelut aloitettiin jo ennen prototyyppien valmistumista. Valitut [&hellip;]<\/p>\n","protected":false},"author":29,"featured_media":0,"parent":0,"menu_order":0,"comment_status":"closed","ping_status":"closed","template":"","meta":{"_acf_changed":false,"footnotes":""},"class_list":["post-1483","page","type-page","status-publish","hentry"],"acf":[],"_links":{"self":[{"href":"https:\/\/sites.uwasa.fi\/peek\/wp-json\/wp\/v2\/pages\/1483"}],"collection":[{"href":"https:\/\/sites.uwasa.fi\/peek\/wp-json\/wp\/v2\/pages"}],"about":[{"href":"https:\/\/sites.uwasa.fi\/peek\/wp-json\/wp\/v2\/types\/page"}],"author":[{"embeddable":true,"href":"https:\/\/sites.uwasa.fi\/peek\/wp-json\/wp\/v2\/users\/29"}],"replies":[{"embeddable":true,"href":"https:\/\/sites.uwasa.fi\/peek\/wp-json\/wp\/v2\/comments?post=1483"}],"version-history":[{"count":3,"href":"https:\/\/sites.uwasa.fi\/peek\/wp-json\/wp\/v2\/pages\/1483\/revisions"}],"predecessor-version":[{"id":1869,"href":"https:\/\/sites.uwasa.fi\/peek\/wp-json\/wp\/v2\/pages\/1483\/revisions\/1869"}],"wp:attachment":[{"href":"https:\/\/sites.uwasa.fi\/peek\/wp-json\/wp\/v2\/media?parent=1483"}],"curies":[{"name":"wp","href":"https:\/\/api.w.org\/{rel}","templated":true}]}}