{"id":1479,"date":"2021-01-08T10:22:18","date_gmt":"2021-01-08T08:22:18","guid":{"rendered":"https:\/\/sites.uwasa.fi\/peek\/?page_id=1479"},"modified":"2021-04-10T18:30:50","modified_gmt":"2021-04-10T15:30:50","slug":"pelivalinta","status":"publish","type":"page","link":"https:\/\/sites.uwasa.fi\/peek\/pelivalinta\/","title":{"rendered":"Sopivimpien peli-ideoiden valinta"},"content":{"rendered":"<p>PEEK Game Jam -tilaisuuden tuloksena oli yhteens\u00e4 seitsem\u00e4n erilaista hankkeen aihealueita k\u00e4sittelev\u00e4\u00e4 peli-ideaa tai peliesimerkki\u00e4. Pelej\u00e4 ideoineet osallistujat esitteliv\u00e4t pelijamien p\u00e4\u00e4tteeksi pelins\u00e4 hankeryhm\u00e4lle. Tilaisuuden j\u00e4lkeen hankeryhm\u00e4 kokoontui arvioimaan peli-ideat ja p\u00e4\u00e4tt\u00e4m\u00e4\u00e4n jatkokehitykseen valittavat pelit.<\/p>\n<p>Hahmotelmat hankkeessa kehitett\u00e4vist\u00e4 uusista pelillisist\u00e4 ratkaisuista, niiden tavoitteista ja sis\u00e4ll\u00f6ist\u00e4 muotoutuivat tarkemmin yhdess\u00e4 ohjausryhm\u00e4n kanssa laaditussa pelijamien toimeksiannossa, jossa peli-ideoiden tarkat arviointikriteerit m\u00e4\u00e4riteltiin. Kriteerit olivat:<\/p>\n<ul>\n<li>Peli-idea liittyy hankkeen teemoihin: energia, kiertotalous tai oma talous. Se on suunnattu kotitalouksille tai jollekin sen alaryhm\u00e4lle (esim. koululaiset). T\u00e4m\u00e4 on edellytys jatkokehitykseen valitsemiselle.<\/li>\n<li>Peli-idea sopii jatkokehitykseen, se on muunneltavissa ja avoimesti muokattavissa.<\/li>\n<li>Idea on uusi ja kekseli\u00e4s.<\/li>\n<li>Peli ohjaa pelaajien k\u00e4ytt\u00e4ytymist\u00e4, erityisesti kannustaa s\u00e4\u00e4st\u00e4m\u00e4\u00e4n<\/li>\n<li>Peli her\u00e4tt\u00e4\u00e4 pelaajissa mielenkiintoa ja sit\u00e4 on hauska pelata.<\/li>\n<li>Peli auttaa tekem\u00e4\u00e4n asioita yhdess\u00e4 muiden ihmisten kanssa ja kannustaa sosiaalisuuteen.<\/li>\n<li>Hankkeen tekij\u00e4tiimin potentiaali idean jatkokehitt\u00e4miseen<\/li>\n<\/ul>\n<p>&nbsp;<\/p>\n<p><strong>PEEK Game Jam 2019 -tilaisuuden tuloksena oli yhteens\u00e4 seitsem\u00e4n erilaista hankkeen aihealueita k\u00e4sittelev\u00e4\u00e4 peli-ideaa tai peliesimerkki\u00e4:<\/strong><\/p>\n<p><em>\u2013 Tukivastaava<\/em>\u00a0(Kelan tukiviidakkoa virkailijan n\u00e4k\u00f6kulmasta valottava peli)<\/p>\n<p>\u2013\u00a0\u00a0<em>Supra<\/em>\u00a0(Simulaatio molekyylien resistanssin tarkasteluun tietyss\u00e4 l\u00e4mp\u00f6tilassa)<\/p>\n<p>\u2013\u00a0<em>Luonto<\/em>\u00a0(Kierto- ja energiatalouteen perustuva lautapeli, joka perustuu Afrikan t\u00e4hteen)<\/p>\n<p>\u2013\u00a0<em>Himohamstraaja<\/em>\u00a0(Kierr\u00e4tykseen, tavaroiden uudelleenk\u00e4ytt\u00f6\u00f6n ja karsimiseen perustuva peli)<\/p>\n<p>\u2013\u00a0<em>Kuluttajakuiskaaja<\/em>\u00a0(Kest\u00e4vi\u00e4 kulutusratkaisuja tekem\u00e4\u00e4n ohjaava peli)<\/p>\n<p>\u2013\u00a0<em>Kierr\u00e4tyskyselij\u00e4<\/em>\u00a0(Mobiiliapplikaatio, jossa vastaajat arvioivat kierr\u00e4tyksen toteutumista)<\/p>\n<p>\u2013\u00a0<em>Talotamagotchi<\/em>\u00a0(Energians\u00e4\u00e4st\u00f6\u00f6n kannustava, reaaliaikaista dataa ker\u00e4\u00e4v\u00e4 IoT-ratkaisu)<\/p>\n<p>Peli-ideoista valittiin t\u00e4ll\u00e4 kierroksella jatkokehittelyyn kaksi ehdotusta: Kierr\u00e4tykseen ja tavaroiden karsimiseen sek\u00e4 uudelleen k\u00e4ytt\u00f6\u00f6n pohjautuvan\u00a0<em>Himohamstraajat<\/em>\u00a0(my\u00f6h. Kierr\u00e4tyskisa) sek\u00e4 energians\u00e4\u00e4st\u00f6\u00f6n kannustavan IoT\/mobiiliapplikaatio\u00a0<em>Talotamagotchin<\/em>\u00a0(my\u00f6h. Kotimaskotti).<\/p>\n<p>Arviointiryhm\u00e4 koki, ett\u00e4 pelijameista ei viel\u00e4 l\u00f6ytynyt oman talouden hallintaan liittyv\u00e4\u00e4 tarpeeksi hyv\u00e4\u00e4, erityisesti s\u00e4\u00e4st\u00e4miseen ja suunnitelmallisuuteen kannustavaa peli\u00e4 tai pelillist\u00e4 ratkaisua, joten t\u00e4m\u00e4n alan peli j\u00e4tettiin viel\u00e4 valitsematta. Kaikille peli-idean esitelleille annettiin my\u00f6s arviointiryhm\u00e4n laatima kirjallinen palaute.<\/p>\n<p>&nbsp;<\/p>\n","protected":false},"excerpt":{"rendered":"<p>PEEK Game Jam -tilaisuuden tuloksena oli yhteens\u00e4 seitsem\u00e4n erilaista hankkeen aihealueita k\u00e4sittelev\u00e4\u00e4 peli-ideaa tai peliesimerkki\u00e4. Pelej\u00e4 ideoineet osallistujat esitteliv\u00e4t pelijamien p\u00e4\u00e4tteeksi pelins\u00e4 hankeryhm\u00e4lle. Tilaisuuden j\u00e4lkeen hankeryhm\u00e4 kokoontui arvioimaan peli-ideat ja p\u00e4\u00e4tt\u00e4m\u00e4\u00e4n jatkokehitykseen valittavat pelit. Hahmotelmat hankkeessa kehitett\u00e4vist\u00e4 uusista pelillisist\u00e4 ratkaisuista, niiden tavoitteista ja sis\u00e4ll\u00f6ist\u00e4 muotoutuivat tarkemmin yhdess\u00e4 ohjausryhm\u00e4n kanssa laaditussa pelijamien toimeksiannossa, jossa peli-ideoiden tarkat [&hellip;]<\/p>\n","protected":false},"author":29,"featured_media":0,"parent":0,"menu_order":0,"comment_status":"closed","ping_status":"closed","template":"","meta":{"_acf_changed":false,"footnotes":""},"class_list":["post-1479","page","type-page","status-publish","hentry"],"acf":[],"_links":{"self":[{"href":"https:\/\/sites.uwasa.fi\/peek\/wp-json\/wp\/v2\/pages\/1479"}],"collection":[{"href":"https:\/\/sites.uwasa.fi\/peek\/wp-json\/wp\/v2\/pages"}],"about":[{"href":"https:\/\/sites.uwasa.fi\/peek\/wp-json\/wp\/v2\/types\/page"}],"author":[{"embeddable":true,"href":"https:\/\/sites.uwasa.fi\/peek\/wp-json\/wp\/v2\/users\/29"}],"replies":[{"embeddable":true,"href":"https:\/\/sites.uwasa.fi\/peek\/wp-json\/wp\/v2\/comments?post=1479"}],"version-history":[{"count":3,"href":"https:\/\/sites.uwasa.fi\/peek\/wp-json\/wp\/v2\/pages\/1479\/revisions"}],"predecessor-version":[{"id":1867,"href":"https:\/\/sites.uwasa.fi\/peek\/wp-json\/wp\/v2\/pages\/1479\/revisions\/1867"}],"wp:attachment":[{"href":"https:\/\/sites.uwasa.fi\/peek\/wp-json\/wp\/v2\/media?parent=1479"}],"curies":[{"name":"wp","href":"https:\/\/api.w.org\/{rel}","templated":true}]}}