{"id":1321,"date":"2020-10-05T10:28:11","date_gmt":"2020-10-05T07:28:11","guid":{"rendered":"https:\/\/sites.uwasa.fi\/peek\/?page_id=1321"},"modified":"2020-10-05T10:28:11","modified_gmt":"2020-10-05T07:28:11","slug":"energiaoivalluksia","status":"publish","type":"page","link":"https:\/\/sites.uwasa.fi\/peek\/energiaoivalluksia\/","title":{"rendered":"Energiaoivalluksia-webinaari"},"content":{"rendered":"<p>Energiayritt\u00e4jyydest\u00e4 elinvoimaa maaseudulle j\u00e4rjesti syksyll\u00e4 2020 Energiaoivalluksia-webinaarisarjan, jossa kuultiin erilaisten kehitt\u00e4mishankkeiden haasteista ja onnistumisista, toimivista k\u00e4yt\u00e4nn\u00f6ist\u00e4 ja tuloksista.<\/p>\n<p>PEEK-hanke osallistui webinaarisarjan osaan 14, joka j\u00e4rjestettiin 5.10.2020.<\/p>\n<p>&nbsp;<\/p>\n<p>Lis\u00e4tiedot ja tallenteet:<br \/>\n<a href=\"https:\/\/energiayrittajyys.fi\/?q=content%2Fhanketreffit-ja-tilaisuudet&amp;fbclid=IwAR2Kya4FujXdNu3ex8r443AN1lE64wlpsbrwrrdhum9y6Xg2iLy6dlvK1U4\" target=\"_blank\" rel=\"noopener noreferrer\">https:\/\/energiayrittajyys.fi\/?q=content%2Fhanketreffit-ja-tilaisuudet&amp;fbclid=IwAR2Kya4FujXdNu3ex8r443AN1lE64wlpsbrwrrdhum9y6Xg2iLy6dlvK1U4<\/a><\/p>\n","protected":false},"excerpt":{"rendered":"<p>Energiayritt\u00e4jyydest\u00e4 elinvoimaa maaseudulle j\u00e4rjesti syksyll\u00e4 2020 Energiaoivalluksia-webinaarisarjan, jossa kuultiin erilaisten kehitt\u00e4mishankkeiden haasteista ja onnistumisista, toimivista k\u00e4yt\u00e4nn\u00f6ist\u00e4 ja tuloksista. PEEK-hanke osallistui webinaarisarjan osaan 14, joka j\u00e4rjestettiin 5.10.2020. &nbsp; Lis\u00e4tiedot ja tallenteet: https:\/\/energiayrittajyys.fi\/?q=content%2Fhanketreffit-ja-tilaisuudet&amp;fbclid=IwAR2Kya4FujXdNu3ex8r443AN1lE64wlpsbrwrrdhum9y6Xg2iLy6dlvK1U4<\/p>\n","protected":false},"author":29,"featured_media":0,"parent":0,"menu_order":0,"comment_status":"closed","ping_status":"closed","template":"","meta":{"_acf_changed":false,"footnotes":""},"class_list":["post-1321","page","type-page","status-publish","hentry"],"acf":[],"_links":{"self":[{"href":"https:\/\/sites.uwasa.fi\/peek\/wp-json\/wp\/v2\/pages\/1321"}],"collection":[{"href":"https:\/\/sites.uwasa.fi\/peek\/wp-json\/wp\/v2\/pages"}],"about":[{"href":"https:\/\/sites.uwasa.fi\/peek\/wp-json\/wp\/v2\/types\/page"}],"author":[{"embeddable":true,"href":"https:\/\/sites.uwasa.fi\/peek\/wp-json\/wp\/v2\/users\/29"}],"replies":[{"embeddable":true,"href":"https:\/\/sites.uwasa.fi\/peek\/wp-json\/wp\/v2\/comments?post=1321"}],"version-history":[{"count":1,"href":"https:\/\/sites.uwasa.fi\/peek\/wp-json\/wp\/v2\/pages\/1321\/revisions"}],"predecessor-version":[{"id":1322,"href":"https:\/\/sites.uwasa.fi\/peek\/wp-json\/wp\/v2\/pages\/1321\/revisions\/1322"}],"wp:attachment":[{"href":"https:\/\/sites.uwasa.fi\/peek\/wp-json\/wp\/v2\/media?parent=1321"}],"curies":[{"name":"wp","href":"https:\/\/api.w.org\/{rel}","templated":true}]}}