{"id":1166,"date":"2020-04-01T12:14:07","date_gmt":"2020-04-01T09:14:07","guid":{"rendered":"https:\/\/sites.uwasa.fi\/peek\/?page_id=1166"},"modified":"2021-08-31T08:21:51","modified_gmt":"2021-08-31T05:21:51","slug":"tiekartta","status":"publish","type":"page","link":"https:\/\/sites.uwasa.fi\/peek\/tiekartta\/","title":{"rendered":"Tiekartat"},"content":{"rendered":"<p style=\"text-align: justify\">Hankkeessa laadittiin kiertotalouteen, energiatehokkuuteen ja oman talouden hallintaan liittyv\u00e4t strategiset, 3-5 vuoden aikaj\u00e4nteen kattavat tiekartat (tutkimuspainotteinen &amp; liiketoimintapainotteinen). Tiekartat on asemoitu erilaisiin ilmastonmuutoksen, v\u00e4h\u00e4hiilisyyden edist\u00e4misen ja kest\u00e4v\u00e4n kehityksen teemoihin aina globaalilta tasolta, EU:n, kansallisen sek\u00e4 paikallisen tason tavoitteiden kautta. Tiekartassa nostetaan esiin tavoiteltavia energia- ja kiertotalouden toimintatapoja, hy\u00f6typelej\u00e4 ja pelillisyytt\u00e4 my\u00f6nteisten ymp\u00e4rist\u00f6asenteiden muokkaajina sek\u00e4 tulevia tutkimuksellisia ja liiketoiminnallisisia toimintatapoja pelillisest\u00e4 n\u00e4k\u00f6kulmasta.<\/p>\n<p>PEEK-hankkeessa kehitetyt energiatehokkuuden, kiertotalouden sek\u00e4 oman talouden hallinnan tiekartat yhdistet\u00e4\u00e4n hankkeen p\u00e4\u00e4tteeksi <a href=\"https:\/\/www.seamk.fi\/yrityksille\/tki-projektit\/ruokahavikin-vahentaminen-julkisissa-suurkeittioissa-wasteless\/\" target=\"_blank\" rel=\"noopener\">SeAMK:n Wasteless-hankkeen<\/a> ruokah\u00e4vikkitiekarttaan. Tarkoituksena on valmistautua uuteen EU-rahoituskauteen, jolloin tiekartat yhdess\u00e4 muodostavat uuden ohjelmakauden mukaisen vihre\u00e4n &amp; digitaalisen siirtym\u00e4n (double transition) tiekartan.<\/p>\n<p style=\"text-align: justify\">Tiekarttojen avulla haluamme varmistaa sen, ett\u00e4 pelillisten ratkaisujen kehitysty\u00f6 jatkuu t\u00e4m\u00e4n hankkeen p\u00e4\u00e4ttymisenkin j\u00e4lkeen.<\/p>\n<h3>Tiekartat:<\/h3>\n<p>Voit tutustua tiekarttoihin:<\/p>\n<ul style=\"text-align: justify\">\n<li><a href=\"https:\/\/cloud.uwasa.fi\/index.php\/s\/F6A7o5S4mQ4aMKw\" target=\"_blank\" rel=\"noopener\">Tiekartta (energia- ja kiertotalousratkaisut, pdf)\u00a0<\/a><\/li>\n<\/ul>\n<ul style=\"text-align: justify\">\n<li><a href=\"https:\/\/cloud.uwasa.fi\/index.php\/s\/kbPPAYg2N3ISvDE\" target=\"_blank\" rel=\"noopener\">Tiekartta (Oma talous, pdf)<\/a><\/li>\n<\/ul>\n<p>Tiivistelm\u00e4t:<\/p>\n<ul style=\"text-align: justify\">\n<li><a href=\"https:\/\/cloud.uwasa.fi\/index.php\/s\/7Oy07U2JvSAgWBq\" target=\"_blank\" rel=\"noopener\">Energia- ja kiertotalousratkaisut\u00a0 (tiivistelm\u00e4, pdf)<\/a><\/li>\n<li><a href=\"https:\/\/cloud.uwasa.fi\/index.php\/s\/UtBLtFryPaeLtnr\" target=\"_blank\" rel=\"noopener\">Oma talous (tiivistelm\u00e4, pdf)<\/a><\/li>\n<\/ul>\n<h3>Casekirjasto:<\/h3>\n<p style=\"text-align: justify\">Tulevien hankkeiden kehitt\u00e4misen edist\u00e4miseksi koottiin my\u00f6s case-kirjasto erilaisista pelillisist\u00e4 toteutuksista liittyen erityisesti pelehin &amp; pelillist\u00e4miseen sek\u00e4 koneoppimiseen ja data-analytiikkaan.<\/p>\n<ul>\n<li style=\"text-align: justify\"><a href=\"https:\/\/sites.uwasa.fi\/peek\/toteutettua\/\">Esimerkkej\u00e4 toteutetuista pelillisist\u00e4 ratkaisuista<\/a><\/li>\n<\/ul>\n<p>&nbsp;<\/p>\n","protected":false},"excerpt":{"rendered":"<p>Hankkeessa laadittiin kiertotalouteen, energiatehokkuuteen ja oman talouden hallintaan liittyv\u00e4t strategiset, 3-5 vuoden aikaj\u00e4nteen kattavat tiekartat (tutkimuspainotteinen &amp; liiketoimintapainotteinen). Tiekartat on asemoitu erilaisiin ilmastonmuutoksen, v\u00e4h\u00e4hiilisyyden edist\u00e4misen ja kest\u00e4v\u00e4n kehityksen teemoihin aina globaalilta tasolta, EU:n, kansallisen sek\u00e4 paikallisen tason tavoitteiden kautta. Tiekartassa nostetaan esiin tavoiteltavia energia- ja kiertotalouden toimintatapoja, hy\u00f6typelej\u00e4 ja pelillisyytt\u00e4 my\u00f6nteisten ymp\u00e4rist\u00f6asenteiden muokkaajina sek\u00e4 tulevia [&hellip;]<\/p>\n","protected":false},"author":29,"featured_media":0,"parent":0,"menu_order":0,"comment_status":"closed","ping_status":"closed","template":"","meta":{"_acf_changed":false,"footnotes":""},"class_list":["post-1166","page","type-page","status-publish","hentry"],"acf":[],"_links":{"self":[{"href":"https:\/\/sites.uwasa.fi\/peek\/wp-json\/wp\/v2\/pages\/1166"}],"collection":[{"href":"https:\/\/sites.uwasa.fi\/peek\/wp-json\/wp\/v2\/pages"}],"about":[{"href":"https:\/\/sites.uwasa.fi\/peek\/wp-json\/wp\/v2\/types\/page"}],"author":[{"embeddable":true,"href":"https:\/\/sites.uwasa.fi\/peek\/wp-json\/wp\/v2\/users\/29"}],"replies":[{"embeddable":true,"href":"https:\/\/sites.uwasa.fi\/peek\/wp-json\/wp\/v2\/comments?post=1166"}],"version-history":[{"count":25,"href":"https:\/\/sites.uwasa.fi\/peek\/wp-json\/wp\/v2\/pages\/1166\/revisions"}],"predecessor-version":[{"id":1978,"href":"https:\/\/sites.uwasa.fi\/peek\/wp-json\/wp\/v2\/pages\/1166\/revisions\/1978"}],"wp:attachment":[{"href":"https:\/\/sites.uwasa.fi\/peek\/wp-json\/wp\/v2\/media?parent=1166"}],"curies":[{"name":"wp","href":"https:\/\/api.w.org\/{rel}","templated":true}]}}