{"id":1088,"date":"2020-03-20T13:39:18","date_gmt":"2020-03-20T11:39:18","guid":{"rendered":"https:\/\/sites.uwasa.fi\/peek\/?page_id=1088"},"modified":"2020-03-20T14:05:01","modified_gmt":"2020-03-20T12:05:01","slug":"kivo","status":"publish","type":"page","link":"https:\/\/sites.uwasa.fi\/peek\/kivo\/","title":{"rendered":"Suomen Kiertovoiman neuvonta- ja viestint\u00e4p\u00e4iv\u00e4t Pietarsaaressa"},"content":{"rendered":"<div>PEEK-hanketta esiteltiin Suomen Kiertovoiman j\u00e4rjest\u00e4m\u00e4ss\u00e4 neuvonta- ja viestint\u00e4p\u00e4iv\u00e4ss\u00e4 6.11.2019 Pietarsaaressa.<\/div>\n<div>Tilaisuudessa etsittiin ratkaisuja parantamaan kierr\u00e4tysintoa sek\u00e4 j\u00e4tehuollon toimivuutta.<\/div>\n<p>&nbsp;<\/p>\n<div>Lis\u00e4tietoja tapahtumasta:<\/div>\n<div><a href=\"https:\/\/twitter.com\/SuomenKIVO\/status\/1192004927763165184\" target=\"_blank\" rel=\"noopener noreferrer\">https:\/\/twitter.com\/SuomenKIVO\/status\/1192004927763165184<\/a><\/div>\n<p>&nbsp;<\/p>\n","protected":false},"excerpt":{"rendered":"<p>PEEK-hanketta esiteltiin Suomen Kiertovoiman j\u00e4rjest\u00e4m\u00e4ss\u00e4 neuvonta- ja viestint\u00e4p\u00e4iv\u00e4ss\u00e4 6.11.2019 Pietarsaaressa. Tilaisuudessa etsittiin ratkaisuja parantamaan kierr\u00e4tysintoa sek\u00e4 j\u00e4tehuollon toimivuutta. &nbsp; Lis\u00e4tietoja tapahtumasta: https:\/\/twitter.com\/SuomenKIVO\/status\/1192004927763165184 &nbsp;<\/p>\n","protected":false},"author":29,"featured_media":0,"parent":0,"menu_order":0,"comment_status":"closed","ping_status":"closed","template":"","meta":{"_acf_changed":false,"footnotes":""},"class_list":["post-1088","page","type-page","status-publish","hentry"],"acf":[],"_links":{"self":[{"href":"https:\/\/sites.uwasa.fi\/peek\/wp-json\/wp\/v2\/pages\/1088"}],"collection":[{"href":"https:\/\/sites.uwasa.fi\/peek\/wp-json\/wp\/v2\/pages"}],"about":[{"href":"https:\/\/sites.uwasa.fi\/peek\/wp-json\/wp\/v2\/types\/page"}],"author":[{"embeddable":true,"href":"https:\/\/sites.uwasa.fi\/peek\/wp-json\/wp\/v2\/users\/29"}],"replies":[{"embeddable":true,"href":"https:\/\/sites.uwasa.fi\/peek\/wp-json\/wp\/v2\/comments?post=1088"}],"version-history":[{"count":9,"href":"https:\/\/sites.uwasa.fi\/peek\/wp-json\/wp\/v2\/pages\/1088\/revisions"}],"predecessor-version":[{"id":1100,"href":"https:\/\/sites.uwasa.fi\/peek\/wp-json\/wp\/v2\/pages\/1088\/revisions\/1100"}],"wp:attachment":[{"href":"https:\/\/sites.uwasa.fi\/peek\/wp-json\/wp\/v2\/media?parent=1088"}],"curies":[{"name":"wp","href":"https:\/\/api.w.org\/{rel}","templated":true}]}}