{"id":1081,"date":"2020-03-20T13:22:30","date_gmt":"2020-03-20T11:22:30","guid":{"rendered":"https:\/\/sites.uwasa.fi\/peek\/?page_id=1081"},"modified":"2020-04-17T12:55:26","modified_gmt":"2020-04-17T09:55:26","slug":"kickoff","status":"publish","type":"page","link":"https:\/\/sites.uwasa.fi\/peek\/kickoff\/","title":{"rendered":"Kaikkien teema-alueiden yhteinen ty\u00f6paja"},"content":{"rendered":"<figure id=\"attachment_1178\" aria-describedby=\"caption-attachment-1178\" style=\"width: 550px\" class=\"wp-caption alignright\"><img loading=\"lazy\" decoding=\"async\" class=\"wp-image-1178\" src=\"https:\/\/sites.uwasa.fi\/peek\/wp-content\/uploads\/sites\/30\/2020\/04\/20190925_072220345_ios.jpg\" alt=\"\" width=\"550\" height=\"413\" srcset=\"https:\/\/sites.uwasa.fi\/peek\/wp-content\/uploads\/sites\/30\/2020\/04\/20190925_072220345_ios.jpg 2048w, https:\/\/sites.uwasa.fi\/peek\/wp-content\/uploads\/sites\/30\/2020\/04\/20190925_072220345_ios-300x225.jpg 300w, https:\/\/sites.uwasa.fi\/peek\/wp-content\/uploads\/sites\/30\/2020\/04\/20190925_072220345_ios-1024x768.jpg 1024w, https:\/\/sites.uwasa.fi\/peek\/wp-content\/uploads\/sites\/30\/2020\/04\/20190925_072220345_ios-768x576.jpg 768w, https:\/\/sites.uwasa.fi\/peek\/wp-content\/uploads\/sites\/30\/2020\/04\/20190925_072220345_ios-1536x1152.jpg 1536w\" sizes=\"(max-width: 550px) 100vw, 550px\" \/><figcaption id=\"caption-attachment-1178\" class=\"wp-caption-text\">Ty\u00f6pajaan osallistuneiden pelinkehitt\u00e4jien toiveissa nousi esiin erityisesti tarve eri alojen substanssiosaamisen vahvistamisesta.<\/figcaption><\/figure>\n<p>Hankkeen ensimm\u00e4inen kaikille teema-alueille suunnattu ty\u00f6paja pidettiin 18.6.2019. Ty\u00f6pajan tavoitteena oli kartoittaa hankkeen tulevaa ohjelmarunkoa sek\u00e4 sit\u00e4, mihin suuntaan hanke tulisi my\u00f6hemmin syksyll\u00e4 muotoutumaan. Tilaisuudessa esiteltiin hanke ja sen tavoitteet. Esimerkkej\u00e4 k\u00e4yt\u00e4nn\u00f6n sovellutuksista sek\u00e4 osallistujien ideointia aktivoivana alustajana toimi Vaasa Energy Business Innovation Centre VEBIC:n johtaja <em>Suvi Karirinne<\/em>, joka alusti aiheesta \u201d<a href=\"https:\/\/sites.uwasa.fi\/peek\/wp-content\/uploads\/sites\/30\/2019\/10\/20190618_energiaratkaisut-talonrakentamisessa_SK.pdf\" target=\"_blank\" rel=\"noopener noreferrer\">Talorakentamisen uudet energiaratkaisut<\/a>\u201d.<\/p>\n<p>Alustusten j\u00e4lkeen varsinaisessa ty\u00f6pajaosuudessa osallistujat saivat antaa oman n\u00e4kemyksens\u00e4 esimerkiksi:<\/p>\n<ul>\n<li>mit\u00e4 heid\u00e4n mieleens\u00e4 tulee sanoista (bioj\u00e4tekompostori, ylivelkaantuminen, kirpputorivaatteet, \u00f6ljyl\u00e4mmitys, aurinkopaneelit),<\/li>\n<li>mik\u00e4 heid\u00e4n mielest\u00e4\u00e4n t\u00e4ll\u00e4 hetkell\u00e4 on pelillist\u00e4misen trendi,<\/li>\n<li>mink\u00e4laista dataa tarvitaan kotitalouksien energiank\u00e4yt\u00f6n, kiertotalouden sek\u00e4 oman hallinnan tehostamiseen sek\u00e4<\/li>\n<li>miten he ohjaisivat pelillisesti kuluttajien k\u00e4ytt\u00e4ytymist\u00e4 hankkeen teemoihin liittyen.<\/li>\n<\/ul>\n<p>Osallistujilta ker\u00e4ttiin lis\u00e4ksi palaute siit\u00e4, millaisesta ty\u00f6pajaty\u00f6skentelyst\u00e4 osallistujat olisivat kiinnostuneita.<\/p>\n<p>Tilaisuuden yhteydess\u00e4 k\u00e4ydyiss\u00e4 keskusteluissa peliosaajien puolelta tuli nopeasti esille tarve eri alojen substanssiosaamisen vahvistamisesta esimerkiksi juuri energiatehokkuuden, kiertotalouden sek\u00e4 oman talouden hallinnan aloilla.<\/p>\n<p>Kaikkiaan tilaisuuden anti oli positiivinen. Hankeryhm\u00e4 sai erityisesti pelinkehitt\u00e4jien kanssa k\u00e4ytyjen keskustelujen pohjalta paljon ideoita tulevien ty\u00f6pajojen sis\u00e4lt\u00f6jen tarkempaan suunnitteluun erityisesti silt\u00e4 pohjalta, ett\u00e4 ty\u00f6pajoihin tulevaisuudessa osallistuvat saisivat niist\u00e4 mahdollisimman monipuolisesti tietoa. Hankeryhm\u00e4 p\u00e4\u00e4ttikin kohdentaa seuraavat ty\u00f6pajat selke\u00e4sti substanssiosaamisen tarjoamiseen ja rakentaa tulevien ty\u00f6pajojen ohjelma sen perusteella.<\/p>\n<figure id=\"attachment_1181\" aria-describedby=\"caption-attachment-1181\" style=\"width: 550px\" class=\"wp-caption alignright\"><img loading=\"lazy\" decoding=\"async\" class=\"wp-image-1181\" src=\"https:\/\/sites.uwasa.fi\/peek\/wp-content\/uploads\/sites\/30\/2020\/04\/cr20190618_145935651_ios.jpg\" alt=\"\" width=\"550\" height=\"336\" srcset=\"https:\/\/sites.uwasa.fi\/peek\/wp-content\/uploads\/sites\/30\/2020\/04\/cr20190618_145935651_ios.jpg 1276w, https:\/\/sites.uwasa.fi\/peek\/wp-content\/uploads\/sites\/30\/2020\/04\/cr20190618_145935651_ios-300x183.jpg 300w, https:\/\/sites.uwasa.fi\/peek\/wp-content\/uploads\/sites\/30\/2020\/04\/cr20190618_145935651_ios-1024x625.jpg 1024w, https:\/\/sites.uwasa.fi\/peek\/wp-content\/uploads\/sites\/30\/2020\/04\/cr20190618_145935651_ios-768x469.jpg 768w\" sizes=\"(max-width: 550px) 100vw, 550px\" \/><figcaption id=\"caption-attachment-1181\" class=\"wp-caption-text\">Vaasa Energy Business Innovation Centre VEBIC:n johtaja Suvi Karirinne kertoi talorakentamisen uusista energiaratkaisuista.<\/figcaption><\/figure>\n","protected":false},"excerpt":{"rendered":"<p>Hankkeen ensimm\u00e4inen kaikille teema-alueille suunnattu ty\u00f6paja pidettiin 18.6.2019. Ty\u00f6pajan tavoitteena oli kartoittaa hankkeen tulevaa ohjelmarunkoa sek\u00e4 sit\u00e4, mihin suuntaan hanke tulisi my\u00f6hemmin syksyll\u00e4 muotoutumaan. Tilaisuudessa esiteltiin hanke ja sen tavoitteet. Esimerkkej\u00e4 k\u00e4yt\u00e4nn\u00f6n sovellutuksista sek\u00e4 osallistujien ideointia aktivoivana alustajana toimi Vaasa Energy Business Innovation Centre VEBIC:n johtaja Suvi Karirinne, joka alusti aiheesta \u201dTalorakentamisen uudet energiaratkaisut\u201d. Alustusten [&hellip;]<\/p>\n","protected":false},"author":29,"featured_media":0,"parent":0,"menu_order":0,"comment_status":"closed","ping_status":"closed","template":"","meta":{"_acf_changed":false,"footnotes":""},"class_list":["post-1081","page","type-page","status-publish","hentry"],"acf":[],"_links":{"self":[{"href":"https:\/\/sites.uwasa.fi\/peek\/wp-json\/wp\/v2\/pages\/1081"}],"collection":[{"href":"https:\/\/sites.uwasa.fi\/peek\/wp-json\/wp\/v2\/pages"}],"about":[{"href":"https:\/\/sites.uwasa.fi\/peek\/wp-json\/wp\/v2\/types\/page"}],"author":[{"embeddable":true,"href":"https:\/\/sites.uwasa.fi\/peek\/wp-json\/wp\/v2\/users\/29"}],"replies":[{"embeddable":true,"href":"https:\/\/sites.uwasa.fi\/peek\/wp-json\/wp\/v2\/comments?post=1081"}],"version-history":[{"count":26,"href":"https:\/\/sites.uwasa.fi\/peek\/wp-json\/wp\/v2\/pages\/1081\/revisions"}],"predecessor-version":[{"id":1250,"href":"https:\/\/sites.uwasa.fi\/peek\/wp-json\/wp\/v2\/pages\/1081\/revisions\/1250"}],"wp:attachment":[{"href":"https:\/\/sites.uwasa.fi\/peek\/wp-json\/wp\/v2\/media?parent=1081"}],"curies":[{"name":"wp","href":"https:\/\/api.w.org\/{rel}","templated":true}]}}